{"id":9971,"date":"2023-05-23T15:47:15","date_gmt":"2023-05-23T15:47:15","guid":{"rendered":"https:\/\/starlediluminacion.com\/?post_type=product&#038;p=9971"},"modified":"2023-09-14T09:40:41","modified_gmt":"2023-09-14T09:40:41","slug":"farola-led-150w-avant-osram-chip","status":"publish","type":"product","link":"https:\/\/starlediluminacion.com\/pt\/product\/candeeiro-de-rua-led-150w-avant-osram-chip\/","title":{"rendered":"<p>Candeeiro de rua LED 150W AVANT - OSRAM CHIP<\/p>"},"content":{"rendered":"<h1>Candeeiro de rua LED 150W&nbsp;<strong>AVANT&nbsp;<\/strong>- OSRAM CHIP<p>Para conseguir uma melhor ilumina\u00e7\u00e3o p\u00fablica, a solu\u00e7\u00e3o ideal \u00e9 a nova&nbsp;<strong>AVANT candeeiro de rua ,<\/strong>&nbsp;que se destaca do resto gra\u00e7as ao seu<strong>&nbsp;150W SMD 2835 CHIP OSRAM<\/strong>&nbsp;alcan\u00e7ar uma lumin\u00e1ria de qualidade. \u00c9 feito de alum\u00ednio e PMMA de alta qualidade e transpar\u00eancia, por isso \u00e9 assegurado com uma protec\u00e7\u00e3o de alta resist\u00eancia.<\/p><p>Uma vantagem do&nbsp;<strong>design extra-plano<\/strong>&nbsp;A principal vantagem da ilumina\u00e7\u00e3o p\u00fablica LED \u00e9 o facto de permitir uma maior efici\u00eancia energ\u00e9tica e um menor consumo de energia. Al\u00e9m disso, o design aerodin\u00e2mico das lanternas extraplanas reduz a resist\u00eancia ao vento e melhora a dissipa\u00e7\u00e3o do calor gerado pela fonte de luz, o que aumenta a vida \u00fatil do LED e reduz a necessidade de manuten\u00e7\u00e3o.<\/p><p>Outra vantagem dos candeeiros de rua LED de linhas finas \u00e9 o seu aspeto est\u00e9tico elegante e moderno, que se integra facilmente no ambiente urbano. Al\u00e9m disso, o seu design compacto facilita a sua instala\u00e7\u00e3o em zonas urbanas com espa\u00e7o limitado.<\/p><p>Em geral, os candeeiros de rua LED extra-planos s\u00e3o uma escolha cada vez mais popular para a ilumina\u00e7\u00e3o urbana devido \u00e0 sua efici\u00eancia energ\u00e9tica,<strong>&nbsp;longa vida \u00fatil<\/strong>O novo, baixo custo de manuten\u00e7\u00e3o e design elegante.<\/p><h3><\/h3><h3>IK10 resist\u00eancia ao impacto.<\/h3><p><strong>IK10<\/strong>&nbsp;\u00e9 uma classifica\u00e7\u00e3o de resist\u00eancia ao impacto para equipamentos el\u00e9ctricos e electr\u00f3nicos. A classifica\u00e7\u00e3o IK refere-se \u00e0 resist\u00eancia ao impacto de produtos el\u00e9ctricos e electr\u00f3nicos e \u00e9 uma medida do grau de prote\u00e7\u00e3o de um equipamento contra impactos mec\u00e2nicos externos.<\/p><p>A classifica\u00e7\u00e3o IK consiste num n\u00famero de 00 a 10, sendo IK10 o n\u00edvel mais elevado de resist\u00eancia ao impacto. Um dispositivo com classifica\u00e7\u00e3o IK10 pode suportar um impacto de uma massa de 5 kg que caia de uma altura de 40 cm sem sofrer danos.<\/p><p>Esta classifica\u00e7\u00e3o \u00e9 normalmente utilizada em aplica\u00e7\u00f5es exteriores, tais como lumin\u00e1rias, c\u00e2maras de seguran\u00e7a, ecr\u00e3s de visualiza\u00e7\u00e3o e outros equipamentos que se encontram em ambientes que exigem uma elevada resist\u00eancia ao impacto e ao vandalismo.<\/p><p>Al\u00e9m disso, gra\u00e7as \u00e0 sua protec\u00e7\u00e3o&nbsp;<strong>IP65&nbsp;<\/strong>est\u00e1 protegido contra qualquer altera\u00e7\u00e3o do tempo, sem afectar a sua fun\u00e7\u00e3o de ilumina\u00e7\u00e3o.<\/p><p>O nosso candeeiro de rua AVANT<strong>&nbsp;<\/strong>com prote\u00e7\u00e3o&nbsp;<strong>IP65<\/strong>&nbsp;foi concebido para resistir \u00e0 entrada de poeiras e jactos de \u00e1gua de baixa press\u00e3o, o que o torna ideal para utiliza\u00e7\u00e3o em ambientes industriais e exteriores onde podem ser encontradas condi\u00e7\u00f5es adversas.<\/p><p>Beneficiar\u00e1 igualmente das vantagens deste&nbsp;<strong>Candeeiro de rua Osram AVANT<\/strong>Algumas das suas vantagens s\u00e3o o facto de, gra\u00e7as \u00e0 sua tecnologia LED avan\u00e7ada, conseguir uma grande emiss\u00e3o de luz.<\/p><ul>\n<li>Economia nos custos de manuten\u00e7\u00e3o.<\/li>\n<li>Ideal como um substituto para l\u00e2mpadas de rua antigas.<\/li>\n<li>Tem uma prote\u00e7\u00e3o de&nbsp;<strong>IP65<\/strong><\/li>\n<li>A instala\u00e7\u00e3o \u00e9 muito simples.<\/li>\n<\/ul><h3><\/h3><h3><strong>\u00c2ngulo de 130\u00ba x 70\u00ba<\/strong><\/h3><p>Um candeeiro de ilumina\u00e7\u00e3o p\u00fablica com um \u00e2ngulo de abertura de 130\u00b0 x 70\u00b0 tem v\u00e1rias vantagens:<\/p><ol>\n<li><strong>Ilumina\u00e7\u00e3o ampla e uniforme:<\/strong>&nbsp;Com um \u00e2ngulo de abertura de 130\u00b0 x 70\u00b0, a lanterna \u00e9 capaz de iluminar uma vasta \u00e1rea com luz uniforme. Isto significa que n\u00e3o haver\u00e1 \u00e1reas escuras ou zonas de sombra, o que aumenta a seguran\u00e7a na \u00e1rea iluminada.<\/li>\n<li><strong>Poupan\u00e7a de energia:<\/strong>&nbsp;Ao iluminar uma grande \u00e1rea com um \u00fanico candeeiro de rua, s\u00e3o necess\u00e1rios menos candeeiros de rua em compara\u00e7\u00e3o com outras op\u00e7\u00f5es de ilumina\u00e7\u00e3o. Isto resulta em poupan\u00e7as de energia, que se traduzem em poupan\u00e7as econ\u00f3micas e numa menor pegada de carbono.<\/li>\n<li><strong>Menos brilho:<\/strong>&nbsp;A combina\u00e7\u00e3o de um \u00e2ngulo de abertura de 130\u00b0 x 70\u00b0 resulta num brilho mais suave e menos ofuscante, reduzindo a fadiga ocular e o cansa\u00e7o dos olhos das pessoas.<\/li>\n<li><strong>Melhoria da seguran\u00e7a rodovi\u00e1ria:<\/strong>&nbsp;Um candeeiro de rua com um \u00e2ngulo de abertura amplo pode iluminar uniformemente a estrada e os pavimentos, melhorando a visibilidade para os condutores e pe\u00f5es. Isto pode reduzir o risco de acidentes de via\u00e7\u00e3o e aumentar a seguran\u00e7a rodovi\u00e1ria.<\/li>\n<\/ol><p>&nbsp;<\/p><p>Em resumo, um candeeiro de ilumina\u00e7\u00e3o p\u00fablica com um \u00e2ngulo de abertura de 130\u00b0 x 70\u00b0 proporciona uma ilumina\u00e7\u00e3o ampla, uniforme, suave e com menor absor\u00e7\u00e3o de encandeamento, resultando em poupan\u00e7as de energia e numa maior seguran\u00e7a rodovi\u00e1ria.<\/p><p>A lumin\u00e1ria<strong>&nbsp;LED AVANT&nbsp;<\/strong>a ilumina\u00e7\u00e3o p\u00fablica permitir-lhe-\u00e1 manter uma boa ilumina\u00e7\u00e3o com baixo consumo. O custo de opera\u00e7\u00e3o \u00e9 mais baixo, uma vez que n\u00e3o h\u00e1 arrancadores ou electr\u00f3nica para substituir.<\/p><p>Constru\u00eddo para uma longa vida \u00fatil de mais de 50.000 horas, o&nbsp;<strong>Ilumina\u00e7\u00e3o p\u00fablica AVANT LED&nbsp;<\/strong>tem uma garantia de 3 anos no seu alimentador de alta qualidade, dur\u00e1vel e de design.<\/p><p>Tem um conector redondo girat\u00f3rio de 60mm de di\u00e2metro, com 2 parafusos de press\u00e3o para o fixar \u00e0 coluna. O mesmo suporte tamb\u00e9m pode ser fixado \u00e0 parede.<\/p><h2><\/h2><h2>Utiliza\u00e7\u00f5es do candeeiro de rua LED 150W&nbsp;<strong>AVANT&nbsp;<\/strong>- OSRAM CHIP<\/h2><ul>\n<li>Ilumina\u00e7\u00e3o de ruas e espa\u00e7os p\u00fablicos: Os candeeiros de rua LED extraplanos s\u00e3o frequentemente utilizados para iluminar ruas, parques, pra\u00e7as e outros espa\u00e7os p\u00fablicos. Proporcionam uma luz brilhante e uniforme que melhora a visibilidade e a seguran\u00e7a das pessoas.<\/li>\n<li>Ilumina\u00e7\u00e3o de edif\u00edcios e monumentos: As lanternas LED extraplanas tamb\u00e9m podem ser utilizadas para iluminar edif\u00edcios, monumentos e outros locais de interesse. Isto pode criar uma atmosfera impressionante e real\u00e7ar a beleza da estrutura.<\/li>\n<li>Ilumina\u00e7\u00e3o de parques de estacionamento: Os candeeiros de rua LED extraplanos s\u00e3o frequentemente utilizados para iluminar parques de estacionamento. Proporcionam uma luz brilhante e uniforme que ajuda os condutores a manobrarem os seus ve\u00edculos em seguran\u00e7a.<\/li>\n<li>Ilumina\u00e7\u00e3o de jardins e p\u00e1tios: As lanternas LED extraplanas tamb\u00e9m podem ser utilizadas para iluminar jardins e p\u00e1tios. Proporcionam uma luz brilhante e uniforme que melhora a est\u00e9tica da \u00e1rea e ajuda a mant\u00ea-la segura.<\/li>\n<\/ul><h3 class=\"page-product-heading\">DADOS T\u00c9CNICOS<\/h3><div class=\"col-xs-12 col-md-6\">\n<table class=\"table table-data-sheet 1\">\n<tbody>\n<tr class=\"odd\">\n<td valign=\"middle\" width=\"32\"><\/td>\n<td valign=\"middle\">REFER\u00caNCIA :<\/td>\n<td valign=\"middle\">SLOSR150W<\/td>\n<\/tr>\n<tr class=\"even\">\n<td valign=\"middle\" width=\"32\"><\/td>\n<td valign=\"middle\">Pot\u00eancia nominal :<\/td>\n<td valign=\"middle\">150W<\/td>\n<\/tr>\n<tr class=\"odd\">\n<td valign=\"middle\" width=\"32\"><\/td>\n<td valign=\"middle\">Tens\u00e3o Nominal:<\/td>\n<td valign=\"middle\">175v - 265v<\/td>\n<\/tr>\n<tr class=\"even\">\n<td valign=\"middle\" width=\"32\"><\/td>\n<td valign=\"middle\">Temperatura ligeira:<\/td>\n<td valign=\"middle\">3000K - 4000K<\/td>\n<\/tr>\n<tr class=\"odd\">\n<td valign=\"middle\" width=\"32\"><\/td>\n<td valign=\"middle\">CRI - Colour Rendering Index:<\/td>\n<td valign=\"middle\">80<\/td>\n<\/tr>\n<tr class=\"even\">\n<td valign=\"middle\" width=\"32\"><\/td>\n<td valign=\"middle\">Material de constru\u00e7\u00e3o:<\/td>\n<td valign=\"middle\">Alum\u00ednio<\/td>\n<\/tr>\n<tr class=\"odd\">\n<td valign=\"middle\" width=\"32\"><\/td>\n<td valign=\"middle\">Luminosidade-Lm:<\/td>\n<td valign=\"middle\">15000<\/td>\n<\/tr>\n<tr class=\"even\">\n<td valign=\"middle\" width=\"32\"><\/td>\n<td valign=\"middle\">Tipo de LEDs:<\/td>\n<td valign=\"middle\">CHIP SMD 2835 OSRAM<\/td>\n<\/tr>\n<tr class=\"odd\">\n<td valign=\"middle\" width=\"32\"><\/td>\n<td valign=\"middle\">\u00c2ngulo de abertura (\u00ba):<\/td>\n<td valign=\"middle\">Prim\u00e1rio 130\u00ba x Secund\u00e1rio 70\u00ba Prim\u00e1rio 130\u00ba x Secund\u00e1rio 70\u00ba Prim\u00e1rio 130\u00ba x Secund\u00e1rio 70\u00ba Prim\u00e1rio 130\u00ba x Secund\u00e1rio 70\u00ba<\/td>\n<\/tr>\n<tr class=\"even\">\n<td valign=\"middle\" width=\"32\"><\/td>\n<td valign=\"middle\">Efici\u00eancia dos d\u00edodos LED (Lm\/W):<\/td>\n<td valign=\"middle\">130Lm\/W<\/td>\n<\/tr>\n<tr class=\"odd\">\n<td valign=\"middle\" width=\"32\"><\/td>\n<td valign=\"middle\">Efic\u00e1cia luminosa (Lm\/W):<\/td>\n<td valign=\"middle\">100 Lm\/W<\/td>\n<\/tr>\n<tr class=\"even\">\n<td valign=\"middle\" width=\"32\"><\/td>\n<td valign=\"middle\">Certificados:<\/td>\n<td valign=\"middle\">CE - ROHS-T\u00dcV<\/td>\n<\/tr>\n<\/tbody>\n<\/table>\n<\/div><div class=\"col-xs-12 col-md-6 2\">\n<table class=\"table table-data-sheet 2\">\n<tbody>\n<tr class=\"odd\">\n<td valign=\"middle\" width=\"32\"><\/td>\n<td valign=\"middle\">Classifica\u00e7\u00e3o IP:<\/td>\n<td valign=\"middle\">IP65-Outdoor<\/td>\n<\/tr>\n<tr class=\"even\">\n<td valign=\"middle\" width=\"32\"><\/td>\n<td valign=\"middle\">D\u00edodo LED de vida estimada (H):<\/td>\n<td valign=\"middle\">35.000<\/td>\n<\/tr>\n<tr class=\"odd\">\n<td valign=\"middle\" width=\"32\"><\/td>\n<td valign=\"middle\">Dimens\u00f5es (mm):<\/td>\n<td valign=\"middle\">542x214x76mm<\/td>\n<\/tr>\n<tr class=\"even\">\n<td valign=\"middle\" width=\"32\"><\/td>\n<td valign=\"middle\">Factor de pot\u00eancia (PF):<\/td>\n<td valign=\"middle\">0.95<\/td>\n<\/tr>\n<tr class=\"odd\">\n<td valign=\"middle\" width=\"32\"><\/td>\n<td valign=\"middle\">Frequ\u00eancia de trabalho (Hz):<\/td>\n<td valign=\"middle\">50\/60Hz<\/td>\n<\/tr>\n<tr class=\"even\">\n<td valign=\"middle\" width=\"32\"><\/td>\n<td valign=\"middle\">Gama de temperaturas (\u00baC):<\/td>\n<td valign=\"middle\">-20\u00baC ~ +40\u00baC<\/td>\n<\/tr>\n<tr class=\"odd\">\n<td valign=\"middle\" width=\"32\"><\/td>\n<td valign=\"middle\">Tempo de arranque (s):<\/td>\n<td valign=\"middle\">0,2s<\/td>\n<\/tr>\n<tr class=\"even\">\n<td valign=\"middle\" width=\"32\"><\/td>\n<td valign=\"middle\">Informa\u00e7\u00e3o adicional:<\/td>\n<td valign=\"middle\">Prote\u00e7\u00e3o contra sobretens\u00e3o de 6K<\/td>\n<\/tr>\n<tr class=\"odd\">\n<td valign=\"middle\" width=\"32\"><\/td>\n<td valign=\"middle\">Protec\u00e7\u00e3o contra impactos (IK):<\/td>\n<td valign=\"middle\">IK10<\/td>\n<\/tr>\n<tr class=\"even\">\n<td valign=\"middle\" width=\"32\"><\/td>\n<td valign=\"middle\">Classe energ\u00e9tica (2021-EU-2019\/2015):<\/td>\n<td valign=\"middle\">A++<\/td>\n<\/tr>\n<tr class=\"odd\">\n<td valign=\"middle\" width=\"32\"><\/td>\n<td valign=\"middle\">Anos de garantia:<\/td>\n<td valign=\"middle\">3<\/td>\n<\/tr>\n<\/tbody>\n<\/table>\n<p>&nbsp;<\/p>\n<\/div><\/h1>","protected":false},"excerpt":{"rendered":"<div class=\"product-info-line\">\n<p id=\"product_reference\"><label>REFERENCIA: SLSLOSR150W-91104-4K<br>\n<\/label><\/p>\n<p>O&nbsp;<strong>Candeeiro de ilumina\u00e7\u00e3o p\u00fablica AVANT LED 150W&nbsp;<\/strong>\u00e9 feito de diodo&nbsp;<strong>CHIP SMD 2835 OSRAM<\/strong>&nbsp;elevada luminosidade, tornando-o capaz de gerar uma ilumina\u00e7\u00e3o elevada em qualquer espa\u00e7o de ilumina\u00e7\u00e3o p\u00fablica exterior.<\/p><p>Chegou a altura de substituir os antigos candeeiros de rua por novos. A tecnologia LED j\u00e1 permite uma redu\u00e7\u00e3o de at\u00e9 80% no consumo de energia.<\/p><p><strong><label class=\"attribute_label\">TEMPERATURA DE COR: 3000K\/4000K<\/label><\/strong><a id=\"color_41\" class=\"color_pick\" title=\"Branco quente - 3000K\" href=\"https:\/\/www.factorled.com\/es\/farolas-led-urbanas\/2798-farola-led-150w-avant-osram-chip-8435612955783.html\" name=\"Blanco%20C%C3%A1lido%20-%203000K\" data-option_name=\"\"><\/a><\/p><div class=\"col-md-12\"><i class=\"fa fa-truck\"><\/i>&nbsp;<span class=\"text-muted textprop\">Entrega em 24\/48 horas<\/span><\/div><div class=\"col-md-12\"><i class=\"fa fa-exchange\"><\/i>&nbsp;<span class=\"text-muted textprop\">Garantia do segurado<\/span><\/div><div class=\"col-md-12\"><i class=\"fa fa-box\"><\/i>&nbsp;<span class=\"text-muted textprop\">10 unidade(s) por Masterbox<\/span><\/div><\/div>","protected":false},"featured_media":9989,"template":"","meta":{"site-sidebar-layout":"default","site-content-layout":"default","ast-global-header-display":"","ast-main-header-display":"","ast-hfb-above-header-display":"","ast-hfb-below-header-display":"","ast-hfb-mobile-header-display":"","site-post-title":"","ast-breadcrumbs-content":"","ast-featured-img":"","footer-sml-layout":"","theme-transparent-header-meta":"default","adv-header-id-meta":"","stick-header-meta":"","header-above-stick-meta":"","header-main-stick-meta":"","header-below-stick-meta":""},"product_cat":[95,30],"product_tag":[],"class_list":["post-9971","product","type-product","status-publish","has-post-thumbnail","hentry","product_cat-farolas-led-urbanas","product_cat-iluminacion-publica-y-vial"],"_links":{"self":[{"href":"https:\/\/starlediluminacion.com\/pt\/wp-json\/wp\/v3\/product\/9971","targetHints":{"allow":["GET"]}}],"collection":[{"href":"https:\/\/starlediluminacion.com\/pt\/wp-json\/wp\/v3\/product"}],"about":[{"href":"https:\/\/starlediluminacion.com\/pt\/wp-json\/wp\/v2\/types\/product"}],"wp:featuredmedia":[{"embeddable":true,"href":"https:\/\/starlediluminacion.com\/pt\/wp-json\/wp\/v2\/media\/9989"}],"wp:attachment":[{"href":"https:\/\/starlediluminacion.com\/pt\/wp-json\/wp\/v2\/media?parent=9971"}],"wp:term":[{"taxonomy":"product_cat","embeddable":true,"href":"https:\/\/starlediluminacion.com\/pt\/wp-json\/wp\/v2\/product_cat?post=9971"},{"taxonomy":"product_tag","embeddable":true,"href":"https:\/\/starlediluminacion.com\/pt\/wp-json\/wp\/v2\/product_tag?post=9971"}],"curies":[{"name":"wp","href":"https:\/\/api.w.org\/{rel}","templated":true}]}}