{"id":9902,"date":"2023-05-23T14:09:10","date_gmt":"2023-05-23T14:09:10","guid":{"rendered":"https:\/\/starlediluminacion.com\/?post_type=product&#038;p=9902"},"modified":"2023-09-14T09:51:50","modified_gmt":"2023-09-14T09:51:50","slug":"bombilla-led-modern-cristal-humo-suave-4w-e27-g125","status":"publish","type":"product","link":"https:\/\/starlediluminacion.com\/pt\/product\/lampada-led-modern-crystal-crystal-smoke-soft-4w-e27-g125\/","title":{"rendered":"<p>L\u00e2mpada LED moderna Crystal Smoke Soft Smoke 4W- E27 -G125<\/p>"},"content":{"rendered":"<h1>L\u00e2mpada LED Crystal moderna - Fumo suave - 4W- E27 -G125<p>A l\u00e2mpada LED de design moderno com vidro de cristal&nbsp;<strong>cor Smooth Smoke<\/strong>&nbsp;\u00e9 uma op\u00e7\u00e3o de ilumina\u00e7\u00e3o elegante e eficiente para qualquer espa\u00e7o. Com um design moderno e sofisticado, esta l\u00e2mpada \u00e9 perfeita para quem procura dar um toque de estilo \u00e0 sua casa ou local de trabalho.<\/p><p>A suave tonalidade fumada do vidro confere um toque de mist\u00e9rio e sofistica\u00e7\u00e3o \u00e0 ilumina\u00e7\u00e3o, enquanto a sua pot\u00eancia de 3 W garante uma efici\u00eancia energ\u00e9tica que reduz o consumo de energia e ajuda a proteger o ambiente.<\/p><p>Al\u00e9m disso, esta l\u00e2mpada LED tem uma rosca E27 G125, o que a torna compat\u00edvel com a maioria dos suportes e l\u00e2mpadas dispon\u00edveis no mercado. A sua f\u00e1cil instala\u00e7\u00e3o e utiliza\u00e7\u00e3o fazem dela uma excelente escolha para quem pretende actualizar a sua ilumina\u00e7\u00e3o de forma r\u00e1pida e simples.<\/p><p>N\u00e3o s\u00f3 \u00e9 eficiente em termos energ\u00e9ticos, como tamb\u00e9m tem uma longa vida \u00fatil, o que significa que n\u00e3o ter\u00e1 de se preocupar em substitu\u00ed-la frequentemente. E o melhor de tudo \u00e9 que esta l\u00e2mpada LED moderna est\u00e1 dispon\u00edvel ao melhor pre\u00e7o na nossa loja online e com envio r\u00e1pido para que possa usufruir dela num instante. Actualize a sua ilumina\u00e7\u00e3o com a L\u00e2mpada LED moderna com design de vidro colorido Smooth Smoke!<\/p><p>&nbsp;<\/p><h2><strong>A L\u00e2mpada LED Cristal Moderna - Fumo Suave - 4W - E27 -G125, \u00e9 adequada para uma grande variedade de utiliza\u00e7\u00f5es, algumas das utiliza\u00e7\u00f5es mais comuns incluem:<\/strong><\/h2><p>&nbsp;<\/p><ul>\n<li>Ilumina\u00e7\u00e3o geral de habita\u00e7\u00f5es, escrit\u00f3rios e estabelecimentos comerciais.<\/li>\n<li>Ilumina\u00e7\u00e3o decorativa nas salas de estar, quartos, salas de jantar e outras \u00e1reas comuns da casa.<\/li>\n<li>Ilumina\u00e7\u00e3o de destaque em corredores, escadas, roupeiros e outras \u00e1reas de passagem da casa.<\/li>\n<li>Ilumina\u00e7\u00e3o de trabalho em \u00e1reas de escrit\u00f3rio, secret\u00e1rias e outros postos de trabalho.<\/li>\n<li>Ilumina\u00e7\u00e3o em zonas de leitura, quer em casa quer em bibliotecas.<\/li>\n<li>Ilumina\u00e7\u00e3o de lojas e exposi\u00e7\u00f5es em lojas e showrooms.<\/li>\n<\/ul><h3 class=\"page-product-heading\">DADOS T\u00c9CNICOS<\/h3><div class=\"col-xs-12 col-md-6\">\n<table class=\"table table-data-sheet 1\">\n<tbody>\n<tr class=\"odd\">\n<td valign=\"middle\" width=\"32\"><\/td>\n<td valign=\"middle\">REFER\u00caNCIA :<\/td>\n<td valign=\"middle\">SL91066<\/td>\n<\/tr>\n<tr class=\"even\">\n<td valign=\"middle\" width=\"32\"><\/td>\n<td valign=\"middle\">Pot\u00eancia nominal :<\/td>\n<td valign=\"middle\">4W<\/td>\n<\/tr>\n<tr class=\"odd\">\n<td valign=\"middle\" width=\"32\"><\/td>\n<td valign=\"middle\">Tens\u00e3o Nominal:<\/td>\n<td valign=\"middle\">220-240 V AC<\/td>\n<\/tr>\n<tr class=\"even\">\n<td valign=\"middle\" width=\"32\"><\/td>\n<td valign=\"middle\">Temperatura ligeira:<\/td>\n<td valign=\"middle\">3000K<\/td>\n<\/tr>\n<tr class=\"odd\">\n<td valign=\"middle\" width=\"32\"><\/td>\n<td valign=\"middle\">CRI - Colour Rendering Index:<\/td>\n<td valign=\"middle\">80<\/td>\n<\/tr>\n<tr class=\"even\">\n<td valign=\"middle\" width=\"32\"><\/td>\n<td valign=\"middle\">Material de constru\u00e7\u00e3o:<\/td>\n<td valign=\"middle\">PMMA + A\u00e7o<\/td>\n<\/tr>\n<tr class=\"odd\">\n<td valign=\"middle\" width=\"32\"><\/td>\n<td valign=\"middle\">Luminosidade-Lm:<\/td>\n<td valign=\"middle\">5<\/td>\n<\/tr>\n<tr class=\"even\">\n<td valign=\"middle\" width=\"32\"><\/td>\n<td valign=\"middle\">\u00c2ngulo de abertura (\u00ba):<\/td>\n<td valign=\"middle\">360\u00ba<\/td>\n<\/tr>\n<tr class=\"odd\">\n<td valign=\"middle\" width=\"32\"><\/td>\n<td valign=\"middle\">Dimit\u00e1vel:<\/td>\n<td valign=\"middle\">TRIAC<\/td>\n<\/tr>\n<tr class=\"even\">\n<td valign=\"middle\" width=\"32\"><\/td>\n<td valign=\"middle\">Arbusto:<\/td>\n<td valign=\"middle\">E27<\/td>\n<\/tr>\n<tr class=\"odd\">\n<td valign=\"middle\" width=\"32\"><\/td>\n<td valign=\"middle\">Certificados:<\/td>\n<td valign=\"middle\">CE - ROHS<\/td>\n<\/tr>\n<\/tbody>\n<\/table>\n<\/div><div class=\"col-xs-12 col-md-6 2\">\n<table class=\"table table-data-sheet 2\">\n<tbody>\n<tr class=\"odd\">\n<td valign=\"middle\" width=\"32\"><\/td>\n<td valign=\"middle\">Classifica\u00e7\u00e3o IP:<\/td>\n<td valign=\"middle\">IP20<\/td>\n<\/tr>\n<tr class=\"even\">\n<td valign=\"middle\" width=\"32\"><\/td>\n<td valign=\"middle\">Dimens\u00f5es (mm):<\/td>\n<td valign=\"middle\">\u00d8125x150mm<\/td>\n<\/tr>\n<tr class=\"odd\">\n<td valign=\"middle\" width=\"32\"><\/td>\n<td valign=\"middle\">Frequ\u00eancia de trabalho (Hz):<\/td>\n<td valign=\"middle\">50\/60Hz<\/td>\n<\/tr>\n<tr class=\"even\">\n<td valign=\"middle\" width=\"32\"><\/td>\n<td valign=\"middle\">Gama de temperaturas (\u00baC):<\/td>\n<td valign=\"middle\">-20?C ~ +55?C<\/td>\n<\/tr>\n<tr class=\"odd\">\n<td valign=\"middle\" width=\"32\"><\/td>\n<td valign=\"middle\">Ciclos de Igni\u00e7\u00e3o:<\/td>\n<td valign=\"middle\">100.000<\/td>\n<\/tr>\n<tr class=\"even\">\n<td valign=\"middle\" width=\"32\"><\/td>\n<td valign=\"middle\">Tempo de arranque (s):<\/td>\n<td valign=\"middle\">0,2s<\/td>\n<\/tr>\n<tr class=\"odd\">\n<td valign=\"middle\" width=\"32\"><\/td>\n<td valign=\"middle\">Informa\u00e7\u00e3o adicional:<\/td>\n<td valign=\"middle\">SEM FLICK<\/td>\n<\/tr>\n<tr class=\"even\">\n<td valign=\"middle\" width=\"32\"><\/td>\n<td valign=\"middle\">Classe energ\u00e9tica (2021-EU-2019\/2015):<\/td>\n<td valign=\"middle\">A+<\/td>\n<\/tr>\n<tr class=\"odd\">\n<td valign=\"middle\" width=\"32\"><\/td>\n<td valign=\"middle\">Classe energ\u00e9tica (2023 - EU-2019\/2015):<\/td>\n<td valign=\"middle\">F<\/td>\n<\/tr>\n<tr class=\"even\">\n<td valign=\"middle\" width=\"32\"><\/td>\n<td valign=\"middle\">Anos de garantia:<\/td>\n<td valign=\"middle\">3<\/td>\n<\/tr>\n<\/tbody>\n<\/table>\n<p>&nbsp;<\/p>\n<\/div><\/h1>","protected":false},"excerpt":{"rendered":"<p>REFER\u00caNCIA: SL91066<p>Isto&nbsp;<strong>L\u00e2mpada<\/strong>&nbsp;<strong>G125<\/strong>&nbsp;efectuada em&nbsp;<strong>Vidro e PMMA,<\/strong>&nbsp;tem um tipo de base&nbsp;<strong>E27<\/strong>&nbsp;e ajuda a respeitar o planeta devido \u00e0 sua poupan\u00e7a de energia. A l\u00e2mpada tem um design moderno e elegante, com um inv\u00f3lucro de metal preto que se enquadra perfeitamente em qualquer decora\u00e7\u00e3o interior, criando uma atmosfera acolhedora e relaxante.<\/p><p><strong>TEMPERATURA DE COR: 2200K<\/strong><\/p><div class=\"col-md-12\"><i class=\"fa fa-truck\"><\/i>&nbsp;<span class=\"text-muted textprop\">Entrega em 24\/48 horas<\/span><\/div><div class=\"col-md-12\"><i class=\"fa fa-exchange\"><\/i>&nbsp;<span class=\"text-muted textprop\">Garantia do segurado<\/span><\/div><div class=\"col-md-12\"><i class=\"fa fa-box\"><\/i>&nbsp;<span class=\"text-muted textprop\">20 unidade(s) por Masterbox<\/span><\/div><p>&nbsp;<\/p><\/p>","protected":false},"featured_media":9910,"template":"","meta":{"site-sidebar-layout":"default","site-content-layout":"default","ast-global-header-display":"","ast-main-header-display":"","ast-hfb-above-header-display":"","ast-hfb-below-header-display":"","ast-hfb-mobile-header-display":"","site-post-title":"","ast-breadcrumbs-content":"","ast-featured-img":"","footer-sml-layout":"","theme-transparent-header-meta":"default","adv-header-id-meta":"","stick-header-meta":"","header-above-stick-meta":"","header-main-stick-meta":"","header-below-stick-meta":""},"product_cat":[46,23],"product_tag":[],"class_list":["post-9902","product","type-product","status-publish","has-post-thumbnail","hentry","product_cat-bombillas-led-e27","product_cat-bombillas-y-lamparas-led"],"_links":{"self":[{"href":"https:\/\/starlediluminacion.com\/pt\/wp-json\/wp\/v3\/product\/9902","targetHints":{"allow":["GET"]}}],"collection":[{"href":"https:\/\/starlediluminacion.com\/pt\/wp-json\/wp\/v3\/product"}],"about":[{"href":"https:\/\/starlediluminacion.com\/pt\/wp-json\/wp\/v2\/types\/product"}],"wp:featuredmedia":[{"embeddable":true,"href":"https:\/\/starlediluminacion.com\/pt\/wp-json\/wp\/v2\/media\/9910"}],"wp:attachment":[{"href":"https:\/\/starlediluminacion.com\/pt\/wp-json\/wp\/v2\/media?parent=9902"}],"wp:term":[{"taxonomy":"product_cat","embeddable":true,"href":"https:\/\/starlediluminacion.com\/pt\/wp-json\/wp\/v2\/product_cat?post=9902"},{"taxonomy":"product_tag","embeddable":true,"href":"https:\/\/starlediluminacion.com\/pt\/wp-json\/wp\/v2\/product_tag?post=9902"}],"curies":[{"name":"wp","href":"https:\/\/api.w.org\/{rel}","templated":true}]}}