{"id":9883,"date":"2023-05-23T13:58:32","date_gmt":"2023-05-23T13:58:32","guid":{"rendered":"https:\/\/starlediluminacion.com\/?post_type=product&#038;p=9883"},"modified":"2023-09-14T09:51:15","modified_gmt":"2023-09-14T09:51:15","slug":"bombilla-led-modern-metal-gold-4w-e27-dimable","status":"publish","type":"product","link":"https:\/\/starlediluminacion.com\/pt\/product\/bombilla-led-modern-metal-gold-4w-e27-dimable\/","title":{"rendered":"<p>L\u00e2mpada LED GOLD met\u00e1lica moderna 4W E27 - regul\u00e1vel<\/p>"},"content":{"rendered":"<h1>Bombilla LED Modern Metal GOLD 4W E27 &ndash; Dimmable<p>El dise&ntilde;o de esta bombilla&nbsp;de&nbsp;<strong>metal dorado<\/strong>&nbsp;de 4W, con base E27&nbsp; es una excelente opci&oacute;n para aquellos que buscan una alternativa eficiente en t&eacute;rminos de energ&iacute;a para decorar tu comercio o tu hogar.<\/p><p>La bombilla tiene un dise&ntilde;o moderno y elegante, con una carcasa de&nbsp;<strong>metal dorado<\/strong>&nbsp; que se adapta perfectamente a cualquier decoraci&oacute;n de interiores. Adem&aacute;s, es compatible con el regulador de intensidad -TRIAC-, lo que permite ajustar la intensidad de la luz para crear un ambiente m&aacute;s acogedor y relajante.<\/p><p>Con las bombillas dimmables podr&aacute;s tener ventajas:<\/p><ol>\n<li>Mayor control de la iluminaci&oacute;n: Al poder ajustar la intensidad de la luz, se puede crear el ambiente deseado para diferentes situaciones o actividades, como una cena rom&aacute;ntica, una reuni&oacute;n con amigos, leer un libro, entre otras.<\/li>\n<li>Ahorro de energ&iacute;a: Al reducir la intensidad de la luz, se reduce el consumo de energ&iacute;a de la bombilla, lo que se traduce en una factura de energ&iacute;a m&aacute;s baja.<\/li>\n<li>Mayor duraci&oacute;n de la bombilla: Al regular la intensidad de la luz, se reduce el estr&eacute;s t&eacute;rmico en la bombilla, lo que puede prolongar su vida &uacute;til.<\/li>\n<li>Mayor comodidad: Al no tener que ajustar la iluminaci&oacute;n mediante interruptores de encendido y apagado, se puede tener mayor comodidad al controlar la luz emitida.<\/li>\n<li>Personalizaci&oacute;n: Con las bombillas dimmables, se pueden personalizar diferentes ambientes y estados de &aacute;nimo, lo que puede mejorar la experiencia de las personas que habitan en el hogar o trabajan en la oficina.<\/li>\n<\/ol><p>&nbsp;<\/p><p>El uso que puede tener&nbsp;es m&uacute;ltiple, desde bombilla como su uso principal, hasta como l&aacute;mpara de hogar para dar una combinaci&oacute;n especial y aut&eacute;nticamente moderna y acogedora. S&oacute;lo&nbsp;nuestra tienda online te ofrece una garant&iacute;a de&nbsp;3 a&ntilde;os para este producto.<\/p><p>&nbsp;<\/p><h2>Usos de la&nbsp;Bombilla LED Modern Metal GOLD 4W E27 &ndash; Dimmable<\/h2><ul>\n<li>Ilumina\u00e7\u00e3o decorativa<\/li>\n<li>L\u00e2mpadas pendentes<\/li>\n<li>Luzes de parede industriais<\/li>\n<li>Candeeiros de secret\u00e1ria ou de cabeceira<\/li>\n<\/ul><h3 class=\"page-product-heading\">DADOS T\u00c9CNICOS<\/h3><div class=\"col-xs-12 col-md-6\">\n<table class=\"table table-data-sheet 1\">\n<tbody>\n<tr class=\"odd\">\n<td valign=\"middle\" width=\"32\"><\/td>\n<td valign=\"middle\">REFER\u00caNCIA :<\/td>\n<td valign=\"middle\">SL91065<\/td>\n<\/tr>\n<tr class=\"even\">\n<td valign=\"middle\" width=\"32\"><\/td>\n<td valign=\"middle\">Pot\u00eancia nominal :<\/td>\n<td valign=\"middle\">4W<\/td>\n<\/tr>\n<tr class=\"odd\">\n<td valign=\"middle\" width=\"32\"><\/td>\n<td valign=\"middle\">Tens\u00e3o Nominal:<\/td>\n<td valign=\"middle\">220V-240V<\/td>\n<\/tr>\n<tr class=\"even\">\n<td valign=\"middle\" width=\"32\"><\/td>\n<td valign=\"middle\">Temperatura ligeira:<\/td>\n<td valign=\"middle\">1800K<\/td>\n<\/tr>\n<tr class=\"odd\">\n<td valign=\"middle\" width=\"32\"><\/td>\n<td valign=\"middle\">CRI - Colour Rendering Index:<\/td>\n<td valign=\"middle\">80<\/td>\n<\/tr>\n<tr class=\"even\">\n<td valign=\"middle\" width=\"32\"><\/td>\n<td valign=\"middle\">Material de constru\u00e7\u00e3o:<\/td>\n<td valign=\"middle\">PMMA + A\u00e7o<\/td>\n<\/tr>\n<tr class=\"odd\">\n<td valign=\"middle\" width=\"32\"><\/td>\n<td valign=\"middle\">Luminosidade-Lm:<\/td>\n<td valign=\"middle\">85<\/td>\n<\/tr>\n<tr class=\"even\">\n<td valign=\"middle\" width=\"32\"><\/td>\n<td valign=\"middle\">\u00c2ngulo de abertura (\u00ba):<\/td>\n<td valign=\"middle\">360\u00ba<\/td>\n<\/tr>\n<tr class=\"odd\">\n<td valign=\"middle\" width=\"32\"><\/td>\n<td valign=\"middle\">Dimit\u00e1vel:<\/td>\n<td valign=\"middle\">TRIAC<\/td>\n<\/tr>\n<tr class=\"even\">\n<td valign=\"middle\" width=\"32\"><\/td>\n<td valign=\"middle\">Arbusto:<\/td>\n<td valign=\"middle\">E27<\/td>\n<\/tr>\n<tr class=\"odd\">\n<td valign=\"middle\" width=\"32\"><\/td>\n<td valign=\"middle\">Certificados:<\/td>\n<td valign=\"middle\">CE - ROHS<\/td>\n<\/tr>\n<\/tbody>\n<\/table>\n<\/div><div class=\"col-xs-12 col-md-6 2\">\n<table class=\"table table-data-sheet 2\">\n<tbody>\n<tr class=\"odd\">\n<td valign=\"middle\" width=\"32\"><\/td>\n<td valign=\"middle\">Classifica\u00e7\u00e3o IP:<\/td>\n<td valign=\"middle\">IP20<\/td>\n<\/tr>\n<tr class=\"even\">\n<td valign=\"middle\" width=\"32\"><\/td>\n<td valign=\"middle\">Dimens\u00f5es (mm):<\/td>\n<td valign=\"middle\">&Oslash;105x160mm<\/td>\n<\/tr>\n<tr class=\"odd\">\n<td valign=\"middle\" width=\"32\"><\/td>\n<td valign=\"middle\">Frequ\u00eancia de trabalho (Hz):<\/td>\n<td valign=\"middle\">50\/60Hz<\/td>\n<\/tr>\n<tr class=\"even\">\n<td valign=\"middle\" width=\"32\"><\/td>\n<td valign=\"middle\">Gama de temperaturas (\u00baC):<\/td>\n<td valign=\"middle\">-20?C ~ +55?C<\/td>\n<\/tr>\n<tr class=\"odd\">\n<td valign=\"middle\" width=\"32\"><\/td>\n<td valign=\"middle\">Ciclos de Igni\u00e7\u00e3o:<\/td>\n<td valign=\"middle\">100.000<\/td>\n<\/tr>\n<tr class=\"even\">\n<td valign=\"middle\" width=\"32\"><\/td>\n<td valign=\"middle\">Tempo de arranque (s):<\/td>\n<td valign=\"middle\">0,2s<\/td>\n<\/tr>\n<tr class=\"odd\">\n<td valign=\"middle\" width=\"32\"><\/td>\n<td valign=\"middle\">Informa\u00e7\u00e3o adicional:<\/td>\n<td valign=\"middle\">SEM FLICK<\/td>\n<\/tr>\n<tr class=\"even\">\n<td valign=\"middle\" width=\"32\"><\/td>\n<td valign=\"middle\">Classe energ\u00e9tica (2021-EU-2019\/2015):<\/td>\n<td valign=\"middle\">A+<\/td>\n<\/tr>\n<tr class=\"odd\">\n<td valign=\"middle\" width=\"32\"><\/td>\n<td valign=\"middle\">Classe energ\u00e9tica (2023 - EU-2019\/2015):<\/td>\n<td valign=\"middle\">F<\/td>\n<\/tr>\n<tr class=\"even\">\n<td valign=\"middle\" width=\"32\"><\/td>\n<td valign=\"middle\">Anos de garantia:<\/td>\n<td valign=\"middle\">3<\/td>\n<\/tr>\n<\/tbody>\n<\/table>\n<p>&nbsp;<\/p>\n<\/div><\/h1>","protected":false},"excerpt":{"rendered":"<p>REFERENCIA: SL91065<p>Isto&nbsp;<strong>L\u00e2mpada<\/strong>&nbsp;<strong>dimmabl<\/strong>e realizada en Metacrilato y rejilla m&eacute;talica,&nbsp;y casquillo tipo&nbsp;<strong>E27<\/strong>&nbsp;ayuda a respetar el planeta debido a su ahorro energ&eacute;tico.&nbsp;La bombilla tiene un dise&ntilde;o moderno y elegante, con una carcasa de metal Orto que se adapta perfectamente a cualquier decoraci&oacute;n de interiores.&nbsp;Adem&aacute;s, es compatible con el regulador de intensidad, lo que permite ajustar la intensidad de la luz para crear un ambiente m&aacute;s acogedor y relajante.<\/p><p>A l\u00e2mpada \u00e9&nbsp;<strong>ajust\u00e1vel<\/strong>&nbsp;por&nbsp;<strong>TRIAC<\/strong><\/p><p><strong>TEMPERATURA DE COR: 2200K<\/strong><\/p><div class=\"col-md-12\"><i class=\"fa fa-truck\"><\/i>&nbsp;<span class=\"text-muted textprop\">Entrega em 24\/48 horas<\/span><\/div><div class=\"col-md-12\"><i class=\"fa fa-exchange\"><\/i>&nbsp;<span class=\"text-muted textprop\">Garantia do segurado<\/span><\/div><div class=\"col-md-12\"><i class=\"fa fa-box\"><\/i>&nbsp;<span class=\"text-muted textprop\">20 unidade(s) por Masterbox<\/span><\/div><\/p>","protected":false},"featured_media":9901,"template":"","meta":{"site-sidebar-layout":"default","site-content-layout":"default","ast-global-header-display":"","ast-main-header-display":"","ast-hfb-above-header-display":"","ast-hfb-below-header-display":"","ast-hfb-mobile-header-display":"","site-post-title":"","ast-breadcrumbs-content":"","ast-featured-img":"","footer-sml-layout":"","theme-transparent-header-meta":"default","adv-header-id-meta":"","stick-header-meta":"","header-above-stick-meta":"","header-main-stick-meta":"","header-below-stick-meta":""},"product_cat":[46,23],"product_tag":[],"class_list":["post-9883","product","type-product","status-publish","has-post-thumbnail","hentry","product_cat-bombillas-led-e27","product_cat-bombillas-y-lamparas-led"],"_links":{"self":[{"href":"https:\/\/starlediluminacion.com\/pt\/wp-json\/wp\/v3\/product\/9883","targetHints":{"allow":["GET"]}}],"collection":[{"href":"https:\/\/starlediluminacion.com\/pt\/wp-json\/wp\/v3\/product"}],"about":[{"href":"https:\/\/starlediluminacion.com\/pt\/wp-json\/wp\/v2\/types\/product"}],"wp:featuredmedia":[{"embeddable":true,"href":"https:\/\/starlediluminacion.com\/pt\/wp-json\/wp\/v2\/media\/9901"}],"wp:attachment":[{"href":"https:\/\/starlediluminacion.com\/pt\/wp-json\/wp\/v2\/media?parent=9883"}],"wp:term":[{"taxonomy":"product_cat","embeddable":true,"href":"https:\/\/starlediluminacion.com\/pt\/wp-json\/wp\/v2\/product_cat?post=9883"},{"taxonomy":"product_tag","embeddable":true,"href":"https:\/\/starlediluminacion.com\/pt\/wp-json\/wp\/v2\/product_tag?post=9883"}],"curies":[{"name":"wp","href":"https:\/\/api.w.org\/{rel}","templated":true}]}}