{"id":9864,"date":"2023-05-23T13:50:42","date_gmt":"2023-05-23T13:50:42","guid":{"rendered":"https:\/\/starlediluminacion.com\/?post_type=product&#038;p=9864"},"modified":"2023-09-14T09:52:57","modified_gmt":"2023-09-14T09:52:57","slug":"bombilla-led-modern-cristal-ahumado-4w-e27-g125-dimable","status":"publish","type":"product","link":"https:\/\/starlediluminacion.com\/pt\/product\/bombilla-led-modern-cristal-ahumado-4w-e27-g125-dimable\/","title":{"rendered":"<p>L\u00e2mpada LED moderna de cristal fumado 4W E27 G125 LED - Regul\u00e1vel<\/p>"},"content":{"rendered":"<h1>L\u00e2mpada LED moderna de cristal fumado 4W E27 G125 LED - Regul\u00e1vel<p>El dise&ntilde;o de esta bombilla&nbsp;de<strong>&nbsp;Cristal Ahumado<\/strong>&nbsp;de 4W E27 G125 es una excelente opci&oacute;n para aquellos que buscan una alternativa eficiente en t&eacute;rminos de energ&iacute;a para decorar tu comercio o tu hogar.<\/p><p>La bombilla tiene un dise&ntilde;o moderno y elegante, con una carcasa de&nbsp;<strong>Cristal Ahumado,<\/strong>&nbsp;con un interior de PMMA grabado que se adapta perfectamente a cualquier decoraci&oacute;n de interiores. Adem&aacute;s, es compatible con el regulador de intensidad &ndash;<strong>TRIAC<\/strong>-, lo que permite ajustar la intensidad de la luz para crear un ambiente m&aacute;s acogedor y relajante.<\/p><p>Con las bombillas dimmables podr&aacute;s tener ventajas:<\/p><ol>\n<li>Mayor control de la iluminaci&oacute;n: Al poder ajustar la intensidad de la luz, se puede crear el ambiente deseado para diferentes situaciones o actividades, como una cena rom&aacute;ntica, una reuni&oacute;n con amigos, leer un libro, entre otras.<\/li>\n<li>Ahorro de energ&iacute;a: Al reducir la intensidad de la luz, se reduce el consumo de energ&iacute;a de la bombilla, lo que se traduce en una factura de energ&iacute;a m&aacute;s baja.<\/li>\n<li>Mayor duraci&oacute;n de la bombilla: Al regular la intensidad de la luz, se reduce el estr&eacute;s t&eacute;rmico en la bombilla, lo que puede prolongar su vida &uacute;til.<\/li>\n<li>Mayor comodidad: Al no tener que ajustar la iluminaci&oacute;n mediante interruptores de encendido y apagado, se puede tener mayor comodidad al controlar la luz emitida.<\/li>\n<li>Personalizaci&oacute;n: Con las bombillas dimmables, se pueden personalizar diferentes ambientes y estados de &aacute;nimo, lo que puede mejorar la experiencia de las personas que habitan en el hogar o trabajan en la oficina.<\/li>\n<\/ol><p>&nbsp;<\/p><p>El uso que puede tener&nbsp;es m&uacute;ltiple, desde bombilla como su uso principal, hasta como l&aacute;mpara de hogar para dar una combinaci&oacute;n especial y aut&eacute;nticamente nost&aacute;lgica. S&oacute;lo&nbsp;nuestra tienda online te ofrece una garant&iacute;a de&nbsp;3 a&ntilde;os para este producto.<\/p><p>&nbsp;<\/p><h2>Usos de la&nbsp;Bombilla LED Modern Cristal ahumado 4W E27 G125 &ndash; Dimable<\/h2><p>&nbsp;<\/p><ul>\n<li>Ilumina\u00e7\u00e3o geral de habita\u00e7\u00f5es, escrit\u00f3rios e estabelecimentos comerciais.<\/li>\n<li>Ilumina\u00e7\u00e3o decorativa nas salas de estar, quartos, salas de jantar e outras \u00e1reas comuns da casa.<\/li>\n<li>Ilumina\u00e7\u00e3o de destaque em corredores, escadas, roupeiros e outras \u00e1reas de passagem da casa.<\/li>\n<li>Ilumina\u00e7\u00e3o de trabalho em \u00e1reas de escrit\u00f3rio, secret\u00e1rias e outros postos de trabalho.<\/li>\n<li>Ilumina\u00e7\u00e3o em zonas de leitura, quer em casa quer em bibliotecas.<\/li>\n<li>Ilumina\u00e7\u00e3o de lojas e exposi\u00e7\u00f5es em lojas e showrooms.<\/li>\n<\/ul><h3 class=\"page-product-heading\">DADOS T\u00c9CNICOS<\/h3><div class=\"col-xs-12 col-md-6\">\n<table class=\"table table-data-sheet 1\">\n<tbody>\n<tr class=\"odd\">\n<td valign=\"middle\" width=\"32\"><\/td>\n<td valign=\"middle\">REFER\u00caNCIA :<\/td>\n<td valign=\"middle\">SL91068<\/td>\n<\/tr>\n<tr class=\"even\">\n<td valign=\"middle\" width=\"32\"><\/td>\n<td valign=\"middle\">Pot\u00eancia nominal :<\/td>\n<td valign=\"middle\">4W<\/td>\n<\/tr>\n<tr class=\"odd\">\n<td valign=\"middle\" width=\"32\"><\/td>\n<td valign=\"middle\">Tens\u00e3o Nominal:<\/td>\n<td valign=\"middle\">175-265V<\/td>\n<\/tr>\n<tr class=\"even\">\n<td valign=\"middle\" width=\"32\"><\/td>\n<td valign=\"middle\">Temperatura ligeira:<\/td>\n<td valign=\"middle\">1800K<\/td>\n<\/tr>\n<tr class=\"odd\">\n<td valign=\"middle\" width=\"32\"><\/td>\n<td valign=\"middle\">CRI - Colour Rendering Index:<\/td>\n<td valign=\"middle\">80<\/td>\n<\/tr>\n<tr class=\"even\">\n<td valign=\"middle\" width=\"32\"><\/td>\n<td valign=\"middle\">Material de constru\u00e7\u00e3o:<\/td>\n<td valign=\"middle\">PMMA + A\u00e7o<\/td>\n<\/tr>\n<tr class=\"odd\">\n<td valign=\"middle\" width=\"32\"><\/td>\n<td valign=\"middle\">Luminosidade-Lm:<\/td>\n<td valign=\"middle\">60<\/td>\n<\/tr>\n<tr class=\"even\">\n<td valign=\"middle\" width=\"32\"><\/td>\n<td valign=\"middle\">\u00c2ngulo de abertura (\u00ba):<\/td>\n<td valign=\"middle\">360\u00ba<\/td>\n<\/tr>\n<tr class=\"odd\">\n<td valign=\"middle\" width=\"32\"><\/td>\n<td valign=\"middle\">Dimit\u00e1vel:<\/td>\n<td valign=\"middle\">TRIAC<\/td>\n<\/tr>\n<tr class=\"even\">\n<td valign=\"middle\" width=\"32\"><\/td>\n<td valign=\"middle\">Arbusto:<\/td>\n<td valign=\"middle\">E27<\/td>\n<\/tr>\n<tr class=\"odd\">\n<td valign=\"middle\" width=\"32\"><\/td>\n<td valign=\"middle\">Certificados:<\/td>\n<td valign=\"middle\">CE - ROHS<\/td>\n<\/tr>\n<\/tbody>\n<\/table>\n<\/div><div class=\"col-xs-12 col-md-6 2\">\n<table class=\"table table-data-sheet 2\">\n<tbody>\n<tr class=\"odd\">\n<td valign=\"middle\" width=\"32\"><\/td>\n<td valign=\"middle\">Classifica\u00e7\u00e3o IP:<\/td>\n<td valign=\"middle\">IP20<\/td>\n<\/tr>\n<tr class=\"even\">\n<td valign=\"middle\" width=\"32\"><\/td>\n<td valign=\"middle\">Dimens\u00f5es (mm):<\/td>\n<td valign=\"middle\">\u00d8125x150mm<\/td>\n<\/tr>\n<tr class=\"odd\">\n<td valign=\"middle\" width=\"32\"><\/td>\n<td valign=\"middle\">Frequ\u00eancia de trabalho (Hz):<\/td>\n<td valign=\"middle\">50\/60Hz<\/td>\n<\/tr>\n<tr class=\"even\">\n<td valign=\"middle\" width=\"32\"><\/td>\n<td valign=\"middle\">Gama de temperaturas (\u00baC):<\/td>\n<td valign=\"middle\">-20?C ~ +55?C<\/td>\n<\/tr>\n<tr class=\"odd\">\n<td valign=\"middle\" width=\"32\"><\/td>\n<td valign=\"middle\">Ciclos de Igni\u00e7\u00e3o:<\/td>\n<td valign=\"middle\">100.000<\/td>\n<\/tr>\n<tr class=\"even\">\n<td valign=\"middle\" width=\"32\"><\/td>\n<td valign=\"middle\">Tempo de arranque (s):<\/td>\n<td valign=\"middle\">0,2s<\/td>\n<\/tr>\n<tr class=\"odd\">\n<td valign=\"middle\" width=\"32\"><\/td>\n<td valign=\"middle\">Informa\u00e7\u00e3o adicional:<\/td>\n<td valign=\"middle\">SEM FLICK<\/td>\n<\/tr>\n<tr class=\"even\">\n<td valign=\"middle\" width=\"32\"><\/td>\n<td valign=\"middle\">Classe energ\u00e9tica (2021-EU-2019\/2015):<\/td>\n<td valign=\"middle\">A+<\/td>\n<\/tr>\n<tr class=\"odd\">\n<td valign=\"middle\" width=\"32\"><\/td>\n<td valign=\"middle\">Classe energ\u00e9tica (2023 - EU-2019\/2015):<\/td>\n<td valign=\"middle\">F<\/td>\n<\/tr>\n<tr class=\"even\">\n<td valign=\"middle\" width=\"32\"><\/td>\n<td valign=\"middle\">Anos de garantia:<\/td>\n<td valign=\"middle\">3<\/td>\n<\/tr>\n<\/tbody>\n<\/table>\n<p>&nbsp;<\/p>\n<\/div><\/h1>","protected":false},"excerpt":{"rendered":"<div class=\"product-info-line\">\n<p id=\"product_reference\"><label>REFERENCIA: SL91068<br>\n<\/label><\/p>\n<p>Isto&nbsp;<strong>L\u00e2mpada<\/strong>&nbsp;<strong>dimmable<\/strong>&nbsp;G125 realizada en&nbsp;<strong>Cristal Ahumado<\/strong>&nbsp;y PMMA grabado en su interior, con&nbsp; casquillo tipo&nbsp;<strong>E27,<\/strong>&nbsp;ayuda a respetar el planeta debido a su ahorro energ&eacute;tico.&nbsp;La bombilla tiene un dise&ntilde;o moderno y elegante, con una carcasa de metal negro que se adapta perfectamente a cualquier decoraci&oacute;n de interiores.&nbsp;Adem&aacute;s, es compatible con el regulador de intensidad, lo que permite ajustar la intensidad de la luz para crear un ambiente m&aacute;s acogedor y relajante.<\/p><p>A l\u00e2mpada \u00e9&nbsp;<strong>ajust\u00e1vel<\/strong>&nbsp;por&nbsp;<strong>TRIAC<\/strong><\/p><p><strong>TEMPERATURA DE COR: 2200K<\/strong><\/p><div class=\"col-md-12\"><i class=\"fa fa-truck\"><\/i>&nbsp;<span class=\"text-muted textprop\">Entrega em 24\/48 horas<\/span><\/div><div class=\"col-md-12\"><i class=\"fa fa-exchange\"><\/i>&nbsp;<span class=\"text-muted textprop\">Garantia do segurado<\/span><\/div><div class=\"col-md-12\"><i class=\"fa fa-box\"><\/i>&nbsp;<span class=\"text-muted textprop\">20 unidade(s) por Masterbox<\/span><\/div><\/div>","protected":false},"featured_media":9871,"template":"","meta":{"site-sidebar-layout":"default","site-content-layout":"default","ast-global-header-display":"","ast-main-header-display":"","ast-hfb-above-header-display":"","ast-hfb-below-header-display":"","ast-hfb-mobile-header-display":"","site-post-title":"","ast-breadcrumbs-content":"","ast-featured-img":"","footer-sml-layout":"","theme-transparent-header-meta":"default","adv-header-id-meta":"","stick-header-meta":"","header-above-stick-meta":"","header-main-stick-meta":"","header-below-stick-meta":""},"product_cat":[46,23],"product_tag":[],"class_list":["post-9864","product","type-product","status-publish","has-post-thumbnail","hentry","product_cat-bombillas-led-e27","product_cat-bombillas-y-lamparas-led"],"yoast_head":"<!-- This site is optimized with the Yoast SEO plugin v27.4 - https:\/\/yoast.com\/product\/yoast-seo-wordpress\/ -->\n<title>Bombilla LED Modern Cristal ahumado 4W E27 G125 - Dimable - STARLED Iluminacion<\/title>\n<meta name=\"robots\" content=\"index, follow, max-snippet:-1, max-image-preview:large, max-video-preview:-1\" \/>\n<link rel=\"canonical\" href=\"https:\/\/starlediluminacion.com\/pt\/product\/bombilla-led-modern-cristal-ahumado-4w-e27-g125-dimable\/\" \/>\n<meta property=\"og:locale\" content=\"pt_PT\" \/>\n<meta property=\"og:type\" content=\"article\" \/>\n<meta property=\"og:title\" content=\"Bombilla LED Modern Cristal ahumado 4W E27 G125 - Dimable - STARLED Iluminacion\" \/>\n<meta property=\"og:description\" content=\"REFERENCIA: SL91068    Esta\u00a0Bombilla\u00a0dimmable\u00a0G125 realizada en\u00a0Cristal Ahumado\u00a0y PMMA grabado en su interior, con\u00a0 casquillo tipo\u00a0E27,\u00a0ayuda a respetar el planeta debido a su ahorro energ\u00e9tico.\u00a0La bombilla tiene un dise\u00f1o moderno y elegante, con una carcasa de metal negro que se adapta perfectamente a cualquier decoraci\u00f3n de interiores.\u00a0Adem\u00e1s, es compatible con el regulador de intensidad, lo que permite ajustar la intensidad de la luz para crear un ambiente m\u00e1s acogedor y relajante.  La bombilla es\u00a0regulable\u00a0por\u00a0TRIAC  TEMPERATURA DE COLOR: 2200K \u00a0Entrega en 24\/48 horas \u00a0Garant\u00eda asegurada \u00a020 unidad(es) por Masterbox\" \/>\n<meta property=\"og:url\" content=\"https:\/\/starlediluminacion.com\/pt\/product\/bombilla-led-modern-cristal-ahumado-4w-e27-g125-dimable\/\" \/>\n<meta property=\"og:site_name\" content=\"STARLED Iluminacion\" \/>\n<meta property=\"article:modified_time\" content=\"2023-09-14T09:52:57+00:00\" \/>\n<meta property=\"og:image\" content=\"https:\/\/starlediluminacion.com\/wp-content\/uploads\/2023\/05\/bombilla-led-modern-cristal-ahumado-4w-e27-g125-dimable-factorled-7.jpg\" \/>\n\t<meta property=\"og:image:width\" content=\"1000\" \/>\n\t<meta property=\"og:image:height\" content=\"1000\" \/>\n\t<meta property=\"og:image:type\" content=\"image\/jpeg\" \/>\n<meta name=\"twitter:card\" content=\"summary_large_image\" \/>\n<meta name=\"twitter:label1\" content=\"Tempo estimado de leitura\" \/>\n\t<meta name=\"twitter:data1\" content=\"3 minutos\" \/>\n<script type=\"application\/ld+json\" class=\"yoast-schema-graph\">{\"@context\":\"https:\\\/\\\/schema.org\",\"@graph\":[{\"@type\":\"WebPage\",\"@id\":\"https:\\\/\\\/starlediluminacion.com\\\/producto\\\/bombilla-led-modern-cristal-ahumado-4w-e27-g125-dimable\\\/\",\"url\":\"https:\\\/\\\/starlediluminacion.com\\\/producto\\\/bombilla-led-modern-cristal-ahumado-4w-e27-g125-dimable\\\/\",\"name\":\"Bombilla LED Modern Cristal ahumado 4W E27 G125 - Dimable - STARLED Iluminacion\",\"isPartOf\":{\"@id\":\"https:\\\/\\\/starlediluminacion.com\\\/#website\"},\"primaryImageOfPage\":{\"@id\":\"https:\\\/\\\/starlediluminacion.com\\\/producto\\\/bombilla-led-modern-cristal-ahumado-4w-e27-g125-dimable\\\/#primaryimage\"},\"image\":{\"@id\":\"https:\\\/\\\/starlediluminacion.com\\\/producto\\\/bombilla-led-modern-cristal-ahumado-4w-e27-g125-dimable\\\/#primaryimage\"},\"thumbnailUrl\":\"https:\\\/\\\/starlediluminacion.com\\\/wp-content\\\/uploads\\\/2023\\\/05\\\/bombilla-led-modern-cristal-ahumado-4w-e27-g125-dimable-factorled-7.jpg\",\"datePublished\":\"2023-05-23T13:50:42+00:00\",\"dateModified\":\"2023-09-14T09:52:57+00:00\",\"breadcrumb\":{\"@id\":\"https:\\\/\\\/starlediluminacion.com\\\/producto\\\/bombilla-led-modern-cristal-ahumado-4w-e27-g125-dimable\\\/#breadcrumb\"},\"inLanguage\":\"pt-PT\",\"potentialAction\":[{\"@type\":\"ReadAction\",\"target\":[\"https:\\\/\\\/starlediluminacion.com\\\/producto\\\/bombilla-led-modern-cristal-ahumado-4w-e27-g125-dimable\\\/\"]}]},{\"@type\":\"ImageObject\",\"inLanguage\":\"pt-PT\",\"@id\":\"https:\\\/\\\/starlediluminacion.com\\\/producto\\\/bombilla-led-modern-cristal-ahumado-4w-e27-g125-dimable\\\/#primaryimage\",\"url\":\"https:\\\/\\\/starlediluminacion.com\\\/wp-content\\\/uploads\\\/2023\\\/05\\\/bombilla-led-modern-cristal-ahumado-4w-e27-g125-dimable-factorled-7.jpg\",\"contentUrl\":\"https:\\\/\\\/starlediluminacion.com\\\/wp-content\\\/uploads\\\/2023\\\/05\\\/bombilla-led-modern-cristal-ahumado-4w-e27-g125-dimable-factorled-7.jpg\",\"width\":1000,\"height\":1000},{\"@type\":\"BreadcrumbList\",\"@id\":\"https:\\\/\\\/starlediluminacion.com\\\/producto\\\/bombilla-led-modern-cristal-ahumado-4w-e27-g125-dimable\\\/#breadcrumb\",\"itemListElement\":[{\"@type\":\"ListItem\",\"position\":1,\"name\":\"Portada\",\"item\":\"https:\\\/\\\/starlediluminacion.com\\\/\"},{\"@type\":\"ListItem\",\"position\":2,\"name\":\"Shop\",\"item\":\"https:\\\/\\\/starlediluminacion.com\\\/shop-2\\\/\"},{\"@type\":\"ListItem\",\"position\":3,\"name\":\"Bombilla LED Modern Cristal ahumado 4W E27 G125 &#8211; Dimable\"}]},{\"@type\":\"WebSite\",\"@id\":\"https:\\\/\\\/starlediluminacion.com\\\/#website\",\"url\":\"https:\\\/\\\/starlediluminacion.com\\\/\",\"name\":\"STARLED Iluminacion\",\"description\":\"\",\"potentialAction\":[{\"@type\":\"SearchAction\",\"target\":{\"@type\":\"EntryPoint\",\"urlTemplate\":\"https:\\\/\\\/starlediluminacion.com\\\/?s={search_term_string}\"},\"query-input\":{\"@type\":\"PropertyValueSpecification\",\"valueRequired\":true,\"valueName\":\"search_term_string\"}}],\"inLanguage\":\"pt-PT\"}]}<\/script>\n<!-- \/ Yoast SEO plugin. -->","yoast_head_json":{"title":"Bombilla LED Modern Cristal ahumado 4W E27 G125 - Dimable - STARLED Iluminacion","robots":{"index":"index","follow":"follow","max-snippet":"max-snippet:-1","max-image-preview":"max-image-preview:large","max-video-preview":"max-video-preview:-1"},"canonical":"https:\/\/starlediluminacion.com\/pt\/product\/bombilla-led-modern-cristal-ahumado-4w-e27-g125-dimable\/","og_locale":"pt_PT","og_type":"article","og_title":"Bombilla LED Modern Cristal ahumado 4W E27 G125 - Dimable - STARLED Iluminacion","og_description":"REFERENCIA: SL91068    Esta\u00a0Bombilla\u00a0dimmable\u00a0G125 realizada en\u00a0Cristal Ahumado\u00a0y PMMA grabado en su interior, con\u00a0 casquillo tipo\u00a0E27,\u00a0ayuda a respetar el planeta debido a su ahorro energ\u00e9tico.\u00a0La bombilla tiene un dise\u00f1o moderno y elegante, con una carcasa de metal negro que se adapta perfectamente a cualquier decoraci\u00f3n de interiores.\u00a0Adem\u00e1s, es compatible con el regulador de intensidad, lo que permite ajustar la intensidad de la luz para crear un ambiente m\u00e1s acogedor y relajante.  La bombilla es\u00a0regulable\u00a0por\u00a0TRIAC  TEMPERATURA DE COLOR: 2200K \u00a0Entrega en 24\/48 horas \u00a0Garant\u00eda asegurada \u00a020 unidad(es) por Masterbox","og_url":"https:\/\/starlediluminacion.com\/pt\/product\/bombilla-led-modern-cristal-ahumado-4w-e27-g125-dimable\/","og_site_name":"STARLED Iluminacion","article_modified_time":"2023-09-14T09:52:57+00:00","og_image":[{"width":1000,"height":1000,"url":"https:\/\/starlediluminacion.com\/wp-content\/uploads\/2023\/05\/bombilla-led-modern-cristal-ahumado-4w-e27-g125-dimable-factorled-7.jpg","type":"image\/jpeg"}],"twitter_card":"summary_large_image","twitter_misc":{"Tempo estimado de leitura":"3 minutos"},"schema":{"@context":"https:\/\/schema.org","@graph":[{"@type":"WebPage","@id":"https:\/\/starlediluminacion.com\/producto\/bombilla-led-modern-cristal-ahumado-4w-e27-g125-dimable\/","url":"https:\/\/starlediluminacion.com\/producto\/bombilla-led-modern-cristal-ahumado-4w-e27-g125-dimable\/","name":"Bombilla LED Modern Cristal ahumado 4W E27 G125 - Dimable - STARLED Iluminacion","isPartOf":{"@id":"https:\/\/starlediluminacion.com\/#website"},"primaryImageOfPage":{"@id":"https:\/\/starlediluminacion.com\/producto\/bombilla-led-modern-cristal-ahumado-4w-e27-g125-dimable\/#primaryimage"},"image":{"@id":"https:\/\/starlediluminacion.com\/producto\/bombilla-led-modern-cristal-ahumado-4w-e27-g125-dimable\/#primaryimage"},"thumbnailUrl":"https:\/\/starlediluminacion.com\/wp-content\/uploads\/2023\/05\/bombilla-led-modern-cristal-ahumado-4w-e27-g125-dimable-factorled-7.jpg","datePublished":"2023-05-23T13:50:42+00:00","dateModified":"2023-09-14T09:52:57+00:00","breadcrumb":{"@id":"https:\/\/starlediluminacion.com\/producto\/bombilla-led-modern-cristal-ahumado-4w-e27-g125-dimable\/#breadcrumb"},"inLanguage":"pt-PT","potentialAction":[{"@type":"ReadAction","target":["https:\/\/starlediluminacion.com\/producto\/bombilla-led-modern-cristal-ahumado-4w-e27-g125-dimable\/"]}]},{"@type":"ImageObject","inLanguage":"pt-PT","@id":"https:\/\/starlediluminacion.com\/producto\/bombilla-led-modern-cristal-ahumado-4w-e27-g125-dimable\/#primaryimage","url":"https:\/\/starlediluminacion.com\/wp-content\/uploads\/2023\/05\/bombilla-led-modern-cristal-ahumado-4w-e27-g125-dimable-factorled-7.jpg","contentUrl":"https:\/\/starlediluminacion.com\/wp-content\/uploads\/2023\/05\/bombilla-led-modern-cristal-ahumado-4w-e27-g125-dimable-factorled-7.jpg","width":1000,"height":1000},{"@type":"BreadcrumbList","@id":"https:\/\/starlediluminacion.com\/producto\/bombilla-led-modern-cristal-ahumado-4w-e27-g125-dimable\/#breadcrumb","itemListElement":[{"@type":"ListItem","position":1,"name":"Portada","item":"https:\/\/starlediluminacion.com\/"},{"@type":"ListItem","position":2,"name":"Shop","item":"https:\/\/starlediluminacion.com\/shop-2\/"},{"@type":"ListItem","position":3,"name":"Bombilla LED Modern Cristal ahumado 4W E27 G125 &#8211; Dimable"}]},{"@type":"WebSite","@id":"https:\/\/starlediluminacion.com\/#website","url":"https:\/\/starlediluminacion.com\/","name":"STARLED Iluminacion","description":"","potentialAction":[{"@type":"SearchAction","target":{"@type":"EntryPoint","urlTemplate":"https:\/\/starlediluminacion.com\/?s={search_term_string}"},"query-input":{"@type":"PropertyValueSpecification","valueRequired":true,"valueName":"search_term_string"}}],"inLanguage":"pt-PT"}]}},"_links":{"self":[{"href":"https:\/\/starlediluminacion.com\/pt\/wp-json\/wp\/v3\/product\/9864","targetHints":{"allow":["GET"]}}],"collection":[{"href":"https:\/\/starlediluminacion.com\/pt\/wp-json\/wp\/v3\/product"}],"about":[{"href":"https:\/\/starlediluminacion.com\/pt\/wp-json\/wp\/v2\/types\/product"}],"wp:featuredmedia":[{"embeddable":true,"href":"https:\/\/starlediluminacion.com\/pt\/wp-json\/wp\/v2\/media\/9871"}],"wp:attachment":[{"href":"https:\/\/starlediluminacion.com\/pt\/wp-json\/wp\/v2\/media?parent=9864"}],"wp:term":[{"taxonomy":"product_cat","embeddable":true,"href":"https:\/\/starlediluminacion.com\/pt\/wp-json\/wp\/v2\/product_cat?post=9864"},{"taxonomy":"product_tag","embeddable":true,"href":"https:\/\/starlediluminacion.com\/pt\/wp-json\/wp\/v2\/product_tag?post=9864"}],"curies":[{"name":"wp","href":"https:\/\/api.w.org\/{rel}","templated":true}]}}