{"id":9850,"date":"2023-05-23T13:45:20","date_gmt":"2023-05-23T13:45:20","guid":{"rendered":"https:\/\/starlediluminacion.com\/?post_type=product&#038;p=9850"},"modified":"2023-07-27T14:23:34","modified_gmt":"2023-07-27T14:23:34","slug":"lampara-led-36w-bridgelux-e27-167lm-w-alta-resistencia","status":"publish","type":"product","link":"https:\/\/starlediluminacion.com\/pt\/product\/lamp-led-36w-bridgelux-e27-167lm-w-high-strength\/","title":{"rendered":"<p>L\u00e2mpada LED BRIDGELUX E27 36W -167Lm\/W - Alta Resist\u00eancia<\/p>"},"content":{"rendered":"<h4>SAIBA MAIS<div class=\"rte\">\n<h1><strong>L\u00e2mpada LED BRIDGELUX E27 36W - 167Lm\/W - Resistente<\/strong><\/h1>\n<p>&nbsp;<\/p>\n<p>L\u00e2mpada LED&nbsp;<strong>36W<\/strong>&nbsp;com casquilho E27 de&nbsp;<strong>ALTA RESIST\u00caNCIA<\/strong>&nbsp;e durabilidade com o chip Bridgelux concebido para se adaptar a um casquilho E27 e especificamente concebido para uma dissipa\u00e7\u00e3o de calor muito eficiente, para utiliza\u00e7\u00e3o industrial e ilumina\u00e7\u00e3o de grandes espa\u00e7os. Possui um elevado fator de pot\u00eancia (+0,90), uma elevada convers\u00e3o energ\u00e9tica e baixos custos de manuten\u00e7\u00e3o.<\/p>\n<p>&nbsp;<\/p>\n<p>As l\u00e2mpadas LED E27 para trabalhos pesados oferecem uma combina\u00e7\u00e3o \u00fanica de durabilidade, efici\u00eancia energ\u00e9tica, pot\u00eancia, flexibilidade e qualidade de luz que as torna ideais para uma variedade de aplica\u00e7\u00f5es.<\/p>\n<p>Tem tamb\u00e9m a vantagem de&nbsp;<strong>Rota\u00e7\u00e3o de 360\u00b0,&nbsp;<\/strong>lo<strong>&nbsp;<\/strong>permite uma maior flexibilidade na dire\u00e7\u00e3o da luz, tornando-o ideal para iluminar \u00e1reas espec\u00edficas ou para ajustar a luz de acordo com as necessidades do utilizador.&nbsp;<strong>E a dissipa\u00e7\u00e3o de alum\u00ednio<\/strong>&nbsp;ajuda a manter a temperatura da l\u00e2mpada baixa, o que pode prolongar a sua vida \u00fatil.<\/p>\n<p>As vantagens de uma l\u00e2mpada LED E27 para trabalhos pesados s\u00e3o as seguintes<\/p>\n<ol>\n<li>A elevada resist\u00eancia desta l\u00e2mpada LED refere-se \u00e0 sua capacidade de suportar condi\u00e7\u00f5es adversas, tais como altera\u00e7\u00f5es extremas de temperatura, vibra\u00e7\u00f5es e choques.<\/li>\n<li>Maior durabilidade: As l\u00e2mpadas LED para trabalhos pesados s\u00e3o concebidas para serem mais fortes e mais duradouras do que outras l\u00e2mpadas LED. Isto torna-as mais adequadas para utiliza\u00e7\u00e3o em ambientes agressivos ou para aplica\u00e7\u00f5es que requerem maior resist\u00eancia.<\/li>\n<li>Maior efici\u00eancia energ\u00e9tica: As l\u00e2mpadas LED para trabalhos pesados podem ser mais eficientes em termos energ\u00e9ticos do que outras l\u00e2mpadas LED devido ao seu design e materiais. Isto pode ajudar a reduzir ainda mais o custo da eletricidade.<\/li>\n<li>Maior pot\u00eancia: As l\u00e2mpadas LED para trabalhos pesados podem ser mais potentes do que outras l\u00e2mpadas LED. Isto significa que podem fornecer mais luz em espa\u00e7os maiores ou para aplica\u00e7\u00f5es que requerem maior intensidade de luz.<\/li>\n<li>Maior flexibilidade: As l\u00e2mpadas LED para trabalhos pesados podem ser mais flex\u00edveis em termos de design e op\u00e7\u00f5es de montagem. Isto significa que podem ser adaptadas a uma variedade de aplica\u00e7\u00f5es e necessidades de ilumina\u00e7\u00e3o.<\/li>\n<li>Maior qualidade de luz: As l\u00e2mpadas LED para trabalhos pesados podem produzir uma luz mais brilhante e mais n\u00edtida do que outras l\u00e2mpadas LED devido ao seu design e tecnologia. Isto significa que podem fornecer uma ilumina\u00e7\u00e3o mais precisa e uniforme.<\/li>\n<li>Maior compatibilidade: As l\u00e2mpadas LED resistentes podem ser compat\u00edveis com uma grande variedade de sistemas de controlo e regula\u00e7\u00e3o da ilumina\u00e7\u00e3o. Isto significa que podem ser utilizadas numa grande variedade de aplica\u00e7\u00f5es, desde a casa \u00e0 ind\u00fastria.<\/li>\n<\/ol>\n<p>A&nbsp;<strong>FACTOR DE POT\u00caNCIA (PF)<\/strong>&nbsp;Um PF superior a 0,90 \u00e9 desej\u00e1vel, pois indica que a lumin\u00e1ria est\u00e1 a utilizar a maior parte da energia fornecida para produzir luz, em vez de a desperdi\u00e7ar sob a forma de calor ou outros tipos de perdas de energia. Isto pode ser ben\u00e9fico em termos de efici\u00eancia energ\u00e9tica e de redu\u00e7\u00e3o de custos a longo prazo, uma vez que \u00e9 utilizada menos energia para obter o mesmo n\u00edvel de ilumina\u00e7\u00e3o.<\/p>\n<p>&nbsp;<\/p>\n<p>Com um \u00e2ngulo de luz de 116\u00ba, o seu design inovador e elegante \u00e9 muito eficaz para a evacua\u00e7\u00e3o correta do calor gerado pelo LED. Disp\u00f5e de um sistema de auto-prote\u00e7\u00e3o que ajusta de forma inteligente a pot\u00eancia quando a temperatura recomendada \u00e9 ultrapassada para uma maior efici\u00eancia.<\/p>\n<p>Possui uma manga rotativa interna que permite direcionar o feixe de luz a 116\u00ba.<\/p>\n<h2><strong>Aplica\u00e7\u00f5es L\u00e2mpada&nbsp;<\/strong>LED 36W E27 para servi\u00e7o pesado BRIDGELUX<\/h2>\n<ul>\n<li>Supermercados e garagens interiores.<\/li>\n<li>Lojas e empresas em geral.<\/li>\n<li>Oficinas e armaz\u00e9ns.<\/li>\n<li>Substitui as l\u00e2mpadas de halog\u00e9neo 125W E40 e as l\u00e2mpadas de vapor de s\u00f3dio 250W E40.<\/li>\n<li>Edif\u00edcios industriais.<\/li>\n<li>Candeeiros de rua.<\/li>\n<li>Qualquer \u00e1rea interior com tectos altos ou espa\u00e7os amplos.<\/li>\n<\/ul>\n<h3 class=\"page-product-heading\">DADOS T\u00c9CNICOS<\/h3>\n<div class=\"col-xs-12 col-md-6\">\n<table class=\"table table-data-sheet 1\">\n<tbody>\n<tr class=\"odd\">\n<td valign=\"middle\" width=\"32\"><\/td>\n<td valign=\"middle\">REFER\u00caNCIA :<\/td>\n<td valign=\"middle\">SLFLB36WS3<\/td>\n<\/tr>\n<tr class=\"even\">\n<td valign=\"middle\" width=\"32\"><\/td>\n<td valign=\"middle\">Pot\u00eancia nominal :<\/td>\n<td valign=\"middle\">36w<\/td>\n<\/tr>\n<tr class=\"odd\">\n<td valign=\"middle\" width=\"32\"><\/td>\n<td valign=\"middle\">Tens\u00e3o Nominal:<\/td>\n<td valign=\"middle\">175V-260V<\/td>\n<\/tr>\n<tr class=\"even\">\n<td valign=\"middle\" width=\"32\"><\/td>\n<td valign=\"middle\">Temperatura ligeira:<\/td>\n<td valign=\"middle\">3000K - 4000K<\/td>\n<\/tr>\n<tr class=\"odd\">\n<td valign=\"middle\" width=\"32\"><\/td>\n<td valign=\"middle\">CRI - Colour Rendering Index:<\/td>\n<td valign=\"middle\">80<\/td>\n<\/tr>\n<tr class=\"even\">\n<td valign=\"middle\" width=\"32\"><\/td>\n<td valign=\"middle\">Luminosidade-Lm:<\/td>\n<td valign=\"middle\">4000Lm<\/td>\n<\/tr>\n<tr class=\"odd\">\n<td valign=\"middle\" width=\"32\"><\/td>\n<td valign=\"middle\">\u00c2ngulo de abertura (\u00ba):<\/td>\n<td valign=\"middle\">116\u00ba<\/td>\n<\/tr>\n<tr class=\"even\">\n<td valign=\"middle\" width=\"32\"><\/td>\n<td valign=\"middle\">Efici\u00eancia dos d\u00edodos LED (Lm\/W):<\/td>\n<td valign=\"middle\">167Lm<\/td>\n<\/tr>\n<tr class=\"odd\">\n<td valign=\"middle\" width=\"32\"><\/td>\n<td valign=\"middle\">Arbusto:<\/td>\n<td valign=\"middle\">E27<\/td>\n<\/tr>\n<tr class=\"even\">\n<td valign=\"middle\" width=\"32\"><\/td>\n<td valign=\"middle\">Certificados:<\/td>\n<td valign=\"middle\">CE - ROHS<\/td>\n<\/tr>\n<\/tbody>\n<\/table>\n<\/div>\n<div class=\"col-xs-12 col-md-6 2\">\n<table class=\"table table-data-sheet 2\">\n<tbody>\n<tr class=\"odd\">\n<td valign=\"middle\" width=\"32\"><\/td>\n<td valign=\"middle\">Classifica\u00e7\u00e3o IP:<\/td>\n<td valign=\"middle\">IP20<\/td>\n<\/tr>\n<tr class=\"even\">\n<td valign=\"middle\" width=\"32\"><\/td>\n<td valign=\"middle\">D\u00edodo LED de vida estimada (H):<\/td>\n<td valign=\"middle\">20.000<\/td>\n<\/tr>\n<tr class=\"odd\">\n<td valign=\"middle\" width=\"32\"><\/td>\n<td valign=\"middle\">Factor de pot\u00eancia (PF):<\/td>\n<td valign=\"middle\">0,91<\/td>\n<\/tr>\n<tr class=\"even\">\n<td valign=\"middle\" width=\"32\"><\/td>\n<td valign=\"middle\">Frequ\u00eancia de trabalho (Hz):<\/td>\n<td valign=\"middle\">50\/60Hz<\/td>\n<\/tr>\n<tr class=\"odd\">\n<td valign=\"middle\" width=\"32\"><\/td>\n<td valign=\"middle\">Gama de temperaturas (\u00baC):<\/td>\n<td valign=\"middle\">-20\u00b0C ~ +55\u00b0C<\/td>\n<\/tr>\n<tr class=\"even\">\n<td valign=\"middle\" width=\"32\"><\/td>\n<td valign=\"middle\">Ciclos de Igni\u00e7\u00e3o:<\/td>\n<td valign=\"middle\">100.000<\/td>\n<\/tr>\n<tr class=\"odd\">\n<td valign=\"middle\" width=\"32\"><\/td>\n<td valign=\"middle\">Tempo de arranque (s):<\/td>\n<td valign=\"middle\">0,2s<\/td>\n<\/tr>\n<tr class=\"even\">\n<td valign=\"middle\" width=\"32\"><\/td>\n<td valign=\"middle\">Classe energ\u00e9tica (2021-EU-2019\/2015):<\/td>\n<td valign=\"middle\">A+<\/td>\n<\/tr>\n<tr class=\"odd\">\n<td valign=\"middle\" width=\"32\"><\/td>\n<td valign=\"middle\">Anos de garantia:<\/td>\n<td valign=\"middle\">3<\/td>\n<\/tr>\n<\/tbody>\n<\/table>\n<p>&nbsp;<\/p>\n<\/div>\n<\/div><\/h4>","protected":false},"excerpt":{"rendered":"<p>REFERENCIA: SLFLB36WS3-911130-4K<div class=\"hidden-xs parrafo\">\n<p>A nossa l\u00e2mpada LED&nbsp;<strong>36W<\/strong>&nbsp;E27 de&nbsp;<strong>alta resist\u00eancia<\/strong>&nbsp;<strong>Bridgelux<\/strong>&nbsp;\u00e9 a solu\u00e7\u00e3o perfeita para iluminar uniformemente os seus espa\u00e7os com a melhor tecnologia LED do mercado. Concebida com materiais de alta qualidade, esta l\u00e2mpada oferece-lhe uma ilumina\u00e7\u00e3o brilhante e duradoura que lhe permite poupar nos custos de energia.&nbsp;<strong>Tem um fator de pot\u00eancia elevado (+0,90).<\/strong>A convers\u00e3o de energia \u00e9 elevada e os custos de manuten\u00e7\u00e3o s\u00e3o baixos.<\/p>\n<p><strong>TEMPERATURA DE COR: 3000K\/4000K<\/strong><\/p>\n<\/div><div id=\"views_block-1\" class=\"clearfix\">\n<div id=\"thumbs_list\">\n<div class=\"col-md-12\"><i class=\"fa fa-truck\"><\/i>&nbsp;<span class=\"text-muted textprop\">Entrega em 24\/48 horas<\/span><\/div>\n<div class=\"col-md-12\"><i class=\"fa fa-exchange\"><\/i>&nbsp;<span class=\"text-muted textprop\">Garantia do segurado<\/span><\/div>\n<div class=\"col-md-12\"><i class=\"fa fa-box\"><\/i>&nbsp;<span class=\"text-muted textprop\">12 unidade(s) por Masterbox<\/span><\/div>\n<\/div>\n<\/div><p>&nbsp;<\/p><\/p>","protected":false},"featured_media":9863,"template":"","meta":{"site-sidebar-layout":"default","site-content-layout":"default","ast-global-header-display":"","ast-main-header-display":"","ast-hfb-above-header-display":"","ast-hfb-below-header-display":"","ast-hfb-mobile-header-display":"","site-post-title":"","ast-breadcrumbs-content":"","ast-featured-img":"","footer-sml-layout":"","theme-transparent-header-meta":"default","adv-header-id-meta":"","stick-header-meta":"","header-above-stick-meta":"","header-main-stick-meta":"","header-below-stick-meta":""},"product_cat":[46,23],"product_tag":[],"class_list":["post-9850","product","type-product","status-publish","has-post-thumbnail","hentry","product_cat-bombillas-led-e27","product_cat-bombillas-y-lamparas-led"],"_links":{"self":[{"href":"https:\/\/starlediluminacion.com\/pt\/wp-json\/wp\/v3\/product\/9850","targetHints":{"allow":["GET"]}}],"collection":[{"href":"https:\/\/starlediluminacion.com\/pt\/wp-json\/wp\/v3\/product"}],"about":[{"href":"https:\/\/starlediluminacion.com\/pt\/wp-json\/wp\/v2\/types\/product"}],"wp:featuredmedia":[{"embeddable":true,"href":"https:\/\/starlediluminacion.com\/pt\/wp-json\/wp\/v2\/media\/9863"}],"wp:attachment":[{"href":"https:\/\/starlediluminacion.com\/pt\/wp-json\/wp\/v2\/media?parent=9850"}],"wp:term":[{"taxonomy":"product_cat","embeddable":true,"href":"https:\/\/starlediluminacion.com\/pt\/wp-json\/wp\/v2\/product_cat?post=9850"},{"taxonomy":"product_tag","embeddable":true,"href":"https:\/\/starlediluminacion.com\/pt\/wp-json\/wp\/v2\/product_tag?post=9850"}],"curies":[{"name":"wp","href":"https:\/\/api.w.org\/{rel}","templated":true}]}}