{"id":9666,"date":"2023-05-22T11:12:18","date_gmt":"2023-05-22T11:12:18","guid":{"rendered":"https:\/\/starlediluminacion.com\/?post_type=product&#038;p=9666"},"modified":"2023-07-27T14:12:51","modified_gmt":"2023-07-27T14:12:51","slug":"aro-marco-negro-orientable-para-gu10","status":"publish","type":"product","link":"https:\/\/starlediluminacion.com\/pt\/product\/aro-marco-negro-orientable-para-gu10\/","title":{"rendered":"<p>Aro Marco NEGRO orientable para GU10<\/p>"},"content":{"rendered":"<h1>Aro NEGRO&nbsp;orientable para GU10<p>El aro NEGRO&nbsp;orientable para GU10&nbsp; es un accesorio de iluminaci&oacute;n elegante y funcional, dise&ntilde;ado para ofrecer una soluci&oacute;n de iluminaci&oacute;n flexible y precisa en interiores.<\/p><p>El aro NEGRO&nbsp;orientable para GU10 y m&oacute;dulos LED tipo dicroicos,&nbsp; un acabado en elegante que se integra perfectamente en cualquier decoraci&oacute;n de interiores y aporta un toque de sofisticaci&oacute;n. Adem&aacute;s, su tama&ntilde;o compacto y peso ligero facilitan su instalaci&oacute;n y manejo.<\/p><p>El Aro Marco NEGRO&nbsp;orientable para GU10 fabricado en PC (Policarbonato) presenta varias ventajas en su uso en zonas h&uacute;medas o costeras:<\/p><ol>\n<li>Resist\u00eancia \u00e0 humidade: O material de PC utilizado no fabrico do aro tem propriedades resistentes \u00e0 humidade. Isto significa que pode suportar condi\u00e7\u00f5es de humidade elevada sem danos ou corros\u00e3o, tornando-o adequado para utiliza\u00e7\u00e3o em \u00e1reas com n\u00edveis de humidade mais elevados.<\/li>\n<li>Protecci&oacute;n contra la corrosi&oacute;n: Al estar fabricado en PC, el aro Marco NEGRO&nbsp;es resistente a la corrosi&oacute;n causada por la exposici&oacute;n al agua salada en zonas costeras. Esto le permite mantener su apariencia y funcionalidad incluso en entornos marinos agresivos.<\/li>\n<li>Durabilidade: O material PC utilizado no seu fabrico \u00e9 conhecido pela sua durabilidade e resist\u00eancia ao impacto. Isto torna o aro capaz de resistir a condi\u00e7\u00f5es adversas, como ventos fortes, salpicos de \u00e1gua ou areia, t\u00edpicos das zonas costeiras.<\/li>\n<\/ol><p>&nbsp;<\/p><p>Esta estrutura foi especificamente concebida para acomodar l\u00e2mpadas GU10 e m\u00f3dulos LED dicr\u00f3icos, que podem ser facilmente instalados e substitu\u00eddos gra\u00e7as ao seu mecanismo de fixa\u00e7\u00e3o simples e seguro.<\/p><h3 class=\"page-product-heading\">DADOS T\u00c9CNICOS<\/h3><div class=\"col-xs-12 col-md-6\">\n<table class=\"table table-data-sheet 1\">\n<tbody>\n<tr class=\"odd\">\n<td valign=\"middle\" width=\"32\"><\/td>\n<td valign=\"middle\">REFER\u00caNCIA :<\/td>\n<td valign=\"middle\">SLAROB892C-N<\/td>\n<\/tr>\n<tr class=\"even\">\n<td valign=\"middle\" width=\"32\"><\/td>\n<td valign=\"middle\">Material de constru\u00e7\u00e3o:<\/td>\n<td valign=\"middle\">Policarbonato<\/td>\n<\/tr>\n<tr class=\"odd\">\n<td valign=\"middle\" width=\"32\"><\/td>\n<td valign=\"middle\">Certificados:<\/td>\n<td valign=\"middle\">CE<\/td>\n<\/tr>\n<\/tbody>\n<\/table>\n<\/div><div class=\"col-xs-12 col-md-6 2\">\n<table class=\"table table-data-sheet 2\">\n<tbody>\n<tr class=\"odd\">\n<td valign=\"middle\" width=\"32\"><\/td>\n<td valign=\"middle\">Dimens\u00f5es (mm):<\/td>\n<td valign=\"middle\">93x93xH29mm<\/td>\n<\/tr>\n<tr class=\"even\">\n<td valign=\"middle\" width=\"32\"><\/td>\n<td valign=\"middle\">Corte de tecto (mm):<\/td>\n<td valign=\"middle\">\u00d875 mm<\/td>\n<\/tr>\n<tr class=\"odd\">\n<td valign=\"middle\" width=\"32\"><\/td>\n<td valign=\"middle\">Anos de garantia:<\/td>\n<td valign=\"middle\">3<\/td>\n<\/tr>\n<\/tbody>\n<\/table>\n<p>&nbsp;<\/p>\n<\/div><\/h1>","protected":false},"excerpt":{"rendered":"<div class=\"hidden-xs parrafo\">\n<div class=\"product-info-line\">\n<p id=\"product_reference\"><label>REFERENCIA: SLAROB892C-N<br>\n<\/label><\/p>\n<\/div>\n<p>O anel quadrado&nbsp;<strong>PRETO<\/strong>&nbsp;<strong>ajust\u00e1vel para GU10 em policarbonato,&nbsp;<\/strong>\u00e9 uma solu\u00e7\u00e3o elegante e funcional para a ilumina\u00e7\u00e3o de interiores, permitindo a sua coloca\u00e7\u00e3o em zonas de elevada humidade e zonas costeiras salinas, uma vez que n\u00e3o se deteriora como os metais.  O seu design permite regular a dire\u00e7\u00e3o da luz, tornando-o ideal para real\u00e7ar elementos espec\u00edficos de uma divis\u00e3o ou para criar um ambiente agrad\u00e1vel em qualquer espa\u00e7o. Instala\u00e7\u00e3o super f\u00e1cil. Resiste \u00e0s zonas costeiras e \u00e0s zonas de humidade elevada sem se deteriorar, pois \u00e9 fabricado em PC.<\/p>\n<div class=\"col-md-12\"><i class=\"fa fa-truck\"><\/i>&nbsp;<span class=\"text-muted textprop\">Entrega em 24\/48 horas<\/span><\/div>\n<div class=\"col-md-12\"><i class=\"fa fa-exchange\"><\/i>&nbsp;<span class=\"text-muted textprop\">Garantia do segurado<\/span><\/div>\n<div class=\"col-md-12\"><i class=\"fa fa-box\"><\/i>&nbsp;<span class=\"text-muted textprop\">100 unidade(s) por Masterbox<\/span><\/div>\n<\/div>","protected":false},"featured_media":9672,"template":"","meta":{"site-sidebar-layout":"default","site-content-layout":"default","ast-global-header-display":"","ast-main-header-display":"","ast-hfb-above-header-display":"","ast-hfb-below-header-display":"","ast-hfb-mobile-header-display":"","site-post-title":"","ast-breadcrumbs-content":"","ast-featured-img":"","footer-sml-layout":"","theme-transparent-header-meta":"default","adv-header-id-meta":"","stick-header-meta":"","header-above-stick-meta":"","header-main-stick-meta":"","header-below-stick-meta":""},"product_cat":[62,23],"product_tag":[],"class_list":["post-9666","product","type-product","status-publish","has-post-thumbnail","hentry","product_cat-accesorios-lamparas-led","product_cat-bombillas-y-lamparas-led"],"_links":{"self":[{"href":"https:\/\/starlediluminacion.com\/pt\/wp-json\/wp\/v3\/product\/9666","targetHints":{"allow":["GET"]}}],"collection":[{"href":"https:\/\/starlediluminacion.com\/pt\/wp-json\/wp\/v3\/product"}],"about":[{"href":"https:\/\/starlediluminacion.com\/pt\/wp-json\/wp\/v2\/types\/product"}],"wp:featuredmedia":[{"embeddable":true,"href":"https:\/\/starlediluminacion.com\/pt\/wp-json\/wp\/v2\/media\/9672"}],"wp:attachment":[{"href":"https:\/\/starlediluminacion.com\/pt\/wp-json\/wp\/v2\/media?parent=9666"}],"wp:term":[{"taxonomy":"product_cat","embeddable":true,"href":"https:\/\/starlediluminacion.com\/pt\/wp-json\/wp\/v2\/product_cat?post=9666"},{"taxonomy":"product_tag","embeddable":true,"href":"https:\/\/starlediluminacion.com\/pt\/wp-json\/wp\/v2\/product_tag?post=9666"}],"curies":[{"name":"wp","href":"https:\/\/api.w.org\/{rel}","templated":true}]}}