{"id":9589,"date":"2023-05-22T10:19:15","date_gmt":"2023-05-22T10:19:15","guid":{"rendered":"https:\/\/starlediluminacion.com\/?post_type=product&#038;p=9589"},"modified":"2023-07-27T12:54:36","modified_gmt":"2023-07-27T12:54:36","slug":"aplique-lineal-led-oulu-negro-0-44m-0-94m-1-44m-1-94m-ip54","status":"publish","type":"product","link":"https:\/\/starlediluminacion.com\/pt\/product\/aplique-lineal-led-oulu-negro-0-44m-0-94m-1-44m-1-94m-ip54\/","title":{"rendered":"<p>Aplique LED Linear de Parede - OULU BLACK - 0.44m - 0.94m - 1.44m - 1.94m - IP54<\/p>"},"content":{"rendered":"<h1>Aplique de parede linear LED - OULU BLACK - IP54<p>&nbsp;<\/p><p>O nosso&nbsp;<strong>luzes lineares de parede<\/strong>&nbsp;LED -&nbsp;<strong>&nbsp;OULU&nbsp;&nbsp;<\/strong>- \u00e9 uma gama vers\u00e1til e intemporal, pode ser o protagonista na concep\u00e7\u00e3o do interior de um espa\u00e7o ou adaptar-se a ele. Gra\u00e7as aos diferentes tamanhos e cores dispon\u00edveis, pode proporcionar uma grande variedade de sensa\u00e7\u00f5es visuais que definir\u00e3o o espa\u00e7o a partir de uma nova perspectiva.<\/p><p>O LED linear<strong>&nbsp;- OULU -<\/strong>&nbsp;&nbsp;desenha linhas homog\u00e9neas de luz que se adaptam a uma grande variedade de espa\u00e7os com um impacto visual m\u00ednimo, resolvendo tanto as necessidades de ilumina\u00e7\u00e3o geral como a ilumina\u00e7\u00e3o de planos verticais.<\/p><p>O desenho do nosso&nbsp;<strong>aplicar<\/strong>&nbsp;para&nbsp;<strong>parede<\/strong>&nbsp;combina difusores de alta transmit\u00e2ncia que proporcionam elevado conforto visual e efici\u00eancia energ\u00e9tica.<\/p><p>A fonte de luz do nosso&nbsp;<strong>Lumin\u00e1ria linear LED<\/strong>&nbsp;incorpora 2 tiras LED de 140 Leds\/metro de alta luminosidade SMD2835 que fornece 1500lm\/metro; os d\u00edodos LED incorporam soldadura de fio de ouro duplo para maior durabilidade e fiabilidade. N\u00edvel muito baixo de voador.<\/p><p><strong>Os 140 LEDs \/ metro de 0,6 W funcionam sozinhos a 0,1 W; depois disso, funcionam sozinhos a 17% da sua capacidade nominal, para que a fonte de luz LED n\u00e3o aque\u00e7a de todo. Pode funcionar ininterruptamente 24 horas por dia e aumenta a vida \u00fatil para mais de 50 000 horas.<\/strong><\/p><p>Tamb\u00e9m pode ser utilizado em \u00e1reas de elevada humidade gra\u00e7as \u00e0 sua fonte de luz.<strong>&nbsp;IP54<\/strong>&nbsp;\u00e9 isolado com silicone de alta qualidade (UC Classe F1 UL94 e sem COV), o que impede o amarelecimento e a fissura\u00e7\u00e3o ao longo dos anos.<\/p><p>Liga-se directamente a&nbsp;<strong>220v<\/strong>A fonte de alimenta\u00e7\u00e3o e a ponte rectificadora n\u00e3o s\u00e3o necess\u00e1rias.<\/p><p>O consumo da lumin\u00e1ria \u00e9 de 14W para 44cm; 28W para 94cm; 42W para 144cm; e 56W para 194cm.<\/p><p>\u00c9 fabricada em alum\u00ednio de elevada pureza 6063\/6060 (98%), com tratamento t\u00e9rmico UNE EN 755 e UNE EN 12020-1. A lacagem da lumin\u00e1ria \u00e9 de elevada resist\u00eancia e qualidade e \u00e9 texturada a Preto e Branco - Qualicoat - com uma espessura de 15 microns para uma longa vida \u00fatil.<\/p><p>A nossa lumin\u00e1ria linear LED -<strong>&nbsp;&nbsp;OULU -<\/strong>&nbsp; Como \u00e9 feita \u00e0 medida, oferece v\u00e1rias possibilidades de escolha entre uma ilumina\u00e7\u00e3o mais quente, neutra ou fria, e acabamentos anodizados em prata, branco e preto. A lumin\u00e1ria \u00e9 fabricada \u00e0 m\u00e3o na Europa, \u00e0 medida do cliente, pelo que este produto n\u00e3o admite devolu\u00e7\u00f5es, uma vez que se trata de um produto feito \u00e0 medida.<\/p><p>O tempo de produ\u00e7\u00e3o \u00e9 de 5 a 7 dias \u00fateis.<\/p><p>&nbsp;<\/p><h2>Utiliza\u00e7\u00f5es da lumin\u00e1ria de parede linear LED&nbsp;<strong>&nbsp;OULU PRETO<\/strong>&nbsp;- IP54<\/h2><ul>\n<li>Lojas<\/li>\n<li>Exposi\u00e7\u00f5es<\/li>\n<li>Ind\u00fastrias<\/li>\n<li>Escrit\u00f3rios<\/li>\n<li>Agregados dom\u00e9sticos<\/li>\n<\/ul><h3 class=\"page-product-heading\">DADOS T\u00c9CNICOS<\/h3><div class=\"col-xs-12 col-md-6\">\n<table class=\"table table-data-sheet 1\">\n<tbody>\n<tr class=\"odd\">\n<td valign=\"middle\" width=\"32\"><\/td>\n<td valign=\"middle\">REFER\u00caNCIA :<\/td>\n<td valign=\"middle\">A-09055-G-230-PRETO<\/td>\n<\/tr>\n<tr class=\"even\">\n<td valign=\"middle\" width=\"32\"><\/td>\n<td valign=\"middle\">Pot\u00eancia nominal :<\/td>\n<td valign=\"middle\">14W 0.44m - 28W 0.94m - 42W 1.44m - 56W 1.94m - IP54<\/td>\n<\/tr>\n<tr class=\"odd\">\n<td valign=\"middle\" width=\"32\"><\/td>\n<td valign=\"middle\">Tens\u00e3o Nominal:<\/td>\n<td valign=\"middle\">85-265V<\/td>\n<\/tr>\n<tr class=\"even\">\n<td valign=\"middle\" width=\"32\"><\/td>\n<td valign=\"middle\">Temperatura ligeira:<\/td>\n<td valign=\"middle\">2700K - 3000K - 4000K - 6000K<\/td>\n<\/tr>\n<tr class=\"odd\">\n<td valign=\"middle\" width=\"32\"><\/td>\n<td valign=\"middle\">CRI - Colour Rendering Index:<\/td>\n<td valign=\"middle\">80<\/td>\n<\/tr>\n<tr class=\"even\">\n<td valign=\"middle\" width=\"32\"><\/td>\n<td valign=\"middle\">Material de constru\u00e7\u00e3o:<\/td>\n<td valign=\"middle\">Alum\u00ednio +PC<\/td>\n<\/tr>\n<tr class=\"odd\">\n<td valign=\"middle\" width=\"32\"><\/td>\n<td valign=\"middle\">Luminosidade-Lm:<\/td>\n<td valign=\"middle\">1M:1500\u00d72 Lm\/2M: 3000 Lmx2 - Fita LED<\/td>\n<\/tr>\n<tr class=\"even\">\n<td valign=\"middle\" width=\"32\"><\/td>\n<td valign=\"middle\">Tipo de LEDs:<\/td>\n<td valign=\"middle\">SMD2835 - 140 LEDs\/M PCB12mm<\/td>\n<\/tr>\n<tr class=\"odd\">\n<td valign=\"middle\" width=\"32\"><\/td>\n<td valign=\"middle\">\u00c2ngulo de abertura (\u00ba):<\/td>\n<td valign=\"middle\">120\u00ba<\/td>\n<\/tr>\n<tr class=\"even\">\n<td valign=\"middle\" width=\"32\"><\/td>\n<td valign=\"middle\">Efici\u00eancia dos d\u00edodos LED (Lm\/W):<\/td>\n<td valign=\"middle\">160 Lm\/w<\/td>\n<\/tr>\n<tr class=\"odd\">\n<td valign=\"middle\" width=\"32\"><\/td>\n<td valign=\"middle\">Efic\u00e1cia luminosa (Lm\/W):<\/td>\n<td valign=\"middle\">110 Lm\/W<\/td>\n<\/tr>\n<tr class=\"even\">\n<td valign=\"middle\" width=\"32\"><\/td>\n<td valign=\"middle\">Dimit\u00e1vel:<\/td>\n<td valign=\"middle\">TRIAC 40%-100%<\/td>\n<\/tr>\n<\/tbody>\n<\/table>\n<\/div><div class=\"col-xs-12 col-md-6 2\">\n<table class=\"table table-data-sheet 2\">\n<tbody>\n<tr class=\"odd\">\n<td valign=\"middle\" width=\"32\"><\/td>\n<td valign=\"middle\">Certificados:<\/td>\n<td valign=\"middle\">CE - ROHS<\/td>\n<\/tr>\n<tr class=\"even\">\n<td valign=\"middle\" width=\"32\"><\/td>\n<td valign=\"middle\">Classifica\u00e7\u00e3o IP:<\/td>\n<td valign=\"middle\">IP54<\/td>\n<\/tr>\n<tr class=\"odd\">\n<td valign=\"middle\" width=\"32\"><\/td>\n<td valign=\"middle\">D\u00edodo LED de vida estimada (H):<\/td>\n<td valign=\"middle\">40.000<\/td>\n<\/tr>\n<tr class=\"even\">\n<td valign=\"middle\" width=\"32\"><\/td>\n<td valign=\"middle\">Dimens\u00f5es (mm):<\/td>\n<td valign=\"middle\">L: 0,44m - 0,94m - 1,44m - 1,94m<\/td>\n<\/tr>\n<tr class=\"odd\">\n<td valign=\"middle\" width=\"32\"><\/td>\n<td valign=\"middle\">Factor de pot\u00eancia (PF):<\/td>\n<td valign=\"middle\">0,91<\/td>\n<\/tr>\n<tr class=\"even\">\n<td valign=\"middle\" width=\"32\"><\/td>\n<td valign=\"middle\">Frequ\u00eancia de trabalho (Hz):<\/td>\n<td valign=\"middle\">50\/60Hz<\/td>\n<\/tr>\n<tr class=\"odd\">\n<td valign=\"middle\" width=\"32\"><\/td>\n<td valign=\"middle\">Gama de temperaturas (\u00baC):<\/td>\n<td valign=\"middle\">-20\u00b0C ~ +55\u00b0C<\/td>\n<\/tr>\n<tr class=\"even\">\n<td valign=\"middle\" width=\"32\"><\/td>\n<td valign=\"middle\">Ciclos de Igni\u00e7\u00e3o:<\/td>\n<td valign=\"middle\">100.000<\/td>\n<\/tr>\n<tr class=\"odd\">\n<td valign=\"middle\" width=\"32\"><\/td>\n<td valign=\"middle\">Tempo de arranque (s):<\/td>\n<td valign=\"middle\">0,2s<\/td>\n<\/tr>\n<tr class=\"odd\">\n<td valign=\"middle\" width=\"32\"><\/td>\n<td valign=\"middle\">Classe energ\u00e9tica (2021-EU-2019\/2015):<\/td>\n<td valign=\"middle\">A+<\/td>\n<\/tr>\n<tr class=\"even\">\n<td valign=\"middle\" width=\"32\"><\/td>\n<td valign=\"middle\">Anos de garantia:<\/td>\n<td valign=\"middle\">5<\/td>\n<\/tr>\n<\/tbody>\n<\/table>\n<p>&nbsp;<\/p>\n<\/div><\/h1>","protected":false},"excerpt":{"rendered":"<div class=\"product-info-line\">\n<p id=\"product_reference\"><label>REFERENCIA: SLA-09055-N-230-4K-044<br>\n<\/label><\/p>\n<p>O nosso&nbsp;<strong>Lumin\u00e1ria profissional<\/strong>&nbsp;linear<strong>&nbsp;<\/strong>&nbsp;<strong>- OULU PRETO<\/strong>&nbsp;<strong>-<\/strong>&nbsp;foi concebido para uma utiliza\u00e7\u00e3o intensiva 24 horas ininterruptas. O nosso&nbsp;<strong>aplicar&nbsp;<\/strong>para<strong>&nbsp;parede<\/strong>&nbsp;\u00e9 feito \u00e0 m\u00e3o na Europa - n\u00e3o s\u00e3o permitidos retornos por ser um produto feito \u00e0 medida.  Alum\u00ednio puro 98%, a fonte de luz&nbsp;<strong>IP54<\/strong>&nbsp;fornece 2 x 1.500 l\u00famens por metro - 140 leds\/metro SMD 2835 ? Reduz\u00edvel por TRIAC.  Garantia de 5 anos.<\/p><p>O nosso difusor \u00e9 branco opalino.<\/p><p>O tempo de produ\u00e7\u00e3o \u00e9 de 5 a 7 dias \u00fateis.<strong>&nbsp;<\/strong>(Segunda a sexta-feira).<\/p><p>REFERENCIA: SLA-09054-B-230-3K-044-B<\/p><p>O nosso&nbsp;<strong>Lumin\u00e1ria profissional<\/strong>&nbsp;linear<strong>&nbsp;<\/strong>&nbsp;<strong>?  OULU&nbsp;<\/strong><strong>Branco<\/strong>&nbsp;<strong>?<\/strong>&nbsp;foi concebido para uma utiliza\u00e7\u00e3o intensiva 24 horas ininterruptas. O nosso&nbsp;<strong>aplicar&nbsp;<\/strong>para<strong>&nbsp;parede<\/strong>&nbsp;\u00e9 feito \u00e0 m\u00e3o na Europa - n\u00e3o s\u00e3o permitidos retornos por ser um produto feito \u00e0 medida.  Alum\u00ednio puro 98%, a fonte de luz&nbsp;<strong>IP54<\/strong>&nbsp;fornece 2 x 1.500 l\u00famens por metro ? 140 leds\/metro SMD 2835 ? Regul\u00e1vel por TRIAC.  5 anos de garantia.<\/p><p>O nosso difusor \u00e9 branco opalino.<\/p><p>O tempo de produ\u00e7\u00e3o \u00e9 de 5 a 7 dias \u00fateis.<strong>&nbsp;<\/strong>(Segunda a sexta-feira).<\/p><p><strong>TEMPERATURA DE COR: 2700K\/3000K\/44500K\/6500K<\/strong><\/p><div class=\"col-md-12\"><i class=\"fa fa-truck\"><\/i>&nbsp;<span class=\"text-muted textprop\">Entrega em 24\/48 horas<\/span><\/div><div class=\"col-md-12\"><i class=\"fa fa-exchange\"><\/i>&nbsp;<span class=\"text-muted textprop\">Garantia do segurado<\/span><\/div><div class=\"col-md-12\"><i class=\"fa fa-box\"><\/i>&nbsp;<span class=\"text-muted textprop\">20 unidade(s) por Masterbox<\/span><\/div><\/div>","protected":false},"featured_media":9602,"template":"","meta":{"site-sidebar-layout":"default","site-content-layout":"default","ast-global-header-display":"","ast-main-header-display":"","ast-hfb-above-header-display":"","ast-hfb-below-header-display":"","ast-hfb-mobile-header-display":"","site-post-title":"","ast-breadcrumbs-content":"","ast-featured-img":"","footer-sml-layout":"","theme-transparent-header-meta":"default","adv-header-id-meta":"","stick-header-meta":"","header-above-stick-meta":"","header-main-stick-meta":"","header-below-stick-meta":""},"product_cat":[64,36],"product_tag":[],"class_list":["post-9589","product","type-product","status-publish","has-post-thumbnail","hentry","product_cat-apliques-led","product_cat-apliques-led-y-decoracion"],"_links":{"self":[{"href":"https:\/\/starlediluminacion.com\/pt\/wp-json\/wp\/v3\/product\/9589","targetHints":{"allow":["GET"]}}],"collection":[{"href":"https:\/\/starlediluminacion.com\/pt\/wp-json\/wp\/v3\/product"}],"about":[{"href":"https:\/\/starlediluminacion.com\/pt\/wp-json\/wp\/v2\/types\/product"}],"wp:featuredmedia":[{"embeddable":true,"href":"https:\/\/starlediluminacion.com\/pt\/wp-json\/wp\/v2\/media\/9602"}],"wp:attachment":[{"href":"https:\/\/starlediluminacion.com\/pt\/wp-json\/wp\/v2\/media?parent=9589"}],"wp:term":[{"taxonomy":"product_cat","embeddable":true,"href":"https:\/\/starlediluminacion.com\/pt\/wp-json\/wp\/v2\/product_cat?post=9589"},{"taxonomy":"product_tag","embeddable":true,"href":"https:\/\/starlediluminacion.com\/pt\/wp-json\/wp\/v2\/product_tag?post=9589"}],"curies":[{"name":"wp","href":"https:\/\/api.w.org\/{rel}","templated":true}]}}