{"id":9409,"date":"2023-04-23T14:52:27","date_gmt":"2023-04-23T14:52:27","guid":{"rendered":"https:\/\/starlediluminacion.com\/?post_type=product&#038;p=9409"},"modified":"2023-07-27T13:00:30","modified_gmt":"2023-07-27T13:00:30","slug":"neon-led-flexible-24v-10w-m-bobina-50m-6x12mm-6000k","status":"publish","type":"product","link":"https:\/\/starlediluminacion.com\/pt\/product\/neon-led-flexible-24v-10w-m-bobina-50m-6x12mm-6000k\/","title":{"rendered":"<p>N\u00e9on LED flex\u00edvel 24V -10W\/m - Bobina 50m - 6x12mm - 6000K<\/p>"},"content":{"rendered":"<h4>SAIBA MAIS<div class=\"rte\">\n<h1>N\u00e9on LED flex\u00edvel 24V -10W\/m - Bobina 50m - 6x12mm - 6000K<\/h1>\n<p>O&nbsp;<strong>N\u00e9on LED flex\u00edvel 24V<\/strong>&nbsp;\u00e9 uma op\u00e7\u00e3o moderna e eficiente para a ilumina\u00e7\u00e3o interior e exterior, oferecendo uma qualidade de luz superior e uma vasta gama de possibilidades de design. Este produto \u00e9 apresentado numa bobina de&nbsp;<strong>50 metros<\/strong>&nbsp;de comprimento, com um di\u00e2metro de<strong>&nbsp;6x12mm<\/strong>&nbsp;e uma densidade de 120 d\u00edodos SMD2835 por metro.<\/p>\n<p>Uma das carater\u00edsticas mais not\u00e1veis do n\u00e9on LED flex\u00edvel de 24V \u00e9 a sua capacidade de corte, o que significa que pode ser utilizado numa vasta gama de aplica\u00e7\u00f5es.&nbsp;<strong>corte de 1 em 1 cm<\/strong>&nbsp;sem danificar a integridade da bobina. Isto permite uma personaliza\u00e7\u00e3o completa da ilumina\u00e7\u00e3o e facilidade de instala\u00e7\u00e3o. Al\u00e9m disso, a flexibilidade deste produto permite uma grande variedade de formas e desenhos para se adequar a qualquer projeto.<\/p>\n<p>O&nbsp;<strong>ilumina\u00e7\u00e3o<\/strong>&nbsp;O LED \u00e9 altamente&nbsp;<strong>eficaz e duradouro<\/strong>e este n\u00e9on LED flex\u00edvel de 24V.  Com um consumo de energia de apenas 10 watts por metro, \u00e9 uma escolha econ\u00f3mica e sustent\u00e1vel para quem procura uma solu\u00e7\u00e3o de ilumina\u00e7\u00e3o de alta qualidade e energeticamente eficiente. Al\u00e9m disso, a vida \u00fatil deste produto \u00e9 longa, o que significa que pode ser utilizado durante muito tempo sem necessidade de substitui\u00e7\u00e3o.<\/p>\n<p>Outra vantagem do n\u00e9on LED flex\u00edvel de 24V \u00e9 a sua&nbsp;<strong>resist\u00eancia<\/strong>&nbsp;ao ar livre e no&nbsp;<strong>\u00e1gua<\/strong>o que o torna ideal para a sua&nbsp;<strong>utiliza\u00e7\u00e3o<\/strong>&nbsp;tanto no interior como no exterior&nbsp;<strong>ao ar livre<\/strong>. Este produto resiste a condi\u00e7\u00f5es climat\u00e9ricas extremas, como a chuva, a neve e o sol, o que o torna uma excelente escolha para a ilumina\u00e7\u00e3o de fachadas, jardins, p\u00e1tios e outros espa\u00e7os exteriores. Para utiliza\u00e7\u00e3o no exterior, \u00e9 necess\u00e1rio aplicar cola de silicone, que pode encontrar no nosso s\u00edtio Web.<\/p>\n<p>A flexibilidade deste produto permite a sua instala\u00e7\u00e3o em qualquer lugar, desde paredes a tectos e colunas.<\/p>\n<p>O silicone utilizado nas nossas tiras de n\u00e9on LED \u00e9 silicone de encapsulamento. O silicone de encapsulamento utilizado nas tiras de LED foi concebido para suportar os raios UV, as temperaturas elevadas e as condi\u00e7\u00f5es climat\u00e9ricas adversas que podem afetar negativamente o desempenho das tiras de LED.<\/p>\n<p>O&nbsp;<strong>Fitas LED de n\u00e9on de 24V<\/strong>&nbsp;As fitas LED s\u00e3o alimentadas por uma fonte de alimenta\u00e7\u00e3o que converte a corrente da rede el\u00e9ctrica (85\/265V) numa corrente de 24V DC, que \u00e9 utilizada para alimentar as fitas LED. \u00c9 importante certificar-se de que o transformador ou a fonte de alimenta\u00e7\u00e3o tem capacidade suficiente para alimentar o n\u00famero de metros de fita LED que pretende utilizar, uma vez que uma pot\u00eancia insuficiente do transformador pode causar o mau funcionamento do n\u00e9on LED e danificar a vida \u00fatil do n\u00e9on LED.<\/p>\n<p>Por exemplo, se tiver uma fita LED Neon de 24V, 10W\/m, que consome 10 watts por metro, pode calcular a carga total da instala\u00e7\u00e3o multiplicando os metros de fita LED que pretende instalar pelos watts por metro (10W\/m). Assim, se pretender instalar 20 metros de fita LED, a carga total ser\u00e1 de 200 watts. Por conseguinte, deve escolher uma fonte de alimenta\u00e7\u00e3o ou transformador que possa suportar uma carga m\u00ednima de 200 watts. \u00c9 importante certificar-se de que a fonte de alimenta\u00e7\u00e3o ou o transformador tem capacidade suficiente para suportar a carga da instala\u00e7\u00e3o, caso contr\u00e1rio pode provocar falhas ou mesmo danificar as tiras LED.<\/p>\n<p>Em suma, o n\u00e9on LED flex\u00edvel de 24V \u00e9 uma solu\u00e7\u00e3o de ilumina\u00e7\u00e3o moderna, eficiente e duradoura que oferece uma vasta gama de possibilidades de design e personaliza\u00e7\u00e3o. Com a sua capacidade de corte, flexibilidade, resist\u00eancia \u00e0s intemp\u00e9ries e \u00e0 \u00e1gua e facilidade de instala\u00e7\u00e3o, este produto \u00e9 ideal para qualquer projeto de ilumina\u00e7\u00e3o interior ou exterior. Para al\u00e9m disso, a sua&nbsp;<strong>baixo consumo de energia<\/strong>&nbsp;e a sua longa dura\u00e7\u00e3o fazem dela uma escolha sustent\u00e1vel e econ\u00f3mica para quem procura uma solu\u00e7\u00e3o de ilumina\u00e7\u00e3o de alta qualidade.<\/p>\n<p>&nbsp;<\/p>\n<h2>Alguns dos locais mais comuns onde o nosso n\u00e9on LED 24V pode ser montado incluem<\/h2>\n<h2><\/h2>\n<ul>\n<li>Sinaliza\u00e7\u00e3o comercial exterior: O n\u00e9on LED \u00e9 utilizado para criar sinais de n\u00e9on personalizados para sinaliza\u00e7\u00e3o exterior de empresas como lojas, restaurantes e bares.<\/li>\n<li>Decora\u00e7\u00e3o de interiores: o n\u00e9on LED \u00e9 perfeito para criar efeitos de ilumina\u00e7\u00e3o decorativa em interiores, como em discotecas, bares e casas.<\/li>\n<li>Ilumina\u00e7\u00e3o arquitet\u00f3nica: O n\u00e9on LED \u00e9 utilizado na ilumina\u00e7\u00e3o arquitet\u00f3nica para criar efeitos de ilumina\u00e7\u00e3o \u00fanicos em edif\u00edcios e estruturas.<\/li>\n<li>Publicidade: O n\u00e9on LED \u00e9 utilizado na publicidade para criar sinaliza\u00e7\u00e3o apelativa e atractiva em espa\u00e7os publicit\u00e1rios, como pain\u00e9is e cartazes.<\/li>\n<\/ul>\n<h3 class=\"page-product-heading\">DADOS T\u00c9CNICOS<\/h3>\n<div class=\"col-xs-12 col-md-6\">\n<table class=\"table table-data-sheet 1\">\n<tbody>\n<tr class=\"odd\">\n<td valign=\"middle\" width=\"32\"><\/td>\n<td valign=\"middle\">REFER\u00caNCIA :<\/td>\n<td valign=\"middle\">SLLD10-6000K<\/td>\n<\/tr>\n<tr class=\"even\">\n<td valign=\"middle\" width=\"32\"><\/td>\n<td valign=\"middle\">Pot\u00eancia nominal :<\/td>\n<td valign=\"middle\">10W<\/td>\n<\/tr>\n<tr class=\"odd\">\n<td valign=\"middle\" width=\"32\"><\/td>\n<td valign=\"middle\">Tens\u00e3o Nominal:<\/td>\n<td valign=\"middle\">24V DC<\/td>\n<\/tr>\n<tr class=\"even\">\n<td valign=\"middle\" width=\"32\"><\/td>\n<td valign=\"middle\">CRI - Colour Rendering Index:<\/td>\n<td valign=\"middle\">80<\/td>\n<\/tr>\n<tr class=\"odd\">\n<td valign=\"middle\" width=\"32\"><\/td>\n<td valign=\"middle\">Material de constru\u00e7\u00e3o:<\/td>\n<td valign=\"middle\">Silicone<\/td>\n<\/tr>\n<tr class=\"even\">\n<td valign=\"middle\" width=\"32\"><\/td>\n<td valign=\"middle\">Luminosidade-Lm:<\/td>\n<td valign=\"middle\">900<\/td>\n<\/tr>\n<tr class=\"odd\">\n<td valign=\"middle\" width=\"32\"><\/td>\n<td valign=\"middle\">Tipo de LEDs:<\/td>\n<td valign=\"middle\">SMD 2835<\/td>\n<\/tr>\n<tr class=\"even\">\n<td valign=\"middle\" width=\"32\"><\/td>\n<td valign=\"middle\">\u00c2ngulo de abertura (\u00ba):<\/td>\n<td valign=\"middle\">150\u00ba<\/td>\n<\/tr>\n<tr class=\"odd\">\n<td valign=\"middle\" width=\"32\"><\/td>\n<td valign=\"middle\">Efici\u00eancia dos d\u00edodos LED (Lm\/W):<\/td>\n<td valign=\"middle\">120Lm\/W<\/td>\n<\/tr>\n<tr class=\"even\">\n<td valign=\"middle\" width=\"32\"><\/td>\n<td valign=\"middle\">Efic\u00e1cia luminosa (Lm\/W):<\/td>\n<td valign=\"middle\">90 Lm\/W<\/td>\n<\/tr>\n<\/tbody>\n<\/table>\n<\/div>\n<div class=\"col-xs-12 col-md-6 2\">\n<table class=\"table table-data-sheet 2\">\n<tbody>\n<tr class=\"odd\">\n<td valign=\"middle\" width=\"32\"><\/td>\n<td valign=\"middle\">Dimit\u00e1vel:<\/td>\n<td valign=\"middle\">SIM<\/td>\n<\/tr>\n<tr class=\"even\">\n<td valign=\"middle\" width=\"32\"><\/td>\n<td valign=\"middle\">Certificados:<\/td>\n<td valign=\"middle\">CE - ROHS<\/td>\n<\/tr>\n<tr class=\"odd\">\n<td valign=\"middle\" width=\"32\"><\/td>\n<td valign=\"middle\">Classifica\u00e7\u00e3o IP:<\/td>\n<td valign=\"middle\">IP65-Outdoor<\/td>\n<\/tr>\n<tr class=\"even\">\n<td valign=\"middle\" width=\"32\"><\/td>\n<td valign=\"middle\">D\u00edodo LED de vida estimada (H):<\/td>\n<td valign=\"middle\">30.000<\/td>\n<\/tr>\n<tr class=\"odd\">\n<td valign=\"middle\" width=\"32\"><\/td>\n<td valign=\"middle\">Gama de temperaturas (\u00baC):<\/td>\n<td valign=\"middle\">-20\u00b0C ~ +55\u00b0C<\/td>\n<\/tr>\n<tr class=\"even\">\n<td valign=\"middle\" width=\"32\"><\/td>\n<td valign=\"middle\">Ciclos de Igni\u00e7\u00e3o:<\/td>\n<td valign=\"middle\">100.000<\/td>\n<\/tr>\n<tr class=\"odd\">\n<td valign=\"middle\" width=\"32\"><\/td>\n<td valign=\"middle\">Classe energ\u00e9tica (2021-EU-2019\/2015):<\/td>\n<td valign=\"middle\">A+<\/td>\n<\/tr>\n<tr class=\"even\">\n<td valign=\"middle\" width=\"32\"><\/td>\n<td valign=\"middle\">Classe energ\u00e9tica (2023 - EU-2019\/2015):<\/td>\n<td valign=\"middle\">F<\/td>\n<\/tr>\n<tr class=\"odd\">\n<td valign=\"middle\" width=\"32\"><\/td>\n<td valign=\"middle\">Anos de garantia:<\/td>\n<td valign=\"middle\">3<\/td>\n<\/tr>\n<\/tbody>\n<\/table>\n<p>&nbsp;<\/p>\n<\/div>\n<\/div><\/h4>","protected":false},"excerpt":{"rendered":"<div class=\"woocommerce-product-details__short-description\">\n<p><label>N\u00daMERO DE PE\u00c7A: SLLD10-6000K<\/label><\/p>\n<p><strong>PRODUTO DE ROTULAGEM ESPECIAL<\/strong>. Bobina de 50 METROS .&nbsp;<strong>Permite cortar o n\u00e9on LED 24V a cada 1cm.<\/strong>&nbsp;O nosso n\u00e9on LED tem 120 d\u00edodos SMD 2835\/metro.  Este produto \u00e9 muito flex\u00edvel e pode ser dobrado em diferentes formas.<\/p>\n<p><strong>TEMPERATURA DA COR:<\/strong><\/p>\n<p><strong>LARANJA\/ AZUL\/ ROSA\/ VERDE\/ AMARELO\/ AZUL CLARO\/ ROXO\/ VERMELHO\/ 3000K\/ 6000K<\/strong><\/p>\n<div class=\"col-md-12\"><i class=\"fa fa-truck\"><\/i>&nbsp;<span class=\"text-muted textprop\">Entrega em 24\/48 horas<\/span><\/div>\n<div class=\"col-md-12\"><i class=\"fa fa-exchange\"><\/i>&nbsp;<span class=\"text-muted textprop\">Garantia do segurado<\/span><\/div>\n<div class=\"col-md-12\"><i class=\"fa fa-box\"><\/i>&nbsp;<span class=\"text-muted textprop\">1 unidade(s) por Masterbox<\/span><\/div>\n<div><\/div>\n<\/div>","protected":false},"featured_media":9410,"template":"","meta":{"site-sidebar-layout":"default","site-content-layout":"default","ast-global-header-display":"","ast-main-header-display":"","ast-hfb-above-header-display":"","ast-hfb-below-header-display":"","ast-hfb-mobile-header-display":"","site-post-title":"","ast-breadcrumbs-content":"","ast-featured-img":"","footer-sml-layout":"","theme-transparent-header-meta":"default","adv-header-id-meta":"","stick-header-meta":"","header-above-stick-meta":"","header-main-stick-meta":"","header-below-stick-meta":""},"product_cat":[108,45],"product_tag":[],"class_list":["post-9409","product","type-product","status-publish","has-post-thumbnail","hentry","product_cat-neon-led-flexible-24v","product_cat-tiras-led-y-neon-flexible"],"yoast_head":"<!-- This site is optimized with the Yoast SEO plugin v27.4 - https:\/\/yoast.com\/product\/yoast-seo-wordpress\/ -->\n<title>Ne\u00f3n LED Flexible 24V -10W\/m - Bobina 50m - 6x12mm - 6000K - STARLED Iluminacion<\/title>\n<meta name=\"robots\" content=\"index, follow, max-snippet:-1, max-image-preview:large, max-video-preview:-1\" \/>\n<link rel=\"canonical\" href=\"https:\/\/starlediluminacion.com\/pt\/product\/neon-led-flexible-24v-10w-m-bobina-50m-6x12mm-6000k\/\" \/>\n<meta property=\"og:locale\" content=\"pt_PT\" \/>\n<meta property=\"og:type\" content=\"article\" \/>\n<meta property=\"og:title\" content=\"Ne\u00f3n LED Flexible 24V -10W\/m - Bobina 50m - 6x12mm - 6000K - STARLED Iluminacion\" \/>\n<meta property=\"og:description\" content=\"REFERENCIA: SLLD10-6000K  PRODUCTO ESPECIAL ROTULACION. Bobina de 50 METROS .\u00a0Permite cortar el\u00a0Ne\u00f3n LED\u00a024V\u00a0cada 1cm.\u00a0Nuestro Ne\u00f3n LED tiene 120\u00a0diodos SMD 2835\/metro.\u00a0 Este producto es de gran flexibilidad lo que permite doblarse y dar distintas formas.  TEMPERATURA DE COLOR:  NARANJA\/ AZUL\/ ROSA\/ VERDE\/ AMARILLO\/ CELESTE\/ MORADO\/ ROJO\/ 3000K\/ 6000K \u00a0Entrega en 24\/48 horas \u00a0Garant\u00eda asegurada \u00a01 unidad(es) por Masterbox\" \/>\n<meta property=\"og:url\" content=\"https:\/\/starlediluminacion.com\/pt\/product\/neon-led-flexible-24v-10w-m-bobina-50m-6x12mm-6000k\/\" \/>\n<meta property=\"og:site_name\" content=\"STARLED Iluminacion\" \/>\n<meta property=\"article:modified_time\" content=\"2023-07-27T13:00:30+00:00\" \/>\n<meta property=\"og:image\" content=\"https:\/\/starlediluminacion.com\/wp-content\/uploads\/2023\/04\/neon-led-flexible-24v-10wm-bobina-50m-6x12mm-3000k-factorled-13.jpg\" \/>\n\t<meta property=\"og:image:width\" content=\"1000\" \/>\n\t<meta property=\"og:image:height\" content=\"1000\" \/>\n\t<meta property=\"og:image:type\" content=\"image\/jpeg\" \/>\n<meta name=\"twitter:card\" content=\"summary_large_image\" \/>\n<meta name=\"twitter:label1\" content=\"Tempo estimado de leitura\" \/>\n\t<meta name=\"twitter:data1\" content=\"5 minutos\" \/>\n<script type=\"application\/ld+json\" class=\"yoast-schema-graph\">{\"@context\":\"https:\\\/\\\/schema.org\",\"@graph\":[{\"@type\":\"WebPage\",\"@id\":\"https:\\\/\\\/starlediluminacion.com\\\/pt\\\/product\\\/neon-led-flexible-24v-10w-m-bobina-50m-6x12mm-6000k\\\/\",\"url\":\"https:\\\/\\\/starlediluminacion.com\\\/pt\\\/product\\\/neon-led-flexible-24v-10w-m-bobina-50m-6x12mm-6000k\\\/\",\"name\":\"Ne\u00f3n LED Flexible 24V -10W\\\/m - Bobina 50m - 6x12mm - 6000K - STARLED Iluminacion\",\"isPartOf\":{\"@id\":\"https:\\\/\\\/starlediluminacion.com\\\/#website\"},\"primaryImageOfPage\":{\"@id\":\"https:\\\/\\\/starlediluminacion.com\\\/pt\\\/product\\\/neon-led-flexible-24v-10w-m-bobina-50m-6x12mm-6000k\\\/#primaryimage\"},\"image\":{\"@id\":\"https:\\\/\\\/starlediluminacion.com\\\/pt\\\/product\\\/neon-led-flexible-24v-10w-m-bobina-50m-6x12mm-6000k\\\/#primaryimage\"},\"thumbnailUrl\":\"https:\\\/\\\/starlediluminacion.com\\\/wp-content\\\/uploads\\\/2023\\\/04\\\/neon-led-flexible-24v-10wm-bobina-50m-6x12mm-3000k-factorled-13.jpg\",\"datePublished\":\"2023-04-23T14:52:27+00:00\",\"dateModified\":\"2023-07-27T13:00:30+00:00\",\"breadcrumb\":{\"@id\":\"https:\\\/\\\/starlediluminacion.com\\\/pt\\\/product\\\/neon-led-flexible-24v-10w-m-bobina-50m-6x12mm-6000k\\\/#breadcrumb\"},\"inLanguage\":\"pt-PT\",\"potentialAction\":[{\"@type\":\"ReadAction\",\"target\":[\"https:\\\/\\\/starlediluminacion.com\\\/pt\\\/product\\\/neon-led-flexible-24v-10w-m-bobina-50m-6x12mm-6000k\\\/\"]}]},{\"@type\":\"ImageObject\",\"inLanguage\":\"pt-PT\",\"@id\":\"https:\\\/\\\/starlediluminacion.com\\\/pt\\\/product\\\/neon-led-flexible-24v-10w-m-bobina-50m-6x12mm-6000k\\\/#primaryimage\",\"url\":\"https:\\\/\\\/starlediluminacion.com\\\/wp-content\\\/uploads\\\/2023\\\/04\\\/neon-led-flexible-24v-10wm-bobina-50m-6x12mm-3000k-factorled-13.jpg\",\"contentUrl\":\"https:\\\/\\\/starlediluminacion.com\\\/wp-content\\\/uploads\\\/2023\\\/04\\\/neon-led-flexible-24v-10wm-bobina-50m-6x12mm-3000k-factorled-13.jpg\",\"width\":1000,\"height\":1000},{\"@type\":\"BreadcrumbList\",\"@id\":\"https:\\\/\\\/starlediluminacion.com\\\/pt\\\/product\\\/neon-led-flexible-24v-10w-m-bobina-50m-6x12mm-6000k\\\/#breadcrumb\",\"itemListElement\":[{\"@type\":\"ListItem\",\"position\":1,\"name\":\"Portada\",\"item\":\"https:\\\/\\\/starlediluminacion.com\\\/\"},{\"@type\":\"ListItem\",\"position\":2,\"name\":\"Shop\",\"item\":\"https:\\\/\\\/starlediluminacion.com\\\/shop-2\\\/\"},{\"@type\":\"ListItem\",\"position\":3,\"name\":\"Ne\u00f3n LED Flexible 24V -10W\\\/m &#8211; Bobina 50m &#8211; 6x12mm &#8211; 6000K\"}]},{\"@type\":\"WebSite\",\"@id\":\"https:\\\/\\\/starlediluminacion.com\\\/#website\",\"url\":\"https:\\\/\\\/starlediluminacion.com\\\/\",\"name\":\"STARLED Iluminacion\",\"description\":\"\",\"potentialAction\":[{\"@type\":\"SearchAction\",\"target\":{\"@type\":\"EntryPoint\",\"urlTemplate\":\"https:\\\/\\\/starlediluminacion.com\\\/?s={search_term_string}\"},\"query-input\":{\"@type\":\"PropertyValueSpecification\",\"valueRequired\":true,\"valueName\":\"search_term_string\"}}],\"inLanguage\":\"pt-PT\"}]}<\/script>\n<!-- \/ Yoast SEO plugin. -->","yoast_head_json":{"title":"Ne\u00f3n LED Flexible 24V -10W\/m - Bobina 50m - 6x12mm - 6000K - STARLED Iluminacion","robots":{"index":"index","follow":"follow","max-snippet":"max-snippet:-1","max-image-preview":"max-image-preview:large","max-video-preview":"max-video-preview:-1"},"canonical":"https:\/\/starlediluminacion.com\/pt\/product\/neon-led-flexible-24v-10w-m-bobina-50m-6x12mm-6000k\/","og_locale":"pt_PT","og_type":"article","og_title":"Ne\u00f3n LED Flexible 24V -10W\/m - Bobina 50m - 6x12mm - 6000K - STARLED Iluminacion","og_description":"REFERENCIA: SLLD10-6000K  PRODUCTO ESPECIAL ROTULACION. Bobina de 50 METROS .\u00a0Permite cortar el\u00a0Ne\u00f3n LED\u00a024V\u00a0cada 1cm.\u00a0Nuestro Ne\u00f3n LED tiene 120\u00a0diodos SMD 2835\/metro.\u00a0 Este producto es de gran flexibilidad lo que permite doblarse y dar distintas formas.  TEMPERATURA DE COLOR:  NARANJA\/ AZUL\/ ROSA\/ VERDE\/ AMARILLO\/ CELESTE\/ MORADO\/ ROJO\/ 3000K\/ 6000K \u00a0Entrega en 24\/48 horas \u00a0Garant\u00eda asegurada \u00a01 unidad(es) por Masterbox","og_url":"https:\/\/starlediluminacion.com\/pt\/product\/neon-led-flexible-24v-10w-m-bobina-50m-6x12mm-6000k\/","og_site_name":"STARLED Iluminacion","article_modified_time":"2023-07-27T13:00:30+00:00","og_image":[{"width":1000,"height":1000,"url":"https:\/\/starlediluminacion.com\/wp-content\/uploads\/2023\/04\/neon-led-flexible-24v-10wm-bobina-50m-6x12mm-3000k-factorled-13.jpg","type":"image\/jpeg"}],"twitter_card":"summary_large_image","twitter_misc":{"Tempo estimado de leitura":"5 minutos"},"schema":{"@context":"https:\/\/schema.org","@graph":[{"@type":"WebPage","@id":"https:\/\/starlediluminacion.com\/pt\/product\/neon-led-flexible-24v-10w-m-bobina-50m-6x12mm-6000k\/","url":"https:\/\/starlediluminacion.com\/pt\/product\/neon-led-flexible-24v-10w-m-bobina-50m-6x12mm-6000k\/","name":"Ne\u00f3n LED Flexible 24V -10W\/m - Bobina 50m - 6x12mm - 6000K - STARLED Iluminacion","isPartOf":{"@id":"https:\/\/starlediluminacion.com\/#website"},"primaryImageOfPage":{"@id":"https:\/\/starlediluminacion.com\/pt\/product\/neon-led-flexible-24v-10w-m-bobina-50m-6x12mm-6000k\/#primaryimage"},"image":{"@id":"https:\/\/starlediluminacion.com\/pt\/product\/neon-led-flexible-24v-10w-m-bobina-50m-6x12mm-6000k\/#primaryimage"},"thumbnailUrl":"https:\/\/starlediluminacion.com\/wp-content\/uploads\/2023\/04\/neon-led-flexible-24v-10wm-bobina-50m-6x12mm-3000k-factorled-13.jpg","datePublished":"2023-04-23T14:52:27+00:00","dateModified":"2023-07-27T13:00:30+00:00","breadcrumb":{"@id":"https:\/\/starlediluminacion.com\/pt\/product\/neon-led-flexible-24v-10w-m-bobina-50m-6x12mm-6000k\/#breadcrumb"},"inLanguage":"pt-PT","potentialAction":[{"@type":"ReadAction","target":["https:\/\/starlediluminacion.com\/pt\/product\/neon-led-flexible-24v-10w-m-bobina-50m-6x12mm-6000k\/"]}]},{"@type":"ImageObject","inLanguage":"pt-PT","@id":"https:\/\/starlediluminacion.com\/pt\/product\/neon-led-flexible-24v-10w-m-bobina-50m-6x12mm-6000k\/#primaryimage","url":"https:\/\/starlediluminacion.com\/wp-content\/uploads\/2023\/04\/neon-led-flexible-24v-10wm-bobina-50m-6x12mm-3000k-factorled-13.jpg","contentUrl":"https:\/\/starlediluminacion.com\/wp-content\/uploads\/2023\/04\/neon-led-flexible-24v-10wm-bobina-50m-6x12mm-3000k-factorled-13.jpg","width":1000,"height":1000},{"@type":"BreadcrumbList","@id":"https:\/\/starlediluminacion.com\/pt\/product\/neon-led-flexible-24v-10w-m-bobina-50m-6x12mm-6000k\/#breadcrumb","itemListElement":[{"@type":"ListItem","position":1,"name":"Portada","item":"https:\/\/starlediluminacion.com\/"},{"@type":"ListItem","position":2,"name":"Shop","item":"https:\/\/starlediluminacion.com\/shop-2\/"},{"@type":"ListItem","position":3,"name":"Ne\u00f3n LED Flexible 24V -10W\/m &#8211; Bobina 50m &#8211; 6x12mm &#8211; 6000K"}]},{"@type":"WebSite","@id":"https:\/\/starlediluminacion.com\/#website","url":"https:\/\/starlediluminacion.com\/","name":"STARLED Iluminacion","description":"","potentialAction":[{"@type":"SearchAction","target":{"@type":"EntryPoint","urlTemplate":"https:\/\/starlediluminacion.com\/?s={search_term_string}"},"query-input":{"@type":"PropertyValueSpecification","valueRequired":true,"valueName":"search_term_string"}}],"inLanguage":"pt-PT"}]}},"_links":{"self":[{"href":"https:\/\/starlediluminacion.com\/pt\/wp-json\/wp\/v3\/product\/9409","targetHints":{"allow":["GET"]}}],"collection":[{"href":"https:\/\/starlediluminacion.com\/pt\/wp-json\/wp\/v3\/product"}],"about":[{"href":"https:\/\/starlediluminacion.com\/pt\/wp-json\/wp\/v2\/types\/product"}],"wp:featuredmedia":[{"embeddable":true,"href":"https:\/\/starlediluminacion.com\/pt\/wp-json\/wp\/v2\/media\/9410"}],"wp:attachment":[{"href":"https:\/\/starlediluminacion.com\/pt\/wp-json\/wp\/v2\/media?parent=9409"}],"wp:term":[{"taxonomy":"product_cat","embeddable":true,"href":"https:\/\/starlediluminacion.com\/pt\/wp-json\/wp\/v2\/product_cat?post=9409"},{"taxonomy":"product_tag","embeddable":true,"href":"https:\/\/starlediluminacion.com\/pt\/wp-json\/wp\/v2\/product_tag?post=9409"}],"curies":[{"name":"wp","href":"https:\/\/api.w.org\/{rel}","templated":true}]}}