{"id":9321,"date":"2023-04-23T12:28:33","date_gmt":"2023-04-23T12:28:33","guid":{"rendered":"https:\/\/starlediluminacion.com\/?post_type=product&#038;p=9321"},"modified":"2025-10-18T08:30:27","modified_gmt":"2025-10-18T08:30:27","slug":"modulo-optico-led-65w-42w-programable-philips-xitanium-essential-xi-ep-alta-luminosidad-180lm-w","status":"publish","type":"product","link":"https:\/\/starlediluminacion.com\/pt\/product\/modulo-led-otico-65w-42w-programavel-philips-xitanio-essencial-xi-ep-alta-luminosidade-180lm-w\/","title":{"rendered":"<p>m&oacute;dulo &oacute;ptico led 65w-42w &ndash; programable  xitanium essential &ndash; xi ep &ndash; alta luminosidad 180lm\/w<\/p>"},"content":{"rendered":"<h1>m&oacute;dulo &oacute;ptico led 65w programable  xitanium essential &ndash; xi ep &ndash; alta luminosidad 180lm\/w&nbsp;para iluminaci&oacute;n de calle- programable de en potencia desde los 42w&nbsp;a 65w.<p>sobre&nbsp;<strong>m&oacute;dulo bloque &oacute;ptico led de 65w<\/strong>&nbsp;As l\u00e2mpadas, que substituem as antigas l\u00e2mpadas altamente poluentes, s\u00e3o capazes de gerar um elevado n\u00edvel de ilumina\u00e7\u00e3o nas ruas gra\u00e7as ao seu poder.&nbsp;<strong>ilumina\u00e7\u00e3o p\u00fablica.&nbsp;<\/strong>a qualidade dos seus materiais torna-o um produto essencial para a produ\u00e7\u00e3o de energia limpa e duradoura.<\/p><p>nuestro m&oacute;dulo &oacute;ptico led de 65w mejora los conceptos t&iacute;picos, que abordan problemas tales como espaciamiento entre las farolas, preservaci&oacute;n del cielo nocturno evitando la contaminaci&oacute;n lum&iacute;nica y mejorando la comodidad visual.<\/p><p>su instalaci&oacute;n y montaje de nuestro m&oacute;dulo led es que se realiza de forma sencilla. nuestro m&oacute;dulo led cuenta con<strong>&nbsp;144 diodos smd 3030&nbsp;de bridgelux con 8 n&uacute;cleos,<\/strong>&nbsp;A luz \u00e9 garantida para fornecer uma ilumina\u00e7\u00e3o potente e sem brilho.<\/p><p>fabricado en aluminio puro, el m&oacute;dulo es perfecto para dar una gran resistencia por un gran periodo de tiempo, protegiendo lo contra oxidaci&oacute;n y la corrosi&oacute;n, incluso hace frente a las temperaturas extremas que se producen tanto en verano como invierno.<\/p><p>su grado de protecci&oacute;n ip66 protege al producto contra la entrada de polvo adem&aacute;s de resistir al agua, por lo que su montaje en exteriores es perfecto.<\/p><p>tem<strong>&nbsp;65w driver programable  xitanium essential &ndash; xi ep &ndash;&nbsp; que permite programar su potencia en un solo tramo desde los 42w a 65w.&nbsp;<\/strong><\/p><p>&nbsp;<\/p><p>&nbsp;<\/p><h2><strong>alta calidad del driver  xitanium xi ep 65w &ndash;&nbsp;<\/strong>programable de 42w&nbsp;a 65w:&nbsp;<strong>&nbsp;<\/strong><\/h2><p>el xitanium essential programable led driver 65w es un controlador led programable de  advance. sus&nbsp; caracter&iacute;sticas principales:<\/p><ol>\n<li>potencia de salida: el xitanium essential programable led driver ofrece una amplia gama de potencias de salida, desde&nbsp;42w&nbsp; hasta 65 w.<\/li>\n<li>programabilidad: el controlador led se puede programar f&aacute;cilmente para adaptarse a una amplia variedad de aplicaciones. los usuarios pueden personalizar la corriente de salida, el voltaje y la forma de onda de salida, as&iacute; como configurar opciones de atenuaci&oacute;n y protecci&oacute;n contra sobretensiones.<\/li>\n<li>eficiencia energ&eacute;tica: el xitanium essential programable led driver cumple con los requisitos de eficiencia energ&eacute;tica m&aacute;s estrictos, como los establecidos por energy star&reg; y el est&aacute;ndar nema ssl 7a.<\/li>\n<li>compatibilidad: el controlador led es compatible con una amplia variedad de led y sistemas de control de iluminaci&oacute;n, lo que lo hace adecuado para una amplia variedad de aplicaciones.<\/li>\n<li>protecci&oacute;n: el xitanium essential programable led driver ofrece protecci&oacute;n contra sobretensiones, sobre-corriente y cortocircuitos, lo que garantiza una operaci&oacute;n segura y confiable.<\/li>\n<li>dise&ntilde;o compacto: el controlador led tiene un dise&ntilde;o compacto y ligero, lo que facilita su instalaci&oacute;n en espacios reducidos.<\/li>\n<\/ol><p>&nbsp;<\/p><p>el driver led&nbsp; xitanium essential programable -xi ep 65w 1.3-2.0a wl i112-,&nbsp;tiene la caracter&iacute;stica clave de poder ajustar la corriente de salida con la&nbsp; herramienta e-set:<\/p><ul>\n<li>la herramienta e-set de  es una herramienta de programaci&oacute;n de software que se utiliza para programar y configurar los controladores led de . est&aacute; dise&ntilde;ada espec&iacute;ficamente para utilizarse con la l&iacute;nea de controladores led xitanium de .<\/li>\n<\/ul><ul>\n<li>la herramienta e-set se utiliza para ajustar y personalizar varios par&aacute;metros del controlador led, como la corriente de salida, el voltaje de salida, la frecuencia de conmutaci&oacute;n, la forma de onda de salida, las opciones de atenuaci&oacute;n y las opciones de protecci&oacute;n contra sobretensiones. adem&aacute;s, la herramienta permite a los usuarios guardar y cargar perfiles de configuraci&oacute;n para una r&aacute;pida y f&aacute;cil reprogramaci&oacute;n en el futuro.<\/li>\n<\/ul><ul>\n<li>la herramienta e-set se puede utilizar en combinaci&oacute;n con un cable usb para conectarse al controlador led y realizar la programaci&oacute;n. tambi&eacute;n es compatible con los controladores led programables de  que cuentan con la tecnolog&iacute;a simpleset, que permite la programaci&oacute;n sin necesidad de herramientas adicionales. en general, la herramienta e-set de  es una herramienta &uacute;til para los dise&ntilde;adores y fabricantes de luminarias led que buscan personalizar y optimizar el rendimiento de los controladores led de .<\/li>\n<li>&nbsp;e-set es una forma simple y r&aacute;pida de configurar el controlador sin necesidad de encenderlo y sin necesidad de configuraci&oacute;n de software.<\/li>\n<\/ul><h2><\/h2><h2><strong>beneficios del&nbsp;<\/strong><strong>driver  xitanium xi ep 65w &ndash;&nbsp;<\/strong>programable de 42w&nbsp;a 65w:&nbsp;<strong>&nbsp;<\/strong><\/h2><ul>\n<li>ajuste confiable y repetible de la corriente de salida, lo que ahorra costos de mano de obra y tiempo de fabricaci&oacute;n.<\/li>\n<li>f&aacute;cil de dise&ntilde;ar y reduce la cantidad de sku. (unidad de mantenimiento de stock).<\/li>\n<li>bajo costo de mantenimiento y tranquilidad en condiciones extremas.<\/li>\n<li>seguro de usar y proporciona libertad de dise&ntilde;o de luminarias.<\/li>\n<li>5 anos de garantia.<\/li>\n<\/ul><p>&nbsp;<\/p><p>&nbsp;<\/p><h2>usos del m&oacute;dulo &oacute;ptico led 65w bridgelux chip smd3030 8d para farolas<\/h2><ul>\n<li>iluminaci&oacute;n en interiores: se puede utiliza com&uacute;nmente para alimentar luminarias led en oficinas, edificios comerciales, hospitales, centros comerciales y otros espacios interiores, de hecho, este modulo se puede colocar en el interior de luminarias existentes que precisen un funcionamiento estable y seguro en el tiempo.<\/li>\n<li>iluminaci&oacute;n en exteriores: debido a su capacidad para soportar condiciones clim&aacute;ticas adversas, el modulo &oacute;ptico  xitanium tambi&eacute;n se utiliza en aplicaciones de iluminaci&oacute;n exterior, como la iluminaci&oacute;n de estacionamientos, parques y monumentos.<\/li>\n<li>iluminaci&oacute;n deportiva: este driver es ideal para aplicaciones de iluminaci&oacute;n deportiva, como campos de f&uacute;tbol, pistas de tenis y canchas de baloncesto, donde se requiere un control preciso de la intensidad de luz.<\/li>\n<li>iluminaci&oacute;n de acento: el modulo &oacute;ptico  essential 65w se puede utilizar para iluminaci&oacute;n de acento en museos, galer&iacute;as de arte y tiendas minoristas, donde se necesita un control preciso de la intensidad de luz para resaltar ciertas &aacute;reas.<\/li>\n<\/ul><h3 class=\"page-product-heading\">pormenores t\u00e9cnicos<\/h3><div class=\"col-xs-12 col-md-6\">\n<table class=\"table table-data-sheet 1\">\n<tbody>\n<tr class=\"odd\">\n<td valign=\"middle\" width=\"32\"><\/td>\n<td valign=\"middle\">refer\u00eancia :<\/td>\n<td valign=\"middle\">sllm65w-php-xiep<\/td>\n<\/tr>\n<tr class=\"even\">\n<td valign=\"middle\" width=\"32\"><\/td>\n<td valign=\"middle\">pot\u00eancia nominal :<\/td>\n<td valign=\"middle\">programmable from: 42w to 65w<\/td>\n<\/tr>\n<tr class=\"odd\">\n<td valign=\"middle\" width=\"32\"><\/td>\n<td valign=\"middle\">tens\u00e3o nominal:<\/td>\n<td valign=\"middle\">100-277v<\/td>\n<\/tr>\n<tr class=\"even\">\n<td valign=\"middle\" width=\"32\"><\/td>\n<td valign=\"middle\">temperatura da luz:<\/td>\n<td valign=\"middle\">3000k - 4000k<\/td>\n<\/tr>\n<tr class=\"odd\">\n<td valign=\"middle\" width=\"32\"><\/td>\n<td valign=\"middle\">cri - \u00edndice de reprodu\u00e7\u00e3o crom\u00e1tica:<\/td>\n<td valign=\"middle\">75<\/td>\n<\/tr>\n<tr class=\"even\">\n<td valign=\"middle\" width=\"32\"><\/td>\n<td valign=\"middle\">material de constru\u00e7\u00e3o:<\/td>\n<td valign=\"middle\">alum\u00ednio +pmma<\/td>\n<\/tr>\n<tr class=\"odd\">\n<td valign=\"middle\" width=\"32\"><\/td>\n<td valign=\"middle\">luminosidade-lm:<\/td>\n<td valign=\"middle\">11700lm<\/td>\n<\/tr>\n<tr class=\"even\">\n<td valign=\"middle\" width=\"32\"><\/td>\n<td valign=\"middle\">tipo de LEDs:<\/td>\n<td valign=\"middle\">smd 3030- 8d (8cores) bridgelux chip 2240ds-c30<\/td>\n<\/tr>\n<tr class=\"odd\">\n<td valign=\"middle\" width=\"32\"><\/td>\n<td valign=\"middle\">\u00e2ngulo de abertura (\u00ba):<\/td>\n<td valign=\"middle\">78\u00bax156\u00ba.<\/td>\n<\/tr>\n<tr class=\"even\">\n<td valign=\"middle\" width=\"32\"><\/td>\n<td valign=\"middle\">efici\u00eancia do d\u00edodo LED (lm\/w):<\/td>\n<td valign=\"middle\">210lm\/w<\/td>\n<\/tr>\n<tr class=\"odd\">\n<td valign=\"middle\" width=\"32\"><\/td>\n<td valign=\"middle\">efic\u00e1cia luminosa (lm\/w):<\/td>\n<td valign=\"middle\">180lm\/w<\/td>\n<\/tr>\n<tr class=\"even\">\n<td valign=\"middle\" width=\"32\"><\/td>\n<td valign=\"middle\">certificados:<\/td>\n<td valign=\"middle\">ce - rohs<\/td>\n<\/tr>\n<tr class=\"odd\">\n<td valign=\"middle\" width=\"32\"><\/td>\n<td valign=\"middle\">grau de ip:<\/td>\n<td valign=\"middle\">ip66<\/td>\n<\/tr>\n<\/tbody>\n<\/table>\n<\/div><div class=\"col-xs-12 col-md-6 2\">\n<table class=\"table table-data-sheet 2\">\n<tbody>\n<tr class=\"odd\">\n<td valign=\"middle\" width=\"32\"><\/td>\n<td valign=\"middle\">dura\u00e7\u00e3o estimada do d\u00edodo de led (h):<\/td>\n<td valign=\"middle\">50.000<\/td>\n<\/tr>\n<tr class=\"even\">\n<td valign=\"middle\" width=\"32\"><\/td>\n<td valign=\"middle\">dimens\u00f5es (mm):<\/td>\n<td valign=\"middle\">175x175xh35<\/td>\n<\/tr>\n<tr class=\"odd\">\n<td valign=\"middle\" width=\"32\"><\/td>\n<td valign=\"middle\">fator de pot\u00eancia (pf):<\/td>\n<td valign=\"middle\">0.98<\/td>\n<\/tr>\n<tr class=\"even\">\n<td valign=\"middle\" width=\"32\"><\/td>\n<td valign=\"middle\">frequ\u00eancia de funcionamento (hz):<\/td>\n<td valign=\"middle\">50\/60hz<\/td>\n<\/tr>\n<tr class=\"odd\">\n<td valign=\"middle\" width=\"32\"><\/td>\n<td valign=\"middle\">gama de temperaturas (\u00baC):<\/td>\n<td valign=\"middle\">-15\u00ba+70\u00ba -15\u00ba+70\u00ba -15\u00ba+70\u00ba -15\u00ba+70\u00ba -15\u00ba+70\u00ba -15\u00ba+70\u00ba<\/td>\n<\/tr>\n<tr class=\"even\">\n<td valign=\"middle\" width=\"32\"><\/td>\n<td valign=\"middle\">ciclos de igni\u00e7\u00e3o:<\/td>\n<td valign=\"middle\">100.000<\/td>\n<\/tr>\n<tr class=\"odd\">\n<td valign=\"middle\" width=\"32\"><\/td>\n<td valign=\"middle\">tempo de arranque (s):<\/td>\n<td valign=\"middle\">0,2s<\/td>\n<\/tr>\n<tr class=\"even\">\n<td valign=\"middle\" width=\"32\"><\/td>\n<td valign=\"middle\">\u00edndice de encandeamento (ugr):<\/td>\n<td valign=\"middle\">13<\/td>\n<\/tr>\n<tr class=\"odd\">\n<td valign=\"middle\" width=\"32\"><\/td>\n<td valign=\"middle\">prote\u00e7\u00e3o contra impactos (ik):<\/td>\n<td valign=\"middle\">ik10<\/td>\n<\/tr>\n<tr class=\"even\">\n<td valign=\"middle\" width=\"32\"><\/td>\n<td valign=\"middle\">condutor inclu\u00eddo:<\/td>\n<td valign=\"middle\"> xitanium xi ep &ndash; 65w &ndash; 1.3-2.0a &ndash; wl i112<\/td>\n<\/tr>\n<tr class=\"odd\">\n<td valign=\"middle\" width=\"32\"><\/td>\n<td valign=\"middle\">classe energ\u00e9tica (2021-EU-2019\/2015):<\/td>\n<td valign=\"middle\">a++<\/td>\n<\/tr>\n<tr class=\"even\">\n<td valign=\"middle\" width=\"32\"><\/td>\n<td valign=\"middle\">anos de garantia:<\/td>\n<td valign=\"middle\">5<\/td>\n<\/tr>\n<\/tbody>\n<\/table>\n<p>&nbsp;<\/p>\n<\/div><\/h1>","protected":false},"excerpt":{"rendered":"<p>REFERENCIA: SLLM65W-PHP-XIEP-90924<p>M\u00f3dulo de bloco \u00f3ptico&nbsp;<strong>LED<\/strong>&nbsp;ALTA LUMINOSIDADE com pot\u00eancia de&nbsp;<strong>65W&nbsp;<\/strong>e \u00e9 fabricado com uma equipa de<strong>&nbsp;144 d\u00edodos<\/strong>&nbsp;<strong>LEDs SMD 3030 8D<\/strong>com chip Bridgelux e controlador PROGRAM\u00c1VEL Philips XITANIUM Essential - Xi EP 65W.  Este m\u00f3dulo LED foi concebido para ser colocado em todos os tipos de candeeiros de rua LED. Excelente dissipa\u00e7\u00e3o que se traduz numa vida \u00fatil muito mais longa e numa maior poupan\u00e7a de energia.&nbsp;<strong>5 anos de garantia.&nbsp;<\/strong>Pode ser programado de 42W a 65W.<\/p><p><strong>TEMPERATURA DE COR: 2200K\/3000K\/4000K<\/strong><\/p><div class=\"col-md-12\"><i class=\"fa fa-truck\"><\/i>&nbsp;<span class=\"text-muted textprop\">Entrega em 24\/48 horas<\/span><\/div><div class=\"col-md-12\"><i class=\"fa fa-exchange\"><\/i>&nbsp;<span class=\"text-muted textprop\">Garantia do segurado<\/span><\/div><div class=\"col-md-12\"><i class=\"fa fa-box\"><\/i>&nbsp;<span class=\"text-muted textprop\">12 unidade(s) por Masterbox<\/span><\/div><\/p>","protected":false},"featured_media":9328,"template":"","meta":{"site-sidebar-layout":"default","site-content-layout":"default","ast-global-header-display":"","ast-main-header-display":"","ast-hfb-above-header-display":"","ast-hfb-below-header-display":"","ast-hfb-mobile-header-display":"","site-post-title":"","ast-breadcrumbs-content":"","ast-featured-img":"","footer-sml-layout":"","theme-transparent-header-meta":"default","adv-header-id-meta":"","stick-header-meta":"","header-above-stick-meta":"","header-main-stick-meta":"","header-below-stick-meta":""},"product_cat":[30,98],"product_tag":[],"class_list":["post-9321","product","type-product","status-publish","has-post-thumbnail","hentry","product_cat-iluminacion-publica-y-vial","product_cat-lamparas-y-modulos-para-farolas-led"],"yoast_head":"<!-- This site is optimized with the Yoast SEO plugin v27.4 - https:\/\/yoast.com\/product\/yoast-seo-wordpress\/ -->\n<title>m\u00f3dulo \u00f3ptico led 65w-42w - programable xitanium essential - xi ep - alta luminosidad 180lm\/w - STARLED Iluminacion<\/title>\n<meta name=\"robots\" content=\"index, follow, max-snippet:-1, max-image-preview:large, max-video-preview:-1\" \/>\n<link rel=\"canonical\" href=\"https:\/\/starlediluminacion.com\/pt\/product\/modulo-led-otico-65w-42w-programavel-philips-xitanio-essencial-xi-ep-alta-luminosidade-180lm-w\/\" \/>\n<meta property=\"og:locale\" content=\"pt_PT\" \/>\n<meta property=\"og:type\" content=\"article\" \/>\n<meta property=\"og:title\" content=\"m\u00f3dulo \u00f3ptico led 65w-42w - programable xitanium essential - xi ep - alta luminosidad 180lm\/w - STARLED Iluminacion\" \/>\n<meta property=\"og:description\" content=\"REFERENCIA: SLLM65W-PHP-XIEP-90924  Bloque \u00f3ptico M\u00f3dulo\u00a0LED\u00a0ALTA LUMINOSIDAD con potencia de\u00a065W\u00a0y esta fabricado con un equipo de\u00a0144 diodos\u00a0LEDs SMD 3030\u00a08D, con Bridgelux Chip y driver PROGRAMABLE\u00a0 Philips XITANIUM Essential - Xi EP 65W.\u00a0 Este modulo LED esta pensado para colocar en todo tipo de farolas LED. Excelente disipaci\u00f3n que se traduce en una vida \u00fatil mucho mayor y un mayor ahorro energ\u00e9tico.\u00a05 A\u00f1os de Garant\u00eda.\u00a0Se puede programar desde los 42W a 65W.  TEMPERATURA DE COLOR: 2200K\/3000K\/4000K \u00a0Entrega en 24\/48 horas \u00a0Garant\u00eda asegurada \u00a012 unidad(es) por Masterbox\" \/>\n<meta property=\"og:url\" content=\"https:\/\/starlediluminacion.com\/pt\/product\/modulo-led-otico-65w-42w-programavel-philips-xitanio-essencial-xi-ep-alta-luminosidade-180lm-w\/\" \/>\n<meta property=\"og:site_name\" content=\"STARLED Iluminacion\" \/>\n<meta property=\"article:modified_time\" content=\"2025-10-18T08:30:27+00:00\" \/>\n<meta property=\"og:image\" content=\"https:\/\/starlediluminacion.com\/wp-content\/uploads\/2023\/04\/modulo-optico-led-65w-programable-philips-xitanium-essential-xi-ep-alta-luminosidad-180lmw-factorled.jpg\" \/>\n\t<meta property=\"og:image:width\" content=\"1000\" \/>\n\t<meta property=\"og:image:height\" content=\"1000\" \/>\n\t<meta property=\"og:image:type\" content=\"image\/jpeg\" \/>\n<meta name=\"twitter:card\" content=\"summary_large_image\" \/>\n<meta name=\"twitter:label1\" content=\"Tempo estimado de leitura\" \/>\n\t<meta name=\"twitter:data1\" content=\"6 minutos\" \/>\n<script type=\"application\/ld+json\" class=\"yoast-schema-graph\">{\"@context\":\"https:\\\/\\\/schema.org\",\"@graph\":[{\"@type\":\"WebPage\",\"@id\":\"https:\\\/\\\/starlediluminacion.com\\\/producto\\\/modulo-optico-led-65w-42w-programable-philips-xitanium-essential-xi-ep-alta-luminosidad-180lm-w\\\/\",\"url\":\"https:\\\/\\\/starlediluminacion.com\\\/producto\\\/modulo-optico-led-65w-42w-programable-philips-xitanium-essential-xi-ep-alta-luminosidad-180lm-w\\\/\",\"name\":\"m\u00f3dulo \u00f3ptico led 65w-42w - programable xitanium essential - xi ep - alta luminosidad 180lm\\\/w - STARLED Iluminacion\",\"isPartOf\":{\"@id\":\"https:\\\/\\\/starlediluminacion.com\\\/#website\"},\"primaryImageOfPage\":{\"@id\":\"https:\\\/\\\/starlediluminacion.com\\\/producto\\\/modulo-optico-led-65w-42w-programable-philips-xitanium-essential-xi-ep-alta-luminosidad-180lm-w\\\/#primaryimage\"},\"image\":{\"@id\":\"https:\\\/\\\/starlediluminacion.com\\\/producto\\\/modulo-optico-led-65w-42w-programable-philips-xitanium-essential-xi-ep-alta-luminosidad-180lm-w\\\/#primaryimage\"},\"thumbnailUrl\":\"https:\\\/\\\/starlediluminacion.com\\\/wp-content\\\/uploads\\\/2023\\\/04\\\/modulo-optico-led-65w-programable-philips-xitanium-essential-xi-ep-alta-luminosidad-180lmw-factorled.jpg\",\"datePublished\":\"2023-04-23T12:28:33+00:00\",\"dateModified\":\"2025-10-18T08:30:27+00:00\",\"breadcrumb\":{\"@id\":\"https:\\\/\\\/starlediluminacion.com\\\/producto\\\/modulo-optico-led-65w-42w-programable-philips-xitanium-essential-xi-ep-alta-luminosidad-180lm-w\\\/#breadcrumb\"},\"inLanguage\":\"pt-PT\",\"potentialAction\":[{\"@type\":\"ReadAction\",\"target\":[\"https:\\\/\\\/starlediluminacion.com\\\/producto\\\/modulo-optico-led-65w-42w-programable-philips-xitanium-essential-xi-ep-alta-luminosidad-180lm-w\\\/\"]}]},{\"@type\":\"ImageObject\",\"inLanguage\":\"pt-PT\",\"@id\":\"https:\\\/\\\/starlediluminacion.com\\\/producto\\\/modulo-optico-led-65w-42w-programable-philips-xitanium-essential-xi-ep-alta-luminosidad-180lm-w\\\/#primaryimage\",\"url\":\"https:\\\/\\\/starlediluminacion.com\\\/wp-content\\\/uploads\\\/2023\\\/04\\\/modulo-optico-led-65w-programable-philips-xitanium-essential-xi-ep-alta-luminosidad-180lmw-factorled.jpg\",\"contentUrl\":\"https:\\\/\\\/starlediluminacion.com\\\/wp-content\\\/uploads\\\/2023\\\/04\\\/modulo-optico-led-65w-programable-philips-xitanium-essential-xi-ep-alta-luminosidad-180lmw-factorled.jpg\",\"width\":1000,\"height\":1000},{\"@type\":\"BreadcrumbList\",\"@id\":\"https:\\\/\\\/starlediluminacion.com\\\/producto\\\/modulo-optico-led-65w-42w-programable-philips-xitanium-essential-xi-ep-alta-luminosidad-180lm-w\\\/#breadcrumb\",\"itemListElement\":[{\"@type\":\"ListItem\",\"position\":1,\"name\":\"Portada\",\"item\":\"https:\\\/\\\/starlediluminacion.com\\\/\"},{\"@type\":\"ListItem\",\"position\":2,\"name\":\"Shop\",\"item\":\"https:\\\/\\\/starlediluminacion.com\\\/shop-2\\\/\"},{\"@type\":\"ListItem\",\"position\":3,\"name\":\"m\u00f3dulo \u00f3ptico led 65w-42w &#8211; programable xitanium essential &#8211; xi ep &#8211; alta luminosidad 180lm\\\/w\"}]},{\"@type\":\"WebSite\",\"@id\":\"https:\\\/\\\/starlediluminacion.com\\\/#website\",\"url\":\"https:\\\/\\\/starlediluminacion.com\\\/\",\"name\":\"STARLED Iluminacion\",\"description\":\"\",\"potentialAction\":[{\"@type\":\"SearchAction\",\"target\":{\"@type\":\"EntryPoint\",\"urlTemplate\":\"https:\\\/\\\/starlediluminacion.com\\\/?s={search_term_string}\"},\"query-input\":{\"@type\":\"PropertyValueSpecification\",\"valueRequired\":true,\"valueName\":\"search_term_string\"}}],\"inLanguage\":\"pt-PT\"}]}<\/script>\n<!-- \/ Yoast SEO plugin. -->","yoast_head_json":{"title":"m\u00f3dulo \u00f3ptico led 65w-42w - programable xitanium essential - xi ep - alta luminosidad 180lm\/w - STARLED Iluminacion","robots":{"index":"index","follow":"follow","max-snippet":"max-snippet:-1","max-image-preview":"max-image-preview:large","max-video-preview":"max-video-preview:-1"},"canonical":"https:\/\/starlediluminacion.com\/pt\/product\/modulo-led-otico-65w-42w-programavel-philips-xitanio-essencial-xi-ep-alta-luminosidade-180lm-w\/","og_locale":"pt_PT","og_type":"article","og_title":"m\u00f3dulo \u00f3ptico led 65w-42w - programable xitanium essential - xi ep - alta luminosidad 180lm\/w - STARLED Iluminacion","og_description":"REFERENCIA: SLLM65W-PHP-XIEP-90924  Bloque \u00f3ptico M\u00f3dulo\u00a0LED\u00a0ALTA LUMINOSIDAD con potencia de\u00a065W\u00a0y esta fabricado con un equipo de\u00a0144 diodos\u00a0LEDs SMD 3030\u00a08D, con Bridgelux Chip y driver PROGRAMABLE\u00a0 Philips XITANIUM Essential - Xi EP 65W.\u00a0 Este modulo LED esta pensado para colocar en todo tipo de farolas LED. Excelente disipaci\u00f3n que se traduce en una vida \u00fatil mucho mayor y un mayor ahorro energ\u00e9tico.\u00a05 A\u00f1os de Garant\u00eda.\u00a0Se puede programar desde los 42W a 65W.  TEMPERATURA DE COLOR: 2200K\/3000K\/4000K \u00a0Entrega en 24\/48 horas \u00a0Garant\u00eda asegurada \u00a012 unidad(es) por Masterbox","og_url":"https:\/\/starlediluminacion.com\/pt\/product\/modulo-led-otico-65w-42w-programavel-philips-xitanio-essencial-xi-ep-alta-luminosidade-180lm-w\/","og_site_name":"STARLED Iluminacion","article_modified_time":"2025-10-18T08:30:27+00:00","og_image":[{"width":1000,"height":1000,"url":"https:\/\/starlediluminacion.com\/wp-content\/uploads\/2023\/04\/modulo-optico-led-65w-programable-philips-xitanium-essential-xi-ep-alta-luminosidad-180lmw-factorled.jpg","type":"image\/jpeg"}],"twitter_card":"summary_large_image","twitter_misc":{"Tempo estimado de leitura":"6 minutos"},"schema":{"@context":"https:\/\/schema.org","@graph":[{"@type":"WebPage","@id":"https:\/\/starlediluminacion.com\/producto\/modulo-optico-led-65w-42w-programable-philips-xitanium-essential-xi-ep-alta-luminosidad-180lm-w\/","url":"https:\/\/starlediluminacion.com\/producto\/modulo-optico-led-65w-42w-programable-philips-xitanium-essential-xi-ep-alta-luminosidad-180lm-w\/","name":"m\u00f3dulo \u00f3ptico led 65w-42w - programable xitanium essential - xi ep - alta luminosidad 180lm\/w - STARLED Iluminacion","isPartOf":{"@id":"https:\/\/starlediluminacion.com\/#website"},"primaryImageOfPage":{"@id":"https:\/\/starlediluminacion.com\/producto\/modulo-optico-led-65w-42w-programable-philips-xitanium-essential-xi-ep-alta-luminosidad-180lm-w\/#primaryimage"},"image":{"@id":"https:\/\/starlediluminacion.com\/producto\/modulo-optico-led-65w-42w-programable-philips-xitanium-essential-xi-ep-alta-luminosidad-180lm-w\/#primaryimage"},"thumbnailUrl":"https:\/\/starlediluminacion.com\/wp-content\/uploads\/2023\/04\/modulo-optico-led-65w-programable-philips-xitanium-essential-xi-ep-alta-luminosidad-180lmw-factorled.jpg","datePublished":"2023-04-23T12:28:33+00:00","dateModified":"2025-10-18T08:30:27+00:00","breadcrumb":{"@id":"https:\/\/starlediluminacion.com\/producto\/modulo-optico-led-65w-42w-programable-philips-xitanium-essential-xi-ep-alta-luminosidad-180lm-w\/#breadcrumb"},"inLanguage":"pt-PT","potentialAction":[{"@type":"ReadAction","target":["https:\/\/starlediluminacion.com\/producto\/modulo-optico-led-65w-42w-programable-philips-xitanium-essential-xi-ep-alta-luminosidad-180lm-w\/"]}]},{"@type":"ImageObject","inLanguage":"pt-PT","@id":"https:\/\/starlediluminacion.com\/producto\/modulo-optico-led-65w-42w-programable-philips-xitanium-essential-xi-ep-alta-luminosidad-180lm-w\/#primaryimage","url":"https:\/\/starlediluminacion.com\/wp-content\/uploads\/2023\/04\/modulo-optico-led-65w-programable-philips-xitanium-essential-xi-ep-alta-luminosidad-180lmw-factorled.jpg","contentUrl":"https:\/\/starlediluminacion.com\/wp-content\/uploads\/2023\/04\/modulo-optico-led-65w-programable-philips-xitanium-essential-xi-ep-alta-luminosidad-180lmw-factorled.jpg","width":1000,"height":1000},{"@type":"BreadcrumbList","@id":"https:\/\/starlediluminacion.com\/producto\/modulo-optico-led-65w-42w-programable-philips-xitanium-essential-xi-ep-alta-luminosidad-180lm-w\/#breadcrumb","itemListElement":[{"@type":"ListItem","position":1,"name":"Portada","item":"https:\/\/starlediluminacion.com\/"},{"@type":"ListItem","position":2,"name":"Shop","item":"https:\/\/starlediluminacion.com\/shop-2\/"},{"@type":"ListItem","position":3,"name":"m\u00f3dulo \u00f3ptico led 65w-42w &#8211; programable xitanium essential &#8211; xi ep &#8211; alta luminosidad 180lm\/w"}]},{"@type":"WebSite","@id":"https:\/\/starlediluminacion.com\/#website","url":"https:\/\/starlediluminacion.com\/","name":"STARLED Iluminacion","description":"","potentialAction":[{"@type":"SearchAction","target":{"@type":"EntryPoint","urlTemplate":"https:\/\/starlediluminacion.com\/?s={search_term_string}"},"query-input":{"@type":"PropertyValueSpecification","valueRequired":true,"valueName":"search_term_string"}}],"inLanguage":"pt-PT"}]}},"_links":{"self":[{"href":"https:\/\/starlediluminacion.com\/pt\/wp-json\/wp\/v3\/product\/9321","targetHints":{"allow":["GET"]}}],"collection":[{"href":"https:\/\/starlediluminacion.com\/pt\/wp-json\/wp\/v3\/product"}],"about":[{"href":"https:\/\/starlediluminacion.com\/pt\/wp-json\/wp\/v2\/types\/product"}],"wp:featuredmedia":[{"embeddable":true,"href":"https:\/\/starlediluminacion.com\/pt\/wp-json\/wp\/v2\/media\/9328"}],"wp:attachment":[{"href":"https:\/\/starlediluminacion.com\/pt\/wp-json\/wp\/v2\/media?parent=9321"}],"wp:term":[{"taxonomy":"product_cat","embeddable":true,"href":"https:\/\/starlediluminacion.com\/pt\/wp-json\/wp\/v2\/product_cat?post=9321"},{"taxonomy":"product_tag","embeddable":true,"href":"https:\/\/starlediluminacion.com\/pt\/wp-json\/wp\/v2\/product_tag?post=9321"}],"curies":[{"name":"wp","href":"https:\/\/api.w.org\/{rel}","templated":true}]}}