{"id":9192,"date":"2023-04-23T11:30:27","date_gmt":"2023-04-23T11:30:27","guid":{"rendered":"https:\/\/starlediluminacion.com\/?post_type=product&#038;p=9192"},"modified":"2023-07-27T13:04:21","modified_gmt":"2023-07-27T13:04:21","slug":"foco-proyector-led-30w-new-avant-osram-chip-duris-e-2835-sensor-movimiento-pir-2","status":"publish","type":"product","link":"https:\/\/starlediluminacion.com\/pt\/product\/projetor-led-30w-new-avant-osram-chip-duris-e-2835-sensor-de-movimento-pir-2\/","title":{"rendered":"<p>Projetor LED 30W NOVO AVANT OSRAM CHIP DURIS E 2835 - Sensor de movimento PIR<\/p>"},"content":{"rendered":"<h1 dir=\"ltr\">30W NOVO Projetor LED AVANT OSRAM CHIP 30W - Sensor de movimento PIR<p>O&nbsp;<strong>Projetor LED<\/strong>&nbsp;tem um poder de&nbsp;<strong>30W<\/strong>&nbsp;e prev\u00ea&nbsp;<strong>sensor de movimento<\/strong>&nbsp;para otimizar a sua ilumina\u00e7\u00e3o quando&nbsp;<strong>detecta<\/strong>&nbsp;qualquer tipo de&nbsp;<strong>presen\u00e7a<\/strong>. \u00c9 feito de&nbsp;<strong>alum\u00ednio&nbsp;<\/strong>com tratamento&nbsp;<strong>anti-corros\u00e3o<\/strong>&nbsp;y&nbsp;<strong>vidro<\/strong>&nbsp;\u00c9 instalado por meio de um suporte que permite inclinar o projetor em v\u00e1rias posi\u00e7\u00f5es.<\/p><p dir=\"ltr\">A sua potente fonte de luz \u00e9 mais do que suficiente para substituir as lumin\u00e1rias, mesmo em ambientes industriais, proporcionando uma&nbsp;<strong>poupan\u00e7a<\/strong>&nbsp;Os novos LEDs de alta luminosidade, com um consumo de energia de at\u00e9 80%, caracterizam-se pela sua elevada luminosidade.&nbsp;<strong>OSRAM<\/strong>.<\/p><p dir=\"ltr\">Destaca-se pela sua efici\u00eancia, CRI elevado, fator de pot\u00eancia elevado e robustez. Possui um elevado&nbsp;<strong>IP65<\/strong>&nbsp;e com prote\u00e7\u00e3o contra impactos&nbsp;<strong>IK08<\/strong>. Seu&nbsp;<strong>\u00c2ngulo de abertura de 90<\/strong>&nbsp;tornam-no ideal para cobrir um grande espa\u00e7o de uma forma muito eficiente.<\/p><p dir=\"ltr\">Isto&nbsp;<strong>Destaque<\/strong>&nbsp;oferece uma ilumina\u00e7\u00e3o extremamente elevada&nbsp;<strong>qualidade<\/strong>&nbsp;pelo seu elevado \u00cdndice de Renderiza\u00e7\u00e3o de Cores (IRC) +80, mesmo em instala\u00e7\u00f5es a uma altura de 5 ou 6 metros. \u00c9 ideal para todos os tipos de instala\u00e7\u00f5es, tanto&nbsp;<strong>dentro<\/strong>a partir de&nbsp;<strong>fora<\/strong>.<\/p><p dir=\"ltr\">Desfrutar na nossa loja online&nbsp;<strong>ilumina\u00e7\u00e3o<\/strong>&nbsp;FactorLED da mais alta qualidade ao melhor pre\u00e7o para este produto e com&nbsp;<strong>garantia de tr\u00eas anos.<\/strong><\/p><h2 dir=\"ltr\">Utiliza\u00e7\u00f5es do projetor LED 30W NEW AVANT OSRAM CHIP - Sensor de movimento PIR<\/h2><ul>\n<li>Jardins<\/li>\n<li>Parques<\/li>\n<li>Lugares<\/li>\n<li>Rotunda<\/li>\n<li>Museus<\/li>\n<li>Caminhos<\/li>\n<li>Galerias<\/li>\n<\/ul><h3 class=\"page-product-heading\">DADOS T\u00c9CNICOS<\/h3><div class=\"col-xs-12 col-md-6\">\n<table class=\"table table-data-sheet 1\">\n<tbody>\n<tr class=\"odd\">\n<td valign=\"middle\" width=\"32\"><\/td>\n<td valign=\"middle\">REFER\u00caNCIA :<\/td>\n<td valign=\"middle\">SLNEWAVANT-30PIR<\/td>\n<\/tr>\n<tr class=\"even\">\n<td valign=\"middle\" width=\"32\"><\/td>\n<td valign=\"middle\">Pot\u00eancia nominal :<\/td>\n<td valign=\"middle\">30W<\/td>\n<\/tr>\n<tr class=\"odd\">\n<td valign=\"middle\" width=\"32\"><\/td>\n<td valign=\"middle\">Tens\u00e3o Nominal:<\/td>\n<td valign=\"middle\">AC180-265V<\/td>\n<\/tr>\n<tr class=\"even\">\n<td valign=\"middle\" width=\"32\"><\/td>\n<td valign=\"middle\">Temperatura ligeira:<\/td>\n<td valign=\"middle\">4000K<\/td>\n<\/tr>\n<tr class=\"odd\">\n<td valign=\"middle\" width=\"32\"><\/td>\n<td valign=\"middle\">CRI - Colour Rendering Index:<\/td>\n<td valign=\"middle\">80<\/td>\n<\/tr>\n<tr class=\"even\">\n<td valign=\"middle\" width=\"32\"><\/td>\n<td valign=\"middle\">Material de constru\u00e7\u00e3o:<\/td>\n<td valign=\"middle\">Alum\u00ednio +PC<\/td>\n<\/tr>\n<tr class=\"odd\">\n<td valign=\"middle\" width=\"32\"><\/td>\n<td valign=\"middle\">Luminosidade-Lm:<\/td>\n<td valign=\"middle\">3600<\/td>\n<\/tr>\n<tr class=\"even\">\n<td valign=\"middle\" width=\"32\"><\/td>\n<td valign=\"middle\">Tipo de LEDs:<\/td>\n<td valign=\"middle\">SMD 2835 OSRAM CHIP<\/td>\n<\/tr>\n<tr class=\"odd\">\n<td valign=\"middle\" width=\"32\"><\/td>\n<td valign=\"middle\">\u00c2ngulo de abertura (\u00ba):<\/td>\n<td valign=\"middle\">90\u00b0<\/td>\n<\/tr>\n<tr class=\"even\">\n<td valign=\"middle\" width=\"32\"><\/td>\n<td valign=\"middle\">Efici\u00eancia dos d\u00edodos LED (Lm\/W):<\/td>\n<td valign=\"middle\">130Lm\/W<\/td>\n<\/tr>\n<tr class=\"odd\">\n<td valign=\"middle\" width=\"32\"><\/td>\n<td valign=\"middle\">Efic\u00e1cia luminosa (Lm\/W):<\/td>\n<td valign=\"middle\">120 Lm\/W<\/td>\n<\/tr>\n<tr class=\"even\">\n<td valign=\"middle\" width=\"32\"><\/td>\n<td valign=\"middle\">Certificados:<\/td>\n<td valign=\"middle\">CE - ROHS<\/td>\n<\/tr>\n<tr class=\"odd\">\n<td valign=\"middle\" width=\"32\"><\/td>\n<td valign=\"middle\">Classifica\u00e7\u00e3o IP:<\/td>\n<td valign=\"middle\">IP65-Outdoor<\/td>\n<\/tr>\n<\/tbody>\n<\/table>\n<\/div><div class=\"col-xs-12 col-md-6 2\">\n<table class=\"table table-data-sheet 2\">\n<tbody>\n<tr class=\"odd\">\n<td valign=\"middle\" width=\"32\"><\/td>\n<td valign=\"middle\">D\u00edodo LED de vida estimada (H):<\/td>\n<td valign=\"middle\">30.000<\/td>\n<\/tr>\n<tr class=\"even\">\n<td valign=\"middle\" width=\"32\"><\/td>\n<td valign=\"middle\">Dimens\u00f5es (mm):<\/td>\n<td valign=\"middle\">168*194*51mm<\/td>\n<\/tr>\n<tr class=\"odd\">\n<td valign=\"middle\" width=\"32\"><\/td>\n<td valign=\"middle\">Factor de pot\u00eancia (PF):<\/td>\n<td valign=\"middle\">0.9<\/td>\n<\/tr>\n<tr class=\"even\">\n<td valign=\"middle\" width=\"32\"><\/td>\n<td valign=\"middle\">Frequ\u00eancia de trabalho (Hz):<\/td>\n<td valign=\"middle\">50\/60Hz<\/td>\n<\/tr>\n<tr class=\"odd\">\n<td valign=\"middle\" width=\"32\"><\/td>\n<td valign=\"middle\">Gama de temperaturas (\u00baC):<\/td>\n<td valign=\"middle\">-20\u00b0C ~ +55\u00b0C<\/td>\n<\/tr>\n<tr class=\"even\">\n<td valign=\"middle\" width=\"32\"><\/td>\n<td valign=\"middle\">Ciclos de Igni\u00e7\u00e3o:<\/td>\n<td valign=\"middle\">100.000<\/td>\n<\/tr>\n<tr class=\"odd\">\n<td valign=\"middle\" width=\"32\"><\/td>\n<td valign=\"middle\">Tempo de arranque (s):<\/td>\n<td valign=\"middle\">0,2s<\/td>\n<\/tr>\n<tr class=\"even\">\n<td valign=\"middle\" width=\"32\"><\/td>\n<td valign=\"middle\">Protec\u00e7\u00e3o contra impactos (IK):<\/td>\n<td valign=\"middle\">IK08<\/td>\n<\/tr>\n<tr class=\"odd\">\n<td valign=\"middle\" width=\"32\"><\/td>\n<td valign=\"middle\">Classe energ\u00e9tica (2021-EU-2019\/2015):<\/td>\n<td valign=\"middle\">A+<\/td>\n<\/tr>\n<tr class=\"even\">\n<td valign=\"middle\" width=\"32\"><\/td>\n<td valign=\"middle\">Classe energ\u00e9tica (2023 - EU-2019\/2015):<\/td>\n<td valign=\"middle\">F<\/td>\n<\/tr>\n<tr class=\"odd\">\n<td valign=\"middle\" width=\"32\"><\/td>\n<td valign=\"middle\">Anos de garantia:<\/td>\n<td valign=\"middle\">3<\/td>\n<\/tr>\n<tr class=\"even\">\n<td valign=\"middle\" width=\"32\"><\/td>\n<td valign=\"middle\">Alcance (m) :<\/td>\n<td valign=\"middle\">10 m.<\/td>\n<\/tr>\n<\/tbody>\n<\/table>\n<p>&nbsp;<\/p>\n<\/div><\/h1>","protected":false},"excerpt":{"rendered":"<p><label>REFERENCIA: SLNEWAVANT-30PIR-90378-4K<\/label><p>O<strong>&nbsp;Projetor LED NOVO AVANT OSRAM CHIP<\/strong>tem uma pot\u00eancia de&nbsp;<strong>30W<\/strong>&nbsp;e tem um&nbsp;<strong>Sensor de movimento PIR<\/strong>\u00e9 um avan\u00e7o tecnol\u00f3gico de alta efici\u00eancia. Liga-se automaticamente quando detecta movimento. O seu grau de&nbsp;<strong>Prote\u00e7\u00e3o IP65<\/strong>&nbsp;torna-o resistente \u00e0 chuva e imposs\u00edvel de enferrujar, mesmo com neve ou chuva.<\/p><div class=\"col-md-12\"><i class=\"fa fa-truck\"><\/i>&nbsp;<span class=\"text-muted textprop\">Entrega em 24\/48 horas<\/span><\/div><div class=\"col-md-12\"><i class=\"fa fa-exchange\"><\/i>&nbsp;<span class=\"text-muted textprop\">Garantia do segurado<\/span><\/div><div class=\"col-md-12\"><i class=\"fa fa-box\"><\/i>&nbsp;<span class=\"text-muted textprop\">20 unidade(s) por Masterbox<\/span><\/div><div><\/div><\/p>","protected":false},"featured_media":9949,"template":"","meta":{"site-sidebar-layout":"default","site-content-layout":"default","ast-global-header-display":"","ast-main-header-display":"","ast-hfb-above-header-display":"","ast-hfb-below-header-display":"","ast-hfb-mobile-header-display":"","site-post-title":"","ast-breadcrumbs-content":"","ast-featured-img":"","footer-sml-layout":"","theme-transparent-header-meta":"default","adv-header-id-meta":"","stick-header-meta":"","header-above-stick-meta":"","header-main-stick-meta":"","header-below-stick-meta":""},"product_cat":[81,28],"product_tag":[],"class_list":["post-9192","product","type-product","status-publish","has-post-thumbnail","hentry","product_cat-foco-proyector-serie-avant","product_cat-proyectores-led-exterior-y-jardin"],"_links":{"self":[{"href":"https:\/\/starlediluminacion.com\/pt\/wp-json\/wp\/v3\/product\/9192","targetHints":{"allow":["GET"]}}],"collection":[{"href":"https:\/\/starlediluminacion.com\/pt\/wp-json\/wp\/v3\/product"}],"about":[{"href":"https:\/\/starlediluminacion.com\/pt\/wp-json\/wp\/v2\/types\/product"}],"wp:featuredmedia":[{"embeddable":true,"href":"https:\/\/starlediluminacion.com\/pt\/wp-json\/wp\/v2\/media\/9949"}],"wp:attachment":[{"href":"https:\/\/starlediluminacion.com\/pt\/wp-json\/wp\/v2\/media?parent=9192"}],"wp:term":[{"taxonomy":"product_cat","embeddable":true,"href":"https:\/\/starlediluminacion.com\/pt\/wp-json\/wp\/v2\/product_cat?post=9192"},{"taxonomy":"product_tag","embeddable":true,"href":"https:\/\/starlediluminacion.com\/pt\/wp-json\/wp\/v2\/product_tag?post=9192"}],"curies":[{"name":"wp","href":"https:\/\/api.w.org\/{rel}","templated":true}]}}