{"id":8887,"date":"2023-02-10T14:22:49","date_gmt":"2023-02-10T14:22:49","guid":{"rendered":"https:\/\/starlediluminacion.com\/?post_type=product&#038;p=8887"},"modified":"2023-02-10T14:22:49","modified_gmt":"2023-02-10T14:22:49","slug":"ventilador-led-de-techo-nerhea-38w-cct-132cm","status":"publish","type":"product","link":"https:\/\/starlediluminacion.com\/pt\/product\/ceiling-led-fan-nerhea-38w-cct-132cm\/","title":{"rendered":"<p>Ventilador de teto LED NERHEA - 38W - CCT -132cm<\/p>"},"content":{"rendered":"<h1>Ventilador de teto LED NERHEA - 38W - CCT - IP20<p>Ventilador&nbsp;<strong>137 cm<\/strong>&nbsp;e motor DC e acabamento em n\u00edquel mate. Tamanho grande com altura regulada, para tectos n\u00e3o muito altos. Com o seu motor de corrente cont\u00ednua, garante uma ventila\u00e7\u00e3o adequada com um m\u00ednimo de ru\u00eddo e de consumo de energia. Permite selecionar&nbsp;<strong>3<\/strong>&nbsp;diferentes tonalidades de luz, quentes, neutras e frias, pelo que pode ser adaptada a diferentes utiliza\u00e7\u00f5es, consoante as necessidades do cliente. L\u00e2minas em&nbsp;<strong>ABS<\/strong>&nbsp;com tom castanho claro. Fun\u00e7\u00e3o ver\u00e3o\/inverno e fun\u00e7\u00e3o de atraso.<\/p><p>Gra\u00e7as \u00e0 sua&nbsp;<strong>Sistema invertido<\/strong>o ventilador tem&nbsp;<strong>duas fun\u00e7\u00f5es<\/strong>op\u00e7\u00e3o&nbsp;<strong>ver\u00e3o\/inverno<\/strong>Neste modo, o motor inverte a rota\u00e7\u00e3o das p\u00e1s para dissipar o ar quente no ver\u00e3o e distribuir uniformemente o ar quente do aquecimento no inverno, o que melhora a sensa\u00e7\u00e3o t\u00e9rmica e optimiza o funcionamento do aquecimento.<\/p><p>O&nbsp;<strong>luz<\/strong>&nbsp;inclui tecnologia&nbsp;<strong>CCT<\/strong>Agora pode selecionar a op\u00e7\u00e3o de cor branca entre luz quente e luz quente.&nbsp;<strong>3000K<\/strong>luz natural&nbsp;<strong>4000K<\/strong>luz fria&nbsp;<strong>6000K<\/strong>.<\/p><p>Todos os nossos ventiladores utilizam a melhor tecnologia para obter um desempenho \u00f3timo. O seu&nbsp;<strong>sistema silencioso<\/strong>&nbsp;faz com que funcione sem causar ru\u00eddos inc\u00f3modos no ambiente.<\/p><p>&nbsp;<\/p><h2>\nUsos do Ventilador de Teto LED NERHEA - 38W - CCT - IP20<\/h2><ul>\n<li>Sal\u00f5es<\/li>\n<li>Escrit\u00f3rios<\/li>\n<li>Quartos<\/li>\n<li>Cozinhas<\/li>\n<li>Varandas<\/li>\n<li>Salas de espera<\/li>\n<li>Restaurantes<\/li>\n<\/ul><h3 class=\"page-product-heading\">DADOS T\u00c9CNICOS<\/h3><div class=\"col-xs-12 col-md-6\">\n<table class=\"table table-data-sheet 1\">\n<tbody>\n<tr class=\"odd\">\n<td valign=\"middle\" width=\"32\"><\/td>\n<td valign=\"middle\">REFER\u00caNCIA :<\/td>\n<td valign=\"middle\">SLVT13738WCCT<\/td>\n<\/tr>\n<tr class=\"even\">\n<td valign=\"middle\" width=\"32\"><\/td>\n<td valign=\"middle\">Pot\u00eancia nominal :<\/td>\n<td valign=\"middle\">38W<\/td>\n<\/tr>\n<tr class=\"odd\">\n<td valign=\"middle\" width=\"32\"><\/td>\n<td valign=\"middle\">Tens\u00e3o Nominal:<\/td>\n<td valign=\"middle\">220-240 V<\/td>\n<\/tr>\n<tr class=\"even\">\n<td valign=\"middle\" width=\"32\"><\/td>\n<td valign=\"middle\">Temperatura ligeira:<\/td>\n<td valign=\"middle\">3000K - 4000K - 6000K<\/td>\n<\/tr>\n<tr class=\"odd\">\n<td valign=\"middle\" width=\"32\"><\/td>\n<td valign=\"middle\">CRI - Colour Rendering Index:<\/td>\n<td valign=\"middle\">80<\/td>\n<\/tr>\n<tr class=\"even\">\n<td valign=\"middle\" width=\"32\"><\/td>\n<td valign=\"middle\">Luminosidade-Lm:<\/td>\n<td valign=\"middle\">1600Lm<\/td>\n<\/tr>\n<tr class=\"odd\">\n<td valign=\"middle\" width=\"32\"><\/td>\n<td valign=\"middle\">\u00c2ngulo de abertura (\u00ba):<\/td>\n<td valign=\"middle\">180\u00ba<\/td>\n<\/tr>\n<tr class=\"even\">\n<td valign=\"middle\" width=\"32\"><\/td>\n<td valign=\"middle\">Certificados:<\/td>\n<td valign=\"middle\">CE - ROHS<\/td>\n<\/tr>\n<tr class=\"odd\">\n<td valign=\"middle\" width=\"32\"><\/td>\n<td valign=\"middle\">Classifica\u00e7\u00e3o IP:<\/td>\n<td valign=\"middle\">IP20<\/td>\n<\/tr>\n<tr class=\"even\">\n<td valign=\"middle\" width=\"32\"><\/td>\n<td valign=\"middle\">D\u00edodo LED de vida estimada (H):<\/td>\n<td valign=\"middle\">35.000<\/td>\n<\/tr>\n<tr class=\"odd\">\n<td valign=\"middle\" width=\"32\"><\/td>\n<td valign=\"middle\">Frequ\u00eancia de trabalho (Hz):<\/td>\n<td valign=\"middle\">50\/60Hz<\/td>\n<\/tr>\n<tr class=\"even\">\n<td valign=\"middle\" width=\"32\"><\/td>\n<td valign=\"middle\">Ciclos de Igni\u00e7\u00e3o:<\/td>\n<td valign=\"middle\">100.000<\/td>\n<\/tr>\n<tr class=\"odd\">\n<td valign=\"middle\" width=\"32\"><\/td>\n<td valign=\"middle\">Classe energ\u00e9tica (2023 - EU-2019\/2015):<\/td>\n<td valign=\"middle\">F<\/td>\n<\/tr>\n<\/tbody>\n<\/table>\n<\/div><div class=\"col-xs-12 col-md-6 2\">\n<table class=\"table table-data-sheet 2\">\n<tbody>\n<tr class=\"odd\">\n<td valign=\"middle\" width=\"32\"><\/td>\n<td valign=\"middle\">Anos de garantia:<\/td>\n<td valign=\"middle\">3<\/td>\n<\/tr>\n<tr class=\"even\">\n<td valign=\"middle\" width=\"32\"><\/td>\n<td valign=\"middle\">Cor do corpo:<\/td>\n<td valign=\"middle\">N\u00edquel<\/td>\n<\/tr>\n<tr class=\"odd\">\n<td valign=\"middle\" width=\"32\"><\/td>\n<td valign=\"middle\">Acabamento:<\/td>\n<td valign=\"middle\">Luminosidade<\/td>\n<\/tr>\n<tr class=\"even\">\n<td valign=\"middle\" width=\"32\"><\/td>\n<td valign=\"middle\">Cor das l\u00e2minas:<\/td>\n<td valign=\"middle\">Branco \/ Madeira<\/td>\n<\/tr>\n<tr class=\"odd\">\n<td valign=\"middle\" width=\"32\"><\/td>\n<td valign=\"middle\">Material da l\u00e2mina :<\/td>\n<td valign=\"middle\">ABS<\/td>\n<\/tr>\n<tr class=\"even\">\n<td valign=\"middle\" width=\"32\"><\/td>\n<td valign=\"middle\">N\u00famero de l\u00e2minas :<\/td>\n<td valign=\"middle\">3<\/td>\n<\/tr>\n<tr class=\"odd\">\n<td valign=\"middle\" width=\"32\"><\/td>\n<td valign=\"middle\">Material do difusor :<\/td>\n<td valign=\"middle\">Acr\u00edlico<\/td>\n<\/tr>\n<tr class=\"even\">\n<td valign=\"middle\" width=\"32\"><\/td>\n<td valign=\"middle\">L\u00e2minas revers\u00edveis:<\/td>\n<td valign=\"middle\">Sim<\/td>\n<\/tr>\n<tr class=\"odd\">\n<td valign=\"middle\" width=\"32\"><\/td>\n<td valign=\"middle\">Tipo de motor:<\/td>\n<td valign=\"middle\">DC<\/td>\n<\/tr>\n<tr class=\"even\">\n<td valign=\"middle\" width=\"32\"><\/td>\n<td valign=\"middle\">Modo ver\u00e3o \/ inverno:<\/td>\n<td valign=\"middle\">Sim<\/td>\n<\/tr>\n<tr class=\"odd\">\n<td valign=\"middle\" width=\"32\"><\/td>\n<td valign=\"middle\">Inclina\u00e7\u00e3o m\u00e1xima do telhado:<\/td>\n<td valign=\"middle\">15\u00ba<\/td>\n<\/tr>\n<tr class=\"even\">\n<td valign=\"middle\" width=\"32\"><\/td>\n<td valign=\"middle\">Instala\u00e7\u00e3o:<\/td>\n<td valign=\"middle\">Um espig\u00e3o de selim<\/td>\n<\/tr>\n<tr class=\"odd\">\n<td valign=\"middle\" width=\"32\"><\/td>\n<td valign=\"middle\">Volume:<\/td>\n<td valign=\"middle\">0.0329m3<\/td>\n<\/tr>\n<\/tbody>\n<\/table>\n<\/div><\/h1>","protected":false},"excerpt":{"rendered":"<p><strong><label>REFER\u00caNCIA: SLVT13738WCCT<\/label><\/strong><p><strong>Ventilador 137cm<\/strong>&nbsp;e motor DC e acabamento&nbsp;<strong>n\u00edquel<\/strong>&nbsp;mate. Tamanho grande com uma altura baixa, para tectos n\u00e3o muito altos.<\/p><p>Reduza a temperatura ambiente com o ar fresco das nossas ventoinhas e poupe na sua fatura de eletricidade gra\u00e7as \u00e0 ilumina\u00e7\u00e3o LED.<\/p><div class=\"col-md-12\"><i class=\"fa fa-truck\"><\/i>&nbsp;<span class=\"text-muted textprop\">Entrega em 24\/48 horas<\/span><\/div><div class=\"col-md-12\"><i class=\"fa fa-exchange\"><\/i>&nbsp;<span class=\"text-muted textprop\">Garantia do segurado<\/span><\/div><div class=\"col-md-12\"><i class=\"fa fa-box\"><\/i>&nbsp;<span class=\"text-muted textprop\">1 unidade(s) por Masterbox<\/span><\/div><\/p>","protected":false},"featured_media":8892,"template":"","meta":{"site-sidebar-layout":"default","site-content-layout":"default","ast-global-header-display":"","ast-main-header-display":"","ast-hfb-above-header-display":"","ast-hfb-below-header-display":"","ast-hfb-mobile-header-display":"","site-post-title":"","ast-breadcrumbs-content":"","ast-featured-img":"","footer-sml-layout":"","theme-transparent-header-meta":"default","adv-header-id-meta":"","stick-header-meta":"","header-above-stick-meta":"","header-main-stick-meta":"","header-below-stick-meta":""},"product_cat":[36,67],"product_tag":[],"class_list":["post-8887","product","type-product","status-publish","has-post-thumbnail","hentry","product_cat-apliques-led-y-decoracion","product_cat-ventiladores-techo-led"],"_links":{"self":[{"href":"https:\/\/starlediluminacion.com\/pt\/wp-json\/wp\/v3\/product\/8887","targetHints":{"allow":["GET"]}}],"collection":[{"href":"https:\/\/starlediluminacion.com\/pt\/wp-json\/wp\/v3\/product"}],"about":[{"href":"https:\/\/starlediluminacion.com\/pt\/wp-json\/wp\/v2\/types\/product"}],"wp:featuredmedia":[{"embeddable":true,"href":"https:\/\/starlediluminacion.com\/pt\/wp-json\/wp\/v2\/media\/8892"}],"wp:attachment":[{"href":"https:\/\/starlediluminacion.com\/pt\/wp-json\/wp\/v2\/media?parent=8887"}],"wp:term":[{"taxonomy":"product_cat","embeddable":true,"href":"https:\/\/starlediluminacion.com\/pt\/wp-json\/wp\/v2\/product_cat?post=8887"},{"taxonomy":"product_tag","embeddable":true,"href":"https:\/\/starlediluminacion.com\/pt\/wp-json\/wp\/v2\/product_tag?post=8887"}],"curies":[{"name":"wp","href":"https:\/\/api.w.org\/{rel}","templated":true}]}}