{"id":8592,"date":"2023-02-10T10:45:35","date_gmt":"2023-02-10T10:45:35","guid":{"rendered":"https:\/\/starlediluminacion.com\/?post_type=product&#038;p=8592"},"modified":"2025-10-18T08:24:57","modified_gmt":"2025-10-18T08:24:57","slug":"foco-led-40w-34w-maya-negro-carril-trifasico-driver-philips-cri92-ugr13-high-lumen-140lm-w","status":"publish","type":"product","link":"https:\/\/starlediluminacion.com\/pt\/product\/foco-led-40w-34w-maya-negro-carril-trifasico-driver-philips-cri92-ugr13-high-lumen-140lm-w\/","title":{"rendered":"<p>foco led 40w &ndash; 34w maya negro carril trif&aacute;sico driver  &ndash; cri+92 &ndash; ugr13 &ndash; high lumen 140lm\/w<\/p>"},"content":{"rendered":"<h1>foco led 40w &ndash; 34w maya negro carril trif&aacute;sico driver  &ndash; cri+92 &ndash; ugr13<p>este es uno de los focos m&aacute;s flexibles a la hora de decorar tu comercio, debido a su dise&ntilde;o nos permite girarlo casi al completo, de peso ligero pero vers&aacute;til conseguimos unos resultados incre&iacute;bles en la decoraci&oacute;n.<\/p><p>destaca-se pela sua&nbsp;<strong>condutor&nbsp;<\/strong>integrado<strong>&nbsp; xitanium<\/strong>&nbsp;que aumenta o foco para um melhor desempenho e durabilidade.<\/p><p>este proyector dispone de lente colimadora (concentradora de haces de luz) semiesf&eacute;rica de &uacute;ltima generaci&oacute;n fabricada en pmma (poli metacrilato de metilo) y al reflector curvo de aluminio pulido especular en rombos, provocando una luz base y un &aacute;ngulo m&aacute;s concentrado para enfatizar el objeto a iluminar sin provocar sombras tan acentuadas con un&nbsp;<strong>\u00e2ngulo<\/strong>&nbsp;prim\u00e1rio de&nbsp;<strong>24\u00ba<\/strong>&nbsp;e secund\u00e1rio de&nbsp;<strong>60\u00ba<\/strong>.<\/p><p>el proyector de utilizaci&oacute;n comercial, tambi&eacute;n incorpora un reflector de 60&ordm; con el se puede conseguir un &aacute;ngulo de apertura del haz de luz mas amplio, que esta especialmente indicado en zonas de techos con menos altura, o donde se quiera destacar un objeto mayor.<\/p><p><strong>alto nivel de cri<\/strong>: nuestro proyecto destaca por su alt&iacute;simo nivel de &iacute;ndice de rendimiento crom&aacute;tico, que hace que los colores se vean n&iacute;tidos y reales.<\/p><p>sobre&nbsp;<strong>foco<\/strong>&nbsp;\u00e9 programado com&nbsp;<strong>40w<\/strong>&nbsp;No entanto, ao abrir a tampa do -driver- pode alterar a pot\u00eancia para a mesma, sendo capaz de regular os miliamperes de sa\u00edda, e obter 38w-36w-34w.<\/p><p>nosso&nbsp;<strong>foco de carril led<\/strong>&nbsp;incorpora um d\u00edodo&nbsp;<strong>cob bridgelux chip<\/strong>&nbsp; con n&uacute;cleos 2240 ds-c30 y consigue una alt&iacute;sima potencia lum&iacute;nica.<\/p><p>con nuestro proyector comercial consigue&nbsp; ahorremos hasta un 90% en nuestra factura el&eacute;ctrica.<\/p><p>&nbsp;<\/p><h2>usos del&nbsp;foco led 40w &ndash; 34w maya negro carril trif&aacute;sico driver  &ndash; cri+92 &ndash; ugr13<\/h2><ul>\n<li>montras<\/li>\n<li>escrit\u00f3rios<\/li>\n<li>galerias de arte<\/li>\n<li>museus<\/li>\n<\/ul><h3 class=\"page-product-heading\">pormenores t\u00e9cnicos<\/h3><div class=\"col-xs-12 col-md-6\">\n<table class=\"table table-data-sheet 1\">\n<tbody>\n<tr class=\"odd\">\n<td valign=\"middle\" width=\"32\"><\/td>\n<td valign=\"middle\">refer\u00eancia :<\/td>\n<td valign=\"middle\">sltl40b-<\/td>\n<\/tr>\n<tr class=\"even\">\n<td valign=\"middle\" width=\"32\"><\/td>\n<td valign=\"middle\">pot\u00eancia nominal :<\/td>\n<td valign=\"middle\">40w<\/td>\n<\/tr>\n<tr class=\"odd\">\n<td valign=\"middle\" width=\"32\"><\/td>\n<td valign=\"middle\">tens\u00e3o nominal:<\/td>\n<td valign=\"middle\">85v-265v<\/td>\n<\/tr>\n<tr class=\"even\">\n<td valign=\"middle\" width=\"32\"><\/td>\n<td valign=\"middle\">temperatura da luz:<\/td>\n<td valign=\"middle\">3000k - 4000k<\/td>\n<\/tr>\n<tr class=\"odd\">\n<td valign=\"middle\" width=\"32\"><\/td>\n<td valign=\"middle\">cri - \u00edndice de reprodu\u00e7\u00e3o crom\u00e1tica:<\/td>\n<td valign=\"middle\">92<\/td>\n<\/tr>\n<tr class=\"even\">\n<td valign=\"middle\" width=\"32\"><\/td>\n<td valign=\"middle\">material de constru\u00e7\u00e3o:<\/td>\n<td valign=\"middle\">alum\u00ednio +pmma<\/td>\n<\/tr>\n<tr class=\"odd\">\n<td valign=\"middle\" width=\"32\"><\/td>\n<td valign=\"middle\">luminosidade-lm:<\/td>\n<td valign=\"middle\">5600<\/td>\n<\/tr>\n<tr class=\"even\">\n<td valign=\"middle\" width=\"32\"><\/td>\n<td valign=\"middle\">tipo de LEDs:<\/td>\n<td valign=\"middle\">cob bridgelux 130 chip 2240 ds-c30<\/td>\n<\/tr>\n<tr class=\"odd\">\n<td valign=\"middle\" width=\"32\"><\/td>\n<td valign=\"middle\">\u00e2ngulo de abertura (\u00ba):<\/td>\n<td valign=\"middle\">interchangeable angels: 24&ordm; &ndash; 60&ordm;<\/td>\n<\/tr>\n<tr class=\"even\">\n<td valign=\"middle\" width=\"32\"><\/td>\n<td valign=\"middle\">efici\u00eancia do d\u00edodo LED (lm\/w):<\/td>\n<td valign=\"middle\">160 lm\/w<\/td>\n<\/tr>\n<tr class=\"odd\">\n<td valign=\"middle\" width=\"32\"><\/td>\n<td valign=\"middle\">efic\u00e1cia luminosa (lm\/w):<\/td>\n<td valign=\"middle\">140 lm\/w<\/td>\n<\/tr>\n<tr class=\"even\">\n<td valign=\"middle\" width=\"32\"><\/td>\n<td valign=\"middle\">certificados:<\/td>\n<td valign=\"middle\">ce - rohs<\/td>\n<\/tr>\n<\/tbody>\n<\/table>\n<\/div><div class=\"col-xs-12 col-md-6 2\">\n<table class=\"table table-data-sheet 2\">\n<tbody>\n<tr class=\"odd\">\n<td valign=\"middle\" width=\"32\"><\/td>\n<td valign=\"middle\">grau de ip:<\/td>\n<td valign=\"middle\">ip20<\/td>\n<\/tr>\n<tr class=\"even\">\n<td valign=\"middle\" width=\"32\"><\/td>\n<td valign=\"middle\">dura\u00e7\u00e3o estimada do d\u00edodo de led (h):<\/td>\n<td valign=\"middle\">30.000<\/td>\n<\/tr>\n<tr class=\"odd\">\n<td valign=\"middle\" width=\"32\"><\/td>\n<td valign=\"middle\">fator de pot\u00eancia (pf):<\/td>\n<td valign=\"middle\">0.91<\/td>\n<\/tr>\n<tr class=\"even\">\n<td valign=\"middle\" width=\"32\"><\/td>\n<td valign=\"middle\">frequ\u00eancia de funcionamento (hz):<\/td>\n<td valign=\"middle\">50\/60hz<\/td>\n<\/tr>\n<tr class=\"odd\">\n<td valign=\"middle\" width=\"32\"><\/td>\n<td valign=\"middle\">gama de temperaturas (\u00baC):<\/td>\n<td valign=\"middle\">25&ordm;c ~ 45&ordm;c<\/td>\n<\/tr>\n<tr class=\"even\">\n<td valign=\"middle\" width=\"32\"><\/td>\n<td valign=\"middle\">ciclos de igni\u00e7\u00e3o:<\/td>\n<td valign=\"middle\">100.000<\/td>\n<\/tr>\n<tr class=\"odd\">\n<td valign=\"middle\" width=\"32\"><\/td>\n<td valign=\"middle\">tempo de arranque (s):<\/td>\n<td valign=\"middle\">0,2s<\/td>\n<\/tr>\n<tr class=\"even\">\n<td valign=\"middle\" width=\"32\"><\/td>\n<td valign=\"middle\">\u00edndice de encandeamento (ugr):<\/td>\n<td valign=\"middle\">13<\/td>\n<\/tr>\n<tr class=\"odd\">\n<td valign=\"middle\" width=\"32\"><\/td>\n<td valign=\"middle\">condutor inclu\u00eddo:<\/td>\n<td valign=\"middle\"> certadrive<\/td>\n<\/tr>\n<tr class=\"even\">\n<td valign=\"middle\" width=\"32\"><\/td>\n<td valign=\"middle\">classe energ\u00e9tica (2021-EU-2019\/2015):<\/td>\n<td valign=\"middle\">a++<\/td>\n<\/tr>\n<tr class=\"odd\">\n<td valign=\"middle\" width=\"32\"><\/td>\n<td valign=\"middle\">classe energ\u00e9tica (2023 - ue-2019\/2015):<\/td>\n<td valign=\"middle\">d<\/td>\n<\/tr>\n<tr class=\"even\">\n<td valign=\"middle\" width=\"32\"><\/td>\n<td valign=\"middle\">anos de garantia:<\/td>\n<td valign=\"middle\">5<\/td>\n<\/tr>\n<\/tbody>\n<\/table>\n<p>&nbsp;<\/p>\n<\/div><\/h1>","protected":false},"excerpt":{"rendered":"<p><strong>N\u00daMERO DE PE\u00c7A: SLTL40B-PHILIPS-3K<\/strong><p><strong>Destaque ferrovi\u00e1rio<\/strong>&nbsp;Modelo LED&nbsp;<strong>NOVA MAYA<\/strong>&nbsp;pot\u00eancia regul\u00e1vel<strong>&nbsp;40W-38W-36W-34W<\/strong>.  \u00cdndice de restitui\u00e7\u00e3o de cor profissional +92 - Cores profissionais e realistas.  Possui<strong>&nbsp;2 \u00e2ngulos de luz intercambi\u00e1veis - 24\u00ba e 60\u00ba.<\/strong>&nbsp;-. \u00c9 por isso que este projetor \u00e9 perfeito para real\u00e7ar elementos espec\u00edficos, criando assim m\u00faltiplas atmosferas.<\/p><p>Sem brilho<strong>&nbsp;UGR13.&nbsp;<\/strong>Atinge um maior desempenho e durabilidade gra\u00e7as \u00e0 sua<strong>&nbsp;Driver PHILIPS Xitanium.<\/strong><\/p><p><strong>TEMPERATURA DE COR: 3000K\/4000K<\/strong><\/p><div class=\"col-md-12\"><i class=\"fa fa-truck\"><\/i>&nbsp;<span class=\"text-muted textprop\">Entrega em 24\/48 horas<\/span><\/div><div class=\"col-md-12\"><i class=\"fa fa-exchange\"><\/i>&nbsp;<span class=\"text-muted textprop\">Garantia do segurado<\/span><\/div><div class=\"col-md-12\"><i class=\"fa fa-box\"><\/i>&nbsp;<span class=\"text-muted textprop\">20 unidade(s) por Masterbox<\/span><\/div><\/p>","protected":false},"featured_media":0,"template":"","meta":{"site-sidebar-layout":"default","site-content-layout":"default","ast-global-header-display":"","ast-main-header-display":"","ast-hfb-above-header-display":"","ast-hfb-below-header-display":"","ast-hfb-mobile-header-display":"","site-post-title":"","ast-breadcrumbs-content":"","ast-featured-img":"","footer-sml-layout":"","theme-transparent-header-meta":"default","adv-header-id-meta":"","stick-header-meta":"","header-above-stick-meta":"","header-main-stick-meta":"","header-below-stick-meta":""},"product_cat":[32,76],"product_tag":[],"class_list":["post-8592","product","type-product","status-publish","hentry","product_cat-iluminacion-comercial-para-tienda","product_cat-iluminacion-led-carril"],"yoast_head":"<!-- This site is optimized with the Yoast SEO plugin v27.4 - https:\/\/yoast.com\/product\/yoast-seo-wordpress\/ -->\n<title>foco led 40w - 34w maya negro carril trif\u00e1sico driver - cri+92 - ugr13 - high lumen 140lm\/w - STARLED Iluminacion<\/title>\n<meta name=\"robots\" content=\"index, follow, max-snippet:-1, max-image-preview:large, max-video-preview:-1\" \/>\n<link rel=\"canonical\" href=\"https:\/\/starlediluminacion.com\/pt\/product\/foco-led-40w-34w-maya-negro-carril-trifasico-driver-philips-cri92-ugr13-high-lumen-140lm-w\/\" \/>\n<meta property=\"og:locale\" content=\"pt_PT\" \/>\n<meta property=\"og:type\" content=\"article\" \/>\n<meta property=\"og:title\" content=\"foco led 40w - 34w maya negro carril trif\u00e1sico driver - cri+92 - ugr13 - high lumen 140lm\/w - STARLED Iluminacion\" \/>\n<meta property=\"og:description\" content=\"REFERENCIA: SLTL40B-PHILIPS-3K  Foco de Carril\u00a0de LED modelo\u00a0NEW MAYA\u00a0de potencia ajustable\u00a040W-38W-36W-34W.\u00a0 Con \u00edndice de Rendimiento crom\u00e1tico profesional +92 - Colores profesionales y reales -.\u00a0 Dispone de\u00a02 \u00e1ngulos de luz intercambiables - 24\u00ba y 60\u00ba\u00a0-. Por ello este foco es perfecto para realzar elementos concretos, generando de este modo m\u00faltiples ambientes.  No produce deslumbramiento\u00a0UGR13.\u00a0Consigue mayor rendimiento y durabilidad gracias a su\u00a0Driver PHILIPS Xitanium.  TEMPERATURA DE COLOR: 3000K\/4000K \u00a0Entrega en 24\/48 horas \u00a0Garant\u00eda asegurada \u00a020 unidad(es) por Masterbox\" \/>\n<meta property=\"og:url\" content=\"https:\/\/starlediluminacion.com\/pt\/product\/foco-led-40w-34w-maya-negro-carril-trifasico-driver-philips-cri92-ugr13-high-lumen-140lm-w\/\" \/>\n<meta property=\"og:site_name\" content=\"STARLED Iluminacion\" \/>\n<meta property=\"article:modified_time\" content=\"2025-10-18T08:24:57+00:00\" \/>\n<meta name=\"twitter:card\" content=\"summary_large_image\" \/>\n<meta name=\"twitter:label1\" content=\"Tempo estimado de leitura\" \/>\n\t<meta name=\"twitter:data1\" content=\"2 minutos\" \/>\n<script type=\"application\/ld+json\" class=\"yoast-schema-graph\">{\"@context\":\"https:\\\/\\\/schema.org\",\"@graph\":[{\"@type\":\"WebPage\",\"@id\":\"https:\\\/\\\/starlediluminacion.com\\\/en\\\/product\\\/foco-led-40w-34w-maya-negro-carril-trifasico-driver-philips-cri92-ugr13-high-lumen-140lm-w\\\/\",\"url\":\"https:\\\/\\\/starlediluminacion.com\\\/en\\\/product\\\/foco-led-40w-34w-maya-negro-carril-trifasico-driver-philips-cri92-ugr13-high-lumen-140lm-w\\\/\",\"name\":\"foco led 40w - 34w maya negro carril trif\u00e1sico driver - cri+92 - ugr13 - high lumen 140lm\\\/w - STARLED Iluminacion\",\"isPartOf\":{\"@id\":\"https:\\\/\\\/starlediluminacion.com\\\/#website\"},\"datePublished\":\"2023-02-10T10:45:35+00:00\",\"dateModified\":\"2025-10-18T08:24:57+00:00\",\"breadcrumb\":{\"@id\":\"https:\\\/\\\/starlediluminacion.com\\\/en\\\/product\\\/foco-led-40w-34w-maya-negro-carril-trifasico-driver-philips-cri92-ugr13-high-lumen-140lm-w\\\/#breadcrumb\"},\"inLanguage\":\"pt-PT\",\"potentialAction\":[{\"@type\":\"ReadAction\",\"target\":[\"https:\\\/\\\/starlediluminacion.com\\\/en\\\/product\\\/foco-led-40w-34w-maya-negro-carril-trifasico-driver-philips-cri92-ugr13-high-lumen-140lm-w\\\/\"]}]},{\"@type\":\"BreadcrumbList\",\"@id\":\"https:\\\/\\\/starlediluminacion.com\\\/en\\\/product\\\/foco-led-40w-34w-maya-negro-carril-trifasico-driver-philips-cri92-ugr13-high-lumen-140lm-w\\\/#breadcrumb\",\"itemListElement\":[{\"@type\":\"ListItem\",\"position\":1,\"name\":\"Portada\",\"item\":\"https:\\\/\\\/starlediluminacion.com\\\/\"},{\"@type\":\"ListItem\",\"position\":2,\"name\":\"Shop\",\"item\":\"https:\\\/\\\/starlediluminacion.com\\\/shop-2\\\/\"},{\"@type\":\"ListItem\",\"position\":3,\"name\":\"foco led 40w &#8211; 34w maya negro carril trif\u00e1sico driver &#8211; cri+92 &#8211; ugr13 &#8211; high lumen 140lm\\\/w\"}]},{\"@type\":\"WebSite\",\"@id\":\"https:\\\/\\\/starlediluminacion.com\\\/#website\",\"url\":\"https:\\\/\\\/starlediluminacion.com\\\/\",\"name\":\"STARLED Iluminacion\",\"description\":\"\",\"potentialAction\":[{\"@type\":\"SearchAction\",\"target\":{\"@type\":\"EntryPoint\",\"urlTemplate\":\"https:\\\/\\\/starlediluminacion.com\\\/?s={search_term_string}\"},\"query-input\":{\"@type\":\"PropertyValueSpecification\",\"valueRequired\":true,\"valueName\":\"search_term_string\"}}],\"inLanguage\":\"pt-PT\"}]}<\/script>\n<!-- \/ Yoast SEO plugin. -->","yoast_head_json":{"title":"foco led 40w - 34w maya negro carril trif\u00e1sico driver - cri+92 - ugr13 - high lumen 140lm\/w - STARLED Iluminacion","robots":{"index":"index","follow":"follow","max-snippet":"max-snippet:-1","max-image-preview":"max-image-preview:large","max-video-preview":"max-video-preview:-1"},"canonical":"https:\/\/starlediluminacion.com\/pt\/product\/foco-led-40w-34w-maya-negro-carril-trifasico-driver-philips-cri92-ugr13-high-lumen-140lm-w\/","og_locale":"pt_PT","og_type":"article","og_title":"foco led 40w - 34w maya negro carril trif\u00e1sico driver - cri+92 - ugr13 - high lumen 140lm\/w - STARLED Iluminacion","og_description":"REFERENCIA: SLTL40B-PHILIPS-3K  Foco de Carril\u00a0de LED modelo\u00a0NEW MAYA\u00a0de potencia ajustable\u00a040W-38W-36W-34W.\u00a0 Con \u00edndice de Rendimiento crom\u00e1tico profesional +92 - Colores profesionales y reales -.\u00a0 Dispone de\u00a02 \u00e1ngulos de luz intercambiables - 24\u00ba y 60\u00ba\u00a0-. Por ello este foco es perfecto para realzar elementos concretos, generando de este modo m\u00faltiples ambientes.  No produce deslumbramiento\u00a0UGR13.\u00a0Consigue mayor rendimiento y durabilidad gracias a su\u00a0Driver PHILIPS Xitanium.  TEMPERATURA DE COLOR: 3000K\/4000K \u00a0Entrega en 24\/48 horas \u00a0Garant\u00eda asegurada \u00a020 unidad(es) por Masterbox","og_url":"https:\/\/starlediluminacion.com\/pt\/product\/foco-led-40w-34w-maya-negro-carril-trifasico-driver-philips-cri92-ugr13-high-lumen-140lm-w\/","og_site_name":"STARLED Iluminacion","article_modified_time":"2025-10-18T08:24:57+00:00","twitter_card":"summary_large_image","twitter_misc":{"Tempo estimado de leitura":"2 minutos"},"schema":{"@context":"https:\/\/schema.org","@graph":[{"@type":"WebPage","@id":"https:\/\/starlediluminacion.com\/en\/product\/foco-led-40w-34w-maya-negro-carril-trifasico-driver-philips-cri92-ugr13-high-lumen-140lm-w\/","url":"https:\/\/starlediluminacion.com\/en\/product\/foco-led-40w-34w-maya-negro-carril-trifasico-driver-philips-cri92-ugr13-high-lumen-140lm-w\/","name":"foco led 40w - 34w maya negro carril trif\u00e1sico driver - cri+92 - ugr13 - high lumen 140lm\/w - STARLED Iluminacion","isPartOf":{"@id":"https:\/\/starlediluminacion.com\/#website"},"datePublished":"2023-02-10T10:45:35+00:00","dateModified":"2025-10-18T08:24:57+00:00","breadcrumb":{"@id":"https:\/\/starlediluminacion.com\/en\/product\/foco-led-40w-34w-maya-negro-carril-trifasico-driver-philips-cri92-ugr13-high-lumen-140lm-w\/#breadcrumb"},"inLanguage":"pt-PT","potentialAction":[{"@type":"ReadAction","target":["https:\/\/starlediluminacion.com\/en\/product\/foco-led-40w-34w-maya-negro-carril-trifasico-driver-philips-cri92-ugr13-high-lumen-140lm-w\/"]}]},{"@type":"BreadcrumbList","@id":"https:\/\/starlediluminacion.com\/en\/product\/foco-led-40w-34w-maya-negro-carril-trifasico-driver-philips-cri92-ugr13-high-lumen-140lm-w\/#breadcrumb","itemListElement":[{"@type":"ListItem","position":1,"name":"Portada","item":"https:\/\/starlediluminacion.com\/"},{"@type":"ListItem","position":2,"name":"Shop","item":"https:\/\/starlediluminacion.com\/shop-2\/"},{"@type":"ListItem","position":3,"name":"foco led 40w &#8211; 34w maya negro carril trif\u00e1sico driver &#8211; cri+92 &#8211; ugr13 &#8211; high lumen 140lm\/w"}]},{"@type":"WebSite","@id":"https:\/\/starlediluminacion.com\/#website","url":"https:\/\/starlediluminacion.com\/","name":"STARLED Iluminacion","description":"","potentialAction":[{"@type":"SearchAction","target":{"@type":"EntryPoint","urlTemplate":"https:\/\/starlediluminacion.com\/?s={search_term_string}"},"query-input":{"@type":"PropertyValueSpecification","valueRequired":true,"valueName":"search_term_string"}}],"inLanguage":"pt-PT"}]}},"_links":{"self":[{"href":"https:\/\/starlediluminacion.com\/pt\/wp-json\/wp\/v3\/product\/8592","targetHints":{"allow":["GET"]}}],"collection":[{"href":"https:\/\/starlediluminacion.com\/pt\/wp-json\/wp\/v3\/product"}],"about":[{"href":"https:\/\/starlediluminacion.com\/pt\/wp-json\/wp\/v2\/types\/product"}],"wp:attachment":[{"href":"https:\/\/starlediluminacion.com\/pt\/wp-json\/wp\/v2\/media?parent=8592"}],"wp:term":[{"taxonomy":"product_cat","embeddable":true,"href":"https:\/\/starlediluminacion.com\/pt\/wp-json\/wp\/v2\/product_cat?post=8592"},{"taxonomy":"product_tag","embeddable":true,"href":"https:\/\/starlediluminacion.com\/pt\/wp-json\/wp\/v2\/product_tag?post=8592"}],"curies":[{"name":"wp","href":"https:\/\/api.w.org\/{rel}","templated":true}]}}