{"id":8367,"date":"2022-12-05T09:41:50","date_gmt":"2022-12-05T09:41:50","guid":{"rendered":"https:\/\/starlediluminacion.com\/?post_type=product&#038;p=8367"},"modified":"2023-02-10T09:40:13","modified_gmt":"2023-02-10T09:40:13","slug":"driver-programable-regulable-moso-x6-075m-para-luminarias-led-de-hasta-75w-5-anos-garantia","status":"publish","type":"product","link":"https:\/\/starlediluminacion.com\/pt\/product\/condutor-programavel-condutor-moso-x6-075m-para-luminarias-guarantia-ate-75w-5-anos\/","title":{"rendered":"<p>MOSO X6-075M Condutor program\u00e1vel com regula\u00e7\u00e3o de fluxo luminoso para lumin\u00e1rias LED at\u00e9 75W - 5 anos Garantia<\/p>"},"content":{"rendered":"<p><label>REFER\u00caNCIA:<span style=\"font-size: 16px;\"> SL<\/span><span class=\"editable\" style=\"font-size: 16px;\">MOSO-75W-PR<\/span><\/label><p>O<strong>&nbsp;Controlador LED MOSO - Regul\u00e1vel e program\u00e1vel - X6-075M -&nbsp;<\/strong>para lumin\u00e1rias<strong>&nbsp;LEDs at\u00e9 75W,<\/strong>&nbsp;vem pronto para opera\u00e7\u00e3o em excesso de&nbsp;<strong>50.000 horas (13 anos de vida a 10 horas\/365 dias).&nbsp;<\/strong>Tens\u00e3o de entrada universal \/ gama alta: 90 a 305 V AC. Protec\u00e7\u00e3o contra sobretens\u00f5es: 5KV linha a linha, 10KV linha a terra. Corrente de sa\u00edda ajust\u00e1vel e program\u00e1vel (AOC). 3 em 1 regul\u00e1vel: 0 ~ 10Vdc, PWM, temporizador de escurecimento. Dimit\u00e1vel a desligado. Caixa compacta de alum\u00ednio com isolamento t\u00e9rmico perfeito. IP67. Com a fun\u00e7\u00e3o de registo \"BLACK BOX\". 7 passos de programa\u00e7\u00e3o.<\/p><h1>MOSO X6-075M Condutor program\u00e1vel com regula\u00e7\u00e3o de fluxo luminoso para lumin\u00e1rias LED at\u00e9 75W - 5 anos Garantia<\/h1><p>O&nbsp;<strong>MOSO PROGRAMAM\u00c1VEL condutor&nbsp;<\/strong>s\u00e3o especificamente concebidos para a m\u00e1xima fiabilidade e flexibilidade em aplica\u00e7\u00f5es de ilumina\u00e7\u00e3o p\u00fablica exterior LED de rua.<\/p><p>&nbsp;<\/p><p>Apresentando um protector de surto, estes Condutores s\u00e3o muito dur\u00e1veis com uma longa vida \u00fatil.&nbsp;<b>vida \u00fatil superior a 50.000 horas (13 anos a 10 horas\/dia de utiliza\u00e7\u00e3o)&nbsp;<\/b>que proporcionam um desempenho consistentemente elevado da lumin\u00e1ria, mesmo ap\u00f3s m\u00faltiplas descargas atmosf\u00e9ricas indirectas (protec\u00e7\u00e3o especial para utiliza\u00e7\u00e3o no exterior).<\/p><p>O Controlador program\u00e1vel permite que o brilho seja alterado automaticamente para se adaptar inteligentemente aos diferentes cen\u00e1rios nocturnos necess\u00e1rios na lumin\u00e1ria. S\u00e3o poss\u00edveis at\u00e9 7 passos de programa\u00e7\u00e3o diferentes.<\/p><p>Tamb\u00e9m permite programar a dura\u00e7\u00e3o das mudan\u00e7as de transi\u00e7\u00e3o, para que as linhas el\u00e9ctricas e os conectores el\u00e9ctricos n\u00e3o sofram durante as mudan\u00e7as de pot\u00eancia; por exemplo, \u00e9 poss\u00edvel programar o arranque das linhas a ser feito progressivamente durante 60 segundos, evitando assim sobrecargas nos conectores e linhas el\u00e9ctricas.<\/p><h2><\/h2><h2><strong>Benef\u00edcios:<\/strong><\/h2><ul>\n<li>Tens\u00e3o de entrada universal \/ gama alta: 90 a 305 V AC.<\/li>\n<li>Protec\u00e7\u00e3o contra sobretens\u00f5es: 5KV linha a linha, 10KV linha a terra.<\/li>\n<li>AOC (<strong>Corrente de sa\u00edda ajust\u00e1vel<\/strong>) d\u00e1 a flexibilidade total para produzir diferentes correntes de acordo com as especifica\u00e7\u00f5es em diferentes projectos: Regul\u00e1vel 3 em 1: 0 ~ 10Vdc, PWM, temporizador de escurecimento. Dimit\u00e1vel a desligado.<\/li>\n<li>Caixa compacta de alum\u00ednio com isolamento t\u00e9rmico perfeito.<\/li>\n<li>Excelente protec\u00e7\u00e3o IP67 contra \u00e1gua e poeira.<\/li>\n<li>Tem uma fun\u00e7\u00e3o de grava\u00e7\u00e3o \"BLACK BOX\" integrada para facilitar o diagn\u00f3stico de poss\u00edveis avarias.<\/li>\n<li>Alta qualidade de luz durante o ciclo de vida do condutor, pois permite aumentar os miliamperes do condutor e aumentar a luminosidade da lumin\u00e1ria para adaptar a perda de luminosidade dos diodos \u00e0 luminosidade real que a lumin\u00e1ria tem de fornecer ao longo da sua vida \u00fatil.<\/li>\n<li>Especifica\u00e7\u00f5es robustas para protec\u00e7\u00e3o contra humidade, vibra\u00e7\u00f5es e temperaturas extremas.<\/li>\n<li>5 anos de garantia.<\/li>\n<\/ul><p>&nbsp;<\/p><h2><\/h2><h2>MOSO X6-075M Aplica\u00e7\u00f5es de Driver Program\u00e1vel para Lumin\u00e1rias LED at\u00e9 75W - Garantia de 5 anos<\/h2><p>? Ilumina\u00e7\u00e3o de ruas e estradas.<br>\n? Ilumina\u00e7\u00e3o de grandes \u00e1reas.<br>\n? ilumina\u00e7\u00e3o de t\u00faneis.<br>\n? Ilumina\u00e7\u00e3o de alta altura.<\/p><h3 class=\"page-product-heading\">DADOS T\u00c9CNICOS<\/h3><div class=\"col-xs-12 col-md-6\">\n<table class=\"table table-data-sheet 1\">\n<tbody>\n<tr class=\"odd\">\n<td valign=\"middle\" width=\"32\"><\/td>\n<td valign=\"middle\">REFER\u00caNCIA :<\/td>\n<td valign=\"middle\">SLMOSO-75W-PR<\/td>\n<\/tr>\n<tr class=\"even\">\n<td valign=\"middle\" width=\"32\"><\/td>\n<td valign=\"middle\">Pot\u00eancia nominal :<\/td>\n<td valign=\"middle\">65W<\/td>\n<\/tr>\n<tr class=\"odd\">\n<td valign=\"middle\" width=\"32\"><\/td>\n<td valign=\"middle\">Tens\u00e3o Nominal:<\/td>\n<td valign=\"middle\">220-240V<\/td>\n<\/tr>\n<tr class=\"even\">\n<td valign=\"middle\" width=\"32\"><\/td>\n<td valign=\"middle\">Material de constru\u00e7\u00e3o:<\/td>\n<td valign=\"middle\">Alum\u00ednio<\/td>\n<\/tr>\n<tr class=\"odd\">\n<td valign=\"middle\" width=\"32\"><\/td>\n<td valign=\"middle\">Certificados:<\/td>\n<td valign=\"middle\">CE - ENEC 05 - CCC - RoHS<\/td>\n<\/tr>\n<tr class=\"even\">\n<td valign=\"middle\" width=\"32\"><\/td>\n<td valign=\"middle\">Classifica\u00e7\u00e3o IP:<\/td>\n<td valign=\"middle\">IP67-Outdoor<\/td>\n<\/tr>\n<\/tbody>\n<\/table>\n<\/div><div class=\"col-xs-12 col-md-6 2\">\n<table class=\"table table-data-sheet 2\">\n<tbody>\n<tr class=\"odd\">\n<td valign=\"middle\" width=\"32\"><\/td>\n<td valign=\"middle\">Dimens\u00f5es (mm):<\/td>\n<td valign=\"middle\">15*4,5*7cm<\/td>\n<\/tr>\n<tr class=\"even\">\n<td valign=\"middle\" width=\"32\"><\/td>\n<td valign=\"middle\">Factor de pot\u00eancia (PF):<\/td>\n<td valign=\"middle\">0.95<\/td>\n<\/tr>\n<tr class=\"odd\">\n<td valign=\"middle\" width=\"32\"><\/td>\n<td valign=\"middle\">Frequ\u00eancia de trabalho (Hz):<\/td>\n<td valign=\"middle\">50\/60Hz<\/td>\n<\/tr>\n<tr class=\"even\">\n<td valign=\"middle\" width=\"32\"><\/td>\n<td valign=\"middle\">Gama de temperaturas (\u00baC):<\/td>\n<td valign=\"middle\">-40\u00baC +55\u00baC<\/td>\n<\/tr>\n<tr class=\"odd\">\n<td valign=\"middle\" width=\"32\"><\/td>\n<td valign=\"middle\">Informa\u00e7\u00e3o adicional:<\/td>\n<td valign=\"middle\">Interior: AC220-240V - Exterior: DC31-93V - 0.3A-1.05Adc<\/td>\n<\/tr>\n<tr class=\"even\">\n<td valign=\"middle\" width=\"32\"><\/td>\n<td valign=\"middle\">Anos de garantia:<\/td>\n<td valign=\"middle\">5<\/td>\n<\/tr>\n<\/tbody>\n<\/table>\n<p>&nbsp;<\/p>\n<\/div><\/p>","protected":false},"excerpt":{"rendered":"<div class=\"col-md-12\"><i class=\"fa fa-truck\"><\/i>&nbsp;<span class=\"text-muted textprop\">Entrega em 24\/48 horas<\/span><div class=\"col-md-12\"><i class=\"fa fa-exchange\"><\/i>&nbsp;<span class=\"text-muted textprop\">Garantia do segurado<\/span><\/div><div class=\"col-md-12\"><i class=\"fa fa-box\"><\/i>&nbsp;<span class=\"text-muted textprop\">1 unidade(s) por Masterbox<\/span><\/div><\/div>","protected":false},"featured_media":8377,"template":"","meta":{"site-sidebar-layout":"default","site-content-layout":"default","ast-global-header-display":"","ast-main-header-display":"","ast-hfb-above-header-display":"","ast-hfb-below-header-display":"","ast-hfb-mobile-header-display":"","site-post-title":"","ast-breadcrumbs-content":"","ast-featured-img":"","footer-sml-layout":"","theme-transparent-header-meta":"default","adv-header-id-meta":"","stick-header-meta":"","header-above-stick-meta":"","header-main-stick-meta":"","header-below-stick-meta":""},"product_cat":[75,35],"product_tag":[],"class_list":["post-8367","product","type-product","status-publish","has-post-thumbnail","hentry","product_cat-drivers-led","product_cat-fuentes-de-alimentacion-y-driver"],"yoast_head":"<!-- This site is optimized with the Yoast SEO plugin v27.4 - https:\/\/yoast.com\/product\/yoast-seo-wordpress\/ -->\n<title>Driver Programable Regulable MOSO X6-075M para Luminarias LED de hasta 75W - 5 a\u00f1os Garant\u00eda - STARLED Iluminacion<\/title>\n<meta name=\"robots\" content=\"index, follow, max-snippet:-1, max-image-preview:large, max-video-preview:-1\" \/>\n<link rel=\"canonical\" href=\"https:\/\/starlediluminacion.com\/pt\/product\/condutor-programavel-condutor-moso-x6-075m-para-luminarias-guarantia-ate-75w-5-anos\/\" \/>\n<meta property=\"og:locale\" content=\"pt_PT\" \/>\n<meta property=\"og:type\" content=\"article\" \/>\n<meta property=\"og:title\" content=\"Driver Programable Regulable MOSO X6-075M para Luminarias LED de hasta 75W - 5 a\u00f1os Garant\u00eda - STARLED Iluminacion\" \/>\n<meta property=\"og:description\" content=\"\u00a0Entrega en 24\/48 horas \u00a0Garant\u00eda asegurada \u00a01 unidad(es) por Masterbox\" \/>\n<meta property=\"og:url\" content=\"https:\/\/starlediluminacion.com\/pt\/product\/condutor-programavel-condutor-moso-x6-075m-para-luminarias-guarantia-ate-75w-5-anos\/\" \/>\n<meta property=\"og:site_name\" content=\"STARLED Iluminacion\" \/>\n<meta property=\"article:modified_time\" content=\"2023-02-10T09:40:13+00:00\" \/>\n<meta property=\"og:image\" content=\"https:\/\/starlediluminacion.com\/wp-content\/uploads\/2022\/12\/driver-programable-regulable-moso-x6-075m-para-luminarias-led-de-hasta-75w-5-anos-garantia-factorled.jpg\" \/>\n\t<meta property=\"og:image:width\" content=\"1000\" \/>\n\t<meta property=\"og:image:height\" content=\"1000\" \/>\n\t<meta property=\"og:image:type\" content=\"image\/jpeg\" \/>\n<meta name=\"twitter:card\" content=\"summary_large_image\" \/>\n<meta name=\"twitter:label1\" content=\"Tempo estimado de leitura\" \/>\n\t<meta name=\"twitter:data1\" content=\"3 minutos\" \/>\n<script type=\"application\/ld+json\" class=\"yoast-schema-graph\">{\"@context\":\"https:\\\/\\\/schema.org\",\"@graph\":[{\"@type\":\"WebPage\",\"@id\":\"https:\\\/\\\/starlediluminacion.com\\\/producto\\\/driver-programable-regulable-moso-x6-075m-para-luminarias-led-de-hasta-75w-5-anos-garantia\\\/\",\"url\":\"https:\\\/\\\/starlediluminacion.com\\\/producto\\\/driver-programable-regulable-moso-x6-075m-para-luminarias-led-de-hasta-75w-5-anos-garantia\\\/\",\"name\":\"Driver Programable Regulable MOSO X6-075M para Luminarias LED de hasta 75W - 5 a\u00f1os Garant\u00eda - STARLED Iluminacion\",\"isPartOf\":{\"@id\":\"https:\\\/\\\/starlediluminacion.com\\\/#website\"},\"primaryImageOfPage\":{\"@id\":\"https:\\\/\\\/starlediluminacion.com\\\/producto\\\/driver-programable-regulable-moso-x6-075m-para-luminarias-led-de-hasta-75w-5-anos-garantia\\\/#primaryimage\"},\"image\":{\"@id\":\"https:\\\/\\\/starlediluminacion.com\\\/producto\\\/driver-programable-regulable-moso-x6-075m-para-luminarias-led-de-hasta-75w-5-anos-garantia\\\/#primaryimage\"},\"thumbnailUrl\":\"https:\\\/\\\/starlediluminacion.com\\\/wp-content\\\/uploads\\\/2022\\\/12\\\/driver-programable-regulable-moso-x6-075m-para-luminarias-led-de-hasta-75w-5-anos-garantia-factorled.jpg\",\"datePublished\":\"2022-12-05T09:41:50+00:00\",\"dateModified\":\"2023-02-10T09:40:13+00:00\",\"breadcrumb\":{\"@id\":\"https:\\\/\\\/starlediluminacion.com\\\/producto\\\/driver-programable-regulable-moso-x6-075m-para-luminarias-led-de-hasta-75w-5-anos-garantia\\\/#breadcrumb\"},\"inLanguage\":\"pt-PT\",\"potentialAction\":[{\"@type\":\"ReadAction\",\"target\":[\"https:\\\/\\\/starlediluminacion.com\\\/producto\\\/driver-programable-regulable-moso-x6-075m-para-luminarias-led-de-hasta-75w-5-anos-garantia\\\/\"]}]},{\"@type\":\"ImageObject\",\"inLanguage\":\"pt-PT\",\"@id\":\"https:\\\/\\\/starlediluminacion.com\\\/producto\\\/driver-programable-regulable-moso-x6-075m-para-luminarias-led-de-hasta-75w-5-anos-garantia\\\/#primaryimage\",\"url\":\"https:\\\/\\\/starlediluminacion.com\\\/wp-content\\\/uploads\\\/2022\\\/12\\\/driver-programable-regulable-moso-x6-075m-para-luminarias-led-de-hasta-75w-5-anos-garantia-factorled.jpg\",\"contentUrl\":\"https:\\\/\\\/starlediluminacion.com\\\/wp-content\\\/uploads\\\/2022\\\/12\\\/driver-programable-regulable-moso-x6-075m-para-luminarias-led-de-hasta-75w-5-anos-garantia-factorled.jpg\",\"width\":1000,\"height\":1000},{\"@type\":\"BreadcrumbList\",\"@id\":\"https:\\\/\\\/starlediluminacion.com\\\/producto\\\/driver-programable-regulable-moso-x6-075m-para-luminarias-led-de-hasta-75w-5-anos-garantia\\\/#breadcrumb\",\"itemListElement\":[{\"@type\":\"ListItem\",\"position\":1,\"name\":\"Portada\",\"item\":\"https:\\\/\\\/starlediluminacion.com\\\/\"},{\"@type\":\"ListItem\",\"position\":2,\"name\":\"Shop\",\"item\":\"https:\\\/\\\/starlediluminacion.com\\\/shop-2\\\/\"},{\"@type\":\"ListItem\",\"position\":3,\"name\":\"Driver Programable Regulable MOSO X6-075M para Luminarias LED de hasta 75W &#8211; 5 a\u00f1os Garant\u00eda\"}]},{\"@type\":\"WebSite\",\"@id\":\"https:\\\/\\\/starlediluminacion.com\\\/#website\",\"url\":\"https:\\\/\\\/starlediluminacion.com\\\/\",\"name\":\"STARLED Iluminacion\",\"description\":\"\",\"potentialAction\":[{\"@type\":\"SearchAction\",\"target\":{\"@type\":\"EntryPoint\",\"urlTemplate\":\"https:\\\/\\\/starlediluminacion.com\\\/?s={search_term_string}\"},\"query-input\":{\"@type\":\"PropertyValueSpecification\",\"valueRequired\":true,\"valueName\":\"search_term_string\"}}],\"inLanguage\":\"pt-PT\"}]}<\/script>\n<!-- \/ Yoast SEO plugin. -->","yoast_head_json":{"title":"Driver Programable Regulable MOSO X6-075M para Luminarias LED de hasta 75W - 5 a\u00f1os Garant\u00eda - STARLED Iluminacion","robots":{"index":"index","follow":"follow","max-snippet":"max-snippet:-1","max-image-preview":"max-image-preview:large","max-video-preview":"max-video-preview:-1"},"canonical":"https:\/\/starlediluminacion.com\/pt\/product\/condutor-programavel-condutor-moso-x6-075m-para-luminarias-guarantia-ate-75w-5-anos\/","og_locale":"pt_PT","og_type":"article","og_title":"Driver Programable Regulable MOSO X6-075M para Luminarias LED de hasta 75W - 5 a\u00f1os Garant\u00eda - STARLED Iluminacion","og_description":"\u00a0Entrega en 24\/48 horas \u00a0Garant\u00eda asegurada \u00a01 unidad(es) por Masterbox","og_url":"https:\/\/starlediluminacion.com\/pt\/product\/condutor-programavel-condutor-moso-x6-075m-para-luminarias-guarantia-ate-75w-5-anos\/","og_site_name":"STARLED Iluminacion","article_modified_time":"2023-02-10T09:40:13+00:00","og_image":[{"width":1000,"height":1000,"url":"https:\/\/starlediluminacion.com\/wp-content\/uploads\/2022\/12\/driver-programable-regulable-moso-x6-075m-para-luminarias-led-de-hasta-75w-5-anos-garantia-factorled.jpg","type":"image\/jpeg"}],"twitter_card":"summary_large_image","twitter_misc":{"Tempo estimado de leitura":"3 minutos"},"schema":{"@context":"https:\/\/schema.org","@graph":[{"@type":"WebPage","@id":"https:\/\/starlediluminacion.com\/producto\/driver-programable-regulable-moso-x6-075m-para-luminarias-led-de-hasta-75w-5-anos-garantia\/","url":"https:\/\/starlediluminacion.com\/producto\/driver-programable-regulable-moso-x6-075m-para-luminarias-led-de-hasta-75w-5-anos-garantia\/","name":"Driver Programable Regulable MOSO X6-075M para Luminarias LED de hasta 75W - 5 a\u00f1os Garant\u00eda - STARLED Iluminacion","isPartOf":{"@id":"https:\/\/starlediluminacion.com\/#website"},"primaryImageOfPage":{"@id":"https:\/\/starlediluminacion.com\/producto\/driver-programable-regulable-moso-x6-075m-para-luminarias-led-de-hasta-75w-5-anos-garantia\/#primaryimage"},"image":{"@id":"https:\/\/starlediluminacion.com\/producto\/driver-programable-regulable-moso-x6-075m-para-luminarias-led-de-hasta-75w-5-anos-garantia\/#primaryimage"},"thumbnailUrl":"https:\/\/starlediluminacion.com\/wp-content\/uploads\/2022\/12\/driver-programable-regulable-moso-x6-075m-para-luminarias-led-de-hasta-75w-5-anos-garantia-factorled.jpg","datePublished":"2022-12-05T09:41:50+00:00","dateModified":"2023-02-10T09:40:13+00:00","breadcrumb":{"@id":"https:\/\/starlediluminacion.com\/producto\/driver-programable-regulable-moso-x6-075m-para-luminarias-led-de-hasta-75w-5-anos-garantia\/#breadcrumb"},"inLanguage":"pt-PT","potentialAction":[{"@type":"ReadAction","target":["https:\/\/starlediluminacion.com\/producto\/driver-programable-regulable-moso-x6-075m-para-luminarias-led-de-hasta-75w-5-anos-garantia\/"]}]},{"@type":"ImageObject","inLanguage":"pt-PT","@id":"https:\/\/starlediluminacion.com\/producto\/driver-programable-regulable-moso-x6-075m-para-luminarias-led-de-hasta-75w-5-anos-garantia\/#primaryimage","url":"https:\/\/starlediluminacion.com\/wp-content\/uploads\/2022\/12\/driver-programable-regulable-moso-x6-075m-para-luminarias-led-de-hasta-75w-5-anos-garantia-factorled.jpg","contentUrl":"https:\/\/starlediluminacion.com\/wp-content\/uploads\/2022\/12\/driver-programable-regulable-moso-x6-075m-para-luminarias-led-de-hasta-75w-5-anos-garantia-factorled.jpg","width":1000,"height":1000},{"@type":"BreadcrumbList","@id":"https:\/\/starlediluminacion.com\/producto\/driver-programable-regulable-moso-x6-075m-para-luminarias-led-de-hasta-75w-5-anos-garantia\/#breadcrumb","itemListElement":[{"@type":"ListItem","position":1,"name":"Portada","item":"https:\/\/starlediluminacion.com\/"},{"@type":"ListItem","position":2,"name":"Shop","item":"https:\/\/starlediluminacion.com\/shop-2\/"},{"@type":"ListItem","position":3,"name":"Driver Programable Regulable MOSO X6-075M para Luminarias LED de hasta 75W &#8211; 5 a\u00f1os Garant\u00eda"}]},{"@type":"WebSite","@id":"https:\/\/starlediluminacion.com\/#website","url":"https:\/\/starlediluminacion.com\/","name":"STARLED Iluminacion","description":"","potentialAction":[{"@type":"SearchAction","target":{"@type":"EntryPoint","urlTemplate":"https:\/\/starlediluminacion.com\/?s={search_term_string}"},"query-input":{"@type":"PropertyValueSpecification","valueRequired":true,"valueName":"search_term_string"}}],"inLanguage":"pt-PT"}]}},"_links":{"self":[{"href":"https:\/\/starlediluminacion.com\/pt\/wp-json\/wp\/v3\/product\/8367","targetHints":{"allow":["GET"]}}],"collection":[{"href":"https:\/\/starlediluminacion.com\/pt\/wp-json\/wp\/v3\/product"}],"about":[{"href":"https:\/\/starlediluminacion.com\/pt\/wp-json\/wp\/v2\/types\/product"}],"wp:featuredmedia":[{"embeddable":true,"href":"https:\/\/starlediluminacion.com\/pt\/wp-json\/wp\/v2\/media\/8377"}],"wp:attachment":[{"href":"https:\/\/starlediluminacion.com\/pt\/wp-json\/wp\/v2\/media?parent=8367"}],"wp:term":[{"taxonomy":"product_cat","embeddable":true,"href":"https:\/\/starlediluminacion.com\/pt\/wp-json\/wp\/v2\/product_cat?post=8367"},{"taxonomy":"product_tag","embeddable":true,"href":"https:\/\/starlediluminacion.com\/pt\/wp-json\/wp\/v2\/product_tag?post=8367"}],"curies":[{"name":"wp","href":"https:\/\/api.w.org\/{rel}","templated":true}]}}