{"id":8348,"date":"2022-11-23T10:31:16","date_gmt":"2022-11-23T10:31:16","guid":{"rendered":"https:\/\/starlediluminacion.com\/?post_type=product&#038;p=8348"},"modified":"2025-10-18T08:22:12","modified_gmt":"2025-10-18T08:22:12","slug":"pack-10-panel-led-62x62-44w-philips-certadrive-ugr17-cri92","status":"publish","type":"product","link":"https:\/\/starlediluminacion.com\/pt\/product\/pack-10-panel-led-62x62-44w-philips-certadrive-ugr17-cri92\/","title":{"rendered":"<p>pack 10 painel led 62\u00d762 44w certadrive - ugr17 - cri+92<\/p>"},"content":{"rendered":"<p>referencia: slpnphl44w-62\u00d762-90857<h3>este produto \u00e9 vendido em caixas completas de 10 unidades.<strong>&nbsp;1 caixa = 10 pain\u00e9is LED<\/strong><\/h3><p>sobre<strong>&nbsp;painel<\/strong>&nbsp;<strong>led certa driver 44w<\/strong>&nbsp;com d\u00edodos de alto brilho e medi\u00e7\u00e3o de&nbsp;<strong>62\u00d762<\/strong>&nbsp;\u00e9 um produto perfeito para&nbsp;<strong>tectos<\/strong>&nbsp;A lumin\u00e1ria pode ser instalada de forma desmont\u00e1vel.&nbsp;<strong>encastrada<\/strong>&nbsp;com o conversor, em&nbsp;<strong>superf\u00edcie<\/strong>&nbsp;e em suspens\u00e3o com o nosso<strong>&nbsp;<\/strong>kit de suspens\u00e3o. 3 anos de garantia + 2 anos adicionais =.<strong>&nbsp;5 anos de garantia.<\/strong><\/p><h1>painel led 62\u00d762 44w certadrive - ugr17 - cri+92<\/h1><p><strong>painel de led moldura branca<\/strong>&nbsp;<strong>44w<\/strong>&nbsp;<strong>620 mm x 620 mm&nbsp;<\/strong>tem um acabamento elegante e um design ultrafino em alum\u00ednio lacado cozido.<\/p><p>o seu d\u00edodo efetivo&nbsp;<strong>smd 2835<\/strong>&nbsp;alto brilho e a sua&nbsp;<strong>fator de pot\u00eancia de 0,91<\/strong>Isto permite-lhe emitir uma luz uniforme em todo o painel, o que, juntamente com o seu pmma \u00f3tico altamente refletor, aproveita ao m\u00e1ximo a luminosidade emitida pelo conjunto de d\u00edodos LED, o que permite compar\u00e1-lo com pain\u00e9is fluorescentes convencionais de at\u00e9 85w, conseguindo uma enorme poupan\u00e7a de energia.<\/p><p>com o seu sistema de arranque imediato e sem cintila\u00e7\u00e3o gra\u00e7as \u00e0&nbsp;<strong>condutor de alta qualidade<\/strong>Este painel LED \u00e9 ideal para locais onde se pretende maximizar o espa\u00e7o iluminado, projectando a luz de forma uniforme e sem encandeamento.&nbsp;<strong>120\u00ba<\/strong>&nbsp;torna-o perfeito para utiliza\u00e7\u00e3o em \u00e1reas interiores profissionais, uma vez que \u00e9 um&nbsp;<strong>ip40.<\/strong><\/p><p>sobre&nbsp;<strong>painel<\/strong>&nbsp;a partir de&nbsp;<strong>44w<\/strong>&nbsp;moldura branca, tamb\u00e9m pode ser suspenso ou montado \u00e0 superf\u00edcie. Para ser instalado no teto, o painel requer a&nbsp;<strong>kit de superf\u00edcie ou kit de suspens\u00e3o<\/strong>.<\/p><p>&nbsp;<\/p><h2>utiliza\u00e7\u00f5es do painel de leds 62\u00d762 44w certadrive - ugr17 - cri+92<\/h2><ul>\n<li>escrit\u00f3rios<\/li>\n<li>centros comerciais<\/li>\n<li>museus<\/li>\n<li>hospitais<\/li>\n<li>escolas ou universidades<\/li>\n<li>armaz\u00e9ns<\/li>\n<li>restaurantes<\/li>\n<\/ul><h3 class=\"page-product-heading\">pormenores t\u00e9cnicos<\/h3><div class=\"col-xs-12 col-md-6\">\n<table class=\"table table-data-sheet 1\">\n<tbody>\n<tr class=\"odd\">\n<td valign=\"middle\" width=\"32\"><\/td>\n<td valign=\"middle\">refer\u00eancia :<\/td>\n<td valign=\"middle\">slpnphl44w-62\u00d762<\/td>\n<\/tr>\n<tr class=\"even\">\n<td valign=\"middle\" width=\"32\"><\/td>\n<td valign=\"middle\">pot\u00eancia nominal :<\/td>\n<td valign=\"middle\">44w<\/td>\n<\/tr>\n<tr class=\"odd\">\n<td valign=\"middle\" width=\"32\"><\/td>\n<td valign=\"middle\">tens\u00e3o nominal:<\/td>\n<td valign=\"middle\">175-265v<\/td>\n<\/tr>\n<tr class=\"even\">\n<td valign=\"middle\" width=\"32\"><\/td>\n<td valign=\"middle\">temperatura da luz:<\/td>\n<td valign=\"middle\">4000k-6000k<\/td>\n<\/tr>\n<tr class=\"odd\">\n<td valign=\"middle\" width=\"32\"><\/td>\n<td valign=\"middle\">cri - \u00edndice de reprodu\u00e7\u00e3o crom\u00e1tica:<\/td>\n<td valign=\"middle\">92<\/td>\n<\/tr>\n<tr class=\"even\">\n<td valign=\"middle\" width=\"32\"><\/td>\n<td valign=\"middle\">material de constru\u00e7\u00e3o:<\/td>\n<td valign=\"middle\">alum\u00ednio +pc<\/td>\n<\/tr>\n<tr class=\"odd\">\n<td valign=\"middle\" width=\"32\"><\/td>\n<td valign=\"middle\">luminosidade-lm:<\/td>\n<td valign=\"middle\">5280<\/td>\n<\/tr>\n<tr class=\"even\">\n<td valign=\"middle\" width=\"32\"><\/td>\n<td valign=\"middle\">tipo de LEDs:<\/td>\n<td valign=\"middle\">smd 2835<\/td>\n<\/tr>\n<tr class=\"odd\">\n<td valign=\"middle\" width=\"32\"><\/td>\n<td valign=\"middle\">\u00e2ngulo de abertura (\u00ba):<\/td>\n<td valign=\"middle\">120\u00b0<\/td>\n<\/tr>\n<tr class=\"even\">\n<td valign=\"middle\" width=\"32\"><\/td>\n<td valign=\"middle\">efici\u00eancia do d\u00edodo LED (lm\/w):<\/td>\n<td valign=\"middle\">160 lm\/w<\/td>\n<\/tr>\n<tr class=\"odd\">\n<td valign=\"middle\" width=\"32\"><\/td>\n<td valign=\"middle\">efic\u00e1cia luminosa (lm\/w):<\/td>\n<td valign=\"middle\">120 lm\/w<\/td>\n<\/tr>\n<tr class=\"even\">\n<td valign=\"middle\" width=\"32\"><\/td>\n<td valign=\"middle\">certificados:<\/td>\n<td valign=\"middle\">c-tick \/ cb \/ ccc \/ ce \/ enec \/ kc \/ tisi<\/td>\n<\/tr>\n<\/tbody>\n<\/table>\n<\/div><div class=\"col-xs-12 col-md-6 2\">\n<table class=\"table table-data-sheet 2\">\n<tbody>\n<tr class=\"odd\">\n<td valign=\"middle\" width=\"32\"><\/td>\n<td valign=\"middle\">grau de ip:<\/td>\n<td valign=\"middle\">ip40<\/td>\n<\/tr>\n<tr class=\"even\">\n<td valign=\"middle\" width=\"32\"><\/td>\n<td valign=\"middle\">dura\u00e7\u00e3o estimada do d\u00edodo de led (h):<\/td>\n<td valign=\"middle\">50.000<\/td>\n<\/tr>\n<tr class=\"odd\">\n<td valign=\"middle\" width=\"32\"><\/td>\n<td valign=\"middle\">dimens\u00f5es (mm):<\/td>\n<td valign=\"middle\">620x620mm x h30mm<\/td>\n<\/tr>\n<tr class=\"even\">\n<td valign=\"middle\" width=\"32\"><\/td>\n<td valign=\"middle\">fator de pot\u00eancia (pf):<\/td>\n<td valign=\"middle\">0,91<\/td>\n<\/tr>\n<tr class=\"odd\">\n<td valign=\"middle\" width=\"32\"><\/td>\n<td valign=\"middle\">frequ\u00eancia de funcionamento (hz):<\/td>\n<td valign=\"middle\">50\/60hz<\/td>\n<\/tr>\n<tr class=\"even\">\n<td valign=\"middle\" width=\"32\"><\/td>\n<td valign=\"middle\">gama de temperaturas (\u00baC):<\/td>\n<td valign=\"middle\">-20\u00b0c ~ +55\u00b0c<\/td>\n<\/tr>\n<tr class=\"odd\">\n<td valign=\"middle\" width=\"32\"><\/td>\n<td valign=\"middle\">ciclos de igni\u00e7\u00e3o:<\/td>\n<td valign=\"middle\">100.000<\/td>\n<\/tr>\n<tr class=\"even\">\n<td valign=\"middle\" width=\"32\"><\/td>\n<td valign=\"middle\">tempo de arranque (s):<\/td>\n<td valign=\"middle\">0,2s<\/td>\n<\/tr>\n<tr class=\"odd\">\n<td valign=\"middle\" width=\"32\"><\/td>\n<td valign=\"middle\">\u00edndice de encandeamento (ugr):<\/td>\n<td valign=\"middle\">17<\/td>\n<\/tr>\n<tr class=\"even\">\n<td valign=\"middle\" width=\"32\"><\/td>\n<td valign=\"middle\">condutor inclu\u00eddo:<\/td>\n<td valign=\"middle\"> certadrive<\/td>\n<\/tr>\n<tr class=\"odd\">\n<td valign=\"middle\" width=\"32\"><\/td>\n<td valign=\"middle\">classe energ\u00e9tica (2021-EU-2019\/2015):<\/td>\n<td valign=\"middle\">a+<\/td>\n<\/tr>\n<tr class=\"even\">\n<td valign=\"middle\" width=\"32\"><\/td>\n<td valign=\"middle\">anos de garantia:<\/td>\n<td valign=\"middle\">5<\/td>\n<\/tr>\n<\/tbody>\n<\/table>\n<p>&nbsp;<\/p>\n<\/div><\/p>","protected":false},"excerpt":{"rendered":"<div class=\"col-md-12\"><i class=\"fa fa-truck\"><\/i>&nbsp;<span class=\"text-muted textprop\">Entrega em 24\/48 horas<\/span><div class=\"col-md-12\"><i class=\"fa fa-exchange\"><\/i>&nbsp;<span class=\"text-muted textprop\">Garantia do segurado<\/span><\/div><div class=\"col-md-12\"><i class=\"fa fa-box\"><\/i>&nbsp;<span class=\"text-muted textprop\">10 unidade(s) por Masterbox<\/span><\/div><div>\n<p><strong><label class=\"attribute_label\">TEMPERATURA DE COR: 4000K\/5700K<\/label><\/strong><\/p>\n<div class=\"attribute_list\">\n<p><a id=\"color_49\" class=\"color_pick selected\" title=\"Branco neutro - 4000K\" href=\"https:\/\/www.factorled.com\/es\/paneles-led\/2654-panel-led-62x62-44w-philips-certadrive-ugr17-cct-8435612948099.html\" name=\"Blanco%20Neutro%20-%204000K\" data-option_name=\"UNIDADES\"><\/a><\/p>\n<\/div>\n<\/div><\/div>","protected":false},"featured_media":0,"template":"","meta":{"site-sidebar-layout":"default","site-content-layout":"default","ast-global-header-display":"","ast-main-header-display":"","ast-hfb-above-header-display":"","ast-hfb-below-header-display":"","ast-hfb-mobile-header-display":"","site-post-title":"","ast-breadcrumbs-content":"","ast-featured-img":"","footer-sml-layout":"","theme-transparent-header-meta":"default","adv-header-id-meta":"","stick-header-meta":"","header-above-stick-meta":"","header-main-stick-meta":"","header-below-stick-meta":""},"product_cat":[31,104],"product_tag":[],"class_list":["post-8348","product","type-product","status-publish","hentry","product_cat-paneles-led","product_cat-paneles-led-paneles-led"],"yoast_head":"<!-- This site is optimized with the Yoast SEO plugin v27.4 - https:\/\/yoast.com\/product\/yoast-seo-wordpress\/ -->\n<title>pack 10 panel led 62x62 44w certadrive - ugr17 - cri+92 - STARLED Iluminacion<\/title>\n<meta name=\"robots\" content=\"index, follow, max-snippet:-1, max-image-preview:large, max-video-preview:-1\" \/>\n<link rel=\"canonical\" href=\"https:\/\/starlediluminacion.com\/pt\/product\/pack-10-panel-led-62x62-44w-philips-certadrive-ugr17-cri92\/\" \/>\n<meta property=\"og:locale\" content=\"pt_PT\" \/>\n<meta property=\"og:type\" content=\"article\" \/>\n<meta property=\"og:title\" content=\"pack 10 panel led 62x62 44w certadrive - ugr17 - cri+92 - STARLED Iluminacion\" \/>\n<meta property=\"og:description\" content=\"\u00a0Entrega en 24\/48 horas \u00a0Garant\u00eda asegurada \u00a010 unidad(es) por Masterbox   TEMPERATURA DE COLOR: 4000K\/5700K\" \/>\n<meta property=\"og:url\" content=\"https:\/\/starlediluminacion.com\/pt\/product\/pack-10-panel-led-62x62-44w-philips-certadrive-ugr17-cri92\/\" \/>\n<meta property=\"og:site_name\" content=\"STARLED Iluminacion\" \/>\n<meta property=\"article:modified_time\" content=\"2025-10-18T08:22:12+00:00\" \/>\n<meta name=\"twitter:card\" content=\"summary_large_image\" \/>\n<meta name=\"twitter:label1\" content=\"Tempo estimado de leitura\" \/>\n\t<meta name=\"twitter:data1\" content=\"2 minutos\" \/>\n<script type=\"application\/ld+json\" class=\"yoast-schema-graph\">{\"@context\":\"https:\\\/\\\/schema.org\",\"@graph\":[{\"@type\":\"WebPage\",\"@id\":\"https:\\\/\\\/starlediluminacion.com\\\/producto\\\/pack-10-panel-led-62x62-44w-philips-certadrive-ugr17-cri92\\\/\",\"url\":\"https:\\\/\\\/starlediluminacion.com\\\/producto\\\/pack-10-panel-led-62x62-44w-philips-certadrive-ugr17-cri92\\\/\",\"name\":\"pack 10 panel led 62x62 44w certadrive - ugr17 - cri+92 - STARLED Iluminacion\",\"isPartOf\":{\"@id\":\"https:\\\/\\\/starlediluminacion.com\\\/#website\"},\"datePublished\":\"2022-11-23T10:31:16+00:00\",\"dateModified\":\"2025-10-18T08:22:12+00:00\",\"breadcrumb\":{\"@id\":\"https:\\\/\\\/starlediluminacion.com\\\/producto\\\/pack-10-panel-led-62x62-44w-philips-certadrive-ugr17-cri92\\\/#breadcrumb\"},\"inLanguage\":\"pt-PT\",\"potentialAction\":[{\"@type\":\"ReadAction\",\"target\":[\"https:\\\/\\\/starlediluminacion.com\\\/producto\\\/pack-10-panel-led-62x62-44w-philips-certadrive-ugr17-cri92\\\/\"]}]},{\"@type\":\"BreadcrumbList\",\"@id\":\"https:\\\/\\\/starlediluminacion.com\\\/producto\\\/pack-10-panel-led-62x62-44w-philips-certadrive-ugr17-cri92\\\/#breadcrumb\",\"itemListElement\":[{\"@type\":\"ListItem\",\"position\":1,\"name\":\"Portada\",\"item\":\"https:\\\/\\\/starlediluminacion.com\\\/\"},{\"@type\":\"ListItem\",\"position\":2,\"name\":\"Shop\",\"item\":\"https:\\\/\\\/starlediluminacion.com\\\/shop-2\\\/\"},{\"@type\":\"ListItem\",\"position\":3,\"name\":\"pack 10 panel led 62&#215;62 44w certadrive &#8211; ugr17 &#8211; cri+92\"}]},{\"@type\":\"WebSite\",\"@id\":\"https:\\\/\\\/starlediluminacion.com\\\/#website\",\"url\":\"https:\\\/\\\/starlediluminacion.com\\\/\",\"name\":\"STARLED Iluminacion\",\"description\":\"\",\"potentialAction\":[{\"@type\":\"SearchAction\",\"target\":{\"@type\":\"EntryPoint\",\"urlTemplate\":\"https:\\\/\\\/starlediluminacion.com\\\/?s={search_term_string}\"},\"query-input\":{\"@type\":\"PropertyValueSpecification\",\"valueRequired\":true,\"valueName\":\"search_term_string\"}}],\"inLanguage\":\"pt-PT\"}]}<\/script>\n<!-- \/ Yoast SEO plugin. -->","yoast_head_json":{"title":"pack 10 panel led 62x62 44w certadrive - ugr17 - cri+92 - STARLED Iluminacion","robots":{"index":"index","follow":"follow","max-snippet":"max-snippet:-1","max-image-preview":"max-image-preview:large","max-video-preview":"max-video-preview:-1"},"canonical":"https:\/\/starlediluminacion.com\/pt\/product\/pack-10-panel-led-62x62-44w-philips-certadrive-ugr17-cri92\/","og_locale":"pt_PT","og_type":"article","og_title":"pack 10 panel led 62x62 44w certadrive - ugr17 - cri+92 - STARLED Iluminacion","og_description":"\u00a0Entrega en 24\/48 horas \u00a0Garant\u00eda asegurada \u00a010 unidad(es) por Masterbox   TEMPERATURA DE COLOR: 4000K\/5700K","og_url":"https:\/\/starlediluminacion.com\/pt\/product\/pack-10-panel-led-62x62-44w-philips-certadrive-ugr17-cri92\/","og_site_name":"STARLED Iluminacion","article_modified_time":"2025-10-18T08:22:12+00:00","twitter_card":"summary_large_image","twitter_misc":{"Tempo estimado de leitura":"2 minutos"},"schema":{"@context":"https:\/\/schema.org","@graph":[{"@type":"WebPage","@id":"https:\/\/starlediluminacion.com\/producto\/pack-10-panel-led-62x62-44w-philips-certadrive-ugr17-cri92\/","url":"https:\/\/starlediluminacion.com\/producto\/pack-10-panel-led-62x62-44w-philips-certadrive-ugr17-cri92\/","name":"pack 10 panel led 62x62 44w certadrive - ugr17 - cri+92 - STARLED Iluminacion","isPartOf":{"@id":"https:\/\/starlediluminacion.com\/#website"},"datePublished":"2022-11-23T10:31:16+00:00","dateModified":"2025-10-18T08:22:12+00:00","breadcrumb":{"@id":"https:\/\/starlediluminacion.com\/producto\/pack-10-panel-led-62x62-44w-philips-certadrive-ugr17-cri92\/#breadcrumb"},"inLanguage":"pt-PT","potentialAction":[{"@type":"ReadAction","target":["https:\/\/starlediluminacion.com\/producto\/pack-10-panel-led-62x62-44w-philips-certadrive-ugr17-cri92\/"]}]},{"@type":"BreadcrumbList","@id":"https:\/\/starlediluminacion.com\/producto\/pack-10-panel-led-62x62-44w-philips-certadrive-ugr17-cri92\/#breadcrumb","itemListElement":[{"@type":"ListItem","position":1,"name":"Portada","item":"https:\/\/starlediluminacion.com\/"},{"@type":"ListItem","position":2,"name":"Shop","item":"https:\/\/starlediluminacion.com\/shop-2\/"},{"@type":"ListItem","position":3,"name":"pack 10 panel led 62&#215;62 44w certadrive &#8211; ugr17 &#8211; cri+92"}]},{"@type":"WebSite","@id":"https:\/\/starlediluminacion.com\/#website","url":"https:\/\/starlediluminacion.com\/","name":"STARLED Iluminacion","description":"","potentialAction":[{"@type":"SearchAction","target":{"@type":"EntryPoint","urlTemplate":"https:\/\/starlediluminacion.com\/?s={search_term_string}"},"query-input":{"@type":"PropertyValueSpecification","valueRequired":true,"valueName":"search_term_string"}}],"inLanguage":"pt-PT"}]}},"_links":{"self":[{"href":"https:\/\/starlediluminacion.com\/pt\/wp-json\/wp\/v3\/product\/8348","targetHints":{"allow":["GET"]}}],"collection":[{"href":"https:\/\/starlediluminacion.com\/pt\/wp-json\/wp\/v3\/product"}],"about":[{"href":"https:\/\/starlediluminacion.com\/pt\/wp-json\/wp\/v2\/types\/product"}],"wp:attachment":[{"href":"https:\/\/starlediluminacion.com\/pt\/wp-json\/wp\/v2\/media?parent=8348"}],"wp:term":[{"taxonomy":"product_cat","embeddable":true,"href":"https:\/\/starlediluminacion.com\/pt\/wp-json\/wp\/v2\/product_cat?post=8348"},{"taxonomy":"product_tag","embeddable":true,"href":"https:\/\/starlediluminacion.com\/pt\/wp-json\/wp\/v2\/product_tag?post=8348"}],"curies":[{"name":"wp","href":"https:\/\/api.w.org\/{rel}","templated":true}]}}