{"id":8338,"date":"2022-11-23T10:23:04","date_gmt":"2022-11-23T10:23:04","guid":{"rendered":"https:\/\/starlediluminacion.com\/?post_type=product&#038;p=8338"},"modified":"2023-02-10T09:33:56","modified_gmt":"2023-02-10T09:33:56","slug":"sensor-regulable-de-luz-crepuscular-fotoelectrico-1-10v","status":"publish","type":"product","link":"https:\/\/starlediluminacion.com\/pt\/product\/sensor-fotoeletrico-de-luz-crepuscular-regulavel-1-10v\/","title":{"rendered":"<p>Sensor de luz regul\u00e1vel - Crep\u00fasculo - Fotoel\u00e9ctrico - 1-10V<\/p>"},"content":{"rendered":"<p><label>REFER\u00caNCIA: SLFLMS10<\/label><p>Se precisar de&nbsp;<strong>mais poupan\u00e7as,<\/strong>&nbsp;sem reduzir a quantidade de luz, este produto foi concebido para este fim. Utiliza a luz do dia solar para poupar no consumo da lumin\u00e1ria. Este regulador de intensidade luminosa detecta a quantidade de luz natural que entra no sensor e<strong>&nbsp;regula automaticamente a intensidade luminosa das suas lumin\u00e1rias 1-10V<\/strong>,&nbsp;<strong>redu\u00e7\u00e3o significativa do consumo de eletricidade<\/strong>.<\/p><p>Concebida para utiliza\u00e7\u00e3o em interiores com montagem junto a entradas de luz natural, como janelas, portas de clarab\u00f3ias, etc...<\/p><h1>Sensor crepuscular IP20<\/h1><p><b>Este sensor crepuscular para interiores poupa muita energia, regulando automaticamente a intensidade das suas lumin\u00e1rias 1-10V de acordo com a luz ambiente natural.&nbsp;<\/b><\/p><p>O \u00e2ngulo do sensor fotoel\u00e9trico\/crepuscular de 1-10V tem um \u00e2ngulo de dete\u00e7\u00e3o de 360\u00b0 e uma gama de regula\u00e7\u00e3o de 1-100%.<\/p><p>Esse sensor crepuscular destina-se a ser utilizado em lumin\u00e1rias com controladores 1-10V regul\u00e1veis.<\/p><h3 class=\"page-product-heading\">DADOS T\u00c9CNICOS<\/h3><div class=\"col-xs-12 col-md-6\">\n<table class=\"table table-data-sheet 1\">\n<tbody>\n<tr class=\"odd\">\n<td valign=\"middle\" width=\"32\"><\/td>\n<td valign=\"middle\">REFER\u00caNCIA :<\/td>\n<td valign=\"middle\">SLFLMS10<\/td>\n<\/tr>\n<tr class=\"even\">\n<td valign=\"middle\" width=\"32\"><\/td>\n<td valign=\"middle\">Tens\u00e3o Nominal:<\/td>\n<td valign=\"middle\">1-10V<\/td>\n<\/tr>\n<tr class=\"odd\">\n<td valign=\"middle\" width=\"32\"><\/td>\n<td valign=\"middle\">Material de constru\u00e7\u00e3o:<\/td>\n<td valign=\"middle\">Termopl\u00e1stico<\/td>\n<\/tr>\n<tr class=\"even\">\n<td valign=\"middle\" width=\"32\"><\/td>\n<td valign=\"middle\">\u00c2ngulo de abertura (\u00ba):<\/td>\n<td valign=\"middle\">360\u00ba<\/td>\n<\/tr>\n<tr class=\"odd\">\n<td valign=\"middle\" width=\"32\"><\/td>\n<td valign=\"middle\">Certificados:<\/td>\n<td valign=\"middle\">CE<\/td>\n<\/tr>\n<\/tbody>\n<\/table>\n<\/div><div class=\"col-xs-12 col-md-6 2\">\n<table class=\"table table-data-sheet 2\">\n<tbody>\n<tr class=\"odd\">\n<td valign=\"middle\" width=\"32\"><\/td>\n<td valign=\"middle\">Classifica\u00e7\u00e3o IP:<\/td>\n<td valign=\"middle\">IP20<\/td>\n<\/tr>\n<tr class=\"even\">\n<td valign=\"middle\" width=\"32\"><\/td>\n<td valign=\"middle\">Dimens\u00f5es (mm):<\/td>\n<td valign=\"middle\">?70 x 60 mm<\/td>\n<\/tr>\n<tr class=\"odd\">\n<td valign=\"middle\" width=\"32\"><\/td>\n<td valign=\"middle\">Frequ\u00eancia de trabalho (Hz):<\/td>\n<td valign=\"middle\">50\/60Hz<\/td>\n<\/tr>\n<tr class=\"even\">\n<td valign=\"middle\" width=\"32\"><\/td>\n<td valign=\"middle\">Gama de temperaturas (\u00baC):<\/td>\n<td valign=\"middle\">-10\u00b0C ~ +40\u00b0C<\/td>\n<\/tr>\n<tr class=\"odd\">\n<td valign=\"middle\" width=\"32\"><\/td>\n<td valign=\"middle\">Anos de garantia:<\/td>\n<td valign=\"middle\">3<\/td>\n<\/tr>\n<\/tbody>\n<\/table>\n<p>&nbsp;<\/p>\n<\/div><\/p>","protected":false},"excerpt":{"rendered":"<div class=\"col-md-12\"><i class=\"fa fa-truck\"><\/i>&nbsp;<span class=\"text-muted textprop\">Entrega em 24\/48 horas<\/span><div class=\"col-md-12\"><i class=\"fa fa-exchange\"><\/i>&nbsp;<span class=\"text-muted textprop\">Garantia do segurado<\/span><\/div><div class=\"col-md-12\"><i class=\"fa fa-box\"><\/i>&nbsp;<span class=\"text-muted textprop\">1 unidade(s) por Masterbox<\/span><\/div><\/div>","protected":false},"featured_media":8347,"template":"","meta":{"site-sidebar-layout":"default","site-content-layout":"default","ast-global-header-display":"","ast-main-header-display":"","ast-hfb-above-header-display":"","ast-hfb-below-header-display":"","ast-hfb-mobile-header-display":"","site-post-title":"","ast-breadcrumbs-content":"","ast-featured-img":"","footer-sml-layout":"","theme-transparent-header-meta":"default","adv-header-id-meta":"","stick-header-meta":"","header-above-stick-meta":"","header-main-stick-meta":"","header-below-stick-meta":""},"product_cat":[15],"product_tag":[],"class_list":["post-8338","product","type-product","status-publish","has-post-thumbnail","hentry","product_cat-bombillas-led-par"],"yoast_head":"<!-- This site is optimized with the Yoast SEO plugin v27.4 - https:\/\/yoast.com\/product\/yoast-seo-wordpress\/ -->\n<title>Sensor regulable de Luz - Crepuscular - Fotoel\u00e9ctrico - 1-10V - STARLED Iluminacion<\/title>\n<meta name=\"robots\" content=\"index, follow, max-snippet:-1, max-image-preview:large, max-video-preview:-1\" \/>\n<link rel=\"canonical\" href=\"https:\/\/starlediluminacion.com\/pt\/product\/sensor-fotoeletrico-de-luz-crepuscular-regulavel-1-10v\/\" \/>\n<meta property=\"og:locale\" content=\"pt_PT\" \/>\n<meta property=\"og:type\" content=\"article\" \/>\n<meta property=\"og:title\" content=\"Sensor regulable de Luz - Crepuscular - Fotoel\u00e9ctrico - 1-10V - STARLED Iluminacion\" \/>\n<meta property=\"og:description\" content=\"\u00a0Entrega en 24\/48 horas \u00a0Garant\u00eda asegurada \u00a01 unidad(es) por Masterbox\" \/>\n<meta property=\"og:url\" content=\"https:\/\/starlediluminacion.com\/pt\/product\/sensor-fotoeletrico-de-luz-crepuscular-regulavel-1-10v\/\" \/>\n<meta property=\"og:site_name\" content=\"STARLED Iluminacion\" \/>\n<meta property=\"article:modified_time\" content=\"2023-02-10T09:33:56+00:00\" \/>\n<meta property=\"og:image\" content=\"https:\/\/starlediluminacion.com\/wp-content\/uploads\/2022\/11\/sensor-regulable-de-luz-crepuscular-fotoelectrico-1-10v-factorled.jpg\" \/>\n\t<meta property=\"og:image:width\" content=\"1000\" \/>\n\t<meta property=\"og:image:height\" content=\"1000\" \/>\n\t<meta property=\"og:image:type\" content=\"image\/jpeg\" \/>\n<meta name=\"twitter:card\" content=\"summary_large_image\" \/>\n<meta name=\"twitter:label1\" content=\"Tempo estimado de leitura\" \/>\n\t<meta name=\"twitter:data1\" content=\"1 minuto\" \/>\n<script type=\"application\/ld+json\" class=\"yoast-schema-graph\">{\"@context\":\"https:\\\/\\\/schema.org\",\"@graph\":[{\"@type\":\"WebPage\",\"@id\":\"https:\\\/\\\/starlediluminacion.com\\\/producto\\\/sensor-regulable-de-luz-crepuscular-fotoelectrico-1-10v\\\/\",\"url\":\"https:\\\/\\\/starlediluminacion.com\\\/producto\\\/sensor-regulable-de-luz-crepuscular-fotoelectrico-1-10v\\\/\",\"name\":\"Sensor regulable de Luz - Crepuscular - Fotoel\u00e9ctrico - 1-10V - STARLED Iluminacion\",\"isPartOf\":{\"@id\":\"https:\\\/\\\/starlediluminacion.com\\\/#website\"},\"primaryImageOfPage\":{\"@id\":\"https:\\\/\\\/starlediluminacion.com\\\/producto\\\/sensor-regulable-de-luz-crepuscular-fotoelectrico-1-10v\\\/#primaryimage\"},\"image\":{\"@id\":\"https:\\\/\\\/starlediluminacion.com\\\/producto\\\/sensor-regulable-de-luz-crepuscular-fotoelectrico-1-10v\\\/#primaryimage\"},\"thumbnailUrl\":\"https:\\\/\\\/starlediluminacion.com\\\/wp-content\\\/uploads\\\/2022\\\/11\\\/sensor-regulable-de-luz-crepuscular-fotoelectrico-1-10v-factorled.jpg\",\"datePublished\":\"2022-11-23T10:23:04+00:00\",\"dateModified\":\"2023-02-10T09:33:56+00:00\",\"breadcrumb\":{\"@id\":\"https:\\\/\\\/starlediluminacion.com\\\/producto\\\/sensor-regulable-de-luz-crepuscular-fotoelectrico-1-10v\\\/#breadcrumb\"},\"inLanguage\":\"pt-PT\",\"potentialAction\":[{\"@type\":\"ReadAction\",\"target\":[\"https:\\\/\\\/starlediluminacion.com\\\/producto\\\/sensor-regulable-de-luz-crepuscular-fotoelectrico-1-10v\\\/\"]}]},{\"@type\":\"ImageObject\",\"inLanguage\":\"pt-PT\",\"@id\":\"https:\\\/\\\/starlediluminacion.com\\\/producto\\\/sensor-regulable-de-luz-crepuscular-fotoelectrico-1-10v\\\/#primaryimage\",\"url\":\"https:\\\/\\\/starlediluminacion.com\\\/wp-content\\\/uploads\\\/2022\\\/11\\\/sensor-regulable-de-luz-crepuscular-fotoelectrico-1-10v-factorled.jpg\",\"contentUrl\":\"https:\\\/\\\/starlediluminacion.com\\\/wp-content\\\/uploads\\\/2022\\\/11\\\/sensor-regulable-de-luz-crepuscular-fotoelectrico-1-10v-factorled.jpg\",\"width\":1000,\"height\":1000},{\"@type\":\"BreadcrumbList\",\"@id\":\"https:\\\/\\\/starlediluminacion.com\\\/producto\\\/sensor-regulable-de-luz-crepuscular-fotoelectrico-1-10v\\\/#breadcrumb\",\"itemListElement\":[{\"@type\":\"ListItem\",\"position\":1,\"name\":\"Portada\",\"item\":\"https:\\\/\\\/starlediluminacion.com\\\/\"},{\"@type\":\"ListItem\",\"position\":2,\"name\":\"Shop\",\"item\":\"https:\\\/\\\/starlediluminacion.com\\\/shop-2\\\/\"},{\"@type\":\"ListItem\",\"position\":3,\"name\":\"Sensor regulable de Luz &#8211; Crepuscular &#8211; Fotoel\u00e9ctrico &#8211; 1-10V\"}]},{\"@type\":\"WebSite\",\"@id\":\"https:\\\/\\\/starlediluminacion.com\\\/#website\",\"url\":\"https:\\\/\\\/starlediluminacion.com\\\/\",\"name\":\"STARLED Iluminacion\",\"description\":\"\",\"potentialAction\":[{\"@type\":\"SearchAction\",\"target\":{\"@type\":\"EntryPoint\",\"urlTemplate\":\"https:\\\/\\\/starlediluminacion.com\\\/?s={search_term_string}\"},\"query-input\":{\"@type\":\"PropertyValueSpecification\",\"valueRequired\":true,\"valueName\":\"search_term_string\"}}],\"inLanguage\":\"pt-PT\"}]}<\/script>\n<!-- \/ Yoast SEO plugin. -->","yoast_head_json":{"title":"Sensor regulable de Luz - Crepuscular - Fotoel\u00e9ctrico - 1-10V - STARLED Iluminacion","robots":{"index":"index","follow":"follow","max-snippet":"max-snippet:-1","max-image-preview":"max-image-preview:large","max-video-preview":"max-video-preview:-1"},"canonical":"https:\/\/starlediluminacion.com\/pt\/product\/sensor-fotoeletrico-de-luz-crepuscular-regulavel-1-10v\/","og_locale":"pt_PT","og_type":"article","og_title":"Sensor regulable de Luz - Crepuscular - Fotoel\u00e9ctrico - 1-10V - STARLED Iluminacion","og_description":"\u00a0Entrega en 24\/48 horas \u00a0Garant\u00eda asegurada \u00a01 unidad(es) por Masterbox","og_url":"https:\/\/starlediluminacion.com\/pt\/product\/sensor-fotoeletrico-de-luz-crepuscular-regulavel-1-10v\/","og_site_name":"STARLED Iluminacion","article_modified_time":"2023-02-10T09:33:56+00:00","og_image":[{"width":1000,"height":1000,"url":"https:\/\/starlediluminacion.com\/wp-content\/uploads\/2022\/11\/sensor-regulable-de-luz-crepuscular-fotoelectrico-1-10v-factorled.jpg","type":"image\/jpeg"}],"twitter_card":"summary_large_image","twitter_misc":{"Tempo estimado de leitura":"1 minuto"},"schema":{"@context":"https:\/\/schema.org","@graph":[{"@type":"WebPage","@id":"https:\/\/starlediluminacion.com\/producto\/sensor-regulable-de-luz-crepuscular-fotoelectrico-1-10v\/","url":"https:\/\/starlediluminacion.com\/producto\/sensor-regulable-de-luz-crepuscular-fotoelectrico-1-10v\/","name":"Sensor regulable de Luz - Crepuscular - Fotoel\u00e9ctrico - 1-10V - STARLED Iluminacion","isPartOf":{"@id":"https:\/\/starlediluminacion.com\/#website"},"primaryImageOfPage":{"@id":"https:\/\/starlediluminacion.com\/producto\/sensor-regulable-de-luz-crepuscular-fotoelectrico-1-10v\/#primaryimage"},"image":{"@id":"https:\/\/starlediluminacion.com\/producto\/sensor-regulable-de-luz-crepuscular-fotoelectrico-1-10v\/#primaryimage"},"thumbnailUrl":"https:\/\/starlediluminacion.com\/wp-content\/uploads\/2022\/11\/sensor-regulable-de-luz-crepuscular-fotoelectrico-1-10v-factorled.jpg","datePublished":"2022-11-23T10:23:04+00:00","dateModified":"2023-02-10T09:33:56+00:00","breadcrumb":{"@id":"https:\/\/starlediluminacion.com\/producto\/sensor-regulable-de-luz-crepuscular-fotoelectrico-1-10v\/#breadcrumb"},"inLanguage":"pt-PT","potentialAction":[{"@type":"ReadAction","target":["https:\/\/starlediluminacion.com\/producto\/sensor-regulable-de-luz-crepuscular-fotoelectrico-1-10v\/"]}]},{"@type":"ImageObject","inLanguage":"pt-PT","@id":"https:\/\/starlediluminacion.com\/producto\/sensor-regulable-de-luz-crepuscular-fotoelectrico-1-10v\/#primaryimage","url":"https:\/\/starlediluminacion.com\/wp-content\/uploads\/2022\/11\/sensor-regulable-de-luz-crepuscular-fotoelectrico-1-10v-factorled.jpg","contentUrl":"https:\/\/starlediluminacion.com\/wp-content\/uploads\/2022\/11\/sensor-regulable-de-luz-crepuscular-fotoelectrico-1-10v-factorled.jpg","width":1000,"height":1000},{"@type":"BreadcrumbList","@id":"https:\/\/starlediluminacion.com\/producto\/sensor-regulable-de-luz-crepuscular-fotoelectrico-1-10v\/#breadcrumb","itemListElement":[{"@type":"ListItem","position":1,"name":"Portada","item":"https:\/\/starlediluminacion.com\/"},{"@type":"ListItem","position":2,"name":"Shop","item":"https:\/\/starlediluminacion.com\/shop-2\/"},{"@type":"ListItem","position":3,"name":"Sensor regulable de Luz &#8211; Crepuscular &#8211; Fotoel\u00e9ctrico &#8211; 1-10V"}]},{"@type":"WebSite","@id":"https:\/\/starlediluminacion.com\/#website","url":"https:\/\/starlediluminacion.com\/","name":"STARLED Iluminacion","description":"","potentialAction":[{"@type":"SearchAction","target":{"@type":"EntryPoint","urlTemplate":"https:\/\/starlediluminacion.com\/?s={search_term_string}"},"query-input":{"@type":"PropertyValueSpecification","valueRequired":true,"valueName":"search_term_string"}}],"inLanguage":"pt-PT"}]}},"_links":{"self":[{"href":"https:\/\/starlediluminacion.com\/pt\/wp-json\/wp\/v3\/product\/8338","targetHints":{"allow":["GET"]}}],"collection":[{"href":"https:\/\/starlediluminacion.com\/pt\/wp-json\/wp\/v3\/product"}],"about":[{"href":"https:\/\/starlediluminacion.com\/pt\/wp-json\/wp\/v2\/types\/product"}],"wp:featuredmedia":[{"embeddable":true,"href":"https:\/\/starlediluminacion.com\/pt\/wp-json\/wp\/v2\/media\/8347"}],"wp:attachment":[{"href":"https:\/\/starlediluminacion.com\/pt\/wp-json\/wp\/v2\/media?parent=8338"}],"wp:term":[{"taxonomy":"product_cat","embeddable":true,"href":"https:\/\/starlediluminacion.com\/pt\/wp-json\/wp\/v2\/product_cat?post=8338"},{"taxonomy":"product_tag","embeddable":true,"href":"https:\/\/starlediluminacion.com\/pt\/wp-json\/wp\/v2\/product_tag?post=8338"}],"curies":[{"name":"wp","href":"https:\/\/api.w.org\/{rel}","templated":true}]}}