{"id":8299,"date":"2022-11-23T10:03:16","date_gmt":"2022-11-23T10:03:16","guid":{"rendered":"https:\/\/starlediluminacion.com\/?post_type=product&#038;p=8299"},"modified":"2023-02-10T09:37:29","modified_gmt":"2023-02-10T09:37:29","slug":"foco-proyector-exterior-solar-profesional-led-100w-osram-chip-5700k-all-in-one","status":"publish","type":"product","link":"https:\/\/starlediluminacion.com\/pt\/product\/projetor-spotlight-projetor-outdoor-solar-professional-led-100w-osram-chip-5700k-all-in-one\/","title":{"rendered":"<p>Projector profissional SOLAR LED 100W para exterior - OSRAM CHIP - 5700K - ALL IN ONE<\/p>"},"content":{"rendered":"<p>REFER\u00caNCIA: SL90861<h1>Projector profissional SOLAR LED 100W para exterior - OSRAM CHIP - 5700K - ALL IN ONE<\/h1><p><strong>Projetor solar LED ALL IN ONE - 100W<\/strong>&nbsp;CHIP&nbsp;<strong>OSRAM<\/strong>&nbsp;- com luz branca fria&nbsp;<strong>5700k<\/strong>sem necessidade de eletricidade, totalmente aut\u00f3nomo com um painel solar policristalino.<\/p><p>O&nbsp;<strong>Projetor solar LED<\/strong>Possui um controlo remoto para programa\u00e7\u00e3o. Disp\u00f5e de uma pilha de l\u00edtio de alta capacidade e de longa dura\u00e7\u00e3o.<\/p><p>Uma das suas principais carater\u00edsticas \u00e9 a sua&nbsp;<strong>\u00e2ngulo ajust\u00e1vel<\/strong>A luz pode ser utilizada para iluminar diferentes \u00e1reas, consoante o grau de ilumina\u00e7\u00e3o.<\/p><p>Tem tamb\u00e9m um&nbsp;<strong>sensor de movimento<\/strong>&nbsp;que tem a capacidade de captar as mais pequenas&nbsp;<strong>presen\u00e7a<\/strong>&nbsp;de qualquer indiv\u00edduo.<\/p><p>&nbsp;<\/p><h2>Funcionamento do controlo remoto:<\/h2><h3>INDICADOR COM ILUMINA\u00c7\u00c3O LED VERMELHA:<\/h3><ul>\n<li>M1: Pisca uma vez.<\/li>\n<li>M2: Pisca duas vezes.<\/li>\n<li>M3: pisca tr\u00eas vezes.<\/li>\n<li>T: Pisca quatro vezes<\/li>\n<\/ul><h3>MODO DE ILUMINA\u00c7\u00c3O:<\/h3><ul>\n<li>M1: luminosidade da lumin\u00e1ria LED a 100% durante 5 horas, depois desce para 20% at\u00e9 ao amanhecer.<\/li>\n<li>M2: Luminosidade da lumin\u00e1ria LED a 60% da luminosidade desde o in\u00edcio at\u00e9 ao amanhecer.<\/li>\n<li>M3: Luminosidade da lumin\u00e1ria LED a 20% , o sensor aumenta a luminosidade para 100% quando detecta movimento.<\/li>\n<li>T: luminosidade da lumin\u00e1ria LED a 100% durante 2 horas, depois volta \u00e0 programa\u00e7\u00e3o registada anteriormente (M1-M2-M3)<\/li>\n<\/ul><p>&nbsp;<\/p><p>Recomenda-se a instala\u00e7\u00e3o em \u00e1reas onde a localiza\u00e7\u00e3o permita o maior n\u00famero poss\u00edvel de horas de sol para um desempenho correto da lumin\u00e1ria solar LED.<\/p><p>&nbsp;<\/p><h2>Utiliza\u00e7\u00f5es do projetor de exterior profissional SOLAR 100W LED<\/h2><ul>\n<li>Jardins<\/li>\n<li>Parques<\/li>\n<li>Lugares<\/li>\n<li>Rotunda<\/li>\n<li>Campos<\/li>\n<li>Caminhos<\/li>\n<li>Terra\u00e7os<\/li>\n<\/ul><h3 class=\"page-product-heading\">DADOS T\u00c9CNICOS<\/h3><div class=\"col-xs-12 col-md-6\">\n<table class=\"table table-data-sheet 1\">\n<tbody>\n<tr class=\"odd\">\n<td valign=\"middle\" width=\"32\"><\/td>\n<td valign=\"middle\">REFER\u00caNCIA :<\/td>\n<td valign=\"middle\">SL90861<\/td>\n<\/tr>\n<tr class=\"even\">\n<td valign=\"middle\" width=\"32\"><\/td>\n<td valign=\"middle\">Pot\u00eancia nominal :<\/td>\n<td valign=\"middle\">Chip de 100w<\/td>\n<\/tr>\n<tr class=\"odd\">\n<td valign=\"middle\" width=\"32\"><\/td>\n<td valign=\"middle\">Tens\u00e3o Nominal:<\/td>\n<td valign=\"middle\">DC 3.7V - 10000mAH<\/td>\n<\/tr>\n<tr class=\"even\">\n<td valign=\"middle\" width=\"32\"><\/td>\n<td valign=\"middle\">Temperatura ligeira:<\/td>\n<td valign=\"middle\">5700K<\/td>\n<\/tr>\n<tr class=\"odd\">\n<td valign=\"middle\" width=\"32\"><\/td>\n<td valign=\"middle\">CRI - Colour Rendering Index:<\/td>\n<td valign=\"middle\">80<\/td>\n<\/tr>\n<tr class=\"even\">\n<td valign=\"middle\" width=\"32\"><\/td>\n<td valign=\"middle\">Material de constru\u00e7\u00e3o:<\/td>\n<td valign=\"middle\">Alum\u00ednio + Vidro<\/td>\n<\/tr>\n<tr class=\"odd\">\n<td valign=\"middle\" width=\"32\"><\/td>\n<td valign=\"middle\">Luminosidade-Lm:<\/td>\n<td valign=\"middle\">3600<\/td>\n<\/tr>\n<tr class=\"even\">\n<td valign=\"middle\" width=\"32\"><\/td>\n<td valign=\"middle\">Tipo de LEDs:<\/td>\n<td valign=\"middle\">SMD 2835 OSRAM CHIP<\/td>\n<\/tr>\n<tr class=\"odd\">\n<td valign=\"middle\" width=\"32\"><\/td>\n<td valign=\"middle\">\u00c2ngulo de abertura (\u00ba):<\/td>\n<td valign=\"middle\">\u00c2ngulo ajust\u00e1vel: 60\u00ba - 90\u00ba - 120\u00ba.<\/td>\n<\/tr>\n<tr class=\"even\">\n<td valign=\"middle\" width=\"32\"><\/td>\n<td valign=\"middle\">Efici\u00eancia dos d\u00edodos LED (Lm\/W):<\/td>\n<td valign=\"middle\">190Lm\/W<\/td>\n<\/tr>\n<tr class=\"odd\">\n<td valign=\"middle\" width=\"32\"><\/td>\n<td valign=\"middle\">Dimit\u00e1vel:<\/td>\n<td valign=\"middle\">SIM<\/td>\n<\/tr>\n<\/tbody>\n<\/table>\n<\/div><div class=\"col-xs-12 col-md-6 2\">\n<table class=\"table table-data-sheet 2\">\n<tbody>\n<tr class=\"odd\">\n<td valign=\"middle\" width=\"32\"><\/td>\n<td valign=\"middle\">Certificados:<\/td>\n<td valign=\"middle\">CE - ROHS<\/td>\n<\/tr>\n<tr class=\"even\">\n<td valign=\"middle\" width=\"32\"><\/td>\n<td valign=\"middle\">Classifica\u00e7\u00e3o IP:<\/td>\n<td valign=\"middle\">IP65-Outdoor<\/td>\n<\/tr>\n<tr class=\"odd\">\n<td valign=\"middle\" width=\"32\"><\/td>\n<td valign=\"middle\">Gama de temperaturas (\u00baC):<\/td>\n<td valign=\"middle\">-10\u00baC ~ +45\u00baC<\/td>\n<\/tr>\n<tr class=\"even\">\n<td valign=\"middle\" width=\"32\"><\/td>\n<td valign=\"middle\">Informa\u00e7\u00e3o adicional:<\/td>\n<td valign=\"middle\">Painel policristalino de 7w<\/td>\n<\/tr>\n<tr class=\"odd\">\n<td valign=\"middle\" width=\"32\"><\/td>\n<td valign=\"middle\">Material da bateria :<\/td>\n<td valign=\"middle\">LiFePO4 - Fosfato de L\u00edtio -LPF - Bateria 10Ah - (10000mAH). Carga e descarga: 2500 vezes<\/td>\n<\/tr>\n<tr class=\"even\">\n<td valign=\"middle\" width=\"32\"><\/td>\n<td valign=\"middle\">Tempo de descarga (h):<\/td>\n<td valign=\"middle\">13H<\/td>\n<\/tr>\n<tr class=\"odd\">\n<td valign=\"middle\" width=\"32\"><\/td>\n<td valign=\"middle\">Modos de controlo:<\/td>\n<td valign=\"middle\">UNIDADE DE CONTROLO + INFRAVERMELHO<\/td>\n<\/tr>\n<tr class=\"even\">\n<td valign=\"middle\" width=\"32\"><\/td>\n<td valign=\"middle\">Classe energ\u00e9tica (2021-EU-2019\/2015):<\/td>\n<td valign=\"middle\">A++<\/td>\n<\/tr>\n<tr class=\"odd\">\n<td valign=\"middle\" width=\"32\"><\/td>\n<td valign=\"middle\">Classe energ\u00e9tica (2023 - EU-2019\/2015):<\/td>\n<td valign=\"middle\">A<\/td>\n<\/tr>\n<tr class=\"even\">\n<td valign=\"middle\" width=\"32\"><\/td>\n<td valign=\"middle\">Anos de garantia:<\/td>\n<td valign=\"middle\">3<\/td>\n<\/tr>\n<tr class=\"odd\">\n<td valign=\"middle\" width=\"32\"><\/td>\n<td valign=\"middle\">Tempo de liga\u00e7\u00e3o :<\/td>\n<td valign=\"middle\">M1: 100% ?5H?+20% At\u00e9 ao amanhecer -M2: 60% At\u00e9 ao amanhecer - M3: 20%+ PIR At\u00e9 ao amanhecer - T : 100% ?2H?+voltar ao modo anterior<\/td>\n<\/tr>\n<\/tbody>\n<\/table>\n<p>&nbsp;<\/p>\n<\/div><\/p>","protected":false},"excerpt":{"rendered":"<div class=\"col-md-12\"><i class=\"fa fa-truck\"><\/i>&nbsp;<span class=\"text-muted textprop\">Entrega em 24\/48 horas<\/span><div class=\"col-md-12\"><i class=\"fa fa-exchange\"><\/i>&nbsp;<span class=\"text-muted textprop\">Garantia do segurado<\/span><\/div><div class=\"col-md-12\"><i class=\"fa fa-box\"><\/i>&nbsp;<span class=\"text-muted textprop\">5 unidade(s) por Masterbox<\/span><\/div><\/div>","protected":false},"featured_media":8300,"template":"","meta":{"site-sidebar-layout":"default","site-content-layout":"default","ast-global-header-display":"","ast-main-header-display":"","ast-hfb-above-header-display":"","ast-hfb-below-header-display":"","ast-hfb-mobile-header-display":"","site-post-title":"","ast-breadcrumbs-content":"","ast-featured-img":"","footer-sml-layout":"","theme-transparent-header-meta":"default","adv-header-id-meta":"","stick-header-meta":"","header-above-stick-meta":"","header-main-stick-meta":"","header-below-stick-meta":""},"product_cat":[80,28],"product_tag":[],"class_list":["post-8299","product","type-product","status-publish","has-post-thumbnail","hentry","product_cat-foco-proyector-serie-eco-y-solar","product_cat-proyectores-led-exterior-y-jardin"],"_links":{"self":[{"href":"https:\/\/starlediluminacion.com\/pt\/wp-json\/wp\/v3\/product\/8299","targetHints":{"allow":["GET"]}}],"collection":[{"href":"https:\/\/starlediluminacion.com\/pt\/wp-json\/wp\/v3\/product"}],"about":[{"href":"https:\/\/starlediluminacion.com\/pt\/wp-json\/wp\/v2\/types\/product"}],"wp:featuredmedia":[{"embeddable":true,"href":"https:\/\/starlediluminacion.com\/pt\/wp-json\/wp\/v2\/media\/8300"}],"wp:attachment":[{"href":"https:\/\/starlediluminacion.com\/pt\/wp-json\/wp\/v2\/media?parent=8299"}],"wp:term":[{"taxonomy":"product_cat","embeddable":true,"href":"https:\/\/starlediluminacion.com\/pt\/wp-json\/wp\/v2\/product_cat?post=8299"},{"taxonomy":"product_tag","embeddable":true,"href":"https:\/\/starlediluminacion.com\/pt\/wp-json\/wp\/v2\/product_tag?post=8299"}],"curies":[{"name":"wp","href":"https:\/\/api.w.org\/{rel}","templated":true}]}}