{"id":8125,"date":"2022-09-09T13:06:47","date_gmt":"2022-09-09T13:06:47","guid":{"rendered":"https:\/\/starlediluminacion.com\/?post_type=product&#038;p=8125"},"modified":"2022-09-09T13:06:47","modified_gmt":"2022-09-09T13:06:47","slug":"aplique-led-interior-exterior-ip54-e27-2","status":"publish","type":"product","link":"https:\/\/starlediluminacion.com\/pt\/product\/aparelho-led-interior-exterior-ip54-e27-2\/","title":{"rendered":"<p>L\u00e2mpada de parede LED para interior e exterior IP54 - E27<\/p>"},"content":{"rendered":"<p>REFER\u00caNCIA: SL90578<p><strong>Luz de parede LED&nbsp;<\/strong>a partir de&nbsp;<strong>parede<\/strong>tipo de protec\u00e7\u00e3o&nbsp;<strong>IP54<\/strong>A utiliza\u00e7\u00e3o deste produto \u00e9 portanto resistente a qualquer mudan\u00e7a brusca de temperatura, tanto no Inverno como no Ver\u00e3o.<\/p><p>Isto<strong>&nbsp;aplicar&nbsp;<\/strong>a partir de<strong>&nbsp;paredes interiores e exteriores<\/strong><strong>&nbsp;<\/strong>\u00e9 especialmente adequado para a ilumina\u00e7\u00e3o de \u00e1reas exteriores, dando-lhes um design moderno. Cria atmosferas relaxantes para desfrutar do seu jardim, entradas, alpendres, etc...<\/p><h1>Candeeiro de parede LED para interior e exterior IP54<\/h1><p><strong>Candeeiro de parede&nbsp;<\/strong>\u00e9 um elemento de alta qualidade decorativa, tornando-o adapt\u00e1vel a qualquer tipo de estilo. Receber\u00e1 uma grande ilumina\u00e7\u00e3o quente.<\/p><p>O nosso&nbsp;<strong>candeeiro de parede<\/strong>com dimens\u00f5es 200*100*100<em>mm<\/em>de alum\u00ednio e com um difusor de vidro, \u00e9 perfeito para uso interior e exterior, gra\u00e7as ao seu&nbsp;<strong>IP54<\/strong>Isto torna-a resistente ao p\u00f3 e aos salpicos de chuva. A sua fonte de luz \u00e9 uma l\u00e2mpada de tipo E27.<\/p><p><em>L\u00e2mpada E27 vendida separadamente<\/em><\/p><p>&nbsp;<\/p><h2>Utiliza projetor de luz de parede LED para interior e exterior IP54<\/h2><ul>\n<li>Paredes<\/li>\n<li>Corredores<\/li>\n<li>Quartos<\/li>\n<li>Hot\u00e9is<\/li>\n<li>Bilhetes<\/li>\n<li>Varandas<\/li>\n<\/ul><h3 class=\"page-product-heading\">DADOS T\u00c9CNICOS<\/h3><div class=\"col-xs-12 col-md-6\">\n<table class=\"table table-data-sheet 1\">\n<tbody>\n<tr class=\"odd\">\n<td valign=\"middle\" width=\"32\"><\/td>\n<td valign=\"middle\">REFER\u00caNCIA :<\/td>\n<td valign=\"middle\">SL90578<\/td>\n<\/tr>\n<tr class=\"even\">\n<td valign=\"middle\" width=\"32\"><\/td>\n<td valign=\"middle\">Tens\u00e3o Nominal:<\/td>\n<td valign=\"middle\">175-265V<\/td>\n<\/tr>\n<tr class=\"odd\">\n<td valign=\"middle\" width=\"32\"><\/td>\n<td valign=\"middle\">Material de constru\u00e7\u00e3o:<\/td>\n<td valign=\"middle\">Alum\u00ednio + Vidro<\/td>\n<\/tr>\n<tr class=\"even\">\n<td valign=\"middle\" width=\"32\"><\/td>\n<td valign=\"middle\">Arbusto:<\/td>\n<td valign=\"middle\">E27<\/td>\n<\/tr>\n<tr class=\"odd\">\n<td valign=\"middle\" width=\"32\"><\/td>\n<td valign=\"middle\">Certificados:<\/td>\n<td valign=\"middle\">CE - ROHS<\/td>\n<\/tr>\n<tr class=\"even\">\n<td valign=\"middle\" width=\"32\"><\/td>\n<td valign=\"middle\">Classifica\u00e7\u00e3o IP:<\/td>\n<td valign=\"middle\">IP54<\/td>\n<\/tr>\n<\/tbody>\n<\/table>\n<\/div><div class=\"col-xs-12 col-md-6 2\">\n<table class=\"table table-data-sheet 2\">\n<tbody>\n<tr class=\"odd\">\n<td valign=\"middle\" width=\"32\"><\/td>\n<td valign=\"middle\">Dimens\u00f5es (mm):<\/td>\n<td valign=\"middle\">200*100*100mm<\/td>\n<\/tr>\n<tr class=\"even\">\n<td valign=\"middle\" width=\"32\"><\/td>\n<td valign=\"middle\">Frequ\u00eancia de trabalho (Hz):<\/td>\n<td valign=\"middle\">50\/60Hz<\/td>\n<\/tr>\n<tr class=\"odd\">\n<td valign=\"middle\" width=\"32\"><\/td>\n<td valign=\"middle\">Gama de temperaturas (\u00baC):<\/td>\n<td valign=\"middle\">-20\u00b0C ~ +55\u00b0C<\/td>\n<\/tr>\n<tr class=\"even\">\n<td valign=\"middle\" width=\"32\"><\/td>\n<td valign=\"middle\">Ciclos de Igni\u00e7\u00e3o:<\/td>\n<td valign=\"middle\">100.000<\/td>\n<\/tr>\n<tr class=\"odd\">\n<td valign=\"middle\" width=\"32\"><\/td>\n<td valign=\"middle\">Anos de garantia:<\/td>\n<td valign=\"middle\">2<\/td>\n<\/tr>\n<\/tbody>\n<\/table>\n<p>&nbsp;<\/p>\n<\/div><\/p>","protected":false},"excerpt":{"rendered":"<div class=\"col-md-12\"><i class=\"fa fa-truck\"><\/i>&nbsp;<span class=\"text-muted textprop\">Entrega em 24\/48 horas<\/span><div class=\"col-md-12\"><i class=\"fa fa-exchange\"><\/i>&nbsp;<span class=\"text-muted textprop\">Garantia do segurado<\/span><\/div><div class=\"col-md-12\"><i class=\"fa fa-box\"><\/i>&nbsp;<span class=\"text-muted textprop\">12 unidade(s) por Masterbox<\/span><\/div><\/div>","protected":false},"featured_media":8132,"template":"","meta":{"site-sidebar-layout":"default","site-content-layout":"default","ast-global-header-display":"","ast-main-header-display":"","ast-hfb-above-header-display":"","ast-hfb-below-header-display":"","ast-hfb-mobile-header-display":"","site-post-title":"","ast-breadcrumbs-content":"","ast-featured-img":"","footer-sml-layout":"","theme-transparent-header-meta":"default","adv-header-id-meta":"","stick-header-meta":"","header-above-stick-meta":"","header-main-stick-meta":"","header-below-stick-meta":""},"product_cat":[64,36],"product_tag":[],"class_list":["post-8125","product","type-product","status-publish","has-post-thumbnail","hentry","product_cat-apliques-led","product_cat-apliques-led-y-decoracion"],"_links":{"self":[{"href":"https:\/\/starlediluminacion.com\/pt\/wp-json\/wp\/v3\/product\/8125","targetHints":{"allow":["GET"]}}],"collection":[{"href":"https:\/\/starlediluminacion.com\/pt\/wp-json\/wp\/v3\/product"}],"about":[{"href":"https:\/\/starlediluminacion.com\/pt\/wp-json\/wp\/v2\/types\/product"}],"wp:featuredmedia":[{"embeddable":true,"href":"https:\/\/starlediluminacion.com\/pt\/wp-json\/wp\/v2\/media\/8132"}],"wp:attachment":[{"href":"https:\/\/starlediluminacion.com\/pt\/wp-json\/wp\/v2\/media?parent=8125"}],"wp:term":[{"taxonomy":"product_cat","embeddable":true,"href":"https:\/\/starlediluminacion.com\/pt\/wp-json\/wp\/v2\/product_cat?post=8125"},{"taxonomy":"product_tag","embeddable":true,"href":"https:\/\/starlediluminacion.com\/pt\/wp-json\/wp\/v2\/product_tag?post=8125"}],"curies":[{"name":"wp","href":"https:\/\/api.w.org\/{rel}","templated":true}]}}