{"id":7873,"date":"2022-08-27T11:26:17","date_gmt":"2022-08-27T11:26:17","guid":{"rendered":"https:\/\/starlediluminacion.com\/?post_type=product&#038;p=7873"},"modified":"2022-08-27T11:26:17","modified_gmt":"2022-08-27T11:26:17","slug":"columna-arcos-3-metros","status":"publish","type":"product","link":"https:\/\/starlediluminacion.com\/pt\/product\/columna-arcos-3-metros\/","title":{"rendered":"<p>Columna Arcos 3 metros<\/p>"},"content":{"rendered":"<p><label>REFERENCIA: SL2122-3M<\/label><div class=\"hidden-xs parrafo\">\n<p>Coluna<strong>&nbsp;Modelo Arco de 3 metros<\/strong>&nbsp;fabricada en componentes de&nbsp;<strong>alta resist\u00eancia<\/strong>&nbsp;y gran calidad. Perfecta para ser colocada en lugares en los que se necesita&nbsp;<strong>gran altura<\/strong>&nbsp;y gran&nbsp;<strong>amplitud de luz<\/strong>. Pintada en poli&eacute;ster al horno de alta resistencia<\/p>\n<\/div><div id=\"views_block\" class=\"clearfix\">\n<div id=\"thumbs_list\">\n<h1>Columna Arcos 3 metros<\/h1>\n<p>La Columna Arcos esta dise&ntilde;ada para su colocaci&oacute;n en cualquier zona de la ciudad, su forma elegante es ideal para darle un toque de distinci&oacute;n al entorno.<\/p>\n<p>Incorpora fundici&oacute;n&nbsp;<strong>en base de anclaje, macolla central<\/strong>. Se compone de&nbsp;<strong>tubo de a\u00e7o<\/strong>&nbsp;\u00d8<strong>&nbsp;140 x 3<\/strong>&nbsp;en la base y fuste en tubo de acero de &Oslash;&nbsp;<strong>90 x 3<\/strong>. Terminada en racor 3?4 para colocaci&oacute;n superior de farol.<\/p>\n<p>Provista de puerta de registro a la altura homologada. Realizada en una sola pieza en alturas de&nbsp;<strong>3 mts<\/strong>. Incluyendo pernos de anclaje de M-16.<\/p>\n<p>Pintada en color negro RAL9005 con pintura poli&eacute;ster al horno.<\/p>\n<p><strong>Usos de la Columna Arcos 3 metros:<\/strong><\/p>\n<ul>\n<li>Ilumina\u00e7\u00e3o p\u00fablica<\/li>\n<li>Calles Plazas<\/li>\n<li>Resid\u00eancias<\/li>\n<li>Parques<\/li>\n<li>Urbaniza\u00e7\u00f5es<\/li>\n<\/ul>\n<h3 class=\"page-product-heading\">DADOS T\u00c9CNICOS<\/h3>\n<div class=\"col-xs-12 col-md-6\">\n<table class=\"table table-data-sheet 1\">\n<tbody>\n<tr class=\"odd\">\n<td valign=\"middle\" width=\"32\"><\/td>\n<td valign=\"middle\">REFER\u00caNCIA :<\/td>\n<td valign=\"middle\">SL2122<\/td>\n<\/tr>\n<tr class=\"even\">\n<td valign=\"middle\" width=\"32\"><\/td>\n<td valign=\"middle\">Material de constru\u00e7\u00e3o:<\/td>\n<td valign=\"middle\">A\u00e7o + esmalte de poliuretano<\/td>\n<\/tr>\n<\/tbody>\n<\/table>\n<\/div>\n<div class=\"col-xs-12 col-md-6 2\">\n<table class=\"table table-data-sheet 2\">\n<tbody>\n<tr class=\"odd\">\n<td valign=\"middle\" width=\"32\"><\/td>\n<td valign=\"middle\">Certificados:<\/td>\n<td valign=\"middle\">CE<\/td>\n<\/tr>\n<tr class=\"even\">\n<td valign=\"middle\" width=\"32\"><\/td>\n<td valign=\"middle\">Dimens\u00f5es (mm):<\/td>\n<td valign=\"middle\">&Oslash;140- &Oslash;89<\/td>\n<\/tr>\n<\/tbody>\n<\/table>\n<\/div>\n<\/div>\n<\/div><\/p>","protected":false},"excerpt":{"rendered":"<div class=\"col-md-12\"><i class=\"fa fa-truck\"><\/i>&nbsp;<span class=\"text-muted textprop\">Entrega em 24\/48 horas<\/span><div class=\"col-md-12\"><i class=\"fa fa-exchange\"><\/i>&nbsp;<span class=\"text-muted textprop\">Garantia do segurado<\/span><\/div><div class=\"col-md-12\"><i class=\"fa fa-box\"><\/i>&nbsp;<span class=\"text-muted textprop\">1 unidade(s) por Masterbox<\/span><\/div><\/div>","protected":false},"featured_media":7887,"template":"","meta":{"site-sidebar-layout":"default","site-content-layout":"default","ast-global-header-display":"","ast-main-header-display":"","ast-hfb-above-header-display":"","ast-hfb-below-header-display":"","ast-hfb-mobile-header-display":"","site-post-title":"","ast-breadcrumbs-content":"","ast-featured-img":"","footer-sml-layout":"","theme-transparent-header-meta":"default","adv-header-id-meta":"","stick-header-meta":"","header-above-stick-meta":"","header-main-stick-meta":"","header-below-stick-meta":""},"product_cat":[99,30],"product_tag":[],"class_list":["post-7873","product","type-product","status-publish","has-post-thumbnail","hentry","product_cat-accesorios-para-farolas-led","product_cat-iluminacion-publica-y-vial"],"_links":{"self":[{"href":"https:\/\/starlediluminacion.com\/pt\/wp-json\/wp\/v3\/product\/7873","targetHints":{"allow":["GET"]}}],"collection":[{"href":"https:\/\/starlediluminacion.com\/pt\/wp-json\/wp\/v3\/product"}],"about":[{"href":"https:\/\/starlediluminacion.com\/pt\/wp-json\/wp\/v2\/types\/product"}],"wp:featuredmedia":[{"embeddable":true,"href":"https:\/\/starlediluminacion.com\/pt\/wp-json\/wp\/v2\/media\/7887"}],"wp:attachment":[{"href":"https:\/\/starlediluminacion.com\/pt\/wp-json\/wp\/v2\/media?parent=7873"}],"wp:term":[{"taxonomy":"product_cat","embeddable":true,"href":"https:\/\/starlediluminacion.com\/pt\/wp-json\/wp\/v2\/product_cat?post=7873"},{"taxonomy":"product_tag","embeddable":true,"href":"https:\/\/starlediluminacion.com\/pt\/wp-json\/wp\/v2\/product_tag?post=7873"}],"curies":[{"name":"wp","href":"https:\/\/api.w.org\/{rel}","templated":true}]}}