{"id":7690,"date":"2022-08-25T18:57:12","date_gmt":"2022-08-25T18:57:12","guid":{"rendered":"https:\/\/starlediluminacion.com\/?post_type=product&#038;p=7690"},"modified":"2022-08-25T18:57:13","modified_gmt":"2022-08-25T18:57:13","slug":"cruceta-de-acero-de-2-brazos","status":"publish","type":"product","link":"https:\/\/starlediluminacion.com\/pt\/product\/cruceta-de-acero-de-2-brazos\/","title":{"rendered":"<p>Cruceta de Acero de 2 Brazos<\/p>"},"content":{"rendered":"<p>REFERENCIA: SLCRUCETA2B<div class=\"hidden-xs parrafo\">\n<p><strong>Crosshead<\/strong>&nbsp;de tubo de acero para dos&nbsp;<strong>lumin\u00e1rias<\/strong>&nbsp;o&nbsp;<strong>holofotes holofotes<\/strong>. Pode ser instalado em Postes LED, Colunas e Luzes de Rua.<\/p>\n<\/div><div id=\"views_block-1\" class=\"clearfix\">\n<div id=\"thumbs_list\">\n<h1>Cruceta de acero de dos brazos<\/h1>\n<p>O&nbsp;<strong>Cruceta de 2 brazos<\/strong>&nbsp;\u00e9 feito de&nbsp;<strong>tubo de a\u00e7o<\/strong>. Tem a possibilidade de escolher a termina\u00e7\u00e3o em diferentes di\u00e2metros.&nbsp;<em>(a pedido)<\/em>. Revestimento em p\u00f3 de poli\u00e9ster, electrostaticamente pulverizado e mergulhado no forno.&nbsp;<strong>Resistente \u00e0 corros\u00e3o<\/strong>. A sua cor padr\u00e3o \u00e9 o preto, mas pode ser pintado em qualquer cor a partir da tabela RAL.&nbsp;<em>(a pedido)<\/em><\/p>\n<h2>Usos de la&nbsp;Cruceta de acero de&nbsp;dos&nbsp; brazos<\/h2>\n<ul>\n<li>Participantes<\/li>\n<li>Colunas<\/li>\n<li>Candeeiros de rua<\/li>\n<li>Ideal para parques de estacionamento, rotundas, ruas, pra\u00e7as...<\/li>\n<\/ul>\n<h3 class=\"page-product-heading\">DADOS T\u00c9CNICOS<\/h3>\n<div class=\"col-xs-12 col-md-6\">\n<table class=\"table table-data-sheet 1\">\n<tbody>\n<tr class=\"odd\">\n<td valign=\"middle\" width=\"32\"><\/td>\n<td valign=\"middle\">REFER\u00caNCIA :<\/td>\n<td valign=\"middle\">SLCRUCETA2B<\/td>\n<\/tr>\n<tr class=\"even\">\n<td valign=\"middle\" width=\"32\"><\/td>\n<td valign=\"middle\">Material de constru\u00e7\u00e3o:<\/td>\n<td valign=\"middle\">A\u00e7o<\/td>\n<\/tr>\n<tr class=\"odd\">\n<td valign=\"middle\" width=\"32\"><\/td>\n<td valign=\"middle\">Certificados:<\/td>\n<td valign=\"middle\">CE - ROHS<\/td>\n<\/tr>\n<\/tbody>\n<\/table>\n<\/div>\n<div class=\"col-xs-12 col-md-6 2\">\n<table class=\"table table-data-sheet 2\">\n<tbody>\n<tr class=\"odd\">\n<td valign=\"middle\" width=\"32\"><\/td>\n<td valign=\"middle\">Dimens\u00f5es (mm):<\/td>\n<td valign=\"middle\">2x500XH300mm<\/td>\n<\/tr>\n<tr class=\"even\">\n<td valign=\"middle\" width=\"32\"><\/td>\n<td valign=\"middle\">Informa\u00e7\u00e3o adicional:<\/td>\n<td valign=\"middle\">\u00d8Hole Tube 60-64<\/td>\n<\/tr>\n<tr class=\"odd\">\n<td valign=\"middle\" width=\"32\"><\/td>\n<td valign=\"middle\">Anos de garantia:<\/td>\n<td valign=\"middle\">2<\/td>\n<\/tr>\n<\/tbody>\n<\/table>\n<\/div>\n<\/div>\n<\/div><\/p>","protected":false},"excerpt":{"rendered":"<div class=\"col-md-12\"><i class=\"fa fa-truck\"><\/i>&nbsp;<span class=\"text-muted textprop\">Entrega em 24\/48 horas<\/span><div class=\"col-md-12\"><i class=\"fa fa-exchange\"><\/i>&nbsp;<span class=\"text-muted textprop\">Garantia do segurado<\/span><\/div><div class=\"col-md-12\"><i class=\"fa fa-box\"><\/i>&nbsp;<span class=\"text-muted textprop\">1 unidade(s) por Masterbox<\/span><\/div><div class=\"col-md-12 certificados\"><\/div><\/div>","protected":false},"featured_media":7695,"template":"","meta":{"site-sidebar-layout":"default","site-content-layout":"default","ast-global-header-display":"","ast-main-header-display":"","ast-hfb-above-header-display":"","ast-hfb-below-header-display":"","ast-hfb-mobile-header-display":"","site-post-title":"","ast-breadcrumbs-content":"","ast-featured-img":"","footer-sml-layout":"","theme-transparent-header-meta":"default","adv-header-id-meta":"","stick-header-meta":"","header-above-stick-meta":"","header-main-stick-meta":"","header-below-stick-meta":""},"product_cat":[99,30],"product_tag":[],"class_list":["post-7690","product","type-product","status-publish","has-post-thumbnail","hentry","product_cat-accesorios-para-farolas-led","product_cat-iluminacion-publica-y-vial"],"_links":{"self":[{"href":"https:\/\/starlediluminacion.com\/pt\/wp-json\/wp\/v3\/product\/7690","targetHints":{"allow":["GET"]}}],"collection":[{"href":"https:\/\/starlediluminacion.com\/pt\/wp-json\/wp\/v3\/product"}],"about":[{"href":"https:\/\/starlediluminacion.com\/pt\/wp-json\/wp\/v2\/types\/product"}],"wp:featuredmedia":[{"embeddable":true,"href":"https:\/\/starlediluminacion.com\/pt\/wp-json\/wp\/v2\/media\/7695"}],"wp:attachment":[{"href":"https:\/\/starlediluminacion.com\/pt\/wp-json\/wp\/v2\/media?parent=7690"}],"wp:term":[{"taxonomy":"product_cat","embeddable":true,"href":"https:\/\/starlediluminacion.com\/pt\/wp-json\/wp\/v2\/product_cat?post=7690"},{"taxonomy":"product_tag","embeddable":true,"href":"https:\/\/starlediluminacion.com\/pt\/wp-json\/wp\/v2\/product_tag?post=7690"}],"curies":[{"name":"wp","href":"https:\/\/api.w.org\/{rel}","templated":true}]}}