{"id":7631,"date":"2022-08-23T16:02:11","date_gmt":"2022-08-23T16:02:11","guid":{"rendered":"https:\/\/starlediluminacion.com\/?post_type=product&#038;p=7631"},"modified":"2022-08-23T16:02:11","modified_gmt":"2022-08-23T16:02:11","slug":"ventilador-led-de-techo-rainbow-infantil-e27-53w-ip20","status":"publish","type":"product","link":"https:\/\/starlediluminacion.com\/pt\/product\/ceiling-led-fan-rainbow-infantil-e27-53w-ip20\/","title":{"rendered":"<p>Ventilador de teto infantil RAINBOW LED - E27 - 53W - IP20<\/p>"},"content":{"rendered":"<p>REFER\u00caNCIA: SLVL75165<p><strong>Ventilador<\/strong>&nbsp;<strong>LED 76cm<\/strong>&nbsp;a partir de&nbsp;<strong>di\u00e2metro<\/strong>com corpo com acabamento a cores e&nbsp;<strong>seis l\u00e2minas revers\u00edveis<\/strong>&nbsp;inclu\u00eddo: branco e pinho lavado. Com&nbsp;<strong>vidro<\/strong>&nbsp;opala.<\/p><p>Reduza a temperatura ambiente com o ar fresco das nossas ventoinhas e poupe na sua fatura de eletricidade gra\u00e7as \u00e0 ilumina\u00e7\u00e3o LED.<\/p><h1>Ventilador de teto LED RAINBOW Colours - E27 - 53W - IP20<\/h1><p><strong>Ventilador<\/strong>&nbsp;<strong>LED 76cm<\/strong>&nbsp;a partir de&nbsp;<strong>di\u00e2metro<\/strong>com corpo com acabamento a cores e&nbsp;<strong>seis l\u00e2minas revers\u00edveis<\/strong>&nbsp;inclu\u00eddo: branco e pinho lavado. Com&nbsp;<strong>vidro<\/strong>&nbsp;opala. \u00c9 acionado por meio de duas correntes com uma pega decorativa. Inclui um casquilho E27 para que possa instalar a l\u00e2mpada que melhor se adapta \u00e0s suas necessidades e tem a op\u00e7\u00e3o de montagem em duas alturas, uma com haste e outra diretamente no motor. Fun\u00e7\u00e3o ver\u00e3o\/inverno.<\/p><p>\u00c9 acionado por meio de duas correntes com uma pega decorativa e pode ser montado a duas alturas, uma com um espig\u00e3o de selim e a outra diretamente no motor. Gra\u00e7as \u00e0 sua&nbsp;<strong>Sistema invertido<\/strong>o ventilador tem&nbsp;<strong>duas fun\u00e7\u00f5es<\/strong>op\u00e7\u00e3o&nbsp;<strong>ver\u00e3o\/inverno<\/strong>Neste modo, o motor inverte a rota\u00e7\u00e3o das p\u00e1s para dissipar o ar quente no ver\u00e3o e distribuir uniformemente o ar quente do aquecimento no inverno, o que melhora a sensa\u00e7\u00e3o t\u00e9rmica e optimiza o funcionamento do aquecimento.<\/p><p>Todos os nossos ventiladores utilizam a melhor tecnologia para obter um desempenho \u00f3timo. O seu&nbsp;<strong>sistema silencioso<\/strong>&nbsp;faz com que funcione sem causar ru\u00eddos inc\u00f3modos no ambiente.<\/p><h4><\/h4><div class=\"rte\">\n<h1>Ventilador de teto LED RAINBOW Colours - E27 - 53W - IP20<\/h1>\n<p><strong>Ventilador<\/strong>&nbsp;<strong>LED 76cm<\/strong>&nbsp;a partir de&nbsp;<strong>di\u00e2metro<\/strong>com corpo com acabamento a cores e&nbsp;<strong>seis l\u00e2minas revers\u00edveis<\/strong>&nbsp;inclu\u00eddo: branco e pinho lavado. Com&nbsp;<strong>vidro<\/strong>&nbsp;opala. \u00c9 acionado por meio de duas correntes com uma pega decorativa. Inclui um casquilho E27 para que possa instalar a l\u00e2mpada que melhor se adapta \u00e0s suas necessidades e tem a op\u00e7\u00e3o de montagem em duas alturas, uma com haste e outra diretamente no motor. Fun\u00e7\u00e3o ver\u00e3o\/inverno.<\/p>\n<p>\u00c9 acionado por meio de duas correntes com uma pega decorativa e pode ser montado a duas alturas, uma com um espig\u00e3o de selim e a outra diretamente no motor. Gra\u00e7as \u00e0 sua&nbsp;<strong>Sistema invertido<\/strong>o ventilador tem&nbsp;<strong>duas fun\u00e7\u00f5es<\/strong>op\u00e7\u00e3o&nbsp;<strong>ver\u00e3o\/inverno<\/strong>Neste modo, o motor inverte a rota\u00e7\u00e3o das p\u00e1s para dissipar o ar quente no ver\u00e3o e distribuir uniformemente o ar quente do aquecimento no inverno, o que melhora a sensa\u00e7\u00e3o t\u00e9rmica e optimiza o funcionamento do aquecimento.<\/p>\n<p>Todos os nossos ventiladores utilizam a melhor tecnologia para obter um desempenho \u00f3timo. O seu&nbsp;<strong>sistema silencioso<\/strong>&nbsp;faz com que funcione sem causar ru\u00eddos inc\u00f3modos no ambiente.<\/p>\n<p><span style=\"font-size: 1.5em; font-weight: bold;\">Utiliza\u00e7\u00f5es do Ventilador de Teto LED RAINBOW - 53W - E27 - IP20<\/span><\/p>\n<div class=\"stk-technical\">\n<ul>\n<li>Sal\u00f5es<\/li>\n<li>Escrit\u00f3rios<\/li>\n<li>Quartos<\/li>\n<li>Cozinhas<\/li>\n<li>Varandas<\/li>\n<li>Salas de espera<\/li>\n<li>Restaurantes<\/li>\n<\/ul>\n<h3 class=\"page-product-heading\">DADOS T\u00c9CNICOS<\/h3>\n<div class=\"col-xs-12 col-md-6\">\n<table class=\"table table-data-sheet 1\">\n<tbody>\n<tr class=\"odd\">\n<td valign=\"middle\" width=\"32\"><\/td>\n<td valign=\"middle\">REFER\u00caNCIA :<\/td>\n<td valign=\"middle\">SLVL75165<\/td>\n<\/tr>\n<tr class=\"even\">\n<td valign=\"middle\" width=\"32\"><\/td>\n<td valign=\"middle\">Tens\u00e3o Nominal:<\/td>\n<td valign=\"middle\">220-240V<\/td>\n<\/tr>\n<tr class=\"odd\">\n<td valign=\"middle\" width=\"32\"><\/td>\n<td valign=\"middle\">Arbusto:<\/td>\n<td valign=\"middle\">E27<\/td>\n<\/tr>\n<tr class=\"even\">\n<td valign=\"middle\" width=\"32\"><\/td>\n<td valign=\"middle\">Certificados:<\/td>\n<td valign=\"middle\">CE - ROHS<\/td>\n<\/tr>\n<tr class=\"odd\">\n<td valign=\"middle\" width=\"32\"><\/td>\n<td valign=\"middle\">Classifica\u00e7\u00e3o IP:<\/td>\n<td valign=\"middle\">IP20<\/td>\n<\/tr>\n<tr class=\"even\">\n<td valign=\"middle\" width=\"32\"><\/td>\n<td valign=\"middle\">Dimens\u00f5es (mm):<\/td>\n<td valign=\"middle\">\u00d8760\u00d7280 mm<\/td>\n<\/tr>\n<tr class=\"odd\">\n<td valign=\"middle\" width=\"32\"><\/td>\n<td valign=\"middle\">Frequ\u00eancia de trabalho (Hz):<\/td>\n<td valign=\"middle\">50\/60Hz<\/td>\n<\/tr>\n<tr class=\"even\">\n<td valign=\"middle\" width=\"32\"><\/td>\n<td valign=\"middle\">Anos de garantia:<\/td>\n<td valign=\"middle\">5<\/td>\n<\/tr>\n<tr class=\"odd\">\n<td valign=\"middle\" width=\"32\"><\/td>\n<td valign=\"middle\">Estilo:<\/td>\n<td valign=\"middle\">Cl\u00e1ssico<\/td>\n<\/tr>\n<tr class=\"even\">\n<td valign=\"middle\" width=\"32\"><\/td>\n<td valign=\"middle\">Cor do corpo:<\/td>\n<td valign=\"middle\">Branco<\/td>\n<\/tr>\n<tr class=\"odd\">\n<td valign=\"middle\" width=\"32\"><\/td>\n<td valign=\"middle\">Acabamento:<\/td>\n<td valign=\"middle\">Luminosidade<\/td>\n<\/tr>\n<tr class=\"even\">\n<td valign=\"middle\" width=\"32\"><\/td>\n<td valign=\"middle\">Material da l\u00e2mina :<\/td>\n<td valign=\"middle\">Madeira<\/td>\n<\/tr>\n<tr class=\"odd\">\n<td valign=\"middle\" width=\"32\"><\/td>\n<td valign=\"middle\">N\u00famero de l\u00e2minas :<\/td>\n<td valign=\"middle\">6<\/td>\n<\/tr>\n<tr class=\"even\">\n<td valign=\"middle\" width=\"32\"><\/td>\n<td valign=\"middle\">Material do difusor :<\/td>\n<td valign=\"middle\">Vidro<\/td>\n<\/tr>\n<\/tbody>\n<\/table>\n<\/div>\n<div class=\"col-xs-12 col-md-6 2\">\n<table class=\"table table-data-sheet 2\">\n<tbody>\n<tr class=\"odd\">\n<td valign=\"middle\" width=\"32\"><\/td>\n<td valign=\"middle\">L\u00e2minas revers\u00edveis:<\/td>\n<td valign=\"middle\">Sim<\/td>\n<\/tr>\n<tr class=\"even\">\n<td valign=\"middle\" width=\"32\"><\/td>\n<td valign=\"middle\">Tipo de motor:<\/td>\n<td valign=\"middle\">AC<\/td>\n<\/tr>\n<tr class=\"odd\">\n<td valign=\"middle\" width=\"32\"><\/td>\n<td valign=\"middle\">Modo ver\u00e3o \/ inverno:<\/td>\n<td valign=\"middle\">Sim<\/td>\n<\/tr>\n<tr class=\"even\">\n<td valign=\"middle\" width=\"32\"><\/td>\n<td valign=\"middle\">Comprimento das l\u00e2minas:<\/td>\n<td valign=\"middle\">295<\/td>\n<\/tr>\n<tr class=\"odd\">\n<td valign=\"middle\" width=\"32\"><\/td>\n<td valign=\"middle\">Posi\u00e7\u00e3o de montagem:<\/td>\n<td valign=\"middle\">Um espig\u00e3o de selim + fixa\u00e7\u00e3o direta ao teto<\/td>\n<\/tr>\n<tr class=\"even\">\n<td valign=\"middle\" width=\"32\"><\/td>\n<td valign=\"middle\">Inclina\u00e7\u00e3o m\u00e1xima do telhado:<\/td>\n<td valign=\"middle\">15\u00ba<\/td>\n<\/tr>\n<tr class=\"odd\">\n<td valign=\"middle\" width=\"32\"><\/td>\n<td valign=\"middle\">Instala\u00e7\u00e3o:<\/td>\n<td valign=\"middle\">2 - 3m<\/td>\n<\/tr>\n<tr class=\"even\">\n<td valign=\"middle\" width=\"32\"><\/td>\n<td valign=\"middle\">Velocidades:<\/td>\n<td valign=\"middle\">3<\/td>\n<\/tr>\n<tr class=\"odd\">\n<td valign=\"middle\" width=\"32\"><\/td>\n<td valign=\"middle\">RPM:<\/td>\n<td valign=\"middle\">131,187,237<\/td>\n<\/tr>\n<tr class=\"even\">\n<td valign=\"middle\" width=\"32\"><\/td>\n<td valign=\"middle\">Fluxo de ar:<\/td>\n<td valign=\"middle\">2880,4020,5760 m3\/h<\/td>\n<\/tr>\n<tr class=\"odd\">\n<td valign=\"middle\" width=\"32\"><\/td>\n<td valign=\"middle\">N\u00edvel de ru\u00eddo:<\/td>\n<td valign=\"middle\">30,42,46 dB<\/td>\n<\/tr>\n<tr class=\"even\">\n<td valign=\"middle\" width=\"32\"><\/td>\n<td valign=\"middle\">Consumo:<\/td>\n<td valign=\"middle\">16 \/ 27 \/ 53 W\/h<\/td>\n<\/tr>\n<tr class=\"odd\">\n<td valign=\"middle\" width=\"32\"><\/td>\n<td valign=\"middle\">N\u00famero de suportes de l\u00e2mpadas :<\/td>\n<td valign=\"middle\">1<\/td>\n<\/tr>\n<tr class=\"even\">\n<td valign=\"middle\" width=\"32\"><\/td>\n<td valign=\"middle\">L\u00e2mpada inclu\u00edda :<\/td>\n<td valign=\"middle\">N\u00e3o<\/td>\n<\/tr>\n<\/tbody>\n<\/table>\n<\/div>\n<p>&nbsp;<\/p>\n<\/div>\n<\/div><\/p>","protected":false},"excerpt":{"rendered":"<div class=\"col-md-12\"><i class=\"fa fa-truck\"><\/i>&nbsp;<span class=\"text-muted textprop\">Entrega em 24\/48 horas<\/span><div class=\"col-md-12\"><i class=\"fa fa-exchange\"><\/i>&nbsp;<span class=\"text-muted textprop\">Garantia do segurado<\/span><\/div><div class=\"col-md-12\"><i class=\"fa fa-box\"><\/i>&nbsp;<span class=\"text-muted textprop\">1 unidade(s) por Masterbox<\/span><\/div><\/div>","protected":false},"featured_media":7632,"template":"","meta":{"site-sidebar-layout":"default","site-content-layout":"default","ast-global-header-display":"","ast-main-header-display":"","ast-hfb-above-header-display":"","ast-hfb-below-header-display":"","ast-hfb-mobile-header-display":"","site-post-title":"","ast-breadcrumbs-content":"","ast-featured-img":"","footer-sml-layout":"","theme-transparent-header-meta":"default","adv-header-id-meta":"","stick-header-meta":"","header-above-stick-meta":"","header-main-stick-meta":"","header-below-stick-meta":""},"product_cat":[36,67],"product_tag":[],"class_list":["post-7631","product","type-product","status-publish","has-post-thumbnail","hentry","product_cat-apliques-led-y-decoracion","product_cat-ventiladores-techo-led"],"yoast_head":"<!-- This site is optimized with the Yoast SEO plugin v27.4 - https:\/\/yoast.com\/product\/yoast-seo-wordpress\/ -->\n<title>Ventilador LED de Techo RAINBOW Infantil - E27 - 53W - IP20 - STARLED Iluminacion<\/title>\n<meta name=\"robots\" content=\"index, follow, max-snippet:-1, max-image-preview:large, max-video-preview:-1\" \/>\n<link rel=\"canonical\" href=\"https:\/\/starlediluminacion.com\/pt\/product\/ceiling-led-fan-rainbow-infantil-e27-53w-ip20\/\" \/>\n<meta property=\"og:locale\" content=\"pt_PT\" \/>\n<meta property=\"og:type\" content=\"article\" \/>\n<meta property=\"og:title\" content=\"Ventilador LED de Techo RAINBOW Infantil - E27 - 53W - IP20 - STARLED Iluminacion\" \/>\n<meta property=\"og:description\" content=\"\u00a0Entrega en 24\/48 horas \u00a0Garant\u00eda asegurada \u00a01 unidad(es) por Masterbox\" \/>\n<meta property=\"og:url\" content=\"https:\/\/starlediluminacion.com\/pt\/product\/ceiling-led-fan-rainbow-infantil-e27-53w-ip20\/\" \/>\n<meta property=\"og:site_name\" content=\"STARLED Iluminacion\" \/>\n<meta property=\"og:image\" content=\"https:\/\/starlediluminacion.com\/wp-content\/uploads\/2022\/08\/ventilador-led-de-techo-rainbow-infantil-e27-53w-ip20-factorled-1.jpg\" \/>\n\t<meta property=\"og:image:width\" content=\"1000\" \/>\n\t<meta property=\"og:image:height\" content=\"1000\" \/>\n\t<meta property=\"og:image:type\" content=\"image\/jpeg\" \/>\n<meta name=\"twitter:card\" content=\"summary_large_image\" \/>\n<meta name=\"twitter:label1\" content=\"Tempo estimado de leitura\" \/>\n\t<meta name=\"twitter:data1\" content=\"3 minutos\" \/>\n<script type=\"application\/ld+json\" class=\"yoast-schema-graph\">{\"@context\":\"https:\\\/\\\/schema.org\",\"@graph\":[{\"@type\":\"WebPage\",\"@id\":\"https:\\\/\\\/starlediluminacion.com\\\/producto\\\/ventilador-led-de-techo-rainbow-infantil-e27-53w-ip20\\\/\",\"url\":\"https:\\\/\\\/starlediluminacion.com\\\/producto\\\/ventilador-led-de-techo-rainbow-infantil-e27-53w-ip20\\\/\",\"name\":\"Ventilador LED de Techo RAINBOW Infantil - E27 - 53W - IP20 - STARLED Iluminacion\",\"isPartOf\":{\"@id\":\"https:\\\/\\\/starlediluminacion.com\\\/#website\"},\"primaryImageOfPage\":{\"@id\":\"https:\\\/\\\/starlediluminacion.com\\\/producto\\\/ventilador-led-de-techo-rainbow-infantil-e27-53w-ip20\\\/#primaryimage\"},\"image\":{\"@id\":\"https:\\\/\\\/starlediluminacion.com\\\/producto\\\/ventilador-led-de-techo-rainbow-infantil-e27-53w-ip20\\\/#primaryimage\"},\"thumbnailUrl\":\"https:\\\/\\\/starlediluminacion.com\\\/wp-content\\\/uploads\\\/2022\\\/08\\\/ventilador-led-de-techo-rainbow-infantil-e27-53w-ip20-factorled-1.jpg\",\"datePublished\":\"2022-08-23T16:02:11+00:00\",\"breadcrumb\":{\"@id\":\"https:\\\/\\\/starlediluminacion.com\\\/producto\\\/ventilador-led-de-techo-rainbow-infantil-e27-53w-ip20\\\/#breadcrumb\"},\"inLanguage\":\"pt-PT\",\"potentialAction\":[{\"@type\":\"ReadAction\",\"target\":[\"https:\\\/\\\/starlediluminacion.com\\\/producto\\\/ventilador-led-de-techo-rainbow-infantil-e27-53w-ip20\\\/\"]}]},{\"@type\":\"ImageObject\",\"inLanguage\":\"pt-PT\",\"@id\":\"https:\\\/\\\/starlediluminacion.com\\\/producto\\\/ventilador-led-de-techo-rainbow-infantil-e27-53w-ip20\\\/#primaryimage\",\"url\":\"https:\\\/\\\/starlediluminacion.com\\\/wp-content\\\/uploads\\\/2022\\\/08\\\/ventilador-led-de-techo-rainbow-infantil-e27-53w-ip20-factorled-1.jpg\",\"contentUrl\":\"https:\\\/\\\/starlediluminacion.com\\\/wp-content\\\/uploads\\\/2022\\\/08\\\/ventilador-led-de-techo-rainbow-infantil-e27-53w-ip20-factorled-1.jpg\",\"width\":1000,\"height\":1000},{\"@type\":\"BreadcrumbList\",\"@id\":\"https:\\\/\\\/starlediluminacion.com\\\/producto\\\/ventilador-led-de-techo-rainbow-infantil-e27-53w-ip20\\\/#breadcrumb\",\"itemListElement\":[{\"@type\":\"ListItem\",\"position\":1,\"name\":\"Portada\",\"item\":\"https:\\\/\\\/starlediluminacion.com\\\/\"},{\"@type\":\"ListItem\",\"position\":2,\"name\":\"Shop\",\"item\":\"https:\\\/\\\/starlediluminacion.com\\\/shop-2\\\/\"},{\"@type\":\"ListItem\",\"position\":3,\"name\":\"Ventilador LED de Techo RAINBOW Infantil &#8211; E27 &#8211; 53W &#8211; IP20\"}]},{\"@type\":\"WebSite\",\"@id\":\"https:\\\/\\\/starlediluminacion.com\\\/#website\",\"url\":\"https:\\\/\\\/starlediluminacion.com\\\/\",\"name\":\"STARLED Iluminacion\",\"description\":\"\",\"potentialAction\":[{\"@type\":\"SearchAction\",\"target\":{\"@type\":\"EntryPoint\",\"urlTemplate\":\"https:\\\/\\\/starlediluminacion.com\\\/?s={search_term_string}\"},\"query-input\":{\"@type\":\"PropertyValueSpecification\",\"valueRequired\":true,\"valueName\":\"search_term_string\"}}],\"inLanguage\":\"pt-PT\"}]}<\/script>\n<!-- \/ Yoast SEO plugin. -->","yoast_head_json":{"title":"Ventilador LED de Techo RAINBOW Infantil - E27 - 53W - IP20 - STARLED Iluminacion","robots":{"index":"index","follow":"follow","max-snippet":"max-snippet:-1","max-image-preview":"max-image-preview:large","max-video-preview":"max-video-preview:-1"},"canonical":"https:\/\/starlediluminacion.com\/pt\/product\/ceiling-led-fan-rainbow-infantil-e27-53w-ip20\/","og_locale":"pt_PT","og_type":"article","og_title":"Ventilador LED de Techo RAINBOW Infantil - E27 - 53W - IP20 - STARLED Iluminacion","og_description":"\u00a0Entrega en 24\/48 horas \u00a0Garant\u00eda asegurada \u00a01 unidad(es) por Masterbox","og_url":"https:\/\/starlediluminacion.com\/pt\/product\/ceiling-led-fan-rainbow-infantil-e27-53w-ip20\/","og_site_name":"STARLED Iluminacion","og_image":[{"width":1000,"height":1000,"url":"https:\/\/starlediluminacion.com\/wp-content\/uploads\/2022\/08\/ventilador-led-de-techo-rainbow-infantil-e27-53w-ip20-factorled-1.jpg","type":"image\/jpeg"}],"twitter_card":"summary_large_image","twitter_misc":{"Tempo estimado de leitura":"3 minutos"},"schema":{"@context":"https:\/\/schema.org","@graph":[{"@type":"WebPage","@id":"https:\/\/starlediluminacion.com\/producto\/ventilador-led-de-techo-rainbow-infantil-e27-53w-ip20\/","url":"https:\/\/starlediluminacion.com\/producto\/ventilador-led-de-techo-rainbow-infantil-e27-53w-ip20\/","name":"Ventilador LED de Techo RAINBOW Infantil - E27 - 53W - IP20 - STARLED Iluminacion","isPartOf":{"@id":"https:\/\/starlediluminacion.com\/#website"},"primaryImageOfPage":{"@id":"https:\/\/starlediluminacion.com\/producto\/ventilador-led-de-techo-rainbow-infantil-e27-53w-ip20\/#primaryimage"},"image":{"@id":"https:\/\/starlediluminacion.com\/producto\/ventilador-led-de-techo-rainbow-infantil-e27-53w-ip20\/#primaryimage"},"thumbnailUrl":"https:\/\/starlediluminacion.com\/wp-content\/uploads\/2022\/08\/ventilador-led-de-techo-rainbow-infantil-e27-53w-ip20-factorled-1.jpg","datePublished":"2022-08-23T16:02:11+00:00","breadcrumb":{"@id":"https:\/\/starlediluminacion.com\/producto\/ventilador-led-de-techo-rainbow-infantil-e27-53w-ip20\/#breadcrumb"},"inLanguage":"pt-PT","potentialAction":[{"@type":"ReadAction","target":["https:\/\/starlediluminacion.com\/producto\/ventilador-led-de-techo-rainbow-infantil-e27-53w-ip20\/"]}]},{"@type":"ImageObject","inLanguage":"pt-PT","@id":"https:\/\/starlediluminacion.com\/producto\/ventilador-led-de-techo-rainbow-infantil-e27-53w-ip20\/#primaryimage","url":"https:\/\/starlediluminacion.com\/wp-content\/uploads\/2022\/08\/ventilador-led-de-techo-rainbow-infantil-e27-53w-ip20-factorled-1.jpg","contentUrl":"https:\/\/starlediluminacion.com\/wp-content\/uploads\/2022\/08\/ventilador-led-de-techo-rainbow-infantil-e27-53w-ip20-factorled-1.jpg","width":1000,"height":1000},{"@type":"BreadcrumbList","@id":"https:\/\/starlediluminacion.com\/producto\/ventilador-led-de-techo-rainbow-infantil-e27-53w-ip20\/#breadcrumb","itemListElement":[{"@type":"ListItem","position":1,"name":"Portada","item":"https:\/\/starlediluminacion.com\/"},{"@type":"ListItem","position":2,"name":"Shop","item":"https:\/\/starlediluminacion.com\/shop-2\/"},{"@type":"ListItem","position":3,"name":"Ventilador LED de Techo RAINBOW Infantil &#8211; E27 &#8211; 53W &#8211; IP20"}]},{"@type":"WebSite","@id":"https:\/\/starlediluminacion.com\/#website","url":"https:\/\/starlediluminacion.com\/","name":"STARLED Iluminacion","description":"","potentialAction":[{"@type":"SearchAction","target":{"@type":"EntryPoint","urlTemplate":"https:\/\/starlediluminacion.com\/?s={search_term_string}"},"query-input":{"@type":"PropertyValueSpecification","valueRequired":true,"valueName":"search_term_string"}}],"inLanguage":"pt-PT"}]}},"_links":{"self":[{"href":"https:\/\/starlediluminacion.com\/pt\/wp-json\/wp\/v3\/product\/7631","targetHints":{"allow":["GET"]}}],"collection":[{"href":"https:\/\/starlediluminacion.com\/pt\/wp-json\/wp\/v3\/product"}],"about":[{"href":"https:\/\/starlediluminacion.com\/pt\/wp-json\/wp\/v2\/types\/product"}],"wp:featuredmedia":[{"embeddable":true,"href":"https:\/\/starlediluminacion.com\/pt\/wp-json\/wp\/v2\/media\/7632"}],"wp:attachment":[{"href":"https:\/\/starlediluminacion.com\/pt\/wp-json\/wp\/v2\/media?parent=7631"}],"wp:term":[{"taxonomy":"product_cat","embeddable":true,"href":"https:\/\/starlediluminacion.com\/pt\/wp-json\/wp\/v2\/product_cat?post=7631"},{"taxonomy":"product_tag","embeddable":true,"href":"https:\/\/starlediluminacion.com\/pt\/wp-json\/wp\/v2\/product_tag?post=7631"}],"curies":[{"name":"wp","href":"https:\/\/api.w.org\/{rel}","templated":true}]}}