{"id":7553,"date":"2022-08-22T13:19:57","date_gmt":"2022-08-22T13:19:57","guid":{"rendered":"https:\/\/starlediluminacion.com\/?post_type=product&#038;p=7553"},"modified":"2022-08-22T13:19:57","modified_gmt":"2022-08-22T13:19:57","slug":"columna-reka-negro-3-metros-4-metros","status":"publish","type":"product","link":"https:\/\/starlediluminacion.com\/pt\/product\/coluna-reka-preta-3-metros-4-metros\/","title":{"rendered":"<p>Coluna preta REKA - 3 metros - 4 metros<\/p>"},"content":{"rendered":"<div class=\"product-info-line\">\n<p id=\"product_reference\"><label>REFER\u00caNCIA: SL2124<br>\n<\/label><\/p>\n<div class=\"hidden-xs parrafo\">\n<p><strong>Servi\u00e7o imediato<\/strong>Poste ou poste de ilumina\u00e7\u00e3o para ilumina\u00e7\u00e3o p\u00fablica, zonas residenciais, estradas, bairros sociais. Fabricado em tubo de a\u00e7o de 60mm e 90mm, com di\u00e2metro de 3mm de espessura, pintado em&nbsp;<strong>Preto brilhante - RAL9005 -&nbsp;&nbsp;<\/strong>fabricado em poli\u00e9ster cozido da mais alta qualidade para uma elevada dureza e resist\u00eancia.&nbsp;<strong>ISO 12944-2 Classe 3 -&nbsp;<\/strong>&nbsp;Acabamento pontiagudo com porca de 3\/4\" para fixar as lanternas. F\u00e1cil de transportar e montar, pois pode ser montado em 2 pe\u00e7as, o que facilita muito a instala\u00e7\u00e3o por uma s\u00f3 pessoa. Cumpre os requisitos ambientais&nbsp;<strong>UNE-EN ISO 14001:2015<\/strong>e a norma de qualidade&nbsp;<strong>UNE- EN ISO 9001:2015.<\/strong><\/p>\n<h1>Coluna preta REKA - 3 metros - 4 metros<\/h1>\n<p>O&nbsp;<strong>Coluna REKA<\/strong>&nbsp;foi concebido para ser colocado em qualquer zona da cidade, \u00e9 elegante e moderno e \u00e9 ideal para dar um toque mais moderno ao ambiente.<\/p>\n<p>O nosso dissuasor foi concebido e certificado para utiliza\u00e7\u00e3o em ruas e vias p\u00fablicas.<\/p>\n<p><strong>F\u00c1CIL TRANSPORTE E MONTAGEM:<\/strong>&nbsp;O poste de ilumina\u00e7\u00e3o \u00e9 concebido em 2 sec\u00e7\u00f5es para facilitar o transporte. A montagem \u00e9 muito f\u00e1cil e pode ser efectuada por uma s\u00f3 pessoa.<\/p>\n<p>A sua altura \u00e9 de&nbsp;<strong>3 -4 metros&nbsp;<\/strong>&nbsp;resistente a mudan\u00e7as extremas de temperatura.<\/p>\n<p>O seu acabamento \u00e9 perfeito para fixar lanternas, uma porta de esgoto \u00e0 altura aprovada e uma placa de fixa\u00e7\u00e3o de caixa de fus\u00edveis.<\/p>\n<p>&nbsp;<\/p>\n<p><strong>Pintura anti-corros\u00e3o de alta qualidade:&nbsp;<\/strong><strong>ISO 12944-2 - CLASSE-3 - Atmosferas urbanas e industriais, com contamina\u00e7\u00e3o moderada de di\u00f3xido de enxofre<\/strong>A nossa coluna est\u00e1 equipada com pintura a p\u00f3 de poli\u00e9ster sublimado no forno (60-90 microns), preparada para resistir a condi\u00e7\u00f5es climat\u00e9ricas dif\u00edceis, como a chuva, o vento, o sol?  A elevada qualidade do processo de pintura permite-nos classific\u00e1-la no grupo profissional Classe 3, o que indica&nbsp;<strong>Garantia anti-corros\u00e3o de 7 anos para o a\u00e7o.&nbsp;<\/strong><\/p>\n<p>&nbsp;<\/p>\n<p><strong>Servi\u00e7o imediato 24 horas por dia.<\/strong><\/p>\n<p>&nbsp;<\/p>\n<p>A pedido, est\u00e3o dispon\u00edveis diferentes op\u00e7\u00f5es para reduzir os custos de manuten\u00e7\u00e3o da coluna LED:<\/p>\n<p><strong>-Tratamento ISO 12944-2 - Classe 5 - I-:&nbsp;&nbsp;<\/strong>Tratamento de dupla camada para resist\u00eancia em zonas industriais com elevada humidade e atmosferas agressivas.<\/p>\n<p><strong>-Tratamento ISO 12944-2 - Classe 5 - M-:&nbsp;&nbsp;<\/strong>Tratamento de tripla camada para resistir a zonas costeiras e mar\u00edtimas com elevada salinidade.<\/p>\n<p><strong>- Tratamento com tinta anti-ferrugem: &nbsp;&nbsp;<\/strong>\u00c9 aplicado na base da coluna (65cm de altura) com tinta termopl\u00e1stica de poli\u00e9ster (250-300 microns).<\/p>\n<p><strong>-Tratamento anti-graffiti:&nbsp;<\/strong>&nbsp;At\u00e9 uma altura de 3 metros, \u00e9 aplicado um verniz transparente de poliuretano alif\u00e1tico que impede a ader\u00eancia das tintas.<\/p>\n<p><strong>-Tratamento anti-adesivo:<\/strong>&nbsp; At\u00e9 uma altura de 3 metros, \u00e9 aplicado um verniz transparente rugoso que impede a ader\u00eancia dos autocolantes.<\/p>\n<p>&nbsp;<\/p>\n<p>Em conformidade com a norma de requisitos ambientais&nbsp;<strong>UNE-EN ISO 14001:2015<\/strong>e a norma de qualidade&nbsp;<strong>UNE- EN ISO 9001:2015.<\/strong><\/p>\n<p><strong>A coluna n\u00e3o inclui os parafusos de fixa\u00e7\u00e3o ao solo.<\/strong><\/p>\n<p>&nbsp;<\/p>\n<h2>Utiliza\u00e7\u00f5es da coluna REKA preta - circular 3-4 metros<\/h2>\n<ul>\n<li>Ilumina\u00e7\u00e3o p\u00fablica<\/li>\n<li>Ruas<\/li>\n<li>Lugares<\/li>\n<li>Resid\u00eancias<\/li>\n<li>Parques<\/li>\n<li>Urbaniza\u00e7\u00f5es<\/li>\n<li>Estradas<\/li>\n<\/ul>\n<h3 class=\"page-product-heading\">DADOS T\u00c9CNICOS<\/h3>\n<div class=\"col-xs-12 col-md-6\">\n<table class=\"table table-data-sheet 1\">\n<tbody>\n<tr class=\"odd\">\n<td valign=\"middle\" width=\"32\"><\/td>\n<td valign=\"middle\">REFER\u00caNCIA :<\/td>\n<td valign=\"middle\">SL2124<\/td>\n<\/tr>\n<tr class=\"even\">\n<td valign=\"middle\" width=\"32\"><\/td>\n<td valign=\"middle\">Material de constru\u00e7\u00e3o:<\/td>\n<td valign=\"middle\">A\u00e7o + esmalte de poliuretano<\/td>\n<\/tr>\n<tr class=\"odd\">\n<td valign=\"middle\" width=\"32\"><\/td>\n<td valign=\"middle\">Certificados:<\/td>\n<td valign=\"middle\">CE<\/td>\n<\/tr>\n<\/tbody>\n<\/table>\n<\/div>\n<div class=\"col-xs-12 col-md-6 2\">\n<table class=\"table table-data-sheet 2\">\n<tbody>\n<tr class=\"odd\">\n<td valign=\"middle\" width=\"32\"><\/td>\n<td valign=\"middle\">Dimens\u00f5es (mm):<\/td>\n<td valign=\"middle\">3000<\/td>\n<\/tr>\n<tr class=\"even\">\n<td valign=\"middle\" width=\"32\"><\/td>\n<td valign=\"middle\">Informa\u00e7\u00e3o adicional:<\/td>\n<td valign=\"middle\">Tubo de a\u00e7o: 3mm (\u00d890mm x3mm) (\u00d860x3mm) 3\/4?<\/td>\n<\/tr>\n<\/tbody>\n<\/table>\n<\/div>\n<\/div>\n<\/div>","protected":false},"excerpt":{"rendered":"<div class=\"col-md-12\"><i class=\"fa fa-truck\"><\/i>&nbsp;<span class=\"text-muted textprop\">Entrega em 24\/48 horas<\/span><div class=\"col-md-12\"><i class=\"fa fa-exchange\"><\/i>&nbsp;<span class=\"text-muted textprop\">Garantia do segurado<\/span><\/div><div class=\"col-md-12\"><i class=\"fa fa-box\"><\/i>&nbsp;<span class=\"text-muted textprop\">1 unidade(s) por Masterbox<\/span><\/div><\/div>","protected":false},"featured_media":7561,"template":"","meta":{"site-sidebar-layout":"default","site-content-layout":"default","ast-global-header-display":"","ast-main-header-display":"","ast-hfb-above-header-display":"","ast-hfb-below-header-display":"","ast-hfb-mobile-header-display":"","site-post-title":"","ast-breadcrumbs-content":"","ast-featured-img":"","footer-sml-layout":"","theme-transparent-header-meta":"default","adv-header-id-meta":"","stick-header-meta":"","header-above-stick-meta":"","header-main-stick-meta":"","header-below-stick-meta":""},"product_cat":[99,30],"product_tag":[],"class_list":["post-7553","product","type-product","status-publish","has-post-thumbnail","hentry","product_cat-accesorios-para-farolas-led","product_cat-iluminacion-publica-y-vial"],"_links":{"self":[{"href":"https:\/\/starlediluminacion.com\/pt\/wp-json\/wp\/v3\/product\/7553","targetHints":{"allow":["GET"]}}],"collection":[{"href":"https:\/\/starlediluminacion.com\/pt\/wp-json\/wp\/v3\/product"}],"about":[{"href":"https:\/\/starlediluminacion.com\/pt\/wp-json\/wp\/v2\/types\/product"}],"wp:featuredmedia":[{"embeddable":true,"href":"https:\/\/starlediluminacion.com\/pt\/wp-json\/wp\/v2\/media\/7561"}],"wp:attachment":[{"href":"https:\/\/starlediluminacion.com\/pt\/wp-json\/wp\/v2\/media?parent=7553"}],"wp:term":[{"taxonomy":"product_cat","embeddable":true,"href":"https:\/\/starlediluminacion.com\/pt\/wp-json\/wp\/v2\/product_cat?post=7553"},{"taxonomy":"product_tag","embeddable":true,"href":"https:\/\/starlediluminacion.com\/pt\/wp-json\/wp\/v2\/product_tag?post=7553"}],"curies":[{"name":"wp","href":"https:\/\/api.w.org\/{rel}","templated":true}]}}