{"id":7333,"date":"2022-08-22T09:51:26","date_gmt":"2022-08-22T09:51:26","guid":{"rendered":"https:\/\/starlediluminacion.com\/?post_type=product&#038;p=7333"},"modified":"2022-08-22T09:51:27","modified_gmt":"2022-08-22T09:51:27","slug":"farola-led-60w-asker-bridgelux-chip-140lm-w","status":"publish","type":"product","link":"https:\/\/starlediluminacion.com\/pt\/product\/candeeiro-de-rua-led-60w-asker-bridgelux-chip-140lm-w\/","title":{"rendered":"<p>60W ASKER BRIDGELUX BRIDGELUX Chip de ilumina\u00e7\u00e3o p\u00fablica LED 140lm\/W<\/p>"},"content":{"rendered":"<p><label>REFER\u00caNCIA: SL90357<\/label><div class=\"hidden-xs parrafo\">\n<p>O&nbsp;<strong>Candeeiro de rua LED ASKER 60W&nbsp;<\/strong>\u00e9 feito de d\u00edodos&nbsp;<strong>SMD 3030 Bridgelux<\/strong>&nbsp;A tecnologia LED \u00e9 capaz de gerar uma elevada luminosidade, que \u00e9 capaz de gerar uma grande ilumina\u00e7\u00e3o em qualquer espa\u00e7o exterior de ilumina\u00e7\u00e3o p\u00fablica. Agora \u00e9 a altura de substituir as velhas luzes de rua por novas e a tecnologia LED pode reduzir o consumo de energia em at\u00e9 80%.<\/p>\n<\/div><div id=\"views_block-1\" class=\"clearfix\">\n<div id=\"thumbs_list\">\n<h1>L\u00e2mpada de rua LED 60W&nbsp;<strong>ASKER&nbsp;<\/strong>Chip BRIDGELUX 140lm\/W<\/h1>\n<p>Para conseguir uma melhor ilumina\u00e7\u00e3o p\u00fablica, a solu\u00e7\u00e3o ideal \u00e9 a nova&nbsp;<strong>Chip de ilumina\u00e7\u00e3o p\u00fablica LED ASKER BRIDGELUX&nbsp;<\/strong>&nbsp;que se destaca do resto gra\u00e7as ao seu<strong>&nbsp;60W<\/strong>&nbsp;SMD3030, obtendo uma lumin\u00e1ria de qualidade. \u00c9 fabricada em alum\u00ednio de alta qualidade, pelo que lhe \u00e9 garantida uma elevada prote\u00e7\u00e3o contra a intemp\u00e9rie.<\/p>\n<p>Gra\u00e7as ao seu desenho extra-plano, evita que as folhas ou sujidade das \u00e1rvores sejam depositadas sobre elas, ao mesmo tempo que minimiza o seu impacto visual.<\/p>\n<p>O poste de luz&nbsp;<strong>ASKER LED<\/strong>&nbsp;\u00e9 imediatamente ligada, eliminando os inc\u00f3modos tempos de espera que deixam \u00e1reas inteiras na escurid\u00e3o quando a energia falha, criando inseguran\u00e7a entre os transeuntes.<\/p>\n<p>Al\u00e9m disso, gra\u00e7as \u00e0 sua protec\u00e7\u00e3o&nbsp;<strong>IP65&nbsp;<\/strong>est\u00e1 protegido contra qualquer altera\u00e7\u00e3o do tempo, sem afectar a sua fun\u00e7\u00e3o de ilumina\u00e7\u00e3o.<\/p>\n<p>A lumin\u00e1ria<strong>&nbsp;ASKER LED&nbsp;<\/strong>&nbsp;a ilumina\u00e7\u00e3o p\u00fablica permitir-lhe-\u00e1 manter uma boa ilumina\u00e7\u00e3o com baixo consumo. O custo de opera\u00e7\u00e3o \u00e9 mais baixo, uma vez que n\u00e3o h\u00e1 arrancadores ou electr\u00f3nica para substituir.<\/p>\n<p>Constru\u00eddo para uma longa vida \u00fatil de mais de 50.000 horas, o&nbsp;<strong>Candeeiro de rua LED 60W ASKER&nbsp;<\/strong>&nbsp;tem&nbsp;<strong>5 anos de garantia<\/strong>&nbsp;pela sua elevada qualidade e durabilidade da fonte de alimenta\u00e7\u00e3o.<\/p>\n<p>Tem um conector redondo girat\u00f3rio de 60mm de di\u00e2metro, 2 parafusos de press\u00e3o a fixar \u00e0 coluna.<\/p>\n<h2>Utiliza\u00e7\u00f5es do candeeiro de rua LED 60W ASKER BRIDGELUX Chip 140lm\/W<\/h2>\n<ul>\n<li>Ilumina\u00e7\u00e3o de rua<\/li>\n<li>Jardins e caminhos<\/li>\n<li>Parques e pra\u00e7as<\/li>\n<li>Centro Desportivo<\/li>\n<li>Estacionamentos<\/li>\n<\/ul>\n<h3 class=\"page-product-heading\">DADOS T\u00c9CNICOS<\/h3>\n<div class=\"col-xs-12 col-md-6\">\n<table class=\"table table-data-sheet 1\">\n<tbody>\n<tr class=\"odd\">\n<td valign=\"middle\" width=\"32\"><\/td>\n<td valign=\"middle\">REFER\u00caNCIA :<\/td>\n<td valign=\"middle\">SL90357<\/td>\n<\/tr>\n<tr class=\"even\">\n<td valign=\"middle\" width=\"32\"><\/td>\n<td valign=\"middle\">Pot\u00eancia nominal :<\/td>\n<td valign=\"middle\">60w<\/td>\n<\/tr>\n<tr class=\"odd\">\n<td valign=\"middle\" width=\"32\"><\/td>\n<td valign=\"middle\">Tens\u00e3o Nominal:<\/td>\n<td valign=\"middle\">85-265V<\/td>\n<\/tr>\n<tr class=\"even\">\n<td valign=\"middle\" width=\"32\"><\/td>\n<td valign=\"middle\">Temperatura ligeira:<\/td>\n<td valign=\"middle\">4000K-6000K<\/td>\n<\/tr>\n<tr class=\"odd\">\n<td valign=\"middle\" width=\"32\"><\/td>\n<td valign=\"middle\">CRI - Colour Rendering Index:<\/td>\n<td valign=\"middle\">70<\/td>\n<\/tr>\n<tr class=\"even\">\n<td valign=\"middle\" width=\"32\"><\/td>\n<td valign=\"middle\">Material de constru\u00e7\u00e3o:<\/td>\n<td valign=\"middle\">Alum\u00ednio + Vidro<\/td>\n<\/tr>\n<tr class=\"odd\">\n<td valign=\"middle\" width=\"32\"><\/td>\n<td valign=\"middle\">Luminosidade-Lm:<\/td>\n<td valign=\"middle\">8400Lm<\/td>\n<\/tr>\n<tr class=\"even\">\n<td valign=\"middle\" width=\"32\"><\/td>\n<td valign=\"middle\">Tipo de LEDs:<\/td>\n<td valign=\"middle\">SMD3030 Bridgelux 1835DS-C30<\/td>\n<\/tr>\n<tr class=\"odd\">\n<td valign=\"middle\" width=\"32\"><\/td>\n<td valign=\"middle\">\u00c2ngulo de abertura (\u00ba):<\/td>\n<td valign=\"middle\">140\u00ba x 52\u00ba.<\/td>\n<\/tr>\n<tr class=\"even\">\n<td valign=\"middle\" width=\"32\"><\/td>\n<td valign=\"middle\">Efici\u00eancia dos d\u00edodos LED (Lm\/W):<\/td>\n<td valign=\"middle\">180 Lm\/W<\/td>\n<\/tr>\n<tr class=\"odd\">\n<td valign=\"middle\" width=\"32\"><\/td>\n<td valign=\"middle\">Efic\u00e1cia luminosa (Lm\/W):<\/td>\n<td valign=\"middle\">140 Lm\/W<\/td>\n<\/tr>\n<tr class=\"even\">\n<td valign=\"middle\" width=\"32\"><\/td>\n<td valign=\"middle\">Certificados:<\/td>\n<td valign=\"middle\">CE-RoSH<\/td>\n<\/tr>\n<\/tbody>\n<\/table>\n<\/div>\n<div class=\"col-xs-12 col-md-6 2\">\n<table class=\"table table-data-sheet 2\">\n<tbody>\n<tr class=\"odd\">\n<td valign=\"middle\" width=\"32\"><\/td>\n<td valign=\"middle\">Classifica\u00e7\u00e3o IP:<\/td>\n<td valign=\"middle\">IP65-Outdoor<\/td>\n<\/tr>\n<tr class=\"even\">\n<td valign=\"middle\" width=\"32\"><\/td>\n<td valign=\"middle\">D\u00edodo LED de vida estimada (H):<\/td>\n<td valign=\"middle\">100.000<\/td>\n<\/tr>\n<tr class=\"odd\">\n<td valign=\"middle\" width=\"32\"><\/td>\n<td valign=\"middle\">Dimens\u00f5es (mm):<\/td>\n<td valign=\"middle\">513x180x85mm - Orif\u00edcio do tubo 63\u00d8mm<\/td>\n<\/tr>\n<tr class=\"even\">\n<td valign=\"middle\" width=\"32\"><\/td>\n<td valign=\"middle\">Factor de pot\u00eancia (PF):<\/td>\n<td valign=\"middle\">0.98<\/td>\n<\/tr>\n<tr class=\"odd\">\n<td valign=\"middle\" width=\"32\"><\/td>\n<td valign=\"middle\">Frequ\u00eancia de trabalho (Hz):<\/td>\n<td valign=\"middle\">50\/60Hz<\/td>\n<\/tr>\n<tr class=\"even\">\n<td valign=\"middle\" width=\"32\"><\/td>\n<td valign=\"middle\">Gama de temperaturas (\u00baC):<\/td>\n<td valign=\"middle\">-20\u00b0C ~ +55\u00b0C<\/td>\n<\/tr>\n<tr class=\"odd\">\n<td valign=\"middle\" width=\"32\"><\/td>\n<td valign=\"middle\">Ciclos de Igni\u00e7\u00e3o:<\/td>\n<td valign=\"middle\">100.000<\/td>\n<\/tr>\n<tr class=\"even\">\n<td valign=\"middle\" width=\"32\"><\/td>\n<td valign=\"middle\">Tempo de arranque (s):<\/td>\n<td valign=\"middle\">0,2s<\/td>\n<\/tr>\n<tr class=\"odd\">\n<td valign=\"middle\" width=\"32\"><\/td>\n<td valign=\"middle\">Protec\u00e7\u00e3o contra impactos (IK):<\/td>\n<td valign=\"middle\">IK08<\/td>\n<\/tr>\n<tr class=\"even\">\n<td valign=\"middle\" width=\"32\"><\/td>\n<td valign=\"middle\">Condutor inclu\u00eddo:<\/td>\n<td valign=\"middle\">Motorista GXTronic - 5 Anos<\/td>\n<\/tr>\n<tr class=\"odd\">\n<td valign=\"middle\" width=\"32\"><\/td>\n<td valign=\"middle\">Classe energ\u00e9tica (2021-EU-2019\/2015):<\/td>\n<td valign=\"middle\">A++<\/td>\n<\/tr>\n<tr class=\"even\">\n<td valign=\"middle\" width=\"32\"><\/td>\n<td valign=\"middle\">Anos de garantia:<\/td>\n<td valign=\"middle\">5<\/td>\n<\/tr>\n<\/tbody>\n<\/table>\n<p>&nbsp;<\/p>\n<\/div>\n<\/div>\n<\/div><\/p>","protected":false},"excerpt":{"rendered":"<div class=\"col-md-12\"><i class=\"fa fa-truck\"><\/i>&nbsp;<span class=\"text-muted textprop\">Entrega em 24\/48 horas<\/span><div class=\"col-md-12\"><i class=\"fa fa-exchange\"><\/i>&nbsp;<span class=\"text-muted textprop\">Garantia do segurado<\/span><\/div><div class=\"col-md-12\"><i class=\"fa fa-box\"><\/i>&nbsp;<span class=\"text-muted textprop\">1 unidade(s) por Masterbox<\/span><\/div><div>\n<div><strong>TEMPERATURA DE COR: 4000K\/6000K&nbsp;<\/strong><\/div>\n<\/div><\/div>","protected":false},"featured_media":7334,"template":"","meta":{"site-sidebar-layout":"default","site-content-layout":"default","ast-global-header-display":"","ast-main-header-display":"","ast-hfb-above-header-display":"","ast-hfb-below-header-display":"","ast-hfb-mobile-header-display":"","site-post-title":"","ast-breadcrumbs-content":"","ast-featured-img":"","footer-sml-layout":"","theme-transparent-header-meta":"default","adv-header-id-meta":"","stick-header-meta":"","header-above-stick-meta":"","header-main-stick-meta":"","header-below-stick-meta":""},"product_cat":[95,30],"product_tag":[],"class_list":["post-7333","product","type-product","status-publish","has-post-thumbnail","hentry","product_cat-farolas-led-urbanas","product_cat-iluminacion-publica-y-vial"],"_links":{"self":[{"href":"https:\/\/starlediluminacion.com\/pt\/wp-json\/wp\/v3\/product\/7333","targetHints":{"allow":["GET"]}}],"collection":[{"href":"https:\/\/starlediluminacion.com\/pt\/wp-json\/wp\/v3\/product"}],"about":[{"href":"https:\/\/starlediluminacion.com\/pt\/wp-json\/wp\/v2\/types\/product"}],"wp:featuredmedia":[{"embeddable":true,"href":"https:\/\/starlediluminacion.com\/pt\/wp-json\/wp\/v2\/media\/7334"}],"wp:attachment":[{"href":"https:\/\/starlediluminacion.com\/pt\/wp-json\/wp\/v2\/media?parent=7333"}],"wp:term":[{"taxonomy":"product_cat","embeddable":true,"href":"https:\/\/starlediluminacion.com\/pt\/wp-json\/wp\/v2\/product_cat?post=7333"},{"taxonomy":"product_tag","embeddable":true,"href":"https:\/\/starlediluminacion.com\/pt\/wp-json\/wp\/v2\/product_tag?post=7333"}],"curies":[{"name":"wp","href":"https:\/\/api.w.org\/{rel}","templated":true}]}}