{"id":7112,"date":"2022-08-20T20:23:30","date_gmt":"2022-08-20T20:23:30","guid":{"rendered":"https:\/\/starlediluminacion.com\/?post_type=product&#038;p=7112"},"modified":"2025-10-18T08:54:21","modified_gmt":"2025-10-18T08:54:21","slug":"farola-led-150w-capri-philips-driver-programable-smd5050-240lm-w","status":"publish","type":"product","link":"https:\/\/starlediluminacion.com\/pt\/product\/farola-led-150w-capri-philips-driver-programable-smd5050-240lm-w\/","title":{"rendered":"<p>farola led 150w capri  driver programable smd5050 240lm\/w<\/p>"},"content":{"rendered":"<div class=\"product-info-line\">\n<p id=\"product_reference\"><label>referencia: sl90799<br>\n<\/label><\/p>\n<div class=\"hidden-xs parrafo\">\n<p><strong>la farola led 150w capri&nbsp;  driver&nbsp;<\/strong>&nbsp;Oferece igni\u00e7\u00e3o instant\u00e2nea e elevada pot\u00eancia, sendo o substituto ideal para as antigas l\u00e2mpadas de merc\u00fario, melhorando a qualidade da luz e reduzindo significativamente o consumo de energia.&nbsp;<strong>D\u00edodo bridgelux smd 5050.<\/strong><\/p>\n<\/div>\n<div id=\"views_block-1\" class=\"clearfix\">\n<div id=\"thumbs_list\">\n<h1>farola led 150w capri &nbsp; driver programable smd5050 240lm\/w<\/h1>\n<p><strong>la farola led 150w capri &nbsp;con driver &nbsp; programable 100w&nbsp;<\/strong>\u00e9 a nova gama de alto design em alum\u00ednio fundido com abertura f\u00e1cil.<\/p>\n<p>su eficacia es muy superior a las farolas&nbsp; tradicionales, siendo la elecci&oacute;n perfecta para su sustituci&oacute;n de dicho tipo de luminarias de calle.<\/p>\n<p>A instala\u00e7\u00e3o e a montagem s\u00e3o simples, mas o que mais se destaca \u00e9 a sua&nbsp;<strong>m\u00f3dulo de leds com o d\u00edodo bridgelux smd 5050 com 12 n\u00facleos<\/strong>Isto garante uma ilumina\u00e7\u00e3o potente e sem encandeamento.<\/p>\n<p>\u00e9 eficaz e duradouro&nbsp;<strong>driver programable&nbsp;  xitanium<\/strong>&nbsp;com uma garantia de 5 anos, asseguram uma longa vida \u00fatil da lumin\u00e1ria de rua.<\/p>\n<p>com as nossas lumin\u00e1rias program\u00e1veis, a luminosidade muda automaticamente para se adaptar de forma inteligente aos diferentes cen\u00e1rios noturnos necess\u00e1rios. o controlador permite programar 5 configura\u00e7\u00f5es diferentes ao longo da noite. permite tamb\u00e9m regular o consumo desejado a qualquer momento.<\/p>\n<p>fabricada en fundici&oacute;n de aluminio: la luminaria&nbsp;es perfecta para dar una gran resistencia por un gran periodo de tiempo, esta protegido&nbsp;<strong>contra a ferrugem ou a corros\u00e3o<\/strong>Resiste mesmo \u00e0s temperaturas extremas que ocorrem tanto no ver\u00e3o como no inverno.<\/p>\n<p>o seu sistema de abertura r\u00e1pida garante um acesso f\u00e1cil em caso de necessidade.<\/p>\n<p>o seu grau de prote\u00e7\u00e3o&nbsp;<strong>ip66<\/strong>&nbsp;protege o produto contra a entrada de poeira e \u00e9 resistente a salpicos de todos os tipos de l\u00edquidos de todos os \u00e2ngulos, tornando-o perfeito para montagem no exterior.<\/p>\n<h2>usos de la&nbsp;farola led&nbsp;150w&nbsp;capri&nbsp;  driver programable smd5050 240lm\/w<\/h2>\n<ul>\n<li>ruas<\/li>\n<li>parques<\/li>\n<li>lugares<\/li>\n<li>jardins<\/li>\n<li>estradas<\/li>\n<li>p\u00e1tios<\/li>\n<\/ul>\n<h3 class=\"page-product-heading\">pormenores t\u00e9cnicos<\/h3>\n<div class=\"col-xs-12 col-md-6\">\n<table class=\"table table-data-sheet 1\">\n<tbody>\n<tr class=\"odd\">\n<td valign=\"middle\" width=\"32\"><\/td>\n<td valign=\"middle\">refer\u00eancia :<\/td>\n<td valign=\"middle\">sl90799<\/td>\n<\/tr>\n<tr class=\"even\">\n<td valign=\"middle\" width=\"32\"><\/td>\n<td valign=\"middle\">pot\u00eancia nominal :<\/td>\n<td valign=\"middle\">150w -15w (programmable)<\/td>\n<\/tr>\n<tr class=\"odd\">\n<td valign=\"middle\" width=\"32\"><\/td>\n<td valign=\"middle\">tens\u00e3o nominal:<\/td>\n<td valign=\"middle\">170-305v.<\/td>\n<\/tr>\n<tr class=\"even\">\n<td valign=\"middle\" width=\"32\"><\/td>\n<td valign=\"middle\">temperatura da luz:<\/td>\n<td valign=\"middle\">3000k - 4000k<\/td>\n<\/tr>\n<tr class=\"odd\">\n<td valign=\"middle\" width=\"32\"><\/td>\n<td valign=\"middle\">cri - \u00edndice de reprodu\u00e7\u00e3o crom\u00e1tica:<\/td>\n<td valign=\"middle\">70<\/td>\n<\/tr>\n<tr class=\"even\">\n<td valign=\"middle\" width=\"32\"><\/td>\n<td valign=\"middle\">material de constru\u00e7\u00e3o:<\/td>\n<td valign=\"middle\">alum\u00ednio<\/td>\n<\/tr>\n<tr class=\"odd\">\n<td valign=\"middle\" width=\"32\"><\/td>\n<td valign=\"middle\">luminosidade-lm:<\/td>\n<td valign=\"middle\">22500<\/td>\n<\/tr>\n<tr class=\"even\">\n<td valign=\"middle\" width=\"32\"><\/td>\n<td valign=\"middle\">tipo de LEDs:<\/td>\n<td valign=\"middle\">smd 5050-12d chip bridgelux 2240 bxcd ds-c47<\/td>\n<\/tr>\n<tr class=\"odd\">\n<td valign=\"middle\" width=\"32\"><\/td>\n<td valign=\"middle\">\u00e2ngulo de abertura (\u00ba):<\/td>\n<td valign=\"middle\">150\u00ba x 75\u00ba.<\/td>\n<\/tr>\n<tr class=\"even\">\n<td valign=\"middle\" width=\"32\"><\/td>\n<td valign=\"middle\">efici\u00eancia do d\u00edodo LED (lm\/w):<\/td>\n<td valign=\"middle\">240lm\/w<\/td>\n<\/tr>\n<tr class=\"odd\">\n<td valign=\"middle\" width=\"32\"><\/td>\n<td valign=\"middle\">efic\u00e1cia luminosa (lm\/w):<\/td>\n<td valign=\"middle\">150lm\/w<\/td>\n<\/tr>\n<tr class=\"even\">\n<td valign=\"middle\" width=\"32\"><\/td>\n<td valign=\"middle\">dimable:<\/td>\n<td valign=\"middle\">1-10v<\/td>\n<\/tr>\n<tr class=\"odd\">\n<td valign=\"middle\" width=\"32\"><\/td>\n<td valign=\"middle\">certificados:<\/td>\n<td valign=\"middle\">ce-rosh-t\u00fcv-enec<\/td>\n<\/tr>\n<\/tbody>\n<\/table>\n<\/div>\n<div class=\"col-xs-12 col-md-6 2\">\n<table class=\"table table-data-sheet 2\">\n<tbody>\n<tr class=\"odd\">\n<td valign=\"middle\" width=\"32\"><\/td>\n<td valign=\"middle\">grau de ip:<\/td>\n<td valign=\"middle\">ip66<\/td>\n<\/tr>\n<tr class=\"even\">\n<td valign=\"middle\" width=\"32\"><\/td>\n<td valign=\"middle\">dura\u00e7\u00e3o estimada do d\u00edodo de led (h):<\/td>\n<td valign=\"middle\">100.000<\/td>\n<\/tr>\n<tr class=\"odd\">\n<td valign=\"middle\" width=\"32\"><\/td>\n<td valign=\"middle\">fator de pot\u00eancia (pf):<\/td>\n<td valign=\"middle\">0.95<\/td>\n<\/tr>\n<tr class=\"even\">\n<td valign=\"middle\" width=\"32\"><\/td>\n<td valign=\"middle\">frequ\u00eancia de funcionamento (hz):<\/td>\n<td valign=\"middle\">50\/60hz<\/td>\n<\/tr>\n<tr class=\"odd\">\n<td valign=\"middle\" width=\"32\"><\/td>\n<td valign=\"middle\">gama de temperaturas (\u00baC):<\/td>\n<td valign=\"middle\">-15\u00ba+70\u00ba -15\u00ba+70\u00ba -15\u00ba+70\u00ba -15\u00ba+70\u00ba -15\u00ba+70\u00ba -15\u00ba+70\u00ba<\/td>\n<\/tr>\n<tr class=\"even\">\n<td valign=\"middle\" width=\"32\"><\/td>\n<td valign=\"middle\">ciclos de igni\u00e7\u00e3o:<\/td>\n<td valign=\"middle\">100.000<\/td>\n<\/tr>\n<tr class=\"odd\">\n<td valign=\"middle\" width=\"32\"><\/td>\n<td valign=\"middle\">tempo de arranque (s):<\/td>\n<td valign=\"middle\">0,2s<\/td>\n<\/tr>\n<tr class=\"even\">\n<td valign=\"middle\" width=\"32\"><\/td>\n<td valign=\"middle\">informa\u00e7\u00f5es adicionais:<\/td>\n<td valign=\"middle\">surge protection: 10k<\/td>\n<\/tr>\n<tr class=\"odd\">\n<td valign=\"middle\" width=\"32\"><\/td>\n<td valign=\"middle\">prote\u00e7\u00e3o contra impactos (ik):<\/td>\n<td valign=\"middle\">ik09<\/td>\n<\/tr>\n<tr class=\"even\">\n<td valign=\"middle\" width=\"32\"><\/td>\n<td valign=\"middle\">condutor inclu\u00eddo:<\/td>\n<td valign=\"middle\"> xitanium programmable<\/td>\n<\/tr>\n<tr class=\"odd\">\n<td valign=\"middle\" width=\"32\"><\/td>\n<td valign=\"middle\">classe energ\u00e9tica (2021-EU-2019\/2015):<\/td>\n<td valign=\"middle\">a++<\/td>\n<\/tr>\n<tr class=\"even\">\n<td valign=\"middle\" width=\"32\"><\/td>\n<td valign=\"middle\">anos de garantia:<\/td>\n<td valign=\"middle\">5<\/td>\n<\/tr>\n<\/tbody>\n<\/table>\n<p>&nbsp;<\/p>\n<\/div>\n<\/div>\n<\/div>\n<\/div>","protected":false},"excerpt":{"rendered":"<div class=\"col-md-12\"><i class=\"fa fa-truck\"><\/i>&nbsp;<span class=\"text-muted textprop\">Entrega em 24\/48 horas<\/span><div class=\"col-md-12\"><i class=\"fa fa-exchange\"><\/i>&nbsp;<span class=\"text-muted textprop\">Garantia do segurado<\/span><\/div><div class=\"col-md-12\"><i class=\"fa fa-box\"><\/i>&nbsp;<span class=\"text-muted textprop\">1 unidade(s) por Masterbox<\/span><\/div><div>\n<div class=\"woocommerce-product-details__short-description\">\n<div class=\"woocommerce-product-details__short-description\">\n<div><strong>TEMPERATURA DE COR: 3000K\/4000K<\/strong><\/div>\n<\/div>\n<\/div>\n<\/div><\/div>","protected":false},"featured_media":0,"template":"","meta":{"site-sidebar-layout":"default","site-content-layout":"default","ast-global-header-display":"","ast-main-header-display":"","ast-hfb-above-header-display":"","ast-hfb-below-header-display":"","ast-hfb-mobile-header-display":"","site-post-title":"","ast-breadcrumbs-content":"","ast-featured-img":"","footer-sml-layout":"","theme-transparent-header-meta":"default","adv-header-id-meta":"","stick-header-meta":"","header-above-stick-meta":"","header-main-stick-meta":"","header-below-stick-meta":""},"product_cat":[95,30],"product_tag":[],"class_list":["post-7112","product","type-product","status-publish","hentry","product_cat-farolas-led-urbanas","product_cat-iluminacion-publica-y-vial"],"_links":{"self":[{"href":"https:\/\/starlediluminacion.com\/pt\/wp-json\/wp\/v3\/product\/7112","targetHints":{"allow":["GET"]}}],"collection":[{"href":"https:\/\/starlediluminacion.com\/pt\/wp-json\/wp\/v3\/product"}],"about":[{"href":"https:\/\/starlediluminacion.com\/pt\/wp-json\/wp\/v2\/types\/product"}],"wp:attachment":[{"href":"https:\/\/starlediluminacion.com\/pt\/wp-json\/wp\/v2\/media?parent=7112"}],"wp:term":[{"taxonomy":"product_cat","embeddable":true,"href":"https:\/\/starlediluminacion.com\/pt\/wp-json\/wp\/v2\/product_cat?post=7112"},{"taxonomy":"product_tag","embeddable":true,"href":"https:\/\/starlediluminacion.com\/pt\/wp-json\/wp\/v2\/product_tag?post=7112"}],"curies":[{"name":"wp","href":"https:\/\/api.w.org\/{rel}","templated":true}]}}