{"id":7094,"date":"2022-08-20T19:58:27","date_gmt":"2022-08-20T19:58:27","guid":{"rendered":"https:\/\/starlediluminacion.com\/?post_type=product&#038;p=7094"},"modified":"2022-08-20T19:58:27","modified_gmt":"2022-08-20T19:58:27","slug":"farola-king-para-lampara-led-e27-con-brazo-aluminio","status":"publish","type":"product","link":"https:\/\/starlediluminacion.com\/pt\/product\/farola-king-para-lampara-led-e27-con-brazo-aluminio\/","title":{"rendered":"<p>Farola KING para L&aacute;mpara LED E27 con Brazo &ndash; Aluminio<\/p>"},"content":{"rendered":"<div class=\"product-info-line\">\n<p id=\"product_reference\"><label>REFERENCIA: SLKING-E27<br>\n<\/label><\/p>\n<div class=\"hidden-xs parrafo\">\n<p><strong>Farola modelo KING de Aluminio que incorpora&nbsp; soporte a pared&nbsp;<\/strong>para incorporar uma l\u00e2mpada com casquilho E27.<\/p>\n<\/div>\n<div id=\"views_block-1\" class=\"clearfix\">\n<div id=\"thumbs_list\">\n<h1>Farola KING con casquillo para Lampara LED E27<\/h1>\n<p>A lumin\u00e1ria \u00e9 fabricada inteiramente em alum\u00ednio<strong>&nbsp;vem preparado&nbsp;<\/strong>&nbsp;para incorporar uma l\u00e2mpada com casquilho E27<strong>.<\/strong>&nbsp;A qualidade dos seus materiais torna-o um produto essencial para gerar energia limpa e duradoura.<\/p>\n<p>Gra\u00e7as \u00e0 tecnologia LED, pode alcan\u00e7ar&nbsp;<strong>salvar<\/strong>&nbsp;at\u00e9&nbsp;<strong>80% pot\u00eancia<\/strong>T\u00eam tamb\u00e9m uma vida \u00fatil mais longa do que as l\u00e2mpadas de halog\u00e9neo. \u00c9 considerada uma&nbsp;<strong>produto biol\u00f3gico<\/strong>&nbsp;como \u00e9 feito de materiais n\u00e3o poluentes, ajuda a cuidar do planeta.<\/p>\n<p>A sua protec\u00e7\u00e3o&nbsp;<strong>IP545<\/strong>&nbsp;torna-o tamb\u00e9m adequado para utiliza\u00e7\u00e3o no exterior e \u00e0 prova de salpicos.<\/p>\n<p>&nbsp;<\/p>\n<h2>Farola KING con casquillo para Lampara LED E27<\/h2>\n<p>&nbsp;<\/p>\n<ul>\n<li>Parques<\/li>\n<li>Jardins<\/li>\n<li>Lugares<\/li>\n<li>Avenidas<\/li>\n<li>Sal\u00f5es de casamento<\/li>\n<li>Chal\u00e9s<\/li>\n<li>Casas rurais<\/li>\n<li>Edif\u00edcios industriais<\/li>\n<\/ul>\n<h3 class=\"page-product-heading\">DADOS T\u00c9CNICOS<\/h3>\n<div class=\"col-xs-12 col-md-6\">\n<table class=\"table table-data-sheet 1\">\n<tbody>\n<tr class=\"odd\">\n<td valign=\"middle\" width=\"32\"><\/td>\n<td valign=\"middle\">REFER\u00caNCIA :<\/td>\n<td valign=\"middle\">SLKING-E27<\/td>\n<\/tr>\n<tr class=\"even\">\n<td valign=\"middle\" width=\"32\"><\/td>\n<td valign=\"middle\">Material de constru\u00e7\u00e3o:<\/td>\n<td valign=\"middle\">Alum\u00ednio + Vidro<\/td>\n<\/tr>\n<tr class=\"odd\">\n<td valign=\"middle\" width=\"32\"><\/td>\n<td valign=\"middle\">Arbusto:<\/td>\n<td valign=\"middle\">E27<\/td>\n<\/tr>\n<tr class=\"even\">\n<td valign=\"middle\" width=\"32\"><\/td>\n<td valign=\"middle\">Certificados:<\/td>\n<td valign=\"middle\">CE - ROHS<\/td>\n<\/tr>\n<\/tbody>\n<\/table>\n<\/div>\n<div class=\"col-xs-12 col-md-6 2\">\n<table class=\"table table-data-sheet 2\">\n<tbody>\n<tr class=\"odd\">\n<td valign=\"middle\" width=\"32\"><\/td>\n<td valign=\"middle\">Classifica\u00e7\u00e3o IP:<\/td>\n<td valign=\"middle\">IP54<\/td>\n<\/tr>\n<tr class=\"even\">\n<td valign=\"middle\" width=\"32\"><\/td>\n<td valign=\"middle\">Dimens\u00f5es (mm):<\/td>\n<td valign=\"middle\">H600x460mm<\/td>\n<\/tr>\n<tr class=\"odd\">\n<td valign=\"middle\" width=\"32\"><\/td>\n<td valign=\"middle\">Protec\u00e7\u00e3o contra impactos (IK):<\/td>\n<td valign=\"middle\">IK06<\/td>\n<\/tr>\n<tr class=\"even\">\n<td valign=\"middle\" width=\"32\"><\/td>\n<td valign=\"middle\">Anos de garantia:<\/td>\n<td valign=\"middle\">3<\/td>\n<\/tr>\n<\/tbody>\n<\/table>\n<p>&nbsp;<\/p>\n<\/div>\n<\/div>\n<\/div>\n<\/div>","protected":false},"excerpt":{"rendered":"<div class=\"col-md-12\"><i class=\"fa fa-truck\"><\/i>&nbsp;<span class=\"text-muted textprop\">Entrega em 24\/48 horas<\/span><div class=\"col-md-12\"><i class=\"fa fa-exchange\"><\/i>&nbsp;<span class=\"text-muted textprop\">Garantia do segurado<\/span><\/div><div class=\"col-md-12\"><i class=\"fa fa-box\"><\/i>&nbsp;<span class=\"text-muted textprop\">1 unidade(s) por Masterbox<\/span><\/div><\/div>","protected":false},"featured_media":7095,"template":"","meta":{"site-sidebar-layout":"default","site-content-layout":"default","ast-global-header-display":"","ast-main-header-display":"","ast-hfb-above-header-display":"","ast-hfb-below-header-display":"","ast-hfb-mobile-header-display":"","site-post-title":"","ast-breadcrumbs-content":"","ast-featured-img":"","footer-sml-layout":"","theme-transparent-header-meta":"default","adv-header-id-meta":"","stick-header-meta":"","header-above-stick-meta":"","header-main-stick-meta":"","header-below-stick-meta":""},"product_cat":[96,30],"product_tag":[],"class_list":["post-7094","product","type-product","status-publish","has-post-thumbnail","hentry","product_cat-farolas-led-clasicas","product_cat-iluminacion-publica-y-vial"],"_links":{"self":[{"href":"https:\/\/starlediluminacion.com\/pt\/wp-json\/wp\/v3\/product\/7094","targetHints":{"allow":["GET"]}}],"collection":[{"href":"https:\/\/starlediluminacion.com\/pt\/wp-json\/wp\/v3\/product"}],"about":[{"href":"https:\/\/starlediluminacion.com\/pt\/wp-json\/wp\/v2\/types\/product"}],"wp:featuredmedia":[{"embeddable":true,"href":"https:\/\/starlediluminacion.com\/pt\/wp-json\/wp\/v2\/media\/7095"}],"wp:attachment":[{"href":"https:\/\/starlediluminacion.com\/pt\/wp-json\/wp\/v2\/media?parent=7094"}],"wp:term":[{"taxonomy":"product_cat","embeddable":true,"href":"https:\/\/starlediluminacion.com\/pt\/wp-json\/wp\/v2\/product_cat?post=7094"},{"taxonomy":"product_tag","embeddable":true,"href":"https:\/\/starlediluminacion.com\/pt\/wp-json\/wp\/v2\/product_tag?post=7094"}],"curies":[{"name":"wp","href":"https:\/\/api.w.org\/{rel}","templated":true}]}}