{"id":7061,"date":"2022-08-20T18:37:16","date_gmt":"2022-08-20T18:37:16","guid":{"rendered":"https:\/\/starlediluminacion.com\/?post_type=product&#038;p=7061"},"modified":"2022-08-20T18:37:16","modified_gmt":"2022-08-20T18:37:16","slug":"farola-led-romanico-aluminio-40w-50w-65w","status":"publish","type":"product","link":"https:\/\/starlediluminacion.com\/pt\/product\/farola-led-romanico-aluminio-40w-50w-65w\/","title":{"rendered":"<p>Projetor LED de ilumina\u00e7\u00e3o p\u00fablica ROMANICO Alum\u00ednio 40W-50W-65W<\/p>"},"content":{"rendered":"<div class=\"product-info-line\">\n<p id=\"product_reference\"><label>refer\u00eancia: slrome<br>\n<\/label><\/p>\n<p>est\u00e3o dispon\u00edveis diferentes op\u00e7\u00f5es de montagem na nossa&nbsp;<strong>Lumin\u00e1ria rom\u00e2nica em alum\u00ednio<\/strong>:<\/p>\n<ul>\n<li>m\u00f3dulo \u00f3tico&nbsp;<strong>bridgelux 40w<\/strong>&nbsp;+ controlador gxtronic<\/li>\n<li>m\u00f3dulo \u00f3tico&nbsp;<strong>chip osram magnum 50w<\/strong>&nbsp;+ controlador gxtronic<\/li>\n<li>m\u00f3dulo \u00f3tico&nbsp;<strong>50w magnum dob osram chip<\/strong><\/li>\n<li>m\u00f3dulo \u00f3tico&nbsp;<strong>50w smd5050 alta luminosidade bridgelux<\/strong>&nbsp;+ controlador gxtronic<\/li>\n<li>m\u00f3dulo \u00f3tico&nbsp;<strong>65w smd5050 lumens elevados bridgelux<\/strong>&nbsp;+ controlador program\u00e1vel xitanium 1-10v<\/li>\n<\/ul>\n<h1>Candeeiro de rua LED rom\u00e2nico em alum\u00ednio 40w-50w-65w<\/h1>\n<p>este<strong>&nbsp;candeeiro de rua led pescador&nbsp;<\/strong>alum\u00ednio, \u00e9 ideal para decorar qualquer espa\u00e7o exterior, tem um design elegante e cl\u00e1ssico e um elegante acabamento em preto.<\/p>\n<p>a lanterna pode ter carater\u00edsticas diferentes consoante o m\u00f3dulo \u00f3tico LED instalado:<\/p>\n<h3><strong>- m\u00f3dulo \u00f3tico bridgelux chip 40w + driver gxtronic:<\/strong><\/h3>\n<ul>\n<li>Bloco \u00f3tico led com 40w de pot\u00eancia e \u00e9 fabricado com um conjunto de 54 d\u00edodos LED smd3030 4-core bridgelux 2240 ds-c30 smd30.<\/li>\n<li>\u00e2ngulo de abertura (\u00ba): 70\u00ba - 150\u00ba.<\/li>\n<li>efic\u00e1cia do d\u00edodo LED (lm\/w): 160 lm\/w<\/li>\n<li>efic\u00e1cia luminosa (lm\/w): 135lm\/w<\/li>\n<li>cri: 70<\/li>\n<li>driver de alta qualidade da gxtronic com uma vida \u00fatil de mais de 50.000 horas.<\/li>\n<li>condutor 23-42vdc 1000ma+-5%<\/li>\n<\/ul>\n<h3><strong>- m\u00f3dulo \u00f3tico 50w magnum osram chip + driver gxtronic<\/strong><\/h3>\n<ul>\n<li>bloco \u00f3tico de led com uma pot\u00eancia de 50w e \u00e9 fabricado com uma equipa de 85 d\u00edodos de led smd3030 de 3 n\u00facleos da osram smd3030.<\/li>\n<li>\u00e2ngulo de abertura (\u00ba): 136\u00ba-78\u00ba.<\/li>\n<li>efic\u00e1cia do d\u00edodo LED (lm\/w): 180 lm\/w<\/li>\n<li>efic\u00e1cia luminosa (lm\/w): 150lm\/w.<\/li>\n<li>cri: 80<\/li>\n<li>condutor 23-42vdc 1300ma+-5%<\/li>\n<\/ul>\n<h3><strong>- m\u00f3dulo \u00f3tico 50w magnum dob osram chip<br>\n<\/strong><\/h3>\n<ul>\n<li>bloco \u00f3tico led com 50w de pot\u00eancia e \u00e9 fabricado com uma equipa de 72 d\u00edodos led smd3030 3-core osram os-core sapphire odb2235s.a smd3030.<\/li>\n<li>\u00e2ngulo de abertura (\u00ba): 90\u00bax90\u00ba.<\/li>\n<li>efic\u00e1cia do d\u00edodo LED (lm\/w): 180 lm\/w<\/li>\n<li>efic\u00e1cia luminosa (lm\/w): 140lm\/w<\/li>\n<li>cri: 80<\/li>\n<li>condutor: dob gxtronic.<\/li>\n<\/ul>\n<h3><strong>- smd505050 m\u00f3dulo \u00f3tico de 50w de alto brilho da bridgelux + controlador gxtronic<\/strong><\/h3>\n<ul>\n<li>bloco \u00f3tico led com uma pot\u00eancia de 50w e \u00e9 fabricado com uma equipa de 36 d\u00edodos led smd5050 smd5050 de 8 n\u00facleos bridgelux chip 2240ds-30.<\/li>\n<li>\u00e2ngulo de abertura (\u00ba): 90\u00bax90\u00ba.<\/li>\n<li>efic\u00e1cia do d\u00edodo LED (lm\/w): 220 lm\/w<\/li>\n<li>efic\u00e1cia luminosa (lm\/w): 188lm\/w.<\/li>\n<li>cri: 70<\/li>\n<li>condutor 23-42vdc 1300ma+-5%<\/li>\n<\/ul>\n<h3><strong>- smd5050 m\u00f3dulo \u00f3tico de 65w de alto brilho da bridgelux + controlador <\/strong><\/h3>\n<ul>\n<li>bloco \u00f3tico de led com uma pot\u00eancia de 50w e \u00e9 fabricado com uma equipa de 36 d\u00edodos de led smd5050 com 8 n\u00facleos bridgelux.<\/li>\n<li>\u00e2ngulo de abertura (\u00ba): 90\u00bax90\u00ba.<\/li>\n<li>efic\u00e1cia do d\u00edodo LED (lm\/w): 200 lm\/w<\/li>\n<li>efic\u00e1cia luminosa (lm\/w): 160lm\/w.<\/li>\n<li>cri: 70<\/li>\n<li>controlador 1-10v - regul\u00e1vel + program\u00e1vel (5 posi\u00e7\u00f5es)<\/li>\n<\/ul>\n<p>&nbsp;<\/p>\n<p>A lumin\u00e1ria, fabricada em alum\u00ednio, foi concebida para resistir \u00e0s condi\u00e7\u00f5es exteriores mais extremas e \u00e9 pintada em poliuretano cozido para maximizar a sua durabilidade.<\/p>\n<p>\u00e9 um produto muito eficiente em termos energ\u00e9ticos, uma vez que proporciona uma elevada efici\u00eancia luminosa, oferecendo a possibilidade de reduzir o consumo de eletricidade at\u00e9 80% e, ao mesmo tempo, \u00e9 amigo do ambiente, uma vez que n\u00e3o polui.<\/p>\n<p>&nbsp;<\/p>\n<h2>utiliza\u00e7\u00f5es do candeeiro de rua romanic led alum\u00ednio 40w-50w-65w:<\/h2>\n<ul>\n<li>parques<\/li>\n<li>jardins<\/li>\n<li>lugares<\/li>\n<li>avenidas<\/li>\n<li>SAL\u00d5ES DE CASAMENTO<\/li>\n<li>chal\u00e9s<\/li>\n<li>casas rurais<\/li>\n<li>armaz\u00e9ns industriais<\/li>\n<\/ul>\n<h3 class=\"page-product-heading\">pormenores t\u00e9cnicos<\/h3>\n<div class=\"col-xs-12 col-md-6\">\n<table class=\"table table-data-sheet 1\">\n<tbody>\n<tr class=\"odd\">\n<td valign=\"middle\" width=\"32\"><\/td>\n<td valign=\"middle\">refer\u00eancia :<\/td>\n<td valign=\"middle\">slrome<\/td>\n<\/tr>\n<tr class=\"even\">\n<td valign=\"middle\" width=\"32\"><\/td>\n<td valign=\"middle\">pot\u00eancia nominal :<\/td>\n<td valign=\"middle\">40w-50w-65w<\/td>\n<\/tr>\n<tr class=\"odd\">\n<td valign=\"middle\" width=\"32\"><\/td>\n<td valign=\"middle\">tens\u00e3o nominal:<\/td>\n<td valign=\"middle\">170v-270v<\/td>\n<\/tr>\n<tr class=\"even\">\n<td valign=\"middle\" width=\"32\"><\/td>\n<td valign=\"middle\">temperatura da luz:<\/td>\n<td valign=\"middle\">3000k-4000k-5000k<\/td>\n<\/tr>\n<tr class=\"odd\">\n<td valign=\"middle\" width=\"32\"><\/td>\n<td valign=\"middle\">cri - \u00edndice de reprodu\u00e7\u00e3o crom\u00e1tica:<\/td>\n<td valign=\"middle\">bridgelux: 70 osram: 80<\/td>\n<\/tr>\n<tr class=\"even\">\n<td valign=\"middle\" width=\"32\"><\/td>\n<td valign=\"middle\">material de constru\u00e7\u00e3o:<\/td>\n<td valign=\"middle\">alum\u00ednio +pmma<\/td>\n<\/tr>\n<tr class=\"odd\">\n<td valign=\"middle\" width=\"32\"><\/td>\n<td valign=\"middle\">tipo de LEDs:<\/td>\n<td valign=\"middle\">40w: smd3030 bridgelux. 50w magnum: smd3030 osram. 50w dob: smd3030 osram - 50w: smd505050 bridgelux chip.<\/td>\n<\/tr>\n<tr class=\"even\">\n<td valign=\"middle\" width=\"32\"><\/td>\n<td valign=\"middle\">\u00e2ngulo de abertura (\u00ba):<\/td>\n<td valign=\"middle\">40w:70\u00ba-150\u00ba - 50w:136\u00bax78\u00ba - 90\u00bax90\u00ba 100w::136\u00bax78\u00ba - 90\u00bax90\u00ba<\/td>\n<\/tr>\n<tr class=\"odd\">\n<td valign=\"middle\" width=\"32\"><\/td>\n<td valign=\"middle\">efici\u00eancia do d\u00edodo LED (lm\/w):<\/td>\n<td valign=\"middle\">40w:160lm\/w - 50w:180lm\/w - 50w dob:180lm\/w - 50w 5050: 220lm\/w 65w:200lm\/w<\/td>\n<\/tr>\n<tr class=\"even\">\n<td valign=\"middle\" width=\"32\"><\/td>\n<td valign=\"middle\">efic\u00e1cia luminosa (lm\/w):<\/td>\n<td valign=\"middle\">40w:135lm\/w - 50w: 150lm\/w - 50w dob: 140lm\/w - 50w 5050: 188lm\/w 65w:160lm\/w<\/td>\n<\/tr>\n<tr class=\"odd\">\n<td valign=\"middle\" width=\"32\"><\/td>\n<td valign=\"middle\">grau de ip:<\/td>\n<td valign=\"middle\">ip65-externo<\/td>\n<\/tr>\n<\/tbody>\n<\/table>\n<\/div>\n<div class=\"col-xs-12 col-md-6 2\">\n<table class=\"table table-data-sheet 2\">\n<tbody>\n<tr class=\"odd\">\n<td valign=\"middle\" width=\"32\"><\/td>\n<td valign=\"middle\">dura\u00e7\u00e3o estimada do d\u00edodo de led (h):<\/td>\n<td valign=\"middle\">50.000<\/td>\n<\/tr>\n<tr class=\"even\">\n<td valign=\"middle\" width=\"32\"><\/td>\n<td valign=\"middle\">dimens\u00f5es (mm):<\/td>\n<td valign=\"middle\">550x550xh950mm<\/td>\n<\/tr>\n<tr class=\"odd\">\n<td valign=\"middle\" width=\"32\"><\/td>\n<td valign=\"middle\">fator de pot\u00eancia (pf):<\/td>\n<td valign=\"middle\">0.95<\/td>\n<\/tr>\n<tr class=\"even\">\n<td valign=\"middle\" width=\"32\"><\/td>\n<td valign=\"middle\">frequ\u00eancia de funcionamento (hz):<\/td>\n<td valign=\"middle\">50\/60hz<\/td>\n<\/tr>\n<tr class=\"odd\">\n<td valign=\"middle\" width=\"32\"><\/td>\n<td valign=\"middle\">gama de temperaturas (\u00baC):<\/td>\n<td valign=\"middle\">-20\u00b0c ~ +55\u00b0c<\/td>\n<\/tr>\n<tr class=\"even\">\n<td valign=\"middle\" width=\"32\"><\/td>\n<td valign=\"middle\">ciclos de igni\u00e7\u00e3o:<\/td>\n<td valign=\"middle\">100.000<\/td>\n<\/tr>\n<tr class=\"odd\">\n<td valign=\"middle\" width=\"32\"><\/td>\n<td valign=\"middle\">tempo de arranque (s):<\/td>\n<td valign=\"middle\">0,2s<\/td>\n<\/tr>\n<tr class=\"even\">\n<td valign=\"middle\" width=\"32\"><\/td>\n<td valign=\"middle\">prote\u00e7\u00e3o contra impactos (ik):<\/td>\n<td valign=\"middle\">ik10<\/td>\n<\/tr>\n<tr class=\"odd\">\n<td valign=\"middle\" width=\"32\"><\/td>\n<td valign=\"middle\">condutor inclu\u00eddo:<\/td>\n<td valign=\"middle\">40w: gxtronic - 50w:gxtronic - 65w: - 100w: gxtronic<\/td>\n<\/tr>\n<tr class=\"even\">\n<td valign=\"middle\" width=\"32\"><\/td>\n<td valign=\"middle\">classe energ\u00e9tica (2021-EU-2019\/2015):<\/td>\n<td valign=\"middle\">a+<\/td>\n<\/tr>\n<tr class=\"odd\">\n<td valign=\"middle\" width=\"32\"><\/td>\n<td valign=\"middle\">anos de garantia:<\/td>\n<td valign=\"middle\">5<\/td>\n<\/tr>\n<\/tbody>\n<\/table>\n<p>&nbsp;<\/p>\n<\/div>\n<\/div>","protected":false},"excerpt":{"rendered":"<div class=\"col-md-12\"><i class=\"fa fa-truck\"><\/i>&nbsp;<span class=\"text-muted textprop\">Entrega em 24\/48 horas<\/span><div class=\"col-md-12\"><i class=\"fa fa-exchange\"><\/i>&nbsp;<span class=\"text-muted textprop\">Garantia do segurado<\/span><\/div><div class=\"col-md-12\"><i class=\"fa fa-box\"><\/i>&nbsp;<span class=\"text-muted textprop\">1 unidade(s) por Masterbox<\/span><\/div><div><strong>TEMPERATURA DE COR: 3000K\/4000K<\/strong><\/div><\/div>","protected":false},"featured_media":7071,"template":"","meta":{"site-sidebar-layout":"default","site-content-layout":"default","ast-global-header-display":"","ast-main-header-display":"","ast-hfb-above-header-display":"","ast-hfb-below-header-display":"","ast-hfb-mobile-header-display":"","site-post-title":"","ast-breadcrumbs-content":"","ast-featured-img":"","footer-sml-layout":"","theme-transparent-header-meta":"default","adv-header-id-meta":"","stick-header-meta":"","header-above-stick-meta":"","header-main-stick-meta":"","header-below-stick-meta":""},"product_cat":[96,30],"product_tag":[],"class_list":["post-7061","product","type-product","status-publish","has-post-thumbnail","hentry","product_cat-farolas-led-clasicas","product_cat-iluminacion-publica-y-vial"],"_links":{"self":[{"href":"https:\/\/starlediluminacion.com\/pt\/wp-json\/wp\/v3\/product\/7061","targetHints":{"allow":["GET"]}}],"collection":[{"href":"https:\/\/starlediluminacion.com\/pt\/wp-json\/wp\/v3\/product"}],"about":[{"href":"https:\/\/starlediluminacion.com\/pt\/wp-json\/wp\/v2\/types\/product"}],"wp:featuredmedia":[{"embeddable":true,"href":"https:\/\/starlediluminacion.com\/pt\/wp-json\/wp\/v2\/media\/7071"}],"wp:attachment":[{"href":"https:\/\/starlediluminacion.com\/pt\/wp-json\/wp\/v2\/media?parent=7061"}],"wp:term":[{"taxonomy":"product_cat","embeddable":true,"href":"https:\/\/starlediluminacion.com\/pt\/wp-json\/wp\/v2\/product_cat?post=7061"},{"taxonomy":"product_tag","embeddable":true,"href":"https:\/\/starlediluminacion.com\/pt\/wp-json\/wp\/v2\/product_tag?post=7061"}],"curies":[{"name":"wp","href":"https:\/\/api.w.org\/{rel}","templated":true}]}}