{"id":7012,"date":"2022-08-19T20:50:59","date_gmt":"2022-08-19T20:50:59","guid":{"rendered":"https:\/\/starlediluminacion.com\/?post_type=product&#038;p=7012"},"modified":"2022-08-19T20:50:59","modified_gmt":"2022-08-19T20:50:59","slug":"perfil-de-aluminio-moldura-doble-luz-para-tira-led-2-metros","status":"publish","type":"product","link":"https:\/\/starlediluminacion.com\/pt\/product\/perfil-de-aluminio-perfil-de-aluminio-moldura-de-luz-dupla-para-faixa-luminosa-2-metros\/","title":{"rendered":"<p>Perfil de alum\u00ednio moldado DOUBLE LIGHT para fita LED -2 Metros<\/p>"},"content":{"rendered":"<p>REFER\u00caNCIA: SL2837<div class=\"hidden-xs parrafo\">\n<p>Com este&nbsp;<strong>perfil<\/strong>&nbsp;a partir de&nbsp;<strong>alum\u00ednio<\/strong>&nbsp;a partir de&nbsp;<strong>LUZ DUPLA<\/strong>&nbsp;(para colocar&nbsp;<strong>duas tiras de LED<\/strong>), obter\u00e1 o efeito de moldagem para as suas paredes e superf\u00edcies. Instala\u00e7\u00e3o r\u00e1pida e f\u00e1cil gra\u00e7as ao sistema de clique inclu\u00eddo. Inclui tamb\u00e9m os terminais de perfil.<\/p>\n<\/div><div id=\"views_block-1\" class=\"clearfix\">\n<div id=\"thumbs_list\">\n<h1>Perfil de alum\u00ednio Moldura DOUBLE LIGHT - 2 Metros<\/h1>\n<p>O&nbsp;<strong>perfil<\/strong>&nbsp;a partir de&nbsp;<strong>moldagem<\/strong>&nbsp;a partir de&nbsp;<strong>Luz dupla<\/strong>O perfil de alum\u00ednio foi especialmente concebido para uma instala\u00e7\u00e3o r\u00e1pida. O perfil de alum\u00ednio foi especialmente concebido para incorporar as seguintes carater\u00edsticas&nbsp;&nbsp;<strong>duas tiras de LED<\/strong>&nbsp;e para conseguir uma ilumina\u00e7\u00e3o decorativa que permita efeitos espectaculares na&nbsp;<strong>decora\u00e7\u00e3o<\/strong>&nbsp;e&nbsp;<strong>ilumina\u00e7\u00e3o<\/strong>&nbsp;de qualquer espa\u00e7o.<\/p>\n<p>Transformam uma simples parede numa obra de arte \u00fanica que completa as formas lineares da sua parede com a luz indireta emitida pelo perfil.<\/p>\n<p>Este perfil de alum\u00ednio permite a coloca\u00e7\u00e3o de fitas de alta luminosidade devido ao seu efeito de dissipa\u00e7\u00e3o para a fita LED, prolongando assim a vida \u00fatil das suas fitas LED.<\/p>\n<h2>Utiliza\u00e7\u00f5es do perfil de alum\u00ednio DOUBLE LIGHT Moldagem<\/h2>\n<ul>\n<li>Hot\u00e9is<\/li>\n<li>Bibliotecas<\/li>\n<li>Bares<\/li>\n<li>In\u00edcio<\/li>\n<li>Mobili\u00e1rio<\/li>\n<li>Lojas<\/li>\n<li>Restaurantes<\/li>\n<li>Abrange<\/li>\n<\/ul>\n<h3 class=\"page-product-heading\">DADOS T\u00c9CNICOS<\/h3>\n<div class=\"col-xs-12 col-md-6\">\n<table class=\"table table-data-sheet 1\">\n<tbody>\n<tr class=\"odd\">\n<td valign=\"middle\" width=\"32\"><\/td>\n<td valign=\"middle\">REFER\u00caNCIA :<\/td>\n<td valign=\"middle\">SL2837<\/td>\n<\/tr>\n<tr class=\"even\">\n<td valign=\"middle\" width=\"32\"><\/td>\n<td valign=\"middle\">Material de constru\u00e7\u00e3o:<\/td>\n<td valign=\"middle\">Alum\u00ednio +PC<\/td>\n<\/tr>\n<\/tbody>\n<\/table>\n<\/div>\n<div class=\"col-xs-12 col-md-6 2\">\n<table class=\"table table-data-sheet 2\">\n<tbody>\n<tr class=\"odd\">\n<td valign=\"middle\" width=\"32\"><\/td>\n<td valign=\"middle\">Certificados:<\/td>\n<td valign=\"middle\">CE - ROHS<\/td>\n<\/tr>\n<tr class=\"even\">\n<td valign=\"middle\" width=\"32\"><\/td>\n<td valign=\"middle\">Dimens\u00f5es (mm):<\/td>\n<td valign=\"middle\">50mm x 17mm x 2m.<\/td>\n<\/tr>\n<\/tbody>\n<\/table>\n<\/div>\n<\/div>\n<\/div><\/p>","protected":false},"excerpt":{"rendered":"<div class=\"col-md-12\"><i class=\"fa fa-truck\"><\/i>&nbsp;<span class=\"text-muted textprop\">Entrega em 24\/48 horas<\/span><div class=\"col-md-12\"><i class=\"fa fa-exchange\"><\/i>&nbsp;<span class=\"text-muted textprop\">Garantia do segurado<\/span><\/div><div class=\"col-md-12\"><i class=\"fa fa-box\"><\/i>&nbsp;<span class=\"text-muted textprop\">12 unidade(s) por Masterbox<\/span><\/div><div class=\"col-md-12 certificados\"><\/div><\/div>","protected":false},"featured_media":7017,"template":"","meta":{"site-sidebar-layout":"default","site-content-layout":"default","ast-global-header-display":"","ast-main-header-display":"","ast-hfb-above-header-display":"","ast-hfb-below-header-display":"","ast-hfb-mobile-header-display":"","site-post-title":"","ast-breadcrumbs-content":"","ast-featured-img":"","footer-sml-layout":"","theme-transparent-header-meta":"default","adv-header-id-meta":"","stick-header-meta":"","header-above-stick-meta":"","header-main-stick-meta":"","header-below-stick-meta":""},"product_cat":[94,45],"product_tag":[],"class_list":["post-7012","product","type-product","status-publish","has-post-thumbnail","hentry","product_cat-perfiles-de-aluminio-led","product_cat-tiras-led-y-neon-flexible"],"_links":{"self":[{"href":"https:\/\/starlediluminacion.com\/pt\/wp-json\/wp\/v3\/product\/7012","targetHints":{"allow":["GET"]}}],"collection":[{"href":"https:\/\/starlediluminacion.com\/pt\/wp-json\/wp\/v3\/product"}],"about":[{"href":"https:\/\/starlediluminacion.com\/pt\/wp-json\/wp\/v2\/types\/product"}],"wp:featuredmedia":[{"embeddable":true,"href":"https:\/\/starlediluminacion.com\/pt\/wp-json\/wp\/v2\/media\/7017"}],"wp:attachment":[{"href":"https:\/\/starlediluminacion.com\/pt\/wp-json\/wp\/v2\/media?parent=7012"}],"wp:term":[{"taxonomy":"product_cat","embeddable":true,"href":"https:\/\/starlediluminacion.com\/pt\/wp-json\/wp\/v2\/product_cat?post=7012"},{"taxonomy":"product_tag","embeddable":true,"href":"https:\/\/starlediluminacion.com\/pt\/wp-json\/wp\/v2\/product_tag?post=7012"}],"curies":[{"name":"wp","href":"https:\/\/api.w.org\/{rel}","templated":true}]}}