{"id":6722,"date":"2022-08-15T10:39:41","date_gmt":"2022-08-15T10:39:41","guid":{"rendered":"https:\/\/starlediluminacion.com\/?post_type=product&#038;p=6722"},"modified":"2022-08-19T10:33:32","modified_gmt":"2022-08-19T10:33:32","slug":"perfil-pc-2m-mini-para-tiras-led","status":"publish","type":"product","link":"https:\/\/starlediluminacion.com\/pt\/product\/perfil-pc-2m-mini-pc-2m-mini-para-led-stripes\/","title":{"rendered":"<p>Perfil PC - 2m - MINI - para fitas de LED<\/p>"},"content":{"rendered":"<p>REFER\u00caNCIA: SLPF4320<p align=\"justify\"><strong>Perfil de policarbonato<\/strong>&nbsp;- MINI - que permite fixar o&nbsp;<strong>Fitas LED de baixo consumo<\/strong>(at\u00e9 15w\/m tiras), conseguindo assim uma instala\u00e7\u00e3o s\u00f3lida de uma forma simples.<\/p><p align=\"justify\">Com este perfil \u00e9 poss\u00edvel criar aplica\u00e7\u00f5es decorativas, como linhas de luz em qualquer tipo de material, marca\u00e7\u00e3o de degraus, ilumina\u00e7\u00e3o de sinal\u00e9tica, bases de arm\u00e1rios de cozinha, solu\u00e7\u00f5es est\u00e9ticas em casas de banho, corrim\u00f5es, etc.<\/p><p align=\"justify\">Recomenda-se a fixa\u00e7\u00e3o do perfil com fita adesiva de dupla face.<\/p><p>A nossa Fita LED Perfilada \u00e9 uma gama vers\u00e1til e intemporal, pode ser a protagonista na decora\u00e7\u00e3o de um espa\u00e7o ou adaptar-se a ele.<\/p><p>Com o nosso perfil - MINI - ser\u00e1 capaz de trazer uma variedade de sensa\u00e7\u00f5es visuais que definir\u00e3o o espa\u00e7o a partir de uma nova perspetiva.<\/p><p>O nosso perfil - MINI - com 2 metros de comprimento, transforma-se em belos tra\u00e7os de luz que moldam o espa\u00e7o.<\/p><p>O nosso perfil permite uma instala\u00e7\u00e3o simples e elegante das nossas fitas LED. Podem ser instalados em todos os tipos de instala\u00e7\u00f5es interiores de tiras LED, especialmente concebidos para proteger e ocultar as tiras LED, permitindo instala\u00e7\u00f5es profissionais, limpas e elegantes.<\/p><p>Com os nossos perfis, desenhamos linhas homog\u00e9neas de luz que se adaptam a uma grande variedade de espa\u00e7os com um impacto visual m\u00ednimo, resolvendo tanto as necessidades de ilumina\u00e7\u00e3o geral como a ilumina\u00e7\u00e3o de planos verticais.<\/p><h3 class=\"page-product-heading\">DADOS T\u00c9CNICOS<\/h3><div class=\"col-xs-12 col-md-6\">\n<table class=\"table table-data-sheet 1\">\n<tbody>\n<tr class=\"odd\">\n<td valign=\"middle\" width=\"32\"><\/td>\n<td valign=\"middle\">REFER\u00caNCIA :<\/td>\n<td valign=\"middle\">SLPF4320<\/td>\n<\/tr>\n<tr class=\"even\">\n<td valign=\"middle\" width=\"32\"><\/td>\n<td valign=\"middle\">Material de constru\u00e7\u00e3o:<\/td>\n<td valign=\"middle\">PC<\/td>\n<\/tr>\n<tr class=\"odd\">\n<td valign=\"middle\" width=\"32\"><\/td>\n<td valign=\"middle\">Certificados:<\/td>\n<td valign=\"middle\">CE<\/td>\n<\/tr>\n<\/tbody>\n<\/table>\n<\/div><div class=\"col-xs-12 col-md-6 2\">\n<table class=\"table table-data-sheet 2\">\n<tbody>\n<tr class=\"odd\">\n<td valign=\"middle\" width=\"32\"><\/td>\n<td valign=\"middle\">Dimens\u00f5es (mm):<\/td>\n<td valign=\"middle\">L2000*13*12,8mm<\/td>\n<\/tr>\n<tr class=\"even\">\n<td valign=\"middle\" width=\"32\"><\/td>\n<td valign=\"middle\">Anos de garantia:<\/td>\n<td valign=\"middle\">2<\/td>\n<\/tr>\n<\/tbody>\n<\/table>\n<\/div><\/p>","protected":false},"excerpt":{"rendered":"<div class=\"col-md-12\"><i class=\"fa fa-truck\"><\/i>&nbsp;<span class=\"text-muted textprop\">Entrega em 24\/48 horas<\/span><div class=\"col-md-12\"><i class=\"fa fa-exchange\"><\/i>&nbsp;<span class=\"text-muted textprop\">Garantia do segurado<\/span><\/div><div class=\"col-md-12\"><i class=\"fa fa-box\"><\/i>&nbsp;<span class=\"text-muted textprop\">100 unidade(s) por Masterbox<\/span><\/div><\/div>","protected":false},"featured_media":6730,"template":"","meta":{"site-sidebar-layout":"default","site-content-layout":"default","ast-global-header-display":"","ast-main-header-display":"","ast-hfb-above-header-display":"","ast-hfb-below-header-display":"","ast-hfb-mobile-header-display":"","site-post-title":"","ast-breadcrumbs-content":"","ast-featured-img":"","footer-sml-layout":"","theme-transparent-header-meta":"default","adv-header-id-meta":"","stick-header-meta":"","header-above-stick-meta":"","header-main-stick-meta":"","header-below-stick-meta":""},"product_cat":[92,41,94,45],"product_tag":[],"class_list":["post-6722","product","type-product","status-publish","has-post-thumbnail","hentry","product_cat-accesorios-tiras-led","product_cat-ofertas","product_cat-perfiles-de-aluminio-led","product_cat-tiras-led-y-neon-flexible"],"_links":{"self":[{"href":"https:\/\/starlediluminacion.com\/pt\/wp-json\/wp\/v3\/product\/6722","targetHints":{"allow":["GET"]}}],"collection":[{"href":"https:\/\/starlediluminacion.com\/pt\/wp-json\/wp\/v3\/product"}],"about":[{"href":"https:\/\/starlediluminacion.com\/pt\/wp-json\/wp\/v2\/types\/product"}],"wp:featuredmedia":[{"embeddable":true,"href":"https:\/\/starlediluminacion.com\/pt\/wp-json\/wp\/v2\/media\/6730"}],"wp:attachment":[{"href":"https:\/\/starlediluminacion.com\/pt\/wp-json\/wp\/v2\/media?parent=6722"}],"wp:term":[{"taxonomy":"product_cat","embeddable":true,"href":"https:\/\/starlediluminacion.com\/pt\/wp-json\/wp\/v2\/product_cat?post=6722"},{"taxonomy":"product_tag","embeddable":true,"href":"https:\/\/starlediluminacion.com\/pt\/wp-json\/wp\/v2\/product_tag?post=6722"}],"curies":[{"name":"wp","href":"https:\/\/api.w.org\/{rel}","templated":true}]}}