{"id":6547,"date":"2022-08-14T15:43:34","date_gmt":"2022-08-14T15:43:34","guid":{"rendered":"https:\/\/starlediluminacion.com\/?post_type=product&#038;p=6547"},"modified":"2022-08-14T15:43:34","modified_gmt":"2022-08-14T15:43:34","slug":"kit-filtro-antiparpadeo-led-para-tiras-led-220v","status":"publish","type":"product","link":"https:\/\/starlediluminacion.com\/pt\/product\/kit-filtro-de-flashing-anti-flicker-led-for-led-strips-220v\/","title":{"rendered":"<p>KIT KIT de Filtro Flicker LED para Tiras de LED 220V<\/p>"},"content":{"rendered":"<p>REFER\u00caNCIA: SLPHLDR90568<p>Este dispositivo elimina a cintila\u00e7\u00e3o da&nbsp;<strong>Fitas LED 220v<\/strong>&nbsp;quando a sua causa \u00e9 devida \u00e0 corrente produzida pelas cargas de tens\u00e3o que alimentam os LED. O dispositivo armazena a tens\u00e3o e regula o seu fluxo para evitar a cintila\u00e7\u00e3o das fitas que alimentam os LEDs.&nbsp;<strong>220v.<\/strong><\/p><h1>KIT LED Filtro anti-flicker para fitas de LED 220V<\/h1><p>Com o nosso Kit para&nbsp;<strong>Fitas LED 220v<\/strong>&nbsp;eliminar\u00e1 a irritante cintila\u00e7\u00e3o das fitas LED de 220v.<\/p><p>O kit \u00e9 um conjunto de condensadores el\u00e9ctricos, que \u00e9 um dispositivo passivo, capaz de armazenar energia sustentando um campo el\u00e9trico e fornecendo uma forma de onda constante e correta \u00e0 tira de LED e eliminando a cintila\u00e7\u00e3o irritante.<\/p><h2>Utiliza\u00e7\u00f5es do KIT Filtro LED Anti-Flicker para fitas LED 220V<strong>:<\/strong><\/h2><ul>\n<li>Bibliotecas<\/li>\n<li>Bares<\/li>\n<li>In\u00edcio<\/li>\n<li>Restaurantes<\/li>\n<li>Lojas<\/li>\n<\/ul><h3 class=\"page-product-heading\">DADOS T\u00c9CNICOS<\/h3><div class=\"col-xs-12 col-md-6\">\n<table class=\"table table-data-sheet 1\">\n<tbody>\n<tr class=\"odd\">\n<td valign=\"middle\" width=\"32\"><\/td>\n<td valign=\"middle\">REFER\u00caNCIA :<\/td>\n<td valign=\"middle\">SLPHLDR90568<\/td>\n<\/tr>\n<tr class=\"even\">\n<td valign=\"middle\" width=\"32\"><\/td>\n<td valign=\"middle\">Tens\u00e3o Nominal:<\/td>\n<td valign=\"middle\">220-265v<\/td>\n<\/tr>\n<tr class=\"odd\">\n<td valign=\"middle\" width=\"32\"><\/td>\n<td valign=\"middle\">Material de constru\u00e7\u00e3o:<\/td>\n<td valign=\"middle\">Pel\u00edcula de polipropileno + alum\u00ednio + resina ep\u00f3xida<\/td>\n<\/tr>\n<tr class=\"even\">\n<td valign=\"middle\" width=\"32\"><\/td>\n<td valign=\"middle\">Certificados:<\/td>\n<td valign=\"middle\">CE - ROHS<\/td>\n<\/tr>\n<\/tbody>\n<\/table>\n<\/div><div class=\"col-xs-12 col-md-6 2\">\n<table class=\"table table-data-sheet 2\">\n<tbody>\n<tr class=\"odd\">\n<td valign=\"middle\" width=\"32\"><\/td>\n<td valign=\"middle\">Frequ\u00eancia de trabalho (Hz):<\/td>\n<td valign=\"middle\">50\/60Hz<\/td>\n<\/tr>\n<tr class=\"even\">\n<td valign=\"middle\" width=\"32\"><\/td>\n<td valign=\"middle\">Gama de temperaturas (\u00baC):<\/td>\n<td valign=\"middle\">-20\u00ba + 100\u00ba -20\u00ba + 100\u00ba -20\u00ba + 100\u00ba -20\u00ba + 100\u00ba -20\u00ba + 100\u00ba -20\u00ba + 100\u00ba<\/td>\n<\/tr>\n<tr class=\"odd\">\n<td valign=\"middle\" width=\"32\"><\/td>\n<td valign=\"middle\">Informa\u00e7\u00e3o adicional:<\/td>\n<td valign=\"middle\">Para fita de led 220V Ref. 2835-120P-S-230V<\/td>\n<\/tr>\n<tr class=\"even\">\n<td valign=\"middle\" width=\"32\"><\/td>\n<td valign=\"middle\">Anos de garantia:<\/td>\n<td valign=\"middle\">2<\/td>\n<\/tr>\n<\/tbody>\n<\/table>\n<p>&nbsp;<\/p>\n<\/div><\/p>","protected":false},"excerpt":{"rendered":"<div class=\"col-md-12\"><i class=\"fa fa-truck\"><\/i>&nbsp;<span class=\"text-muted textprop\">Entrega em 24\/48 horas<\/span><div class=\"col-md-12\"><i class=\"fa fa-exchange\"><\/i>&nbsp;<span class=\"text-muted textprop\">Garantia do segurado<\/span><\/div><div class=\"col-md-12\"><i class=\"fa fa-box\"><\/i>&nbsp;<span class=\"text-muted textprop\">200 unidade(s) por Masterbox<\/span><\/div><\/div>","protected":false},"featured_media":6549,"template":"","meta":{"site-sidebar-layout":"default","site-content-layout":"default","ast-global-header-display":"","ast-main-header-display":"","ast-hfb-above-header-display":"","ast-hfb-below-header-display":"","ast-hfb-mobile-header-display":"","site-post-title":"","ast-breadcrumbs-content":"","ast-featured-img":"","footer-sml-layout":"","theme-transparent-header-meta":"default","adv-header-id-meta":"","stick-header-meta":"","header-above-stick-meta":"","header-main-stick-meta":"","header-below-stick-meta":""},"product_cat":[92,45],"product_tag":[],"class_list":["post-6547","product","type-product","status-publish","has-post-thumbnail","hentry","product_cat-accesorios-tiras-led","product_cat-tiras-led-y-neon-flexible"],"_links":{"self":[{"href":"https:\/\/starlediluminacion.com\/pt\/wp-json\/wp\/v3\/product\/6547","targetHints":{"allow":["GET"]}}],"collection":[{"href":"https:\/\/starlediluminacion.com\/pt\/wp-json\/wp\/v3\/product"}],"about":[{"href":"https:\/\/starlediluminacion.com\/pt\/wp-json\/wp\/v2\/types\/product"}],"wp:featuredmedia":[{"embeddable":true,"href":"https:\/\/starlediluminacion.com\/pt\/wp-json\/wp\/v2\/media\/6549"}],"wp:attachment":[{"href":"https:\/\/starlediluminacion.com\/pt\/wp-json\/wp\/v2\/media?parent=6547"}],"wp:term":[{"taxonomy":"product_cat","embeddable":true,"href":"https:\/\/starlediluminacion.com\/pt\/wp-json\/wp\/v2\/product_cat?post=6547"},{"taxonomy":"product_tag","embeddable":true,"href":"https:\/\/starlediluminacion.com\/pt\/wp-json\/wp\/v2\/product_tag?post=6547"}],"curies":[{"name":"wp","href":"https:\/\/api.w.org\/{rel}","templated":true}]}}