{"id":6501,"date":"2022-08-14T15:14:14","date_gmt":"2022-08-14T15:14:14","guid":{"rendered":"https:\/\/starlediluminacion.com\/?post_type=product&#038;p=6501"},"modified":"2022-08-14T15:29:18","modified_gmt":"2022-08-14T15:29:18","slug":"tira-led-24v-238xled-m-5m-smd2835-2800lm-20w-m-ip20","status":"publish","type":"product","link":"https:\/\/starlediluminacion.com\/pt\/product\/tira-led-24v-238xled-m-5m-smd2835-2800lm-20w-m-ip20\/","title":{"rendered":"<p>Fita LED 24V | 238xLED\/m | 5m | SMD2835 | 2800Lm | 20W\/M | IP20<\/p>"},"content":{"rendered":"<p>REFER\u00caNCIA: SL90507<div class=\"col-xs-12 col-md-6 2\"><strong style=\"font-size: 16px;\">Fita LED PROFESSIONAL<\/strong><span style=\"font-size: 16px;\">&nbsp;<\/span><strong style=\"font-size: 16px;\">20W por metro<\/strong><span style=\"font-size: 16px;\">&nbsp;de cores para&nbsp;<\/span><strong style=\"font-size: 16px;\">24V<\/strong><span style=\"font-size: 16px;\">&nbsp;y&nbsp;<\/span><strong style=\"font-size: 16px;\">5 metros<\/strong><span style=\"font-size: 16px;\">&nbsp;com fita adesiva para uma instala\u00e7\u00e3o f\u00e1cil. Concebida para instala\u00e7\u00e3o no interior. Ideal para DECORA\u00c7\u00c3O em todo o tipo de espa\u00e7os. Requer uma fonte de alimenta\u00e7\u00e3o e \u00e9 aconselh\u00e1vel instal\u00e1-lo num perfil de alum\u00ednio para uma boa dissipa\u00e7\u00e3o do calor.<\/span><\/div><div id=\"views_block\" class=\"clearfix\">\n<div id=\"thumbs_list\">\n<h1>Fita LED PROFISSIONAL 24V- 238xLED\/m | 5m | SMD2835 | 2800Lm | 20W\/M | IP20<\/h1>\n<p>Isto&nbsp;<strong>Fita LED 24V<\/strong>&nbsp;DC 238LED\/m<strong>&nbsp;IP20<\/strong>&nbsp;tem um comprimento de&nbsp;<strong>5 metros<\/strong>&nbsp;e integra 238 LEDs de tecnologia SMD2835 altamente eficientes que consomem apenas 20 watts por metro. A luz brilhante e colorida que emite \u00e9 distribu\u00edda num \u00e2ngulo de 120\u00ba.<\/p>\n<p>A nossa faixa LED \u00e9 auto-adesiva para f\u00e1cil instala\u00e7\u00e3o. A faixa de LED requer uma fonte de alimenta\u00e7\u00e3o de corrente cont\u00ednua (CC) de corrente constante para a alimentar. O&nbsp;<strong>Tiras de LED<\/strong>&nbsp;pode ser&nbsp;<strong>regular<\/strong>&nbsp;a intensidade (-<strong>Regul\u00e1vel<\/strong>-).<\/p>\n<p>A tira LED pode ser cortada e unida nos espa\u00e7os indicados na tira (\u00e1rea de jun\u00e7\u00e3o de cobre), seguindo sempre as instru\u00e7\u00f5es pertinentes (ter o cuidado de que o ferro de solda mantenha um breve contacto com a tira ao soldar, pois o calor excessivo danificar\u00e1 o condutor).<\/p>\n<p>Recomenda-se que qualquer tipo de instala\u00e7\u00e3o deste tipo n\u00e3o exceda os 10 metros para evitar quedas de tens\u00e3o na corrente cont\u00ednua que alimenta as tiras de LED, embora tamb\u00e9m tenha a op\u00e7\u00e3o de alimentar a tira em ambas as extremidades, uma op\u00e7\u00e3o mais recomend\u00e1vel se for instalar 20 metros cont\u00ednuos. Para a instala\u00e7\u00e3o de mais metros cont\u00ednuos, ser\u00e1 necess\u00e1rio instalar amplificadores de sinal para a faixa de LED.<\/p>\n<p>A fim de aumentar a vida \u00fatil da faixa LED, \u00e9&nbsp;<strong>recomendado<\/strong>&nbsp;utilizar o&nbsp;<strong>fita isoladora de calor<\/strong>&nbsp;de frente e verso, bem como para a colocar&nbsp;<strong>perfil de alum\u00ednio<\/strong>para uma gest\u00e3o adequada do calor da pr\u00f3pria fita LED.<\/p>\n<p>Pode encontrar no nosso website tanto amplificadores de sinal, como fitas dissipadoras de calor, acess\u00f3rios de liga\u00e7\u00e3o, fontes de alimenta\u00e7\u00e3o, unidades de fornecimento de energia para&nbsp;<strong>12-24v,<\/strong>&nbsp;bem como perfis de alum\u00ednio.<\/p>\n<p>As tiras de LED s\u00e3o ideais para iluminar qualquer tipo de canto ou elemento do seu neg\u00f3cio ou casa, gra\u00e7as \u00e0 sua flexibilidade. Pode dizer-se que uma das suas principais vantagens \u00e9 a grande versatilidade de usos que lhes pode ser dada, uma vez que podem ser instalados em qualquer \u00e1rea e adaptar-se a qualquer canto, e assim serem colocados em qualquer posi\u00e7\u00e3o, devido ao seu desenho linear adapt\u00e1vel.<\/p>\n<h2>Utiliza\u00e7\u00f5es da Fita LED 24V - PROFISSIONAL - 238xLED\/m | 5m | SMD2835 | 2800Lm | 20W\/M | IP20:<\/h2>\n<ul>\n<li>&nbsp;&nbsp;&nbsp; Em bibliotecas<\/li>\n<li>&nbsp;&nbsp;&nbsp; Bares<\/li>\n<li>&nbsp;&nbsp;&nbsp; In\u00edcio<\/li>\n<li>&nbsp;&nbsp;&nbsp; Restaurantes<\/li>\n<li>&nbsp;&nbsp;&nbsp; Abrange<\/li>\n<\/ul>\n<h3 class=\"page-product-heading\">DADOS T\u00c9CNICOS<\/h3>\n<div class=\"col-xs-12 col-md-6\">\n<table class=\"table table-data-sheet 1\">\n<tbody>\n<tr class=\"odd\">\n<td valign=\"middle\" width=\"32\"><\/td>\n<td valign=\"middle\">REFER\u00caNCIA :<\/td>\n<td valign=\"middle\">SL90507<\/td>\n<\/tr>\n<tr class=\"even\">\n<td valign=\"middle\" width=\"32\"><\/td>\n<td valign=\"middle\">Pot\u00eancia nominal :<\/td>\n<td valign=\"middle\">20w<\/td>\n<\/tr>\n<tr class=\"odd\">\n<td valign=\"middle\" width=\"32\"><\/td>\n<td valign=\"middle\">Tens\u00e3o Nominal:<\/td>\n<td valign=\"middle\">24V DC<\/td>\n<\/tr>\n<tr class=\"even\">\n<td valign=\"middle\" width=\"32\"><\/td>\n<td valign=\"middle\">Temperatura ligeira:<\/td>\n<td valign=\"middle\">2400K - 3000K - 4000K - 6000K<\/td>\n<\/tr>\n<tr class=\"odd\">\n<td valign=\"middle\" width=\"32\"><\/td>\n<td valign=\"middle\">CRI - Colour Rendering Index:<\/td>\n<td valign=\"middle\">85<\/td>\n<\/tr>\n<tr class=\"even\">\n<td valign=\"middle\" width=\"32\"><\/td>\n<td valign=\"middle\">Material de constru\u00e7\u00e3o:<\/td>\n<td valign=\"middle\">PCB<\/td>\n<\/tr>\n<tr class=\"odd\">\n<td valign=\"middle\" width=\"32\"><\/td>\n<td valign=\"middle\">Luminosidade-Lm:<\/td>\n<td valign=\"middle\">1M: 2100Lm - 5M: 10500Lm<\/td>\n<\/tr>\n<tr class=\"even\">\n<td valign=\"middle\" width=\"32\"><\/td>\n<td valign=\"middle\">Tipo de LEDs:<\/td>\n<td valign=\"middle\">238 LEDs\/M - SMD2835<\/td>\n<\/tr>\n<tr class=\"odd\">\n<td valign=\"middle\" width=\"32\"><\/td>\n<td valign=\"middle\">\u00c2ngulo de abertura (\u00ba):<\/td>\n<td valign=\"middle\">120\u00ba<\/td>\n<\/tr>\n<tr class=\"even\">\n<td valign=\"middle\" width=\"32\"><\/td>\n<td valign=\"middle\">Dimit\u00e1vel:<\/td>\n<td valign=\"middle\">SIM<\/td>\n<\/tr>\n<\/tbody>\n<\/table>\n<\/div>\n<div class=\"col-xs-12 col-md-6 2\">\n<table class=\"table table-data-sheet 2\">\n<tbody>\n<tr class=\"odd\">\n<td valign=\"middle\" width=\"32\"><\/td>\n<td valign=\"middle\">Certificados:<\/td>\n<td valign=\"middle\">CE - ROHS<\/td>\n<\/tr>\n<tr class=\"even\">\n<td valign=\"middle\" width=\"32\"><\/td>\n<td valign=\"middle\">Classifica\u00e7\u00e3o IP:<\/td>\n<td valign=\"middle\">IP20<\/td>\n<\/tr>\n<tr class=\"odd\">\n<td valign=\"middle\" width=\"32\"><\/td>\n<td valign=\"middle\">D\u00edodo LED de vida estimada (H):<\/td>\n<td valign=\"middle\">100.000<\/td>\n<\/tr>\n<tr class=\"even\">\n<td valign=\"middle\" width=\"32\"><\/td>\n<td valign=\"middle\">Dimens\u00f5es (mm):<\/td>\n<td valign=\"middle\">5m. x 10mm<\/td>\n<\/tr>\n<tr class=\"odd\">\n<td valign=\"middle\" width=\"32\"><\/td>\n<td valign=\"middle\">Frequ\u00eancia de trabalho (Hz):<\/td>\n<td valign=\"middle\">50\/60Hz<\/td>\n<\/tr>\n<tr class=\"even\">\n<td valign=\"middle\" width=\"32\"><\/td>\n<td valign=\"middle\">Gama de temperaturas (\u00baC):<\/td>\n<td valign=\"middle\">-20\u00b0C ~ +55\u00b0C<\/td>\n<\/tr>\n<tr class=\"odd\">\n<td valign=\"middle\" width=\"32\"><\/td>\n<td valign=\"middle\">Ciclos de Igni\u00e7\u00e3o:<\/td>\n<td valign=\"middle\">100.000<\/td>\n<\/tr>\n<tr class=\"even\">\n<td valign=\"middle\" width=\"32\"><\/td>\n<td valign=\"middle\">Classe energ\u00e9tica (2021-EU-2019\/2015):<\/td>\n<td valign=\"middle\">A+<\/td>\n<\/tr>\n<tr class=\"odd\">\n<td valign=\"middle\" width=\"32\"><\/td>\n<td valign=\"middle\">Anos de garantia:<\/td>\n<td valign=\"middle\">3<\/td>\n<\/tr>\n<\/tbody>\n<\/table>\n<p>&nbsp;<\/p>\n<\/div>\n<\/div>\n<\/div><\/p>","protected":false},"excerpt":{"rendered":"<div class=\"col-md-12\"><i class=\"fa fa-truck\"><\/i>&nbsp;<span class=\"text-muted textprop\">Entrega em 24\/48 horas<\/span><div class=\"col-md-12\"><i class=\"fa fa-exchange\"><\/i>&nbsp;<span class=\"text-muted textprop\">Garantia do segurado<\/span><\/div><div class=\"col-md-12\"><i class=\"fa fa-box\"><\/i>&nbsp;<span class=\"text-muted textprop\">20 unidade(s) por Masterbox<\/span><\/div><div>\n<div class=\"hidden-xs parrafo\"><\/div>\n<div id=\"views_block\" class=\"clearfix\">\n<div id=\"thumbs_list\">\n<p><strong>COLOUR TEMPERATURE:2400K\/3000K\/4000K\/6000K&nbsp;<\/strong><\/p>\n<\/div>\n<\/div>\n<\/div><\/div>","protected":false},"featured_media":6461,"template":"","meta":{"site-sidebar-layout":"default","site-content-layout":"default","ast-global-header-display":"","ast-main-header-display":"","ast-hfb-above-header-display":"","ast-hfb-below-header-display":"","ast-hfb-mobile-header-display":"","site-post-title":"","ast-breadcrumbs-content":"","ast-featured-img":"","footer-sml-layout":"","theme-transparent-header-meta":"default","adv-header-id-meta":"","stick-header-meta":"","header-above-stick-meta":"","header-main-stick-meta":"","header-below-stick-meta":""},"product_cat":[89,45],"product_tag":[],"class_list":["post-6501","product","type-product","status-publish","has-post-thumbnail","hentry","product_cat-tiras-led-24v-dc","product_cat-tiras-led-y-neon-flexible"],"_links":{"self":[{"href":"https:\/\/starlediluminacion.com\/pt\/wp-json\/wp\/v3\/product\/6501","targetHints":{"allow":["GET"]}}],"collection":[{"href":"https:\/\/starlediluminacion.com\/pt\/wp-json\/wp\/v3\/product"}],"about":[{"href":"https:\/\/starlediluminacion.com\/pt\/wp-json\/wp\/v2\/types\/product"}],"wp:featuredmedia":[{"embeddable":true,"href":"https:\/\/starlediluminacion.com\/pt\/wp-json\/wp\/v2\/media\/6461"}],"wp:attachment":[{"href":"https:\/\/starlediluminacion.com\/pt\/wp-json\/wp\/v2\/media?parent=6501"}],"wp:term":[{"taxonomy":"product_cat","embeddable":true,"href":"https:\/\/starlediluminacion.com\/pt\/wp-json\/wp\/v2\/product_cat?post=6501"},{"taxonomy":"product_tag","embeddable":true,"href":"https:\/\/starlediluminacion.com\/pt\/wp-json\/wp\/v2\/product_tag?post=6501"}],"curies":[{"name":"wp","href":"https:\/\/api.w.org\/{rel}","templated":true}]}}