{"id":6494,"date":"2022-08-14T14:49:40","date_gmt":"2022-08-14T14:49:40","guid":{"rendered":"https:\/\/starlediluminacion.com\/?post_type=product&#038;p=6494"},"modified":"2022-08-14T15:27:53","modified_gmt":"2022-08-14T15:27:53","slug":"tira-led-24v-240xled-m-5m-smd2835-3000lm-30w-m-cri97-ip20-high-lumens","status":"publish","type":"product","link":"https:\/\/starlediluminacion.com\/pt\/product\/tira-led-24v-240xled-m-5m-smd2835-3000lm-30w-m-cri97-ip20-high-lumens\/","title":{"rendered":"<p>Fita LED 24V | 240xLED\/m | 5m | SMD2835 | 3000Lm | 30W\/M | CRI97 | IP20| HIGH LUMENS<\/p>"},"content":{"rendered":"<p><label>REFER\u00caNCIA: SL90503<\/label><div class=\"hidden-xs parrafo\">\n<p><strong>Rolo de 5 metros<\/strong>&nbsp;de Fita LED 24V,&nbsp;<strong>ALTA LUZ, com HIGH CRI97<\/strong>Tem fita adesiva para facilitar a instala\u00e7\u00e3o. Concebida para instala\u00e7\u00e3o em interiores. \u00c9 aconselh\u00e1vel instal\u00e1-la sobre um perfil de alum\u00ednio para conseguir uma boa dissipa\u00e7\u00e3o de calor e uma longa vida \u00fatil.<strong>&nbsp;Perfeito para ilumina\u00e7\u00e3o.<\/strong><\/p>\n<\/div><div id=\"views_block\" class=\"clearfix\">\n<div id=\"thumbs_list\">\n<h1>Fita LED 24V | 240xLED\/m | 5m | SMD2835 | 3000Lm | 30W\/M | CRI97 | IP20| HIGH LUMENS<\/h1>\n<p>Isto&nbsp;<strong>Fita LED 24V<\/strong>&nbsp;DC&nbsp;<strong>240LED\/m IP20<\/strong>&nbsp;tem um comprimento de&nbsp;<strong>5 metros<\/strong>&nbsp;e integra 240 LEDs de tecnologia SMD2835 de alta efici\u00eancia, que s\u00e3o distribu\u00eddos num \u00e2ngulo de 120\u00ba.<\/p>\n<p>A nossa faixa LED \u00e9 auto-adesiva para f\u00e1cil instala\u00e7\u00e3o. A faixa de LED requer uma fonte de alimenta\u00e7\u00e3o de corrente cont\u00ednua (CC) de corrente constante para a alimentar. O&nbsp;<strong>Tiras de LED<\/strong>&nbsp;pode ser&nbsp;<strong>regular<\/strong>&nbsp;a intensidade (-<strong>Regul\u00e1vel<\/strong>-).<\/p>\n<p>A tira LED pode ser cortada e unida nos espa\u00e7os indicados na tira (\u00e1rea de jun\u00e7\u00e3o de cobre), seguindo sempre as instru\u00e7\u00f5es pertinentes (ter o cuidado de que o ferro de solda mantenha um breve contacto com a tira ao soldar, pois o calor excessivo danificar\u00e1 o condutor).<\/p>\n<p>Recomenda-se que qualquer tipo de instala\u00e7\u00e3o deste tipo n\u00e3o exceda os 10 metros para evitar quedas de tens\u00e3o na corrente cont\u00ednua que alimenta as tiras de LED, embora tamb\u00e9m tenha a op\u00e7\u00e3o de alimentar a tira em ambas as extremidades, uma op\u00e7\u00e3o mais recomend\u00e1vel se for instalar 20 metros cont\u00ednuos. Para a instala\u00e7\u00e3o de mais metros cont\u00ednuos, ser\u00e1 necess\u00e1rio instalar amplificadores de sinal para a faixa de LED.<\/p>\n<p>A fim de aumentar a vida \u00fatil da faixa LED, \u00e9&nbsp;<strong>recomendado<\/strong>&nbsp;utilizar o&nbsp;<strong>fita isoladora de calor<\/strong>&nbsp;de frente e verso, bem como para a colocar&nbsp;<strong>perfil de alum\u00ednio<\/strong>para uma gest\u00e3o adequada do calor da pr\u00f3pria fita LED.<\/p>\n<p>Pode encontrar no nosso website tanto amplificadores de sinal, como fitas dissipadoras de calor, acess\u00f3rios de liga\u00e7\u00e3o, fontes de alimenta\u00e7\u00e3o, unidades de fornecimento de energia para&nbsp;<strong>12-24v,<\/strong>&nbsp;bem como perfis de alum\u00ednio.<\/p>\n<p>As tiras de LED s\u00e3o ideais para iluminar qualquer tipo de canto ou elemento do seu neg\u00f3cio ou casa, gra\u00e7as \u00e0 sua flexibilidade. Pode dizer-se que uma das suas principais vantagens \u00e9 a grande versatilidade de usos que lhes pode ser dada, uma vez que podem ser instalados em qualquer \u00e1rea e adaptar-se a qualquer canto, e assim serem colocados em qualquer posi\u00e7\u00e3o, devido ao seu desenho linear adapt\u00e1vel.<\/p>\n<h2>Usos da Fita LED 24V | 240xLED\/m | 5m | SMD2835 | 3000Lm | 30W\/M | CRI97 | IP20| HIGH LUMENS<\/h2>\n<ul>\n<li>&nbsp;&nbsp;&nbsp; Em bibliotecas<\/li>\n<li>&nbsp;&nbsp;&nbsp; Bares<\/li>\n<li>&nbsp;&nbsp;&nbsp; In\u00edcio<\/li>\n<li>&nbsp;&nbsp;&nbsp; Restaurantes<\/li>\n<li>&nbsp;&nbsp;&nbsp; Abrange<\/li>\n<\/ul>\n<h3 class=\"page-product-heading\">DADOS T\u00c9CNICOS<\/h3>\n<div class=\"col-xs-12 col-md-6\">\n<table class=\"table table-data-sheet 1\">\n<tbody>\n<tr class=\"odd\">\n<td valign=\"middle\" width=\"32\"><\/td>\n<td valign=\"middle\">REFER\u00caNCIA :<\/td>\n<td valign=\"middle\">SLSR30W<\/td>\n<\/tr>\n<tr class=\"even\">\n<td valign=\"middle\" width=\"32\"><\/td>\n<td valign=\"middle\">Pot\u00eancia nominal :<\/td>\n<td valign=\"middle\">30W<\/td>\n<\/tr>\n<tr class=\"odd\">\n<td valign=\"middle\" width=\"32\"><\/td>\n<td valign=\"middle\">Tens\u00e3o Nominal:<\/td>\n<td valign=\"middle\">24V DC<\/td>\n<\/tr>\n<tr class=\"even\">\n<td valign=\"middle\" width=\"32\"><\/td>\n<td valign=\"middle\">Temperatura ligeira:<\/td>\n<td valign=\"middle\">2200K - 3000K - 4000K - 6000K<\/td>\n<\/tr>\n<tr class=\"odd\">\n<td valign=\"middle\" width=\"32\"><\/td>\n<td valign=\"middle\">CRI - Colour Rendering Index:<\/td>\n<td valign=\"middle\">97<\/td>\n<\/tr>\n<tr class=\"even\">\n<td valign=\"middle\" width=\"32\"><\/td>\n<td valign=\"middle\">Material de constru\u00e7\u00e3o:<\/td>\n<td valign=\"middle\">PCB<\/td>\n<\/tr>\n<tr class=\"odd\">\n<td valign=\"middle\" width=\"32\"><\/td>\n<td valign=\"middle\">Luminosidade-Lm:<\/td>\n<td valign=\"middle\">1M: 3000Lm - 5M: 15000Lm<\/td>\n<\/tr>\n<tr class=\"even\">\n<td valign=\"middle\" width=\"32\"><\/td>\n<td valign=\"middle\">Tipo de LEDs:<\/td>\n<td valign=\"middle\">SMD 2835<\/td>\n<\/tr>\n<tr class=\"odd\">\n<td valign=\"middle\" width=\"32\"><\/td>\n<td valign=\"middle\">\u00c2ngulo de abertura (\u00ba):<\/td>\n<td valign=\"middle\">120\u00ba<\/td>\n<\/tr>\n<tr class=\"even\">\n<td valign=\"middle\" width=\"32\"><\/td>\n<td valign=\"middle\">Dimit\u00e1vel:<\/td>\n<td valign=\"middle\">SIM<\/td>\n<\/tr>\n<\/tbody>\n<\/table>\n<\/div>\n<div class=\"col-xs-12 col-md-6 2\">\n<table class=\"table table-data-sheet 2\">\n<tbody>\n<tr class=\"odd\">\n<td valign=\"middle\" width=\"32\"><\/td>\n<td valign=\"middle\">Certificados:<\/td>\n<td valign=\"middle\">CE - ROHS<\/td>\n<\/tr>\n<tr class=\"even\">\n<td valign=\"middle\" width=\"32\"><\/td>\n<td valign=\"middle\">Classifica\u00e7\u00e3o IP:<\/td>\n<td valign=\"middle\">IP20<\/td>\n<\/tr>\n<tr class=\"odd\">\n<td valign=\"middle\" width=\"32\"><\/td>\n<td valign=\"middle\">D\u00edodo LED de vida estimada (H):<\/td>\n<td valign=\"middle\">100.000<\/td>\n<\/tr>\n<tr class=\"even\">\n<td valign=\"middle\" width=\"32\"><\/td>\n<td valign=\"middle\">Dimens\u00f5es (mm):<\/td>\n<td valign=\"middle\">5m. x 10mm<\/td>\n<\/tr>\n<tr class=\"odd\">\n<td valign=\"middle\" width=\"32\"><\/td>\n<td valign=\"middle\">Frequ\u00eancia de trabalho (Hz):<\/td>\n<td valign=\"middle\">50\/60Hz<\/td>\n<\/tr>\n<tr class=\"even\">\n<td valign=\"middle\" width=\"32\"><\/td>\n<td valign=\"middle\">Gama de temperaturas (\u00baC):<\/td>\n<td valign=\"middle\">-20\u00b0C ~ +55\u00b0C<\/td>\n<\/tr>\n<tr class=\"odd\">\n<td valign=\"middle\" width=\"32\"><\/td>\n<td valign=\"middle\">Ciclos de Igni\u00e7\u00e3o:<\/td>\n<td valign=\"middle\">100.000<\/td>\n<\/tr>\n<tr class=\"even\">\n<td valign=\"middle\" width=\"32\"><\/td>\n<td valign=\"middle\">Classe energ\u00e9tica (2021-EU-2019\/2015):<\/td>\n<td valign=\"middle\">A+<\/td>\n<\/tr>\n<tr class=\"odd\">\n<td valign=\"middle\" width=\"32\"><\/td>\n<td valign=\"middle\">Anos de garantia:<\/td>\n<td valign=\"middle\">3<\/td>\n<\/tr>\n<\/tbody>\n<\/table>\n<p>&nbsp;<\/p>\n<\/div>\n<\/div>\n<\/div><\/p>","protected":false},"excerpt":{"rendered":"<div class=\"col-md-12\"><i class=\"fa fa-truck\"><\/i>&nbsp;<span class=\"text-muted textprop\">Entrega em 24\/48 horas<\/span><div class=\"col-md-12\"><i class=\"fa fa-exchange\"><\/i>&nbsp;<span class=\"text-muted textprop\">Garantia do segurado<\/span><\/div><div class=\"col-md-12\"><i class=\"fa fa-box\"><\/i>&nbsp;<span class=\"text-muted textprop\">200 unidade(s) por Masterbox<\/span><\/div><div>\n<div class=\"woocommerce-product-details__short-description\">\n<div>\n<div id=\"views_block\" class=\"clearfix\">\n<div id=\"thumbs_list\">\n<p><strong>COLOUR TEMPERATURE:2400K\/3000K\/4000K\/6000K&nbsp;<\/strong><\/p>\n<\/div>\n<\/div>\n<\/div>\n<\/div>\n<\/div><\/div>","protected":false},"featured_media":6500,"template":"","meta":{"site-sidebar-layout":"default","site-content-layout":"default","ast-global-header-display":"","ast-main-header-display":"","ast-hfb-above-header-display":"","ast-hfb-below-header-display":"","ast-hfb-mobile-header-display":"","site-post-title":"","ast-breadcrumbs-content":"","ast-featured-img":"","footer-sml-layout":"","theme-transparent-header-meta":"default","adv-header-id-meta":"","stick-header-meta":"","header-above-stick-meta":"","header-main-stick-meta":"","header-below-stick-meta":""},"product_cat":[89,45],"product_tag":[],"class_list":["post-6494","product","type-product","status-publish","has-post-thumbnail","hentry","product_cat-tiras-led-24v-dc","product_cat-tiras-led-y-neon-flexible"],"yoast_head":"<!-- This site is optimized with the Yoast SEO plugin v27.4 - https:\/\/yoast.com\/product\/yoast-seo-wordpress\/ -->\n<title>Tira LED 24V | 240xLED\/m | 5m | SMD2835 | 3000Lm | 30W\/M | CRI97 | | IP20| HIGH LUMENS - STARLED Iluminacion<\/title>\n<meta name=\"robots\" content=\"index, follow, max-snippet:-1, max-image-preview:large, max-video-preview:-1\" \/>\n<link rel=\"canonical\" href=\"https:\/\/starlediluminacion.com\/pt\/product\/tira-led-24v-240xled-m-5m-smd2835-3000lm-30w-m-cri97-ip20-high-lumens\/\" \/>\n<meta property=\"og:locale\" content=\"pt_PT\" \/>\n<meta property=\"og:type\" content=\"article\" \/>\n<meta property=\"og:title\" content=\"Tira LED 24V | 240xLED\/m | 5m | SMD2835 | 3000Lm | 30W\/M | CRI97 | | IP20| HIGH LUMENS - STARLED Iluminacion\" \/>\n<meta property=\"og:description\" content=\"\u00a0Entrega en 24\/48 horas \u00a0Garant\u00eda asegurada \u00a0200 unidad(es) por Masterbox       TEMPERATURA DE COLOR:2400K\/3000K\/4000K\/6000K\u00a0\" \/>\n<meta property=\"og:url\" content=\"https:\/\/starlediluminacion.com\/pt\/product\/tira-led-24v-240xled-m-5m-smd2835-3000lm-30w-m-cri97-ip20-high-lumens\/\" \/>\n<meta property=\"og:site_name\" content=\"STARLED Iluminacion\" \/>\n<meta property=\"article:modified_time\" content=\"2022-08-14T15:27:53+00:00\" \/>\n<meta property=\"og:image\" content=\"https:\/\/starlediluminacion.com\/wp-content\/uploads\/2022\/08\/tira-led-24v-240xledm-5m-smd2835-3000lm-30wm-cri90-ip20-high-lumens-factorled.jpg\" \/>\n\t<meta property=\"og:image:width\" content=\"1000\" \/>\n\t<meta property=\"og:image:height\" content=\"1000\" \/>\n\t<meta property=\"og:image:type\" content=\"image\/jpeg\" \/>\n<meta name=\"twitter:card\" content=\"summary_large_image\" \/>\n<meta name=\"twitter:label1\" content=\"Tempo estimado de leitura\" \/>\n\t<meta name=\"twitter:data1\" content=\"3 minutos\" \/>\n<script type=\"application\/ld+json\" class=\"yoast-schema-graph\">{\"@context\":\"https:\\\/\\\/schema.org\",\"@graph\":[{\"@type\":\"WebPage\",\"@id\":\"https:\\\/\\\/starlediluminacion.com\\\/en\\\/product\\\/tira-led-24v-240xled-m-5m-smd2835-3000lm-30w-m-cri97-ip20-high-lumens\\\/\",\"url\":\"https:\\\/\\\/starlediluminacion.com\\\/en\\\/product\\\/tira-led-24v-240xled-m-5m-smd2835-3000lm-30w-m-cri97-ip20-high-lumens\\\/\",\"name\":\"Tira LED 24V | 240xLED\\\/m | 5m | SMD2835 | 3000Lm | 30W\\\/M | CRI97 | | IP20| HIGH LUMENS - STARLED Iluminacion\",\"isPartOf\":{\"@id\":\"https:\\\/\\\/starlediluminacion.com\\\/#website\"},\"primaryImageOfPage\":{\"@id\":\"https:\\\/\\\/starlediluminacion.com\\\/en\\\/product\\\/tira-led-24v-240xled-m-5m-smd2835-3000lm-30w-m-cri97-ip20-high-lumens\\\/#primaryimage\"},\"image\":{\"@id\":\"https:\\\/\\\/starlediluminacion.com\\\/en\\\/product\\\/tira-led-24v-240xled-m-5m-smd2835-3000lm-30w-m-cri97-ip20-high-lumens\\\/#primaryimage\"},\"thumbnailUrl\":\"https:\\\/\\\/starlediluminacion.com\\\/wp-content\\\/uploads\\\/2022\\\/08\\\/tira-led-24v-240xledm-5m-smd2835-3000lm-30wm-cri90-ip20-high-lumens-factorled.jpg\",\"datePublished\":\"2022-08-14T14:49:40+00:00\",\"dateModified\":\"2022-08-14T15:27:53+00:00\",\"breadcrumb\":{\"@id\":\"https:\\\/\\\/starlediluminacion.com\\\/en\\\/product\\\/tira-led-24v-240xled-m-5m-smd2835-3000lm-30w-m-cri97-ip20-high-lumens\\\/#breadcrumb\"},\"inLanguage\":\"pt-PT\",\"potentialAction\":[{\"@type\":\"ReadAction\",\"target\":[\"https:\\\/\\\/starlediluminacion.com\\\/en\\\/product\\\/tira-led-24v-240xled-m-5m-smd2835-3000lm-30w-m-cri97-ip20-high-lumens\\\/\"]}]},{\"@type\":\"ImageObject\",\"inLanguage\":\"pt-PT\",\"@id\":\"https:\\\/\\\/starlediluminacion.com\\\/en\\\/product\\\/tira-led-24v-240xled-m-5m-smd2835-3000lm-30w-m-cri97-ip20-high-lumens\\\/#primaryimage\",\"url\":\"https:\\\/\\\/starlediluminacion.com\\\/wp-content\\\/uploads\\\/2022\\\/08\\\/tira-led-24v-240xledm-5m-smd2835-3000lm-30wm-cri90-ip20-high-lumens-factorled.jpg\",\"contentUrl\":\"https:\\\/\\\/starlediluminacion.com\\\/wp-content\\\/uploads\\\/2022\\\/08\\\/tira-led-24v-240xledm-5m-smd2835-3000lm-30wm-cri90-ip20-high-lumens-factorled.jpg\",\"width\":1000,\"height\":1000},{\"@type\":\"BreadcrumbList\",\"@id\":\"https:\\\/\\\/starlediluminacion.com\\\/en\\\/product\\\/tira-led-24v-240xled-m-5m-smd2835-3000lm-30w-m-cri97-ip20-high-lumens\\\/#breadcrumb\",\"itemListElement\":[{\"@type\":\"ListItem\",\"position\":1,\"name\":\"Portada\",\"item\":\"https:\\\/\\\/starlediluminacion.com\\\/\"},{\"@type\":\"ListItem\",\"position\":2,\"name\":\"Shop\",\"item\":\"https:\\\/\\\/starlediluminacion.com\\\/shop-2\\\/\"},{\"@type\":\"ListItem\",\"position\":3,\"name\":\"Tira LED 24V | 240xLED\\\/m | 5m | SMD2835 | 3000Lm | 30W\\\/M | CRI97 | | IP20| HIGH LUMENS\"}]},{\"@type\":\"WebSite\",\"@id\":\"https:\\\/\\\/starlediluminacion.com\\\/#website\",\"url\":\"https:\\\/\\\/starlediluminacion.com\\\/\",\"name\":\"STARLED Iluminacion\",\"description\":\"\",\"potentialAction\":[{\"@type\":\"SearchAction\",\"target\":{\"@type\":\"EntryPoint\",\"urlTemplate\":\"https:\\\/\\\/starlediluminacion.com\\\/?s={search_term_string}\"},\"query-input\":{\"@type\":\"PropertyValueSpecification\",\"valueRequired\":true,\"valueName\":\"search_term_string\"}}],\"inLanguage\":\"pt-PT\"}]}<\/script>\n<!-- \/ Yoast SEO plugin. -->","yoast_head_json":{"title":"Tira LED 24V | 240xLED\/m | 5m | SMD2835 | 3000Lm | 30W\/M | CRI97 | | IP20| HIGH LUMENS - STARLED Iluminacion","robots":{"index":"index","follow":"follow","max-snippet":"max-snippet:-1","max-image-preview":"max-image-preview:large","max-video-preview":"max-video-preview:-1"},"canonical":"https:\/\/starlediluminacion.com\/pt\/product\/tira-led-24v-240xled-m-5m-smd2835-3000lm-30w-m-cri97-ip20-high-lumens\/","og_locale":"pt_PT","og_type":"article","og_title":"Tira LED 24V | 240xLED\/m | 5m | SMD2835 | 3000Lm | 30W\/M | CRI97 | | IP20| HIGH LUMENS - STARLED Iluminacion","og_description":"\u00a0Entrega en 24\/48 horas \u00a0Garant\u00eda asegurada \u00a0200 unidad(es) por Masterbox       TEMPERATURA DE COLOR:2400K\/3000K\/4000K\/6000K\u00a0","og_url":"https:\/\/starlediluminacion.com\/pt\/product\/tira-led-24v-240xled-m-5m-smd2835-3000lm-30w-m-cri97-ip20-high-lumens\/","og_site_name":"STARLED Iluminacion","article_modified_time":"2022-08-14T15:27:53+00:00","og_image":[{"width":1000,"height":1000,"url":"https:\/\/starlediluminacion.com\/wp-content\/uploads\/2022\/08\/tira-led-24v-240xledm-5m-smd2835-3000lm-30wm-cri90-ip20-high-lumens-factorled.jpg","type":"image\/jpeg"}],"twitter_card":"summary_large_image","twitter_misc":{"Tempo estimado de leitura":"3 minutos"},"schema":{"@context":"https:\/\/schema.org","@graph":[{"@type":"WebPage","@id":"https:\/\/starlediluminacion.com\/en\/product\/tira-led-24v-240xled-m-5m-smd2835-3000lm-30w-m-cri97-ip20-high-lumens\/","url":"https:\/\/starlediluminacion.com\/en\/product\/tira-led-24v-240xled-m-5m-smd2835-3000lm-30w-m-cri97-ip20-high-lumens\/","name":"Tira LED 24V | 240xLED\/m | 5m | SMD2835 | 3000Lm | 30W\/M | CRI97 | | IP20| HIGH LUMENS - STARLED Iluminacion","isPartOf":{"@id":"https:\/\/starlediluminacion.com\/#website"},"primaryImageOfPage":{"@id":"https:\/\/starlediluminacion.com\/en\/product\/tira-led-24v-240xled-m-5m-smd2835-3000lm-30w-m-cri97-ip20-high-lumens\/#primaryimage"},"image":{"@id":"https:\/\/starlediluminacion.com\/en\/product\/tira-led-24v-240xled-m-5m-smd2835-3000lm-30w-m-cri97-ip20-high-lumens\/#primaryimage"},"thumbnailUrl":"https:\/\/starlediluminacion.com\/wp-content\/uploads\/2022\/08\/tira-led-24v-240xledm-5m-smd2835-3000lm-30wm-cri90-ip20-high-lumens-factorled.jpg","datePublished":"2022-08-14T14:49:40+00:00","dateModified":"2022-08-14T15:27:53+00:00","breadcrumb":{"@id":"https:\/\/starlediluminacion.com\/en\/product\/tira-led-24v-240xled-m-5m-smd2835-3000lm-30w-m-cri97-ip20-high-lumens\/#breadcrumb"},"inLanguage":"pt-PT","potentialAction":[{"@type":"ReadAction","target":["https:\/\/starlediluminacion.com\/en\/product\/tira-led-24v-240xled-m-5m-smd2835-3000lm-30w-m-cri97-ip20-high-lumens\/"]}]},{"@type":"ImageObject","inLanguage":"pt-PT","@id":"https:\/\/starlediluminacion.com\/en\/product\/tira-led-24v-240xled-m-5m-smd2835-3000lm-30w-m-cri97-ip20-high-lumens\/#primaryimage","url":"https:\/\/starlediluminacion.com\/wp-content\/uploads\/2022\/08\/tira-led-24v-240xledm-5m-smd2835-3000lm-30wm-cri90-ip20-high-lumens-factorled.jpg","contentUrl":"https:\/\/starlediluminacion.com\/wp-content\/uploads\/2022\/08\/tira-led-24v-240xledm-5m-smd2835-3000lm-30wm-cri90-ip20-high-lumens-factorled.jpg","width":1000,"height":1000},{"@type":"BreadcrumbList","@id":"https:\/\/starlediluminacion.com\/en\/product\/tira-led-24v-240xled-m-5m-smd2835-3000lm-30w-m-cri97-ip20-high-lumens\/#breadcrumb","itemListElement":[{"@type":"ListItem","position":1,"name":"Portada","item":"https:\/\/starlediluminacion.com\/"},{"@type":"ListItem","position":2,"name":"Shop","item":"https:\/\/starlediluminacion.com\/shop-2\/"},{"@type":"ListItem","position":3,"name":"Tira LED 24V | 240xLED\/m | 5m | SMD2835 | 3000Lm | 30W\/M | CRI97 | | IP20| HIGH LUMENS"}]},{"@type":"WebSite","@id":"https:\/\/starlediluminacion.com\/#website","url":"https:\/\/starlediluminacion.com\/","name":"STARLED Iluminacion","description":"","potentialAction":[{"@type":"SearchAction","target":{"@type":"EntryPoint","urlTemplate":"https:\/\/starlediluminacion.com\/?s={search_term_string}"},"query-input":{"@type":"PropertyValueSpecification","valueRequired":true,"valueName":"search_term_string"}}],"inLanguage":"pt-PT"}]}},"_links":{"self":[{"href":"https:\/\/starlediluminacion.com\/pt\/wp-json\/wp\/v3\/product\/6494","targetHints":{"allow":["GET"]}}],"collection":[{"href":"https:\/\/starlediluminacion.com\/pt\/wp-json\/wp\/v3\/product"}],"about":[{"href":"https:\/\/starlediluminacion.com\/pt\/wp-json\/wp\/v2\/types\/product"}],"wp:featuredmedia":[{"embeddable":true,"href":"https:\/\/starlediluminacion.com\/pt\/wp-json\/wp\/v2\/media\/6500"}],"wp:attachment":[{"href":"https:\/\/starlediluminacion.com\/pt\/wp-json\/wp\/v2\/media?parent=6494"}],"wp:term":[{"taxonomy":"product_cat","embeddable":true,"href":"https:\/\/starlediluminacion.com\/pt\/wp-json\/wp\/v2\/product_cat?post=6494"},{"taxonomy":"product_tag","embeddable":true,"href":"https:\/\/starlediluminacion.com\/pt\/wp-json\/wp\/v2\/product_tag?post=6494"}],"curies":[{"name":"wp","href":"https:\/\/api.w.org\/{rel}","templated":true}]}}