{"id":6492,"date":"2022-08-14T14:45:35","date_gmt":"2022-08-14T14:45:35","guid":{"rendered":"https:\/\/starlediluminacion.com\/?post_type=product&#038;p=6492"},"modified":"2022-08-14T14:45:35","modified_gmt":"2022-08-14T14:45:35","slug":"tira-led-cob-24v-280-led-m-5m-flip-chip-1200lm-12w-m-cri90-ip20","status":"publish","type":"product","link":"https:\/\/starlediluminacion.com\/pt\/product\/tira-led-cob-24v-280-led-m-5m-flip-chip-1200lm-12w-m-cri90-ip20\/","title":{"rendered":"<p>Fita LED 24V COB 24V | 280 LED\/m | 5m | FLIP CHIP | 1200Lm | 12W\/M | CRI90 | IP20<\/p>"},"content":{"rendered":"<div class=\"product-info-line\">\n<p id=\"product_reference\"><label>REFER\u00caNCIA:<span style=\"font-size: 16px;\"> SL<\/span><span class=\"editable\" style=\"font-size: 16px;\">SP280D12W-90701<\/span><\/label><\/p>\n<p><strong>Fita COB LED<\/strong>&nbsp;a partir de&nbsp;<strong>12W&nbsp;<\/strong>a&nbsp;<strong>24V<\/strong>&nbsp;y&nbsp;<strong>5 metros<\/strong>&nbsp;com fita adesiva para facilitar a instala\u00e7\u00e3o. Concebido para instala\u00e7\u00e3o em interiores. Perfeito para LUZAR todos os tipos de espa\u00e7os. Requer uma fonte de alimenta\u00e7\u00e3o e \u00e9 aconselh\u00e1vel instal\u00e1-la sobre um perfil de alum\u00ednio para uma boa dissipa\u00e7\u00e3o de calor.<\/p>\n<p><strong>280 Leds\/metro FLIP CHIP de alta pot\u00eancia.<\/strong><\/p>\n<h1>Fita LED 24V COB 24V | 280 LED\/m | 5m | FLIP CHIP | 1200Lm | 12W\/M | CRI90 | IP20<\/h1>\n<p>O nosso&nbsp;<strong>Fita LED COB 24 Volt 12W<\/strong>&nbsp;\u00e9 autocolante para f\u00e1cil instala\u00e7\u00e3o. A fita LED requer uma fonte de alimenta\u00e7\u00e3o de corrente cont\u00ednua (CC) de corrente constante para a alimentar.  As tiras de LED podem ser regul\u00e1veis (-<strong>Dimmables<\/strong>-).<\/p>\n<p>Esta Fita LED COB tem 280 chips FLIPCHIP por metro, pelo que obtemos uma luz uniforme em toda a fita, al\u00e9m de ter um desempenho Lm\/W superior ao dos LEDs SMD tradicionais.<\/p>\n<p>Com a sua&nbsp;<strong>CRI &gt;90<\/strong>&nbsp;conseguimos que as cores pare\u00e7am muito reais. Isto torna esta faixa LED perfeita para iluminar espa\u00e7os onde queremos que as cores pare\u00e7am perfeitas.<\/p>\n<p>A tira LED pode ser cortada e unida nos espa\u00e7os indicados na tira (\u00e1rea de jun\u00e7\u00e3o de cobre), seguindo sempre as instru\u00e7\u00f5es pertinentes (ter o cuidado de que o ferro de solda mantenha um breve contacto com a tira ao soldar, pois o calor excessivo danificar\u00e1 o condutor).<\/p>\n<p>Recomenda-se que qualquer tipo de instala\u00e7\u00e3o deste tipo n\u00e3o exceda os 10 metros para evitar quedas de tens\u00e3o na corrente cont\u00ednua que alimenta as tiras de LED, embora tamb\u00e9m tenha a op\u00e7\u00e3o de alimentar a tira em ambas as extremidades, uma op\u00e7\u00e3o mais recomend\u00e1vel se for instalar 20 metros cont\u00ednuos.  Para a instala\u00e7\u00e3o de mais metros cont\u00ednuos, ser\u00e1 necess\u00e1rio instalar amplificadores de sinal para a faixa de LED.<\/p>\n<p>A fim de aumentar a vida \u00fatil da faixa LED, \u00e9&nbsp;<strong>recomendado<\/strong>&nbsp;utilizar o&nbsp;<strong>fita isoladora de calor<\/strong>&nbsp;de frente e verso, bem como para a colocar&nbsp;<strong>perfil de alum\u00ednio<\/strong>para uma gest\u00e3o adequada do calor da pr\u00f3pria fita LED.<\/p>\n<p>Pode encontrar amplificadores de sinal, fita dissipativa, acess\u00f3rios de colagem, fontes de alimenta\u00e7\u00e3o 12-24v, bem como perfis de alum\u00ednio no nosso website.<\/p>\n<p>O&nbsp;<strong>Tiras de LED<\/strong>&nbsp;s\u00e3o ideais para iluminar qualquer tipo de canto ou elemento do seu neg\u00f3cio ou casa, gra\u00e7as \u00e0 sua flexibilidade. Pode-se dizer que uma das suas principais vantagens \u00e9 a grande versatilidade de usos que lhes pode ser dada, uma vez que podem ser instalados em qualquer \u00e1rea e adaptar-se a qualquer canto, e podem ser colocados em qualquer posi\u00e7\u00e3o, gra\u00e7as ao seu desenho linear adapt\u00e1vel.<\/p>\n<p>&nbsp;<\/p>\n<h2 dir=\"ltr\">Utiliza\u00e7\u00f5es da Fita LED COB 24V | 280 LED\/m | 5m | FLIP CHIP | 1200Lm | 12W\/M | CRI90 | IP20:<\/h2>\n<ul>\n<li>Em bibliotecas<\/li>\n<li>Bares<\/li>\n<li>In\u00edcio<\/li>\n<li>Restaurantes<\/li>\n<li>Abrange<\/li>\n<li>Lojas<\/li>\n<\/ul>\n<h3 class=\"page-product-heading\">DADOS T\u00c9CNICOS<\/h3>\n<div class=\"col-xs-12 col-md-6\">\n<table class=\"table table-data-sheet 1\">\n<tbody>\n<tr class=\"odd\">\n<td valign=\"middle\" width=\"32\"><\/td>\n<td valign=\"middle\">REFER\u00caNCIA :<\/td>\n<td valign=\"middle\">SLSP280D12W<\/td>\n<\/tr>\n<tr class=\"even\">\n<td valign=\"middle\" width=\"32\"><\/td>\n<td valign=\"middle\">Pot\u00eancia nominal :<\/td>\n<td valign=\"middle\">12w<\/td>\n<\/tr>\n<tr class=\"odd\">\n<td valign=\"middle\" width=\"32\"><\/td>\n<td valign=\"middle\">Tens\u00e3o Nominal:<\/td>\n<td valign=\"middle\">24V DC<\/td>\n<\/tr>\n<tr class=\"even\">\n<td valign=\"middle\" width=\"32\"><\/td>\n<td valign=\"middle\">Temperatura ligeira:<\/td>\n<td valign=\"middle\">2400K - 2700K - 4000K - 5700K<\/td>\n<\/tr>\n<tr class=\"odd\">\n<td valign=\"middle\" width=\"32\"><\/td>\n<td valign=\"middle\">CRI - Colour Rendering Index:<\/td>\n<td valign=\"middle\">90<\/td>\n<\/tr>\n<tr class=\"even\">\n<td valign=\"middle\" width=\"32\"><\/td>\n<td valign=\"middle\">Luminosidade-Lm:<\/td>\n<td valign=\"middle\">1 Metro: 100Lm - 5 Metro: 1200Lm<\/td>\n<\/tr>\n<tr class=\"odd\">\n<td valign=\"middle\" width=\"32\"><\/td>\n<td valign=\"middle\">Tipo de LEDs:<\/td>\n<td valign=\"middle\">COB<\/td>\n<\/tr>\n<tr class=\"even\">\n<td valign=\"middle\" width=\"32\"><\/td>\n<td valign=\"middle\">\u00c2ngulo de abertura (\u00ba):<\/td>\n<td valign=\"middle\">180\u00ba<\/td>\n<\/tr>\n<tr class=\"odd\">\n<td valign=\"middle\" width=\"32\"><\/td>\n<td valign=\"middle\">Efici\u00eancia dos d\u00edodos LED (Lm\/W):<\/td>\n<td valign=\"middle\">110 Lm\/W<\/td>\n<\/tr>\n<tr class=\"even\">\n<td valign=\"middle\" width=\"32\"><\/td>\n<td valign=\"middle\">Efic\u00e1cia luminosa (Lm\/W):<\/td>\n<td valign=\"middle\">100Lm\/W<\/td>\n<\/tr>\n<\/tbody>\n<\/table>\n<\/div>\n<div class=\"col-xs-12 col-md-6 2\">\n<table class=\"table table-data-sheet 2\">\n<tbody>\n<tr class=\"odd\">\n<td valign=\"middle\" width=\"32\"><\/td>\n<td valign=\"middle\">Dimit\u00e1vel:<\/td>\n<td valign=\"middle\">SIM<\/td>\n<\/tr>\n<tr class=\"even\">\n<td valign=\"middle\" width=\"32\"><\/td>\n<td valign=\"middle\">Certificados:<\/td>\n<td valign=\"middle\">CE - ROHS<\/td>\n<\/tr>\n<tr class=\"odd\">\n<td valign=\"middle\" width=\"32\"><\/td>\n<td valign=\"middle\">Classifica\u00e7\u00e3o IP:<\/td>\n<td valign=\"middle\">IP20<\/td>\n<\/tr>\n<tr class=\"even\">\n<td valign=\"middle\" width=\"32\"><\/td>\n<td valign=\"middle\">D\u00edodo LED de vida estimada (H):<\/td>\n<td valign=\"middle\">100.000<\/td>\n<\/tr>\n<tr class=\"odd\">\n<td valign=\"middle\" width=\"32\"><\/td>\n<td valign=\"middle\">Dimens\u00f5es (mm):<\/td>\n<td valign=\"middle\">5m. x 10mm<\/td>\n<\/tr>\n<tr class=\"even\">\n<td valign=\"middle\" width=\"32\"><\/td>\n<td valign=\"middle\">Gama de temperaturas (\u00baC):<\/td>\n<td valign=\"middle\">-20\u00b0C ~ +55\u00b0C<\/td>\n<\/tr>\n<tr class=\"odd\">\n<td valign=\"middle\" width=\"32\"><\/td>\n<td valign=\"middle\">Ciclos de Igni\u00e7\u00e3o:<\/td>\n<td valign=\"middle\">100.000<\/td>\n<\/tr>\n<tr class=\"even\">\n<td valign=\"middle\" width=\"32\"><\/td>\n<td valign=\"middle\">Classe energ\u00e9tica (2021-EU-2019\/2015):<\/td>\n<td valign=\"middle\">A+<\/td>\n<\/tr>\n<tr class=\"odd\">\n<td valign=\"middle\" width=\"32\"><\/td>\n<td valign=\"middle\">Classe energ\u00e9tica (2023 - EU-2019\/2015):<\/td>\n<td valign=\"middle\">F<\/td>\n<\/tr>\n<tr class=\"even\">\n<td valign=\"middle\" width=\"32\"><\/td>\n<td valign=\"middle\">Anos de garantia:<\/td>\n<td valign=\"middle\">3<\/td>\n<\/tr>\n<\/tbody>\n<\/table>\n<p>&nbsp;<\/p>\n<\/div>\n<\/div>","protected":false},"excerpt":{"rendered":"<div class=\"col-md-12\"><i class=\"fa fa-truck\"><\/i>&nbsp;<span class=\"text-muted textprop\">Entrega em 24\/48 horas<\/span><div class=\"col-md-12\"><i class=\"fa fa-exchange\"><\/i>&nbsp;<span class=\"text-muted textprop\">Garantia do segurado<\/span><\/div><div class=\"col-md-12\"><i class=\"fa fa-box\"><\/i>&nbsp;<span class=\"text-muted textprop\">20 unidade(s) por Masterbox<\/span><\/div><div>\n<div class=\"hidden-xs parrafo\"><\/div>\n<div id=\"views_block\" class=\"clearfix\">\n<div id=\"thumbs_list\">\n<p><strong>COLOUR TEMPERATURE:2400K\/2700K\/4000K\/5700K&nbsp;<\/strong><\/p>\n<\/div>\n<\/div>\n<\/div><\/div>","protected":false},"featured_media":6493,"template":"","meta":{"site-sidebar-layout":"default","site-content-layout":"default","ast-global-header-display":"","ast-main-header-display":"","ast-hfb-above-header-display":"","ast-hfb-below-header-display":"","ast-hfb-mobile-header-display":"","site-post-title":"","ast-breadcrumbs-content":"","ast-featured-img":"","footer-sml-layout":"","theme-transparent-header-meta":"default","adv-header-id-meta":"","stick-header-meta":"","header-above-stick-meta":"","header-main-stick-meta":"","header-below-stick-meta":""},"product_cat":[89,45],"product_tag":[],"class_list":["post-6492","product","type-product","status-publish","has-post-thumbnail","hentry","product_cat-tiras-led-24v-dc","product_cat-tiras-led-y-neon-flexible"],"_links":{"self":[{"href":"https:\/\/starlediluminacion.com\/pt\/wp-json\/wp\/v3\/product\/6492","targetHints":{"allow":["GET"]}}],"collection":[{"href":"https:\/\/starlediluminacion.com\/pt\/wp-json\/wp\/v3\/product"}],"about":[{"href":"https:\/\/starlediluminacion.com\/pt\/wp-json\/wp\/v2\/types\/product"}],"wp:featuredmedia":[{"embeddable":true,"href":"https:\/\/starlediluminacion.com\/pt\/wp-json\/wp\/v2\/media\/6493"}],"wp:attachment":[{"href":"https:\/\/starlediluminacion.com\/pt\/wp-json\/wp\/v2\/media?parent=6492"}],"wp:term":[{"taxonomy":"product_cat","embeddable":true,"href":"https:\/\/starlediluminacion.com\/pt\/wp-json\/wp\/v2\/product_cat?post=6492"},{"taxonomy":"product_tag","embeddable":true,"href":"https:\/\/starlediluminacion.com\/pt\/wp-json\/wp\/v2\/product_tag?post=6492"}],"curies":[{"name":"wp","href":"https:\/\/api.w.org\/{rel}","templated":true}]}}