{"id":6216,"date":"2022-08-14T08:20:17","date_gmt":"2022-08-14T08:20:17","guid":{"rendered":"https:\/\/starlediluminacion.com\/?post_type=product&#038;p=6216"},"modified":"2025-10-18T09:22:49","modified_gmt":"2025-10-18T09:22:49","slug":"baliza-led-50w-wanda-rectangular-2","status":"publish","type":"product","link":"https:\/\/starlediluminacion.com\/pt\/product\/baliza-led-50w-wanda-rectangular-2\/","title":{"rendered":"<p>Baliza LED 50W Wanda Retangular<\/p>"},"content":{"rendered":"<p>referencia: slwnd50w<div class=\"hidden-xs parrafo\">\n<p>o<strong>&nbsp;farol&nbsp;<\/strong><strong>led 50w&nbsp;<\/strong>dar&aacute; a la ciudad la iluminaci&oacute;n espec&iacute;fica para los espacios urbanos. la luminaria incluye 1 m&oacute;dulos &oacute;pticos&nbsp;de 84 diodos&nbsp;<strong>leds<\/strong>&nbsp;<strong>smd 3030 2d,&nbsp;de  lumileds,&nbsp;<\/strong>seu<strong>&nbsp;<\/strong><strong>\u00e2ngulo de abertura&nbsp;<\/strong>\u00e9<strong>&nbsp;136\u00bax78\u00ba.&nbsp;<\/strong>gracias a su gran disipaci&oacute;n la vida &uacute;til del producto puede ser mucho mayor.&nbsp;la gama de balizas&nbsp;<strong>wanda<\/strong>&nbsp;cobre qualquer tipo de necessidade gra\u00e7as aos seus m\u00faltiplos modelos.<\/p>\n<h1>baliza led 50w wanda rect&aacute;ngular<\/h1>\n<p>la luminaria tipo&nbsp;<strong>wanda&nbsp;<\/strong>incorpora um m\u00f3dulo&nbsp;<strong>conduzido<\/strong>&nbsp;<strong>&nbsp;&oacute;ptico 50w de&nbsp; lumileds&nbsp;<\/strong>que sirve para la sustituci&oacute;n de las antiguas bombillas e40 y e27, gracias a su potencia consiguen generar una gran iluminaci&oacute;n en las&nbsp;<strong>balizas&nbsp;<\/strong>alcan\u00e7ar o&nbsp;<strong>7500 l\u00famenes<\/strong>.<\/p>\n<p>com&nbsp;<strong>design arquitet\u00f3nico moderno<\/strong>&nbsp;puede crear ambientes de luz uniformes con los espacios contempor&aacute;neos que las ciudades de primer nivel exigen, adem&aacute;s podr&aacute;s elegir la temperatura de luz correcta seg&uacute;n las necesidades de cada instalaci&oacute;n, tanto blanco neutro (4000k) o blanco fr&iacute;o (5000k). fabricada en&nbsp;<strong>a\u00e7o pintado a quente<\/strong>&nbsp;com pintura ep\u00f3xi para que a sua resist\u00eancia e peso sejam ideais para o transporte e instala\u00e7\u00e3o, proporcionando uma maior prote\u00e7\u00e3o e uma longa vida \u00fatil, a qualidade dos seus materiais torna-o um produto essencial para gerar energia limpa e prolongada no tempo.<\/p>\n<p>destaca por su aspecto sencillo, fino y elegante, adem&aacute;s tiene la opci&oacute;n de ser construida en&nbsp;<strong>color &oacute;xido o met&aacute;lico.<\/strong><\/p>\n<p>encaja en cualquier tipo de proyecto de&nbsp;<strong>ilumina\u00e7\u00e3o exterior<\/strong>como \u00e9<strong>&nbsp;<\/strong>integra-se naturalmente em qualquer tipo de paisagem urbana ou propriedade privada.<\/p>\n<p>gracias a la tecnolog&iacute;a led, puedes llegar&nbsp;<strong>salvar<\/strong>&nbsp;at\u00e9&nbsp;<strong>80% pot\u00eancia<\/strong>, adem&aacute;s de tener una vida &uacute;til mayor comparado con las de hal&oacute;geno. se considera un&nbsp;<strong>produto biol\u00f3gico<\/strong>&nbsp;como \u00e9 feito de materiais n\u00e3o poluentes, ajuda a cuidar do planeta.<\/p>\n<p>a sua prote\u00e7\u00e3o&nbsp;<strong>ip67<\/strong>&nbsp;hace que sea apto para su uso en exteriores y tenga una seguridad contra salpicaduras o cualquier tipo de cambio climatol&oacute;gico. viene con una garant&iacute;a de 5 a&ntilde;os.<\/p>\n<h2>usos de la baliza led 50w wanda<\/h2>\n<ul>\n<li>parques<\/li>\n<li>jardins<\/li>\n<li>comunidades<\/li>\n<li>zonas de edificios<\/li>\n<li>lugares<\/li>\n<li>SAL\u00d5ES DE CASAMENTO<\/li>\n<li>chal\u00e9s<\/li>\n<li>casas rurais<\/li>\n<li>armaz\u00e9ns industriais<\/li>\n<\/ul>\n<h3 class=\"page-product-heading\">pormenores t\u00e9cnicos<\/h3>\n<div class=\"col-xs-12 col-md-6\">\n<table class=\"table table-data-sheet 1\">\n<tbody>\n<tr class=\"odd\">\n<td valign=\"middle\" width=\"32\"><\/td>\n<td valign=\"middle\">refer\u00eancia :<\/td>\n<td valign=\"middle\">slwnd50w<\/td>\n<\/tr>\n<tr class=\"even\">\n<td valign=\"middle\" width=\"32\"><\/td>\n<td valign=\"middle\">pot\u00eancia nominal :<\/td>\n<td valign=\"middle\">50w<\/td>\n<\/tr>\n<tr class=\"odd\">\n<td valign=\"middle\" width=\"32\"><\/td>\n<td valign=\"middle\">tens\u00e3o nominal:<\/td>\n<td valign=\"middle\">85-265v<\/td>\n<\/tr>\n<tr class=\"even\">\n<td valign=\"middle\" width=\"32\"><\/td>\n<td valign=\"middle\">temperatura da luz:<\/td>\n<td valign=\"middle\">4000k &ndash; 5000k<\/td>\n<\/tr>\n<tr class=\"odd\">\n<td valign=\"middle\" width=\"32\"><\/td>\n<td valign=\"middle\">cri - \u00edndice de reprodu\u00e7\u00e3o crom\u00e1tica:<\/td>\n<td valign=\"middle\">80<\/td>\n<\/tr>\n<tr class=\"even\">\n<td valign=\"middle\" width=\"32\"><\/td>\n<td valign=\"middle\">material de constru\u00e7\u00e3o:<\/td>\n<td valign=\"middle\">stell + aluminium +pmma<\/td>\n<\/tr>\n<tr class=\"odd\">\n<td valign=\"middle\" width=\"32\"><\/td>\n<td valign=\"middle\">luminosidade-lm:<\/td>\n<td valign=\"middle\">7500<\/td>\n<\/tr>\n<tr class=\"even\">\n<td valign=\"middle\" width=\"32\"><\/td>\n<td valign=\"middle\">tipo de LEDs:<\/td>\n<td valign=\"middle\">84 diodes  luneox 3030 -2d<\/td>\n<\/tr>\n<tr class=\"odd\">\n<td valign=\"middle\" width=\"32\"><\/td>\n<td valign=\"middle\">\u00e2ngulo de abertura (\u00ba):<\/td>\n<td valign=\"middle\">136\u00d778\u00ba<\/td>\n<\/tr>\n<tr class=\"even\">\n<td valign=\"middle\" width=\"32\"><\/td>\n<td valign=\"middle\">efici\u00eancia do d\u00edodo LED (lm\/w):<\/td>\n<td valign=\"middle\">186 lm\/w<\/td>\n<\/tr>\n<tr class=\"odd\">\n<td valign=\"middle\" width=\"32\"><\/td>\n<td valign=\"middle\">efic\u00e1cia luminosa (lm\/w):<\/td>\n<td valign=\"middle\">150 lm\/w<\/td>\n<\/tr>\n<tr class=\"even\">\n<td valign=\"middle\" width=\"32\"><\/td>\n<td valign=\"middle\">certificados:<\/td>\n<td valign=\"middle\">ce - rohs<\/td>\n<\/tr>\n<tr class=\"odd\">\n<td valign=\"middle\" width=\"32\"><\/td>\n<td valign=\"middle\">grau de ip:<\/td>\n<td valign=\"middle\">ip67-externo<\/td>\n<\/tr>\n<\/tbody>\n<\/table>\n<\/div>\n<div class=\"col-xs-12 col-md-6 2\">\n<table class=\"table table-data-sheet 2\">\n<tbody>\n<tr class=\"odd\">\n<td valign=\"middle\" width=\"32\"><\/td>\n<td valign=\"middle\">dura\u00e7\u00e3o estimada do d\u00edodo de led (h):<\/td>\n<td valign=\"middle\">50.000<\/td>\n<\/tr>\n<tr class=\"even\">\n<td valign=\"middle\" width=\"32\"><\/td>\n<td valign=\"middle\">dimens\u00f5es (mm):<\/td>\n<td valign=\"middle\">h950mm x 140 mm x 80 mm (tube 3mm)<\/td>\n<\/tr>\n<tr class=\"odd\">\n<td valign=\"middle\" width=\"32\"><\/td>\n<td valign=\"middle\">fator de pot\u00eancia (pf):<\/td>\n<td valign=\"middle\">0.95<\/td>\n<\/tr>\n<tr class=\"even\">\n<td valign=\"middle\" width=\"32\"><\/td>\n<td valign=\"middle\">frequ\u00eancia de funcionamento (hz):<\/td>\n<td valign=\"middle\">50\/60hz<\/td>\n<\/tr>\n<tr class=\"odd\">\n<td valign=\"middle\" width=\"32\"><\/td>\n<td valign=\"middle\">gama de temperaturas (\u00baC):<\/td>\n<td valign=\"middle\">-15\u00ba+70\u00ba -15\u00ba+70\u00ba -15\u00ba+70\u00ba -15\u00ba+70\u00ba -15\u00ba+70\u00ba -15\u00ba+70\u00ba<\/td>\n<\/tr>\n<tr class=\"even\">\n<td valign=\"middle\" width=\"32\"><\/td>\n<td valign=\"middle\">ciclos de igni\u00e7\u00e3o:<\/td>\n<td valign=\"middle\">100.000<\/td>\n<\/tr>\n<tr class=\"odd\">\n<td valign=\"middle\" width=\"32\"><\/td>\n<td valign=\"middle\">tempo de arranque (s):<\/td>\n<td valign=\"middle\">0,2s<\/td>\n<\/tr>\n<tr class=\"even\">\n<td valign=\"middle\" width=\"32\"><\/td>\n<td valign=\"middle\">informa\u00e7\u00f5es adicionais:<\/td>\n<td valign=\"middle\">driver: 23-42 vdc 1300ma +-5% &ndash; 10k delivery forecast 15-20 days<\/td>\n<\/tr>\n<tr class=\"odd\">\n<td valign=\"middle\" width=\"32\"><\/td>\n<td valign=\"middle\">prote\u00e7\u00e3o contra impactos (ik):<\/td>\n<td valign=\"middle\">ik10<\/td>\n<\/tr>\n<tr class=\"even\">\n<td valign=\"middle\" width=\"32\"><\/td>\n<td valign=\"middle\">condutor inclu\u00eddo:<\/td>\n<td valign=\"middle\">si<\/td>\n<\/tr>\n<tr class=\"odd\">\n<td valign=\"middle\" width=\"32\"><\/td>\n<td valign=\"middle\">classe energ\u00e9tica (2021-EU-2019\/2015):<\/td>\n<td valign=\"middle\">a++<\/td>\n<\/tr>\n<tr class=\"even\">\n<td valign=\"middle\" width=\"32\"><\/td>\n<td valign=\"middle\">anos de garantia:<\/td>\n<td valign=\"middle\">5<\/td>\n<\/tr>\n<\/tbody>\n<\/table>\n<\/div>\n<\/div><\/p>","protected":false},"excerpt":{"rendered":"<div class=\"woocommerce-product-details__short-description\">\n<div class=\"col-md-12\"><i class=\"fa fa-truck\"><\/i>&nbsp;<span class=\"text-muted textprop\">Entrega em 24\/48 horas<\/span><\/div>\n<div class=\"col-md-12\"><i class=\"fa fa-exchange\"><\/i>&nbsp;<span class=\"text-muted textprop\">Garantia do segurado<\/span><\/div>\n<div class=\"col-md-12\"><i class=\"fa fa-box\"><\/i>&nbsp;<span class=\"text-muted textprop\">1 unidade(s) por Masterbox<\/span><\/div>\n<div><strong>TEMPERATURA DE COR: 4000K\/5000K<\/strong><\/div>\n<\/div>","protected":false},"featured_media":0,"template":"","meta":{"site-sidebar-layout":"default","site-content-layout":"default","ast-global-header-display":"","ast-main-header-display":"","ast-hfb-above-header-display":"","ast-hfb-below-header-display":"","ast-hfb-mobile-header-display":"","site-post-title":"","ast-breadcrumbs-content":"","ast-featured-img":"","footer-sml-layout":"","theme-transparent-header-meta":"default","adv-header-id-meta":"","stick-header-meta":"","header-above-stick-meta":"","header-main-stick-meta":"","header-below-stick-meta":""},"product_cat":[103,38],"product_tag":[],"class_list":["post-6216","product","type-product","status-publish","hentry","product_cat-balizas-led","product_cat-senalizacion-y-emergencias-led"],"_links":{"self":[{"href":"https:\/\/starlediluminacion.com\/pt\/wp-json\/wp\/v3\/product\/6216","targetHints":{"allow":["GET"]}}],"collection":[{"href":"https:\/\/starlediluminacion.com\/pt\/wp-json\/wp\/v3\/product"}],"about":[{"href":"https:\/\/starlediluminacion.com\/pt\/wp-json\/wp\/v2\/types\/product"}],"wp:attachment":[{"href":"https:\/\/starlediluminacion.com\/pt\/wp-json\/wp\/v2\/media?parent=6216"}],"wp:term":[{"taxonomy":"product_cat","embeddable":true,"href":"https:\/\/starlediluminacion.com\/pt\/wp-json\/wp\/v2\/product_cat?post=6216"},{"taxonomy":"product_tag","embeddable":true,"href":"https:\/\/starlediluminacion.com\/pt\/wp-json\/wp\/v2\/product_tag?post=6216"}],"curies":[{"name":"wp","href":"https:\/\/api.w.org\/{rel}","templated":true}]}}