{"id":6103,"date":"2022-08-12T20:48:33","date_gmt":"2022-08-12T20:48:33","guid":{"rendered":"https:\/\/starlediluminacion.com\/?post_type=product&#038;p=6103"},"modified":"2022-08-12T20:48:33","modified_gmt":"2022-08-12T20:48:33","slug":"foco-proyector-exterior-led-50w-evolution-ip65-osram-chip-140lm-w","status":"publish","type":"product","link":"https:\/\/starlediluminacion.com\/pt\/product\/foco-proyector-exterior-led-50w-evolution-ip65-osram-chip-140lm-w\/","title":{"rendered":"<p>Foco Proyector Exterior LED 50W EVOLUTION IP65 Osram Chip 140Lm\/W<\/p>"},"content":{"rendered":"<p><label>REFERENCIA: SLFP50EVO<\/label><p><strong>Foco proyector LED de 50W EVOLUTION Osram Chip.<\/strong>&nbsp;Su dise&ntilde;o vanguardista le hacen especialmente indicado para iluminaci&oacute;n arquitect&oacute;nica, publicitaria y de decoraci&oacute;n. Reduce el consumo de vatios, y por tanto la factura de electricidad. Encendido y apagado instant&aacute;neo con protecci&oacute;n&nbsp;<strong>IP65<\/strong>&nbsp;o que o torna adequado para uso interior e exterior.<\/p><h1>Foco Proyector Exterior 50W EVOLUTION IP65&nbsp;Osram Chip<\/h1><p>O<strong>&nbsp;Foco proyector LED&nbsp;EVOLUTION de 50W Osram Chip holofotes&nbsp;<\/strong>\u00e9 perfeito para ilumina\u00e7\u00e3o arquitect\u00f3nica, publicit\u00e1ria e decorativa. Gra\u00e7as ao seu&nbsp;<strong>\u00c2ngulo de 120\u00ba<\/strong>&nbsp;permite que a luz seja distribu\u00edda de forma homog\u00e9nea onde ela \u00e9 necess\u00e1ria.<strong>&nbsp;ampla ilumina\u00e7\u00e3o.&nbsp;<\/strong>Gra\u00e7as \u00e0 cor preta da sua caixa, pode conceber os seus espa\u00e7os de forma exclusiva, conseguindo ambientes elegantes e modernos.<\/p><p>Al\u00e9m disso, os holofotes foram concebidos para serem utilizados em diferentes espa\u00e7os, raz\u00e3o pela qual t\u00eam um&nbsp;<strong>IP65<\/strong>&nbsp;de modo a poder ser utilizado tanto na \u00e1rea de&nbsp;<strong>fora&nbsp;<\/strong>a partir de<strong>&nbsp;interior; &nbsp;&nbsp;<\/strong>onde \u00e9 exigida alta qualidade de luz e, al\u00e9m disso&nbsp;<strong>reduzir as contas de electricidade.<\/strong><\/p><p>Existem 3 op\u00e7\u00f5es de cores para o produto: temperaturas de cor, branco quente (<strong>3000K<\/strong>) branco neutro (<strong>4000k<\/strong>) e branco frio (<strong>6000k<\/strong>).<\/p><p>\u00c9 feito de&nbsp;<strong>alum\u00ednio<\/strong>&nbsp;y&nbsp;<strong>vidro<\/strong>&nbsp;A alta resist\u00eancia do produto aumenta a vida \u00fatil do produto de modo a que o seu funcionamento seja prolongado e possa dar o seu m\u00e1ximo desempenho.<\/p><p>&nbsp;<\/p><h2>Aplicaciones del Proyector LED Exterior 50W EVOLUTION IP65&nbsp;Osram Chip<\/h2><ul>\n<li>Jardins<\/li>\n<li>Parques<\/li>\n<li>Lugares<\/li>\n<li>Rotunda<\/li>\n<li>Museus<\/li>\n<li>Caminhos<\/li>\n<li>Galerias<\/li>\n<\/ul><h3 class=\"page-product-heading\">DADOS T\u00c9CNICOS<\/h3><div class=\"col-xs-12 col-md-6\">\n<table class=\"table table-data-sheet 1\">\n<tbody>\n<tr class=\"odd\">\n<td valign=\"middle\" width=\"32\"><\/td>\n<td valign=\"middle\">REFER\u00caNCIA :<\/td>\n<td valign=\"middle\">SLFP50EVO<\/td>\n<\/tr>\n<tr class=\"even\">\n<td valign=\"middle\" width=\"32\"><\/td>\n<td valign=\"middle\">Pot\u00eancia nominal :<\/td>\n<td valign=\"middle\">50w<\/td>\n<\/tr>\n<tr class=\"odd\">\n<td valign=\"middle\" width=\"32\"><\/td>\n<td valign=\"middle\">Tens\u00e3o Nominal:<\/td>\n<td valign=\"middle\">180-265V<\/td>\n<\/tr>\n<tr class=\"even\">\n<td valign=\"middle\" width=\"32\"><\/td>\n<td valign=\"middle\">Temperatura ligeira:<\/td>\n<td valign=\"middle\">3000K - 4000K - 6000K<\/td>\n<\/tr>\n<tr class=\"odd\">\n<td valign=\"middle\" width=\"32\"><\/td>\n<td valign=\"middle\">CRI - Colour Rendering Index:<\/td>\n<td valign=\"middle\">80<\/td>\n<\/tr>\n<tr class=\"even\">\n<td valign=\"middle\" width=\"32\"><\/td>\n<td valign=\"middle\">Material de constru\u00e7\u00e3o:<\/td>\n<td valign=\"middle\">Alum\u00ednio + Vidro<\/td>\n<\/tr>\n<tr class=\"odd\">\n<td valign=\"middle\" width=\"32\"><\/td>\n<td valign=\"middle\">Luminosidade-Lm:<\/td>\n<td valign=\"middle\">7000<\/td>\n<\/tr>\n<tr class=\"even\">\n<td valign=\"middle\" width=\"32\"><\/td>\n<td valign=\"middle\">Tipo de LEDs:<\/td>\n<td valign=\"middle\">SMD 2835 OSRAM CHIP<\/td>\n<\/tr>\n<tr class=\"odd\">\n<td valign=\"middle\" width=\"32\"><\/td>\n<td valign=\"middle\">\u00c2ngulo de abertura (\u00ba):<\/td>\n<td valign=\"middle\">103\u00ba<\/td>\n<\/tr>\n<tr class=\"even\">\n<td valign=\"middle\" width=\"32\"><\/td>\n<td valign=\"middle\">Efici\u00eancia dos d\u00edodos LED (Lm\/W):<\/td>\n<td valign=\"middle\">150Lm\/W<\/td>\n<\/tr>\n<tr class=\"odd\">\n<td valign=\"middle\" width=\"32\"><\/td>\n<td valign=\"middle\">Efic\u00e1cia luminosa (Lm\/W):<\/td>\n<td valign=\"middle\">140Lm\/W<\/td>\n<\/tr>\n<tr class=\"even\">\n<td valign=\"middle\" width=\"32\"><\/td>\n<td valign=\"middle\">Certificados:<\/td>\n<td valign=\"middle\">CE - ROHS<\/td>\n<\/tr>\n<\/tbody>\n<\/table>\n<\/div><div class=\"col-xs-12 col-md-6 2\">\n<table class=\"table table-data-sheet 2\">\n<tbody>\n<tr class=\"odd\">\n<td valign=\"middle\" width=\"32\"><\/td>\n<td valign=\"middle\">Classifica\u00e7\u00e3o IP:<\/td>\n<td valign=\"middle\">IP65-Outdoor<\/td>\n<\/tr>\n<tr class=\"even\">\n<td valign=\"middle\" width=\"32\"><\/td>\n<td valign=\"middle\">D\u00edodo LED de vida estimada (H):<\/td>\n<td valign=\"middle\">35.000<\/td>\n<\/tr>\n<tr class=\"odd\">\n<td valign=\"middle\" width=\"32\"><\/td>\n<td valign=\"middle\">Dimens\u00f5es (mm):<\/td>\n<td valign=\"middle\">240x200x45 mm<\/td>\n<\/tr>\n<tr class=\"even\">\n<td valign=\"middle\" width=\"32\"><\/td>\n<td valign=\"middle\">Factor de pot\u00eancia (PF):<\/td>\n<td valign=\"middle\">0.95<\/td>\n<\/tr>\n<tr class=\"odd\">\n<td valign=\"middle\" width=\"32\"><\/td>\n<td valign=\"middle\">Frequ\u00eancia de trabalho (Hz):<\/td>\n<td valign=\"middle\">50\/60Hz<\/td>\n<\/tr>\n<tr class=\"even\">\n<td valign=\"middle\" width=\"32\"><\/td>\n<td valign=\"middle\">Gama de temperaturas (\u00baC):<\/td>\n<td valign=\"middle\">-20\u00b0C ~ +55\u00b0C<\/td>\n<\/tr>\n<tr class=\"odd\">\n<td valign=\"middle\" width=\"32\"><\/td>\n<td valign=\"middle\">Ciclos de Igni\u00e7\u00e3o:<\/td>\n<td valign=\"middle\">100.000<\/td>\n<\/tr>\n<tr class=\"even\">\n<td valign=\"middle\" width=\"32\"><\/td>\n<td valign=\"middle\">Tempo de arranque (s):<\/td>\n<td valign=\"middle\">0,2s<\/td>\n<\/tr>\n<tr class=\"odd\">\n<td valign=\"middle\" width=\"32\"><\/td>\n<td valign=\"middle\">Informa\u00e7\u00e3o adicional:<\/td>\n<td valign=\"middle\">ALTA LUMINOSIDADE<\/td>\n<\/tr>\n<tr class=\"even\">\n<td valign=\"middle\" width=\"32\"><\/td>\n<td valign=\"middle\">Classe energ\u00e9tica (2021-EU-2019\/2015):<\/td>\n<td valign=\"middle\">A+<\/td>\n<\/tr>\n<tr class=\"odd\">\n<td valign=\"middle\" width=\"32\"><\/td>\n<td valign=\"middle\">Anos de garantia:<\/td>\n<td valign=\"middle\">5<\/td>\n<\/tr>\n<\/tbody>\n<\/table>\n<p>&nbsp;<\/p>\n<\/div><\/p>","protected":false},"excerpt":{"rendered":"<div class=\"col-md-12\"><i class=\"fa fa-truck\"><\/i>&nbsp;<span class=\"text-muted textprop\">Entrega em 24\/48 horas<\/span><div class=\"col-md-12\"><i class=\"fa fa-exchange\"><\/i>&nbsp;<span class=\"text-muted textprop\">Garantia do segurado<\/span><\/div><div class=\"col-md-12\"><i class=\"fa fa-box\"><\/i>&nbsp;<span class=\"text-muted textprop\">20 unidade(s) por Masterbox<\/span><\/div><div><strong>TEMPERATURA DE COR: 3000K\/4000K\/6000K<\/strong><\/div><\/div>","protected":false},"featured_media":6105,"template":"","meta":{"site-sidebar-layout":"default","site-content-layout":"default","ast-global-header-display":"","ast-main-header-display":"","ast-hfb-above-header-display":"","ast-hfb-below-header-display":"","ast-hfb-mobile-header-display":"","site-post-title":"","ast-breadcrumbs-content":"","ast-featured-img":"","footer-sml-layout":"","theme-transparent-header-meta":"default","adv-header-id-meta":"","stick-header-meta":"","header-above-stick-meta":"","header-main-stick-meta":"","header-below-stick-meta":""},"product_cat":[82,28],"product_tag":[],"class_list":["post-6103","product","type-product","status-publish","has-post-thumbnail","hentry","product_cat-foco-proyector-serie-evolution","product_cat-proyectores-led-exterior-y-jardin"],"_links":{"self":[{"href":"https:\/\/starlediluminacion.com\/pt\/wp-json\/wp\/v3\/product\/6103","targetHints":{"allow":["GET"]}}],"collection":[{"href":"https:\/\/starlediluminacion.com\/pt\/wp-json\/wp\/v3\/product"}],"about":[{"href":"https:\/\/starlediluminacion.com\/pt\/wp-json\/wp\/v2\/types\/product"}],"wp:featuredmedia":[{"embeddable":true,"href":"https:\/\/starlediluminacion.com\/pt\/wp-json\/wp\/v2\/media\/6105"}],"wp:attachment":[{"href":"https:\/\/starlediluminacion.com\/pt\/wp-json\/wp\/v2\/media?parent=6103"}],"wp:term":[{"taxonomy":"product_cat","embeddable":true,"href":"https:\/\/starlediluminacion.com\/pt\/wp-json\/wp\/v2\/product_cat?post=6103"},{"taxonomy":"product_tag","embeddable":true,"href":"https:\/\/starlediluminacion.com\/pt\/wp-json\/wp\/v2\/product_tag?post=6103"}],"curies":[{"name":"wp","href":"https:\/\/api.w.org\/{rel}","templated":true}]}}