{"id":6009,"date":"2022-08-12T19:37:01","date_gmt":"2022-08-12T19:37:01","guid":{"rendered":"https:\/\/starlediluminacion.com\/?post_type=product&#038;p=6009"},"modified":"2022-08-12T19:37:01","modified_gmt":"2022-08-12T19:37:01","slug":"foco-proyector-led-50w-new-evolution-osram-chip-con-sensor-movimiento-pir","status":"publish","type":"product","link":"https:\/\/starlediluminacion.com\/pt\/product\/projetor-led-50w-new-evolution-osram-chip-com-sensor-de-movimento-pir\/","title":{"rendered":"<p>Projetor LED 50W NEW EVOLUTION OSRAM Chip 50W NEW EVOLUTION OSRAM Chip com sensor de movimento PIR<\/p>"},"content":{"rendered":"<p>N\u00daMERO DE PE\u00c7A: SLFLOSRS50W-PIR-90561<p dir=\"ltr\">Isto&nbsp;<strong>Projetor LED de 50W com sensor de movimento NOVO EVOLUTION OSRAM CHIP,<\/strong>&nbsp;\u00e9 um avan\u00e7o tecnol\u00f3gico em Alta Efici\u00eancia.<\/p><p dir=\"ltr\">Liga-se automaticamente quando detecta movimento, tem uma prote\u00e7\u00e3o&nbsp;<strong>IP44<\/strong>&nbsp;\u00c0 prova de chuva e de ferrugem. Mesmo com neve ou chuva, cont\u00e9m um sensor crepuscular e um temporizador.<\/p><h1>Projetor LED de 50 W com sensor de movimento NOVO EVOLUTION OSRAM CHIP<\/h1><p>\u00c9 feito de alum\u00ednio&nbsp;<strong>CINZA<\/strong>&nbsp;-RAL9006- e vidro de alta qualidade, e \u00e9 instalado por meio de um suporte que permite inclinar o&nbsp;<strong>foco<\/strong>&nbsp;a partir de&nbsp;<strong>50W<\/strong>&nbsp;em v\u00e1rias posi\u00e7\u00f5es.<\/p><p>Gra\u00e7as \u00e0 sua&nbsp;<strong>sensor de movimento<\/strong>&nbsp;\u00e9 capaz de&nbsp;<strong>detetar a presen\u00e7a<\/strong>&nbsp;optimizando a sua utiliza\u00e7\u00e3o e economizando energia, o seu modo de funcionamento \u00e9&nbsp;<strong>controlo<\/strong>&nbsp;\u00e9 para&nbsp;<strong>infravermelhos<\/strong>.<\/p><p>A sua potente fonte de luz \u00e9 mais do que suficiente para substituir as lumin\u00e1rias, mesmo as industriais, poupando at\u00e9 80% no consumo de eletricidade.<\/p><p>Destaca-se pela sua efici\u00eancia, elevado CRI, elevado fator de pot\u00eancia e robustez. Tem um elevado&nbsp;<strong>IP44<\/strong>&nbsp;e com prote\u00e7\u00e3o contra impactos IK06.<\/p><p>Oferece uma qualidade de ilumina\u00e7\u00e3o muito elevada devido ao seu elevado \u00cdndice de Renderiza\u00e7\u00e3o Crom\u00e1tica (CRI) +80, mesmo em instala\u00e7\u00f5es a 5 ou 6 metros de altura.<\/p><p>Devido \u00e0 sua fiabilidade, pot\u00eancia e durabilidade, pode ser utilizado em todos os tipos de instala\u00e7\u00f5es interiores e exteriores.<\/p><p>Desfrute na nossa loja online de ilumina\u00e7\u00e3o FactorLED da mais alta qualidade, ao melhor pre\u00e7o para este produto e com cinco anos de garantia.<\/p><p>&nbsp;<\/p><h2><strong>Aplica\u00e7\u00f5es do Projetor LED 50W NEW EVOLUTION OSRAM Chip com sensor de movimento PIR<\/strong><\/h2><ul>\n<li>Jardins<\/li>\n<li>Parques<\/li>\n<li>Lugares<\/li>\n<li>Rotunda<\/li>\n<li>Museus<\/li>\n<li>Caminhos<\/li>\n<li>Galerias<\/li>\n<\/ul><h3 class=\"page-product-heading\">DADOS T\u00c9CNICOS<\/h3><div class=\"col-xs-12 col-md-6\">\n<table class=\"table table-data-sheet 1\">\n<tbody>\n<tr class=\"odd\">\n<td valign=\"middle\" width=\"32\"><\/td>\n<td valign=\"middle\">REFER\u00caNCIA :<\/td>\n<td valign=\"middle\">SLFLOSRS50W-PIR<\/td>\n<\/tr>\n<tr class=\"even\">\n<td valign=\"middle\" width=\"32\"><\/td>\n<td valign=\"middle\">Pot\u00eancia nominal :<\/td>\n<td valign=\"middle\">50w<\/td>\n<\/tr>\n<tr class=\"odd\">\n<td valign=\"middle\" width=\"32\"><\/td>\n<td valign=\"middle\">Tens\u00e3o Nominal:<\/td>\n<td valign=\"middle\">175-265V<\/td>\n<\/tr>\n<tr class=\"even\">\n<td valign=\"middle\" width=\"32\"><\/td>\n<td valign=\"middle\">Temperatura ligeira:<\/td>\n<td valign=\"middle\">4000K-6000K<\/td>\n<\/tr>\n<tr class=\"odd\">\n<td valign=\"middle\" width=\"32\"><\/td>\n<td valign=\"middle\">CRI - Colour Rendering Index:<\/td>\n<td valign=\"middle\">80<\/td>\n<\/tr>\n<tr class=\"even\">\n<td valign=\"middle\" width=\"32\"><\/td>\n<td valign=\"middle\">Material de constru\u00e7\u00e3o:<\/td>\n<td valign=\"middle\">Alum\u00ednio + Vidro<\/td>\n<\/tr>\n<tr class=\"odd\">\n<td valign=\"middle\" width=\"32\"><\/td>\n<td valign=\"middle\">Luminosidade-Lm:<\/td>\n<td valign=\"middle\">6500Lm<\/td>\n<\/tr>\n<tr class=\"even\">\n<td valign=\"middle\" width=\"32\"><\/td>\n<td valign=\"middle\">Tipo de LEDs:<\/td>\n<td valign=\"middle\">SMD 2835 OSRAM CHIP<\/td>\n<\/tr>\n<tr class=\"odd\">\n<td valign=\"middle\" width=\"32\"><\/td>\n<td valign=\"middle\">\u00c2ngulo de abertura (\u00ba):<\/td>\n<td valign=\"middle\">110\u00ba<\/td>\n<\/tr>\n<tr class=\"even\">\n<td valign=\"middle\" width=\"32\"><\/td>\n<td valign=\"middle\">Efici\u00eancia dos d\u00edodos LED (Lm\/W):<\/td>\n<td valign=\"middle\">150Lm\/W<\/td>\n<\/tr>\n<tr class=\"odd\">\n<td valign=\"middle\" width=\"32\"><\/td>\n<td valign=\"middle\">Efic\u00e1cia luminosa (Lm\/W):<\/td>\n<td valign=\"middle\">150 Lm\/W<\/td>\n<\/tr>\n<tr class=\"even\">\n<td valign=\"middle\" width=\"32\"><\/td>\n<td valign=\"middle\">Certificados:<\/td>\n<td valign=\"middle\">CE - ROHS<\/td>\n<\/tr>\n<tr class=\"odd\">\n<td valign=\"middle\" width=\"32\"><\/td>\n<td valign=\"middle\">Classifica\u00e7\u00e3o IP:<\/td>\n<td valign=\"middle\">IP65 - IP44 Detetor<\/td>\n<\/tr>\n<\/tbody>\n<\/table>\n<\/div><div class=\"col-xs-12 col-md-6 2\">\n<table class=\"table table-data-sheet 2\">\n<tbody>\n<tr class=\"odd\">\n<td valign=\"middle\" width=\"32\"><\/td>\n<td valign=\"middle\">D\u00edodo LED de vida estimada (H):<\/td>\n<td valign=\"middle\">30.000<\/td>\n<\/tr>\n<tr class=\"even\">\n<td valign=\"middle\" width=\"32\"><\/td>\n<td valign=\"middle\">Dimens\u00f5es (mm):<\/td>\n<td valign=\"middle\">155x59x235<\/td>\n<\/tr>\n<tr class=\"odd\">\n<td valign=\"middle\" width=\"32\"><\/td>\n<td valign=\"middle\">Factor de pot\u00eancia (PF):<\/td>\n<td valign=\"middle\">0.9<\/td>\n<\/tr>\n<tr class=\"even\">\n<td valign=\"middle\" width=\"32\"><\/td>\n<td valign=\"middle\">Gama de temperaturas (\u00baC):<\/td>\n<td valign=\"middle\">-20\u00b0C ~ +55\u00b0C<\/td>\n<\/tr>\n<tr class=\"odd\">\n<td valign=\"middle\" width=\"32\"><\/td>\n<td valign=\"middle\">Ciclos de Igni\u00e7\u00e3o:<\/td>\n<td valign=\"middle\">100.000<\/td>\n<\/tr>\n<tr class=\"even\">\n<td valign=\"middle\" width=\"32\"><\/td>\n<td valign=\"middle\">Modos de controlo:<\/td>\n<td valign=\"middle\">INFRARED<\/td>\n<\/tr>\n<tr class=\"odd\">\n<td valign=\"middle\" width=\"32\"><\/td>\n<td valign=\"middle\">Protec\u00e7\u00e3o contra impactos (IK):<\/td>\n<td valign=\"middle\">IK06<\/td>\n<\/tr>\n<tr class=\"even\">\n<td valign=\"middle\" width=\"32\"><\/td>\n<td valign=\"middle\">Classe energ\u00e9tica (2021-EU-2019\/2015):<\/td>\n<td valign=\"middle\">A+<\/td>\n<\/tr>\n<tr class=\"odd\">\n<td valign=\"middle\" width=\"32\"><\/td>\n<td valign=\"middle\">Classe energ\u00e9tica (2023 - EU-2019\/2015):<\/td>\n<td valign=\"middle\">E<\/td>\n<\/tr>\n<tr class=\"even\">\n<td valign=\"middle\" width=\"32\"><\/td>\n<td valign=\"middle\">Anos de garantia:<\/td>\n<td valign=\"middle\">5<\/td>\n<\/tr>\n<tr class=\"odd\">\n<td valign=\"middle\" width=\"32\"><\/td>\n<td valign=\"middle\">Alcance (m) :<\/td>\n<td valign=\"middle\">Cobertura de alcance 120\u00ba - Dist\u00e2ncia: 0,5-12m<\/td>\n<\/tr>\n<tr class=\"even\">\n<td valign=\"middle\" width=\"32\"><\/td>\n<td valign=\"middle\">Tempo de liga\u00e7\u00e3o :<\/td>\n<td valign=\"middle\">Tempo: 10 seg. 10 min.<\/td>\n<\/tr>\n<\/tbody>\n<\/table>\n<p>&nbsp;<\/p>\n<\/div><\/p>","protected":false},"excerpt":{"rendered":"<div class=\"col-md-12\"><i class=\"fa fa-truck\"><\/i>&nbsp;<span class=\"text-muted textprop\">Entrega em 24\/48 horas<\/span><div class=\"col-md-12\"><i class=\"fa fa-exchange\"><\/i>&nbsp;<span class=\"text-muted textprop\">Garantia do segurado<\/span><\/div><div class=\"col-md-12\"><i class=\"fa fa-box\"><\/i>&nbsp;<span class=\"text-muted textprop\">10 unidade(s) por Masterbox<\/span><\/div><div><strong>TEMPERATURA DE COR: 4000K\/6000K&nbsp;<\/strong><\/div><\/div>","protected":false},"featured_media":6019,"template":"","meta":{"site-sidebar-layout":"default","site-content-layout":"default","ast-global-header-display":"","ast-main-header-display":"","ast-hfb-above-header-display":"","ast-hfb-below-header-display":"","ast-hfb-mobile-header-display":"","site-post-title":"","ast-breadcrumbs-content":"","ast-featured-img":"","footer-sml-layout":"","theme-transparent-header-meta":"default","adv-header-id-meta":"","stick-header-meta":"","header-above-stick-meta":"","header-main-stick-meta":"","header-below-stick-meta":""},"product_cat":[82,28],"product_tag":[],"class_list":["post-6009","product","type-product","status-publish","has-post-thumbnail","hentry","product_cat-foco-proyector-serie-evolution","product_cat-proyectores-led-exterior-y-jardin"],"_links":{"self":[{"href":"https:\/\/starlediluminacion.com\/pt\/wp-json\/wp\/v3\/product\/6009","targetHints":{"allow":["GET"]}}],"collection":[{"href":"https:\/\/starlediluminacion.com\/pt\/wp-json\/wp\/v3\/product"}],"about":[{"href":"https:\/\/starlediluminacion.com\/pt\/wp-json\/wp\/v2\/types\/product"}],"wp:featuredmedia":[{"embeddable":true,"href":"https:\/\/starlediluminacion.com\/pt\/wp-json\/wp\/v2\/media\/6019"}],"wp:attachment":[{"href":"https:\/\/starlediluminacion.com\/pt\/wp-json\/wp\/v2\/media?parent=6009"}],"wp:term":[{"taxonomy":"product_cat","embeddable":true,"href":"https:\/\/starlediluminacion.com\/pt\/wp-json\/wp\/v2\/product_cat?post=6009"},{"taxonomy":"product_tag","embeddable":true,"href":"https:\/\/starlediluminacion.com\/pt\/wp-json\/wp\/v2\/product_tag?post=6009"}],"curies":[{"name":"wp","href":"https:\/\/api.w.org\/{rel}","templated":true}]}}