{"id":5937,"date":"2022-08-12T17:58:57","date_gmt":"2022-08-12T17:58:57","guid":{"rendered":"https:\/\/starlediluminacion.com\/?post_type=product&#038;p=5937"},"modified":"2022-08-12T17:58:58","modified_gmt":"2022-08-12T17:58:58","slug":"foco-proyector-led-50w-avant-osram-chip-duris-e-2835-sensor-movimiento-pir","status":"publish","type":"product","link":"https:\/\/starlediluminacion.com\/pt\/product\/projetor-luminoso-led-50w-avant-osram-chip-duris-e-2835-sensor-de-movimento-pir\/","title":{"rendered":"<p>Projetor LED 50W AVANT OSRAM CHIP DURIS E 2835 - Sensor de movimento PIR<\/p>"},"content":{"rendered":"<p>REFER\u00caNCIA: SLAVA50PIR-OSR<div class=\"hidden-xs parrafo\">\n<p dir=\"ltr\">O<strong>&nbsp;Projetor LED OSRAM CHIP AVANT<\/strong>tem uma pot\u00eancia de&nbsp;<strong>50W<\/strong>&nbsp;e tem um&nbsp;<strong>Sensor de movimento PIR<\/strong>\u00e9 um avan\u00e7o tecnol\u00f3gico de alta efici\u00eancia. Liga-se automaticamente quando detecta movimento. O seu grau de&nbsp;<strong>Prote\u00e7\u00e3o IP65<\/strong>&nbsp;torna-o resistente \u00e0 chuva e imposs\u00edvel de enferrujar, mesmo com neve ou chuva.<\/p>\n<h1 dir=\"ltr\">Projetor LED 50W AVANT OSRAM CHIP 50W AVANT - Sensor de movimento PIR<\/h1>\n<p>O&nbsp;<strong>Projetor LED<\/strong>&nbsp;tem um poder de&nbsp;<strong>50W<\/strong>&nbsp;e prev\u00ea&nbsp;<strong>sensor de movimento<\/strong>&nbsp;para otimizar a sua ilumina\u00e7\u00e3o quando&nbsp;<strong>detecta<\/strong>&nbsp;qualquer tipo de&nbsp;<strong>presen\u00e7a<\/strong>. \u00c9 feito de&nbsp;<strong>alum\u00ednio&nbsp;<\/strong>com tratamento&nbsp;<strong>anti-corros\u00e3o<\/strong>&nbsp;y&nbsp;<strong>vidro<\/strong>&nbsp;\u00c9 instalado por meio de um suporte que permite inclinar o projetor em v\u00e1rias posi\u00e7\u00f5es.<\/p>\n<p dir=\"ltr\">A sua potente fonte de luz \u00e9 mais do que suficiente para substituir as lumin\u00e1rias, mesmo em ambientes industriais, proporcionando uma&nbsp;<strong>poupan\u00e7a<\/strong>&nbsp;Os novos LEDs de alta luminosidade, com um consumo de energia de at\u00e9 80%, caracterizam-se pela sua elevada luminosidade.&nbsp;<strong>OSRAM<\/strong>.<\/p>\n<p dir=\"ltr\">Destaca-se pela sua efici\u00eancia, CRI elevado, fator de pot\u00eancia elevado e robustez. Possui um elevado&nbsp;<strong>IP65<\/strong>&nbsp;e com prote\u00e7\u00e3o contra impactos&nbsp;<strong>IK08<\/strong>. Seu&nbsp;<strong>\u00c2ngulo de abertura de 90<\/strong>&nbsp;tornam-no ideal para cobrir um grande espa\u00e7o de uma forma muito eficiente.<\/p>\n<p dir=\"ltr\">Isto&nbsp;<strong>Destaque<\/strong>&nbsp;oferece uma ilumina\u00e7\u00e3o extremamente elevada&nbsp;<strong>qualidade<\/strong>&nbsp;pelo seu elevado \u00cdndice de Renderiza\u00e7\u00e3o de Cores (IRC) +80, mesmo em instala\u00e7\u00f5es a uma altura de 5 ou 6 metros. \u00c9 ideal para todos os tipos de instala\u00e7\u00f5es, tanto&nbsp;<strong>dentro<\/strong>a partir de&nbsp;<strong>fora<\/strong>.<\/p>\n<p dir=\"ltr\">Desfrutar na nossa loja online&nbsp;<strong>ilumina\u00e7\u00e3o<\/strong>&nbsp;FactorLED da mais alta qualidade ao melhor pre\u00e7o para este produto e com&nbsp;<strong>garantia de tr\u00eas anos.<\/strong><\/p>\n<p dir=\"ltr\">\n<\/p><h2 dir=\"ltr\">Utiliza\u00e7\u00f5es do Projetor LED OSRAM CHIP 50W AVANT - Sensor de Movimento PIR<\/h2>\n<ul>\n<li>Jardins<\/li>\n<li>Parques<\/li>\n<li>Lugares<\/li>\n<li>Rotunda<\/li>\n<li>Museus<\/li>\n<li>Caminhos<\/li>\n<li>Galerias<\/li>\n<\/ul>\n<h3 class=\"page-product-heading\">DADOS T\u00c9CNICOS<\/h3>\n<div class=\"col-xs-12 col-md-6\">\n<table class=\"table table-data-sheet 1\">\n<tbody>\n<tr class=\"odd\">\n<td valign=\"middle\" width=\"32\"><\/td>\n<td valign=\"middle\">REFER\u00caNCIA :<\/td>\n<td valign=\"middle\">SLAVA50PIR-OSR<\/td>\n<\/tr>\n<tr class=\"even\">\n<td valign=\"middle\" width=\"32\"><\/td>\n<td valign=\"middle\">Pot\u00eancia nominal :<\/td>\n<td valign=\"middle\">50w<\/td>\n<\/tr>\n<tr class=\"odd\">\n<td valign=\"middle\" width=\"32\"><\/td>\n<td valign=\"middle\">Tens\u00e3o Nominal:<\/td>\n<td valign=\"middle\">AC180-265V<\/td>\n<\/tr>\n<tr class=\"even\">\n<td valign=\"middle\" width=\"32\"><\/td>\n<td valign=\"middle\">Temperatura ligeira:<\/td>\n<td valign=\"middle\">4000K<\/td>\n<\/tr>\n<tr class=\"odd\">\n<td valign=\"middle\" width=\"32\"><\/td>\n<td valign=\"middle\">CRI - Colour Rendering Index:<\/td>\n<td valign=\"middle\">80<\/td>\n<\/tr>\n<tr class=\"even\">\n<td valign=\"middle\" width=\"32\"><\/td>\n<td valign=\"middle\">Material de constru\u00e7\u00e3o:<\/td>\n<td valign=\"middle\">Alum\u00ednio<\/td>\n<\/tr>\n<tr class=\"odd\">\n<td valign=\"middle\" width=\"32\"><\/td>\n<td valign=\"middle\">Luminosidade-Lm:<\/td>\n<td valign=\"middle\">5000<\/td>\n<\/tr>\n<tr class=\"even\">\n<td valign=\"middle\" width=\"32\"><\/td>\n<td valign=\"middle\">Tipo de LEDs:<\/td>\n<td valign=\"middle\">SMD 2835 OSRAM CHIP<\/td>\n<\/tr>\n<tr class=\"odd\">\n<td valign=\"middle\" width=\"32\"><\/td>\n<td valign=\"middle\">\u00c2ngulo de abertura (\u00ba):<\/td>\n<td valign=\"middle\">90\u00b0<\/td>\n<\/tr>\n<tr class=\"even\">\n<td valign=\"middle\" width=\"32\"><\/td>\n<td valign=\"middle\">Efici\u00eancia dos d\u00edodos LED (Lm\/W):<\/td>\n<td valign=\"middle\">120 Lm\/W<\/td>\n<\/tr>\n<tr class=\"odd\">\n<td valign=\"middle\" width=\"32\"><\/td>\n<td valign=\"middle\">Efic\u00e1cia luminosa (Lm\/W):<\/td>\n<td valign=\"middle\">100 Lm\/W<\/td>\n<\/tr>\n<tr class=\"even\">\n<td valign=\"middle\" width=\"32\"><\/td>\n<td valign=\"middle\">Certificados:<\/td>\n<td valign=\"middle\">CE - ROHS<\/td>\n<\/tr>\n<\/tbody>\n<\/table>\n<\/div>\n<div class=\"col-xs-12 col-md-6 2\">\n<table class=\"table table-data-sheet 2\">\n<tbody>\n<tr class=\"odd\">\n<td valign=\"middle\" width=\"32\"><\/td>\n<td valign=\"middle\">Classifica\u00e7\u00e3o IP:<\/td>\n<td valign=\"middle\">IP65-Outdoor<\/td>\n<\/tr>\n<tr class=\"even\">\n<td valign=\"middle\" width=\"32\"><\/td>\n<td valign=\"middle\">D\u00edodo LED de vida estimada (H):<\/td>\n<td valign=\"middle\">50.000<\/td>\n<\/tr>\n<tr class=\"odd\">\n<td valign=\"middle\" width=\"32\"><\/td>\n<td valign=\"middle\">Dimens\u00f5es (mm):<\/td>\n<td valign=\"middle\">223x215x54mm<\/td>\n<\/tr>\n<tr class=\"even\">\n<td valign=\"middle\" width=\"32\"><\/td>\n<td valign=\"middle\">Factor de pot\u00eancia (PF):<\/td>\n<td valign=\"middle\">0.9<\/td>\n<\/tr>\n<tr class=\"odd\">\n<td valign=\"middle\" width=\"32\"><\/td>\n<td valign=\"middle\">Gama de temperaturas (\u00baC):<\/td>\n<td valign=\"middle\">-20\u00b0C ~ +55\u00b0C<\/td>\n<\/tr>\n<tr class=\"even\">\n<td valign=\"middle\" width=\"32\"><\/td>\n<td valign=\"middle\">Ciclos de Igni\u00e7\u00e3o:<\/td>\n<td valign=\"middle\">100.000<\/td>\n<\/tr>\n<tr class=\"odd\">\n<td valign=\"middle\" width=\"32\"><\/td>\n<td valign=\"middle\">Tempo de arranque (s):<\/td>\n<td valign=\"middle\">0,2s<\/td>\n<\/tr>\n<tr class=\"even\">\n<td valign=\"middle\" width=\"32\"><\/td>\n<td valign=\"middle\">Modos de controlo:<\/td>\n<td valign=\"middle\">INFRARED<\/td>\n<\/tr>\n<tr class=\"odd\">\n<td valign=\"middle\" width=\"32\"><\/td>\n<td valign=\"middle\">Protec\u00e7\u00e3o contra impactos (IK):<\/td>\n<td valign=\"middle\">IK08<\/td>\n<\/tr>\n<tr class=\"even\">\n<td valign=\"middle\" width=\"32\"><\/td>\n<td valign=\"middle\">Classe energ\u00e9tica (2021-EU-2019\/2015):<\/td>\n<td valign=\"middle\">A+<\/td>\n<\/tr>\n<tr class=\"odd\">\n<td valign=\"middle\" width=\"32\"><\/td>\n<td valign=\"middle\">Anos de garantia:<\/td>\n<td valign=\"middle\">3<\/td>\n<\/tr>\n<tr class=\"even\">\n<td valign=\"middle\" width=\"32\"><\/td>\n<td valign=\"middle\">Alcance (m) :<\/td>\n<td valign=\"middle\">6 m.<\/td>\n<\/tr>\n<\/tbody>\n<\/table>\n<p>&nbsp;<\/p>\n<\/div>\n<\/div><\/p>","protected":false},"excerpt":{"rendered":"<div class=\"col-md-12\"><i class=\"fa fa-truck\"><\/i>&nbsp;<span class=\"text-muted textprop\">Entrega em 24\/48 horas<\/span><div class=\"col-md-12\"><i class=\"fa fa-exchange\"><\/i>&nbsp;<span class=\"text-muted textprop\">Garantia do segurado<\/span><\/div><div class=\"col-md-12\"><i class=\"fa fa-box\"><\/i>&nbsp;<span class=\"text-muted textprop\">10 unidade(s) por Masterbox<\/span><\/div><div><\/div><\/div>","protected":false},"featured_media":5945,"template":"","meta":{"site-sidebar-layout":"default","site-content-layout":"default","ast-global-header-display":"","ast-main-header-display":"","ast-hfb-above-header-display":"","ast-hfb-below-header-display":"","ast-hfb-mobile-header-display":"","site-post-title":"","ast-breadcrumbs-content":"","ast-featured-img":"","footer-sml-layout":"","theme-transparent-header-meta":"default","adv-header-id-meta":"","stick-header-meta":"","header-above-stick-meta":"","header-main-stick-meta":"","header-below-stick-meta":""},"product_cat":[81,28],"product_tag":[],"class_list":["post-5937","product","type-product","status-publish","has-post-thumbnail","hentry","product_cat-foco-proyector-serie-avant","product_cat-proyectores-led-exterior-y-jardin"],"yoast_head":"<!-- This site is optimized with the Yoast SEO plugin v27.4 - https:\/\/yoast.com\/product\/yoast-seo-wordpress\/ -->\n<title>Foco Proyector LED 50W AVANT OSRAM CHIP DURIS E 2835 - Sensor Movimiento PIR - STARLED Iluminacion<\/title>\n<meta name=\"robots\" content=\"index, follow, max-snippet:-1, max-image-preview:large, max-video-preview:-1\" \/>\n<link rel=\"canonical\" href=\"https:\/\/starlediluminacion.com\/pt\/product\/projetor-luminoso-led-50w-avant-osram-chip-duris-e-2835-sensor-de-movimento-pir\/\" \/>\n<meta property=\"og:locale\" content=\"pt_PT\" \/>\n<meta property=\"og:type\" content=\"article\" \/>\n<meta property=\"og:title\" content=\"Foco Proyector LED 50W AVANT OSRAM CHIP DURIS E 2835 - Sensor Movimiento PIR - STARLED Iluminacion\" \/>\n<meta property=\"og:description\" content=\"\u00a0Entrega en 24\/48 horas \u00a0Garant\u00eda asegurada \u00a010 unidad(es) por Masterbox\" \/>\n<meta property=\"og:url\" content=\"https:\/\/starlediluminacion.com\/pt\/product\/projetor-luminoso-led-50w-avant-osram-chip-duris-e-2835-sensor-de-movimento-pir\/\" \/>\n<meta property=\"og:site_name\" content=\"STARLED Iluminacion\" \/>\n<meta property=\"article:modified_time\" content=\"2022-08-12T17:58:58+00:00\" \/>\n<meta property=\"og:image\" content=\"https:\/\/starlediluminacion.com\/wp-content\/uploads\/2022\/08\/foco-proyector-led-50w-avant-osram-chip-duris-e-2835-sensor-movimiento-pir-factorled.jpg\" \/>\n\t<meta property=\"og:image:width\" content=\"1000\" \/>\n\t<meta property=\"og:image:height\" content=\"1000\" \/>\n\t<meta property=\"og:image:type\" content=\"image\/jpeg\" \/>\n<meta name=\"twitter:card\" content=\"summary_large_image\" \/>\n<meta name=\"twitter:label1\" content=\"Tempo estimado de leitura\" \/>\n\t<meta name=\"twitter:data1\" content=\"2 minutos\" \/>\n<script type=\"application\/ld+json\" class=\"yoast-schema-graph\">{\"@context\":\"https:\\\/\\\/schema.org\",\"@graph\":[{\"@type\":\"WebPage\",\"@id\":\"https:\\\/\\\/starlediluminacion.com\\\/producto\\\/foco-proyector-led-50w-avant-osram-chip-duris-e-2835-sensor-movimiento-pir\\\/\",\"url\":\"https:\\\/\\\/starlediluminacion.com\\\/producto\\\/foco-proyector-led-50w-avant-osram-chip-duris-e-2835-sensor-movimiento-pir\\\/\",\"name\":\"Foco Proyector LED 50W AVANT OSRAM CHIP DURIS E 2835 - Sensor Movimiento PIR - STARLED Iluminacion\",\"isPartOf\":{\"@id\":\"https:\\\/\\\/starlediluminacion.com\\\/#website\"},\"primaryImageOfPage\":{\"@id\":\"https:\\\/\\\/starlediluminacion.com\\\/producto\\\/foco-proyector-led-50w-avant-osram-chip-duris-e-2835-sensor-movimiento-pir\\\/#primaryimage\"},\"image\":{\"@id\":\"https:\\\/\\\/starlediluminacion.com\\\/producto\\\/foco-proyector-led-50w-avant-osram-chip-duris-e-2835-sensor-movimiento-pir\\\/#primaryimage\"},\"thumbnailUrl\":\"https:\\\/\\\/starlediluminacion.com\\\/wp-content\\\/uploads\\\/2022\\\/08\\\/foco-proyector-led-50w-avant-osram-chip-duris-e-2835-sensor-movimiento-pir-factorled.jpg\",\"datePublished\":\"2022-08-12T17:58:57+00:00\",\"dateModified\":\"2022-08-12T17:58:58+00:00\",\"breadcrumb\":{\"@id\":\"https:\\\/\\\/starlediluminacion.com\\\/producto\\\/foco-proyector-led-50w-avant-osram-chip-duris-e-2835-sensor-movimiento-pir\\\/#breadcrumb\"},\"inLanguage\":\"pt-PT\",\"potentialAction\":[{\"@type\":\"ReadAction\",\"target\":[\"https:\\\/\\\/starlediluminacion.com\\\/producto\\\/foco-proyector-led-50w-avant-osram-chip-duris-e-2835-sensor-movimiento-pir\\\/\"]}]},{\"@type\":\"ImageObject\",\"inLanguage\":\"pt-PT\",\"@id\":\"https:\\\/\\\/starlediluminacion.com\\\/producto\\\/foco-proyector-led-50w-avant-osram-chip-duris-e-2835-sensor-movimiento-pir\\\/#primaryimage\",\"url\":\"https:\\\/\\\/starlediluminacion.com\\\/wp-content\\\/uploads\\\/2022\\\/08\\\/foco-proyector-led-50w-avant-osram-chip-duris-e-2835-sensor-movimiento-pir-factorled.jpg\",\"contentUrl\":\"https:\\\/\\\/starlediluminacion.com\\\/wp-content\\\/uploads\\\/2022\\\/08\\\/foco-proyector-led-50w-avant-osram-chip-duris-e-2835-sensor-movimiento-pir-factorled.jpg\",\"width\":1000,\"height\":1000},{\"@type\":\"BreadcrumbList\",\"@id\":\"https:\\\/\\\/starlediluminacion.com\\\/producto\\\/foco-proyector-led-50w-avant-osram-chip-duris-e-2835-sensor-movimiento-pir\\\/#breadcrumb\",\"itemListElement\":[{\"@type\":\"ListItem\",\"position\":1,\"name\":\"Portada\",\"item\":\"https:\\\/\\\/starlediluminacion.com\\\/\"},{\"@type\":\"ListItem\",\"position\":2,\"name\":\"Shop\",\"item\":\"https:\\\/\\\/starlediluminacion.com\\\/shop-2\\\/\"},{\"@type\":\"ListItem\",\"position\":3,\"name\":\"Foco Proyector LED 50W AVANT OSRAM CHIP DURIS E 2835 &#8211; Sensor Movimiento PIR\"}]},{\"@type\":\"WebSite\",\"@id\":\"https:\\\/\\\/starlediluminacion.com\\\/#website\",\"url\":\"https:\\\/\\\/starlediluminacion.com\\\/\",\"name\":\"STARLED Iluminacion\",\"description\":\"\",\"potentialAction\":[{\"@type\":\"SearchAction\",\"target\":{\"@type\":\"EntryPoint\",\"urlTemplate\":\"https:\\\/\\\/starlediluminacion.com\\\/?s={search_term_string}\"},\"query-input\":{\"@type\":\"PropertyValueSpecification\",\"valueRequired\":true,\"valueName\":\"search_term_string\"}}],\"inLanguage\":\"pt-PT\"}]}<\/script>\n<!-- \/ Yoast SEO plugin. -->","yoast_head_json":{"title":"Foco Proyector LED 50W AVANT OSRAM CHIP DURIS E 2835 - Sensor Movimiento PIR - STARLED Iluminacion","robots":{"index":"index","follow":"follow","max-snippet":"max-snippet:-1","max-image-preview":"max-image-preview:large","max-video-preview":"max-video-preview:-1"},"canonical":"https:\/\/starlediluminacion.com\/pt\/product\/projetor-luminoso-led-50w-avant-osram-chip-duris-e-2835-sensor-de-movimento-pir\/","og_locale":"pt_PT","og_type":"article","og_title":"Foco Proyector LED 50W AVANT OSRAM CHIP DURIS E 2835 - Sensor Movimiento PIR - STARLED Iluminacion","og_description":"\u00a0Entrega en 24\/48 horas \u00a0Garant\u00eda asegurada \u00a010 unidad(es) por Masterbox","og_url":"https:\/\/starlediluminacion.com\/pt\/product\/projetor-luminoso-led-50w-avant-osram-chip-duris-e-2835-sensor-de-movimento-pir\/","og_site_name":"STARLED Iluminacion","article_modified_time":"2022-08-12T17:58:58+00:00","og_image":[{"width":1000,"height":1000,"url":"https:\/\/starlediluminacion.com\/wp-content\/uploads\/2022\/08\/foco-proyector-led-50w-avant-osram-chip-duris-e-2835-sensor-movimiento-pir-factorled.jpg","type":"image\/jpeg"}],"twitter_card":"summary_large_image","twitter_misc":{"Tempo estimado de leitura":"2 minutos"},"schema":{"@context":"https:\/\/schema.org","@graph":[{"@type":"WebPage","@id":"https:\/\/starlediluminacion.com\/producto\/foco-proyector-led-50w-avant-osram-chip-duris-e-2835-sensor-movimiento-pir\/","url":"https:\/\/starlediluminacion.com\/producto\/foco-proyector-led-50w-avant-osram-chip-duris-e-2835-sensor-movimiento-pir\/","name":"Foco Proyector LED 50W AVANT OSRAM CHIP DURIS E 2835 - Sensor Movimiento PIR - STARLED Iluminacion","isPartOf":{"@id":"https:\/\/starlediluminacion.com\/#website"},"primaryImageOfPage":{"@id":"https:\/\/starlediluminacion.com\/producto\/foco-proyector-led-50w-avant-osram-chip-duris-e-2835-sensor-movimiento-pir\/#primaryimage"},"image":{"@id":"https:\/\/starlediluminacion.com\/producto\/foco-proyector-led-50w-avant-osram-chip-duris-e-2835-sensor-movimiento-pir\/#primaryimage"},"thumbnailUrl":"https:\/\/starlediluminacion.com\/wp-content\/uploads\/2022\/08\/foco-proyector-led-50w-avant-osram-chip-duris-e-2835-sensor-movimiento-pir-factorled.jpg","datePublished":"2022-08-12T17:58:57+00:00","dateModified":"2022-08-12T17:58:58+00:00","breadcrumb":{"@id":"https:\/\/starlediluminacion.com\/producto\/foco-proyector-led-50w-avant-osram-chip-duris-e-2835-sensor-movimiento-pir\/#breadcrumb"},"inLanguage":"pt-PT","potentialAction":[{"@type":"ReadAction","target":["https:\/\/starlediluminacion.com\/producto\/foco-proyector-led-50w-avant-osram-chip-duris-e-2835-sensor-movimiento-pir\/"]}]},{"@type":"ImageObject","inLanguage":"pt-PT","@id":"https:\/\/starlediluminacion.com\/producto\/foco-proyector-led-50w-avant-osram-chip-duris-e-2835-sensor-movimiento-pir\/#primaryimage","url":"https:\/\/starlediluminacion.com\/wp-content\/uploads\/2022\/08\/foco-proyector-led-50w-avant-osram-chip-duris-e-2835-sensor-movimiento-pir-factorled.jpg","contentUrl":"https:\/\/starlediluminacion.com\/wp-content\/uploads\/2022\/08\/foco-proyector-led-50w-avant-osram-chip-duris-e-2835-sensor-movimiento-pir-factorled.jpg","width":1000,"height":1000},{"@type":"BreadcrumbList","@id":"https:\/\/starlediluminacion.com\/producto\/foco-proyector-led-50w-avant-osram-chip-duris-e-2835-sensor-movimiento-pir\/#breadcrumb","itemListElement":[{"@type":"ListItem","position":1,"name":"Portada","item":"https:\/\/starlediluminacion.com\/"},{"@type":"ListItem","position":2,"name":"Shop","item":"https:\/\/starlediluminacion.com\/shop-2\/"},{"@type":"ListItem","position":3,"name":"Foco Proyector LED 50W AVANT OSRAM CHIP DURIS E 2835 &#8211; Sensor Movimiento PIR"}]},{"@type":"WebSite","@id":"https:\/\/starlediluminacion.com\/#website","url":"https:\/\/starlediluminacion.com\/","name":"STARLED Iluminacion","description":"","potentialAction":[{"@type":"SearchAction","target":{"@type":"EntryPoint","urlTemplate":"https:\/\/starlediluminacion.com\/?s={search_term_string}"},"query-input":{"@type":"PropertyValueSpecification","valueRequired":true,"valueName":"search_term_string"}}],"inLanguage":"pt-PT"}]}},"_links":{"self":[{"href":"https:\/\/starlediluminacion.com\/pt\/wp-json\/wp\/v3\/product\/5937","targetHints":{"allow":["GET"]}}],"collection":[{"href":"https:\/\/starlediluminacion.com\/pt\/wp-json\/wp\/v3\/product"}],"about":[{"href":"https:\/\/starlediluminacion.com\/pt\/wp-json\/wp\/v2\/types\/product"}],"wp:featuredmedia":[{"embeddable":true,"href":"https:\/\/starlediluminacion.com\/pt\/wp-json\/wp\/v2\/media\/5945"}],"wp:attachment":[{"href":"https:\/\/starlediluminacion.com\/pt\/wp-json\/wp\/v2\/media?parent=5937"}],"wp:term":[{"taxonomy":"product_cat","embeddable":true,"href":"https:\/\/starlediluminacion.com\/pt\/wp-json\/wp\/v2\/product_cat?post=5937"},{"taxonomy":"product_tag","embeddable":true,"href":"https:\/\/starlediluminacion.com\/pt\/wp-json\/wp\/v2\/product_tag?post=5937"}],"curies":[{"name":"wp","href":"https:\/\/api.w.org\/{rel}","templated":true}]}}