{"id":5773,"date":"2022-08-12T15:47:49","date_gmt":"2022-08-12T15:47:49","guid":{"rendered":"https:\/\/starlediluminacion.com\/?post_type=product&#038;p=5773"},"modified":"2022-08-12T15:47:49","modified_gmt":"2022-08-12T15:47:49","slug":"union-flexible-de-carril-trifasico","status":"publish","type":"product","link":"https:\/\/starlediluminacion.com\/pt\/product\/junta-trifasica-flexivel-para-carris\/","title":{"rendered":"<p>Conector de via TR\u00caS-FASE FLEX\u00cdVEL<\/p>"},"content":{"rendered":"<p>REFER\u00caNCIA: SLCT8081<h1>Conector de via TR\u00caS-FASE FLEX\u00cdVEL<\/h1><p><strong>STRAIGHT junta em<\/strong>&nbsp;<strong>I<\/strong>&nbsp;carril&nbsp;<strong>TR\u00caS FASES<\/strong>dispon\u00edvel em preto e branco. \u00c9 feito de materiais altamente resistentes e altamente condutores de eletricidade, como o alum\u00ednio e o termopl\u00e1stico \u00e0 prova de fogo.<\/p><p>A sua instala\u00e7\u00e3o \u00e9 simples, pelo que qualquer pessoa pode mont\u00e1-lo. Com este tipo de conetor, pode conceber a sua ilumina\u00e7\u00e3o de forma personalizada com os carris trif\u00e1sicos.<\/p><h3 class=\"page-product-heading\">DADOS T\u00c9CNICOS<\/h3><div class=\"col-xs-12 col-md-6\">\n<table class=\"table table-data-sheet 1\">\n<tbody>\n<tr class=\"odd\">\n<td valign=\"middle\" width=\"32\"><\/td>\n<td valign=\"middle\">REFER\u00caNCIA :<\/td>\n<td valign=\"middle\">SLCT8081-8082<\/td>\n<\/tr>\n<tr class=\"even\">\n<td valign=\"middle\" width=\"32\"><\/td>\n<td valign=\"middle\">Material de constru\u00e7\u00e3o:<\/td>\n<td valign=\"middle\">Termopl\u00e1stico retardador de chamas<\/td>\n<\/tr>\n<\/tbody>\n<\/table>\n<\/div><div class=\"col-xs-12 col-md-6 2\">\n<table class=\"table table-data-sheet 2\">\n<tbody>\n<tr class=\"odd\">\n<td valign=\"middle\" width=\"32\"><\/td>\n<td valign=\"middle\">Certificados:<\/td>\n<td valign=\"middle\">CE - ROHS<\/td>\n<\/tr>\n<tr class=\"even\">\n<td valign=\"middle\" width=\"32\"><\/td>\n<td valign=\"middle\">Anos de garantia:<\/td>\n<td valign=\"middle\">2<\/td>\n<\/tr>\n<\/tbody>\n<\/table>\n<\/div><\/p>","protected":false},"excerpt":{"rendered":"<div class=\"col-md-12\"><i class=\"fa fa-truck\"><\/i>&nbsp;<span class=\"text-muted textprop\">Entrega em 24\/48 horas<\/span><div class=\"col-md-12\"><i class=\"fa fa-exchange\"><\/i>&nbsp;<span class=\"text-muted textprop\">Garantia do segurado<\/span><\/div><div class=\"col-md-12\"><i class=\"fa fa-box\"><\/i>&nbsp;<span class=\"text-muted textprop\">100 unidade(s) por Masterbox<\/span><\/div><\/div>","protected":false},"featured_media":5778,"template":"","meta":{"site-sidebar-layout":"default","site-content-layout":"default","ast-global-header-display":"","ast-main-header-display":"","ast-hfb-above-header-display":"","ast-hfb-below-header-display":"","ast-hfb-mobile-header-display":"","site-post-title":"","ast-breadcrumbs-content":"","ast-featured-img":"","footer-sml-layout":"","theme-transparent-header-meta":"default","adv-header-id-meta":"","stick-header-meta":"","header-above-stick-meta":"","header-main-stick-meta":"","header-below-stick-meta":""},"product_cat":[78,32],"product_tag":[],"class_list":["post-5773","product","type-product","status-publish","has-post-thumbnail","hentry","product_cat-accesorios-para-carril-led-trifasico","product_cat-iluminacion-comercial-para-tienda"],"_links":{"self":[{"href":"https:\/\/starlediluminacion.com\/pt\/wp-json\/wp\/v3\/product\/5773","targetHints":{"allow":["GET"]}}],"collection":[{"href":"https:\/\/starlediluminacion.com\/pt\/wp-json\/wp\/v3\/product"}],"about":[{"href":"https:\/\/starlediluminacion.com\/pt\/wp-json\/wp\/v2\/types\/product"}],"wp:featuredmedia":[{"embeddable":true,"href":"https:\/\/starlediluminacion.com\/pt\/wp-json\/wp\/v2\/media\/5778"}],"wp:attachment":[{"href":"https:\/\/starlediluminacion.com\/pt\/wp-json\/wp\/v2\/media?parent=5773"}],"wp:term":[{"taxonomy":"product_cat","embeddable":true,"href":"https:\/\/starlediluminacion.com\/pt\/wp-json\/wp\/v2\/product_cat?post=5773"},{"taxonomy":"product_tag","embeddable":true,"href":"https:\/\/starlediluminacion.com\/pt\/wp-json\/wp\/v2\/product_tag?post=5773"}],"curies":[{"name":"wp","href":"https:\/\/api.w.org\/{rel}","templated":true}]}}