{"id":5700,"date":"2022-08-12T15:10:29","date_gmt":"2022-08-12T15:10:29","guid":{"rendered":"https:\/\/starlediluminacion.com\/?post_type=product&#038;p=5700"},"modified":"2022-08-12T15:10:29","modified_gmt":"2022-08-12T15:10:29","slug":"carril-monofasico-1-metro-reforzado-para-focos-led","status":"publish","type":"product","link":"https:\/\/starlediluminacion.com\/pt\/product\/carril-monofasico-de-1-metro-reforcado-para-projectores-com-leds-carril-com-leds\/","title":{"rendered":"<p>Calha REINFOR\u00c7ADA monof\u00e1sica de 1 metro para projectores LED<\/p>"},"content":{"rendered":"<div class=\"product-info-line\">\n<p id=\"product_reference\"><label>REFER\u00caNCIA: SLCFM1000716C1<br>\n<\/label><\/p>\n<p><strong>CARRIL MONOF\u00c1SICO<\/strong>&nbsp;<strong>REFOR\u00c7ADO&nbsp;<\/strong>compat\u00edvel com todos os nossos&nbsp;<strong>Destaques<\/strong>&nbsp;<strong>Led<\/strong>&nbsp;a partir de&nbsp;<strong>Vitrina<\/strong>.<\/p>\n<p>Dispon\u00edvel em cores&nbsp;<strong>preto<\/strong>&nbsp;y&nbsp;<strong>branco<\/strong><\/p>\n<h1>Calha REINFOR\u00c7ADA monof\u00e1sica de 1 metro para projectores LED<\/h1>\n<p>Esta calha, sendo um circuito \u00fanico, significa que quando a luz \u00e9 ligada, todos os projectores s\u00e3o diretamente ligados sem possibilidade de os regular. Este produto est\u00e1 associado ao nosso&nbsp;<strong>projectores LED monof\u00e1sicos<\/strong>.<\/p>\n<p>Foi concebido com uma estrutura&nbsp;<strong>refor\u00e7ado<\/strong>&nbsp;para garantir a sua resist\u00eancia. Inclui&nbsp;<strong>ficha<\/strong>&nbsp;numa extremidade e na outra extremidade o&nbsp;<strong>alimentador&nbsp;<\/strong>que \u00e9 ligado diretamente \u00e0 rede el\u00e9ctrica. Dispomos tamb\u00e9m de diferentes tipos de<strong> acess\u00f3rios&nbsp;<\/strong>com os quais pode conceber as suas lumin\u00e1rias de acordo com as suas necessidades.<\/p>\n<p>Perfeito para&nbsp;<strong>iluminar<\/strong>&nbsp;e decorar&nbsp;<strong>espa\u00e7os comerciais.&nbsp;<\/strong><\/p>\n<h2>Utiliza\u00e7\u00f5es de carris monof\u00e1sicos refor\u00e7ados<\/h2>\n<ul>\n<li>Lojas comerciais<\/li>\n<li>Museus<\/li>\n<li>Galerias<\/li>\n<li>Montras de lojas<\/li>\n<li>Escrit\u00f3rios<\/li>\n<li>Vitrinas<\/li>\n<\/ul>\n<h3 class=\"page-product-heading\">DADOS T\u00c9CNICOS<\/h3>\n<div class=\"col-xs-12 col-md-6\">\n<table class=\"table table-data-sheet 1\">\n<tbody>\n<tr class=\"odd\">\n<td valign=\"middle\" width=\"32\"><\/td>\n<td valign=\"middle\">REFER\u00caNCIA :<\/td>\n<td valign=\"middle\">SLCFM1000716<\/td>\n<\/tr>\n<tr class=\"even\">\n<td valign=\"middle\" width=\"32\"><\/td>\n<td valign=\"middle\">Material de constru\u00e7\u00e3o:<\/td>\n<td valign=\"middle\">Alum\u00ednio<\/td>\n<\/tr>\n<tr class=\"odd\">\n<td valign=\"middle\" width=\"32\"><\/td>\n<td valign=\"middle\">Certificados:<\/td>\n<td valign=\"middle\">CE - ROHS<\/td>\n<\/tr>\n<\/tbody>\n<\/table>\n<\/div>\n<div class=\"col-xs-12 col-md-6 2\">\n<table class=\"table table-data-sheet 2\">\n<tbody>\n<tr class=\"odd\">\n<td valign=\"middle\" width=\"32\"><\/td>\n<td valign=\"middle\">Dimens\u00f5es (mm):<\/td>\n<td valign=\"middle\">1000*20*40<\/td>\n<\/tr>\n<tr class=\"even\">\n<td valign=\"middle\" width=\"32\"><\/td>\n<td valign=\"middle\">Anos de garantia:<\/td>\n<td valign=\"middle\">2<\/td>\n<\/tr>\n<\/tbody>\n<\/table>\n<\/div>\n<\/div>","protected":false},"excerpt":{"rendered":"<div class=\"col-md-12\"><i class=\"fa fa-truck\"><\/i>&nbsp;<span class=\"text-muted textprop\">Entrega em 24\/48 horas<\/span><div class=\"col-md-12\"><i class=\"fa fa-exchange\"><\/i>&nbsp;<span class=\"text-muted textprop\">Garantia do segurado<\/span><\/div><div class=\"col-md-12\"><i class=\"fa fa-box\"><\/i>&nbsp;<span class=\"text-muted textprop\">20 unidade(s) por Masterbox<\/span><\/div><\/div>","protected":false},"featured_media":5710,"template":"","meta":{"site-sidebar-layout":"default","site-content-layout":"default","ast-global-header-display":"","ast-main-header-display":"","ast-hfb-above-header-display":"","ast-hfb-below-header-display":"","ast-hfb-mobile-header-display":"","site-post-title":"","ast-breadcrumbs-content":"","ast-featured-img":"","footer-sml-layout":"","theme-transparent-header-meta":"default","adv-header-id-meta":"","stick-header-meta":"","header-above-stick-meta":"","header-main-stick-meta":"","header-below-stick-meta":""},"product_cat":[77,32],"product_tag":[],"class_list":["post-5700","product","type-product","status-publish","has-post-thumbnail","hentry","product_cat-accesorios-para-carril-led","product_cat-iluminacion-comercial-para-tienda"],"_links":{"self":[{"href":"https:\/\/starlediluminacion.com\/pt\/wp-json\/wp\/v3\/product\/5700","targetHints":{"allow":["GET"]}}],"collection":[{"href":"https:\/\/starlediluminacion.com\/pt\/wp-json\/wp\/v3\/product"}],"about":[{"href":"https:\/\/starlediluminacion.com\/pt\/wp-json\/wp\/v2\/types\/product"}],"wp:featuredmedia":[{"embeddable":true,"href":"https:\/\/starlediluminacion.com\/pt\/wp-json\/wp\/v2\/media\/5710"}],"wp:attachment":[{"href":"https:\/\/starlediluminacion.com\/pt\/wp-json\/wp\/v2\/media?parent=5700"}],"wp:term":[{"taxonomy":"product_cat","embeddable":true,"href":"https:\/\/starlediluminacion.com\/pt\/wp-json\/wp\/v2\/product_cat?post=5700"},{"taxonomy":"product_tag","embeddable":true,"href":"https:\/\/starlediluminacion.com\/pt\/wp-json\/wp\/v2\/product_tag?post=5700"}],"curies":[{"name":"wp","href":"https:\/\/api.w.org\/{rel}","templated":true}]}}