{"id":5518,"date":"2022-08-12T13:04:14","date_gmt":"2022-08-12T13:04:14","guid":{"rendered":"https:\/\/starlediluminacion.com\/?post_type=product&#038;p=5518"},"modified":"2022-08-12T13:04:14","modified_gmt":"2022-08-12T13:04:14","slug":"foco-led-30w-viena-blanco-carril-monofasico-cri-85-cct","status":"publish","type":"product","link":"https:\/\/starlediluminacion.com\/pt\/product\/foco-led-30w-viena-blanco-carril-monofasico-cri-85-cct\/","title":{"rendered":"<p>Foco LED 30W VIENA Blanco Carril Monof&aacute;sico CRI +85 CCT<\/p>"},"content":{"rendered":"<p>REFERENCIA: SL4826<div class=\"hidden-xs parrafo\">\n<p><strong>COR SELECCION\u00c1VEL:<\/strong>&nbsp;O nosso&nbsp;<strong>Foco LED VIENA de 30W<\/strong>&nbsp;para&nbsp;<strong>Calha monof\u00e1sica<\/strong>&nbsp;\u00e9 perfeita como luz de entona\u00e7\u00e3o em qualquer sistema de ilumina\u00e7\u00e3o de calha, o que a torna ideal para destacar elementos espec\u00edficos, e tem um \u00e2ngulo prim\u00e1rio concentrado de&nbsp;<strong>24\u00ba de abertura<\/strong>.<\/p>\n<\/div><div id=\"views_block-1\" class=\"clearfix\">\n<div id=\"thumbs_list\">\n<h1>Foco LED 30W VIENA Blanco para Carril Monof&aacute;sico 24&ordm; CRI +85<\/h1>\n<p>O&nbsp;<strong>foco VIENA&nbsp;<\/strong>a partir de&nbsp;<strong>30w<\/strong>&nbsp;caracteriza-se por um design que se adequa a qualquer estilo e excelente desempenho. O&nbsp;<strong>foco LED VIENA&nbsp;<\/strong>\u00e9 ideal para iluminar qualquer lugar que se queira destacar, \u00e9 tamb\u00e9m perfeito para situa\u00e7\u00f5es em espa\u00e7os que procuram classe e distin\u00e7\u00e3o na sua rede de ilumina\u00e7\u00e3o tamb\u00e9m t\u00eam o em diferentes temperaturas.&nbsp;<strong>3000k, 4000k, 6000k gra\u00e7as \u00e0s suas CORES SELECCION\u00c1VEIS<\/strong><\/p>\n<p>O seu desenho crom\u00e1tico&nbsp;<strong>branco<\/strong>&nbsp;\u00e9 ideal para criar atmosferas minimalistas ao mesmo tempo que se destacam os espa\u00e7os a destacar. \u00c9 f\u00e1cil de instalar e pode ser colocado em&nbsp;<strong>carril<\/strong>&nbsp;<strong>monof\u00e1sico<\/strong>Agora a decora\u00e7\u00e3o est\u00e1 nas suas m\u00e3os e da forma mais simples.<\/p>\n<p>Este produto foi fabricado para uso especial em interiores, portanto a sua protec\u00e7\u00e3o&nbsp;<strong>IP20<\/strong>.<\/p>\n<p>O nosso&nbsp;<strong>Reflector LED<\/strong>&nbsp;emiss\u00f5es&nbsp;<strong>3000 l\u00famenes<\/strong>&nbsp;e poupa at\u00e9&nbsp;<strong>90%<\/strong>&nbsp;na nossa conta. O Spotlight \u00e9 capaz de resistir a uma tens\u00e3o de&nbsp;<strong>85V a 265V.<\/strong><\/p>\n<h2>Usos del&nbsp;Foco LED 30W VIENA Blanco<\/h2>\n<ul>\n<li>Montras de lojas<\/li>\n<li>Escrit\u00f3rios<\/li>\n<li>Galerias de arte<\/li>\n<li>Museus<\/li>\n<\/ul>\n<h3 class=\"page-product-heading\">DADOS T\u00c9CNICOS<\/h3>\n<div class=\"col-xs-12 col-md-6\">\n<table class=\"table table-data-sheet 1\">\n<tbody>\n<tr class=\"odd\">\n<td valign=\"middle\" width=\"32\"><\/td>\n<td valign=\"middle\">REFER\u00caNCIA :<\/td>\n<td valign=\"middle\">SL4826<\/td>\n<\/tr>\n<tr class=\"even\">\n<td valign=\"middle\" width=\"32\"><\/td>\n<td valign=\"middle\">Pot\u00eancia nominal :<\/td>\n<td valign=\"middle\">30W<\/td>\n<\/tr>\n<tr class=\"odd\">\n<td valign=\"middle\" width=\"32\"><\/td>\n<td valign=\"middle\">Tens\u00e3o Nominal:<\/td>\n<td valign=\"middle\">85-265V<\/td>\n<\/tr>\n<tr class=\"even\">\n<td valign=\"middle\" width=\"32\"><\/td>\n<td valign=\"middle\">Temperatura ligeira:<\/td>\n<td valign=\"middle\">COR SELECCION\u00c1VEL: 3000K-4000K-6000K<\/td>\n<\/tr>\n<tr class=\"odd\">\n<td valign=\"middle\" width=\"32\"><\/td>\n<td valign=\"middle\">CRI - Colour Rendering Index:<\/td>\n<td valign=\"middle\">85<\/td>\n<\/tr>\n<tr class=\"even\">\n<td valign=\"middle\" width=\"32\"><\/td>\n<td valign=\"middle\">Material de constru\u00e7\u00e3o:<\/td>\n<td valign=\"middle\">Alum\u00ednio +PMMA<\/td>\n<\/tr>\n<tr class=\"odd\">\n<td valign=\"middle\" width=\"32\"><\/td>\n<td valign=\"middle\">Luminosidade-Lm:<\/td>\n<td valign=\"middle\">3000<\/td>\n<\/tr>\n<tr class=\"even\">\n<td valign=\"middle\" width=\"32\"><\/td>\n<td valign=\"middle\">Tipo de LEDs:<\/td>\n<td valign=\"middle\">COB<\/td>\n<\/tr>\n<tr class=\"odd\">\n<td valign=\"middle\" width=\"32\"><\/td>\n<td valign=\"middle\">\u00c2ngulo de abertura (\u00ba):<\/td>\n<td valign=\"middle\">24\u00ba<\/td>\n<\/tr>\n<tr class=\"even\">\n<td valign=\"middle\" width=\"32\"><\/td>\n<td valign=\"middle\">Efici\u00eancia dos d\u00edodos LED (Lm\/W):<\/td>\n<td valign=\"middle\">120 Lm\/W<\/td>\n<\/tr>\n<tr class=\"odd\">\n<td valign=\"middle\" width=\"32\"><\/td>\n<td valign=\"middle\">Efic\u00e1cia luminosa (Lm\/W):<\/td>\n<td valign=\"middle\">100 Lm\/W<\/td>\n<\/tr>\n<\/tbody>\n<\/table>\n<\/div>\n<div class=\"col-xs-12 col-md-6 2\">\n<table class=\"table table-data-sheet 2\">\n<tbody>\n<tr class=\"odd\">\n<td valign=\"middle\" width=\"32\"><\/td>\n<td valign=\"middle\">Certificados:<\/td>\n<td valign=\"middle\">CE - ROHS<\/td>\n<\/tr>\n<tr class=\"even\">\n<td valign=\"middle\" width=\"32\"><\/td>\n<td valign=\"middle\">Classifica\u00e7\u00e3o IP:<\/td>\n<td valign=\"middle\">IP20<\/td>\n<\/tr>\n<tr class=\"odd\">\n<td valign=\"middle\" width=\"32\"><\/td>\n<td valign=\"middle\">D\u00edodo LED de vida estimada (H):<\/td>\n<td valign=\"middle\">40.000<\/td>\n<\/tr>\n<tr class=\"even\">\n<td valign=\"middle\" width=\"32\"><\/td>\n<td valign=\"middle\">Dimens\u00f5es (mm):<\/td>\n<td valign=\"middle\">&Oslash;78mm * 185mm<\/td>\n<\/tr>\n<tr class=\"odd\">\n<td valign=\"middle\" width=\"32\"><\/td>\n<td valign=\"middle\">Factor de pot\u00eancia (PF):<\/td>\n<td valign=\"middle\">0.92<\/td>\n<\/tr>\n<tr class=\"even\">\n<td valign=\"middle\" width=\"32\"><\/td>\n<td valign=\"middle\">Frequ\u00eancia de trabalho (Hz):<\/td>\n<td valign=\"middle\">50\/60Hz<\/td>\n<\/tr>\n<tr class=\"odd\">\n<td valign=\"middle\" width=\"32\"><\/td>\n<td valign=\"middle\">Gama de temperaturas (\u00baC):<\/td>\n<td valign=\"middle\">-20\u00b0C ~ +55\u00b0C<\/td>\n<\/tr>\n<tr class=\"even\">\n<td valign=\"middle\" width=\"32\"><\/td>\n<td valign=\"middle\">Ciclos de Igni\u00e7\u00e3o:<\/td>\n<td valign=\"middle\">100.000<\/td>\n<\/tr>\n<tr class=\"odd\">\n<td valign=\"middle\" width=\"32\"><\/td>\n<td valign=\"middle\">Tempo de arranque (s):<\/td>\n<td valign=\"middle\">0,2s<\/td>\n<\/tr>\n<tr class=\"even\">\n<td valign=\"middle\" width=\"32\"><\/td>\n<td valign=\"middle\">Classe energ\u00e9tica (2021-EU-2019\/2015):<\/td>\n<td valign=\"middle\">A+<\/td>\n<\/tr>\n<tr class=\"odd\">\n<td valign=\"middle\" width=\"32\"><\/td>\n<td valign=\"middle\">Anos de garantia:<\/td>\n<td valign=\"middle\">3<\/td>\n<\/tr>\n<\/tbody>\n<\/table>\n<\/div>\n<\/div>\n<\/div><\/p>","protected":false},"excerpt":{"rendered":"<div class=\"col-md-12\"><i class=\"fa fa-truck\"><\/i>&nbsp;<span class=\"text-muted textprop\">Entrega em 24\/48 horas<\/span><div class=\"col-md-12\"><i class=\"fa fa-exchange\"><\/i>&nbsp;<span class=\"text-muted textprop\">Garantia do segurado<\/span><\/div><div class=\"col-md-12\"><i class=\"fa fa-box\"><\/i>&nbsp;<span class=\"text-muted textprop\">20 unidade(s) por Masterbox<\/span><\/div><\/div>","protected":false},"featured_media":5527,"template":"","meta":{"site-sidebar-layout":"default","site-content-layout":"default","ast-global-header-display":"","ast-main-header-display":"","ast-hfb-above-header-display":"","ast-hfb-below-header-display":"","ast-hfb-mobile-header-display":"","site-post-title":"","ast-breadcrumbs-content":"","ast-featured-img":"","footer-sml-layout":"","theme-transparent-header-meta":"default","adv-header-id-meta":"","stick-header-meta":"","header-above-stick-meta":"","header-main-stick-meta":"","header-below-stick-meta":""},"product_cat":[32,76],"product_tag":[],"class_list":["post-5518","product","type-product","status-publish","has-post-thumbnail","hentry","product_cat-iluminacion-comercial-para-tienda","product_cat-iluminacion-led-carril"],"yoast_head":"<!-- This site is optimized with the Yoast SEO plugin v27.4 - https:\/\/yoast.com\/product\/yoast-seo-wordpress\/ -->\n<title>Foco LED 30W VIENA Blanco Carril Monof\u00e1sico CRI +85 CCT - STARLED Iluminacion<\/title>\n<meta name=\"robots\" content=\"index, follow, max-snippet:-1, max-image-preview:large, max-video-preview:-1\" \/>\n<link rel=\"canonical\" href=\"https:\/\/starlediluminacion.com\/pt\/product\/foco-led-30w-viena-blanco-carril-monofasico-cri-85-cct\/\" \/>\n<meta property=\"og:locale\" content=\"pt_PT\" \/>\n<meta property=\"og:type\" content=\"article\" \/>\n<meta property=\"og:title\" content=\"Foco LED 30W VIENA Blanco Carril Monof\u00e1sico CRI +85 CCT - STARLED Iluminacion\" \/>\n<meta property=\"og:description\" content=\"\u00a0Entrega en 24\/48 horas \u00a0Garant\u00eda asegurada \u00a020 unidad(es) por Masterbox\" \/>\n<meta property=\"og:url\" content=\"https:\/\/starlediluminacion.com\/pt\/product\/foco-led-30w-viena-blanco-carril-monofasico-cri-85-cct\/\" \/>\n<meta property=\"og:site_name\" content=\"STARLED Iluminacion\" \/>\n<meta property=\"og:image\" content=\"https:\/\/starlediluminacion.com\/wp-content\/uploads\/2022\/08\/foco-led-30w-viena-blanco-carril-monofasico-factorled.jpg\" \/>\n\t<meta property=\"og:image:width\" content=\"1000\" \/>\n\t<meta property=\"og:image:height\" content=\"1000\" \/>\n\t<meta property=\"og:image:type\" content=\"image\/jpeg\" \/>\n<meta name=\"twitter:card\" content=\"summary_large_image\" \/>\n<meta name=\"twitter:label1\" content=\"Tempo estimado de leitura\" \/>\n\t<meta name=\"twitter:data1\" content=\"2 minutos\" \/>\n<script type=\"application\/ld+json\" class=\"yoast-schema-graph\">{\"@context\":\"https:\\\/\\\/schema.org\",\"@graph\":[{\"@type\":\"WebPage\",\"@id\":\"https:\\\/\\\/starlediluminacion.com\\\/fr\\\/product\\\/foco-led-30w-viena-blanco-carril-monofasico-cri-85-cct\\\/\",\"url\":\"https:\\\/\\\/starlediluminacion.com\\\/fr\\\/product\\\/foco-led-30w-viena-blanco-carril-monofasico-cri-85-cct\\\/\",\"name\":\"Foco LED 30W VIENA Blanco Carril Monof\u00e1sico CRI +85 CCT - STARLED Iluminacion\",\"isPartOf\":{\"@id\":\"https:\\\/\\\/starlediluminacion.com\\\/#website\"},\"primaryImageOfPage\":{\"@id\":\"https:\\\/\\\/starlediluminacion.com\\\/fr\\\/product\\\/foco-led-30w-viena-blanco-carril-monofasico-cri-85-cct\\\/#primaryimage\"},\"image\":{\"@id\":\"https:\\\/\\\/starlediluminacion.com\\\/fr\\\/product\\\/foco-led-30w-viena-blanco-carril-monofasico-cri-85-cct\\\/#primaryimage\"},\"thumbnailUrl\":\"https:\\\/\\\/starlediluminacion.com\\\/wp-content\\\/uploads\\\/2022\\\/08\\\/foco-led-30w-viena-blanco-carril-monofasico-factorled.jpg\",\"datePublished\":\"2022-08-12T13:04:14+00:00\",\"breadcrumb\":{\"@id\":\"https:\\\/\\\/starlediluminacion.com\\\/fr\\\/product\\\/foco-led-30w-viena-blanco-carril-monofasico-cri-85-cct\\\/#breadcrumb\"},\"inLanguage\":\"pt-PT\",\"potentialAction\":[{\"@type\":\"ReadAction\",\"target\":[\"https:\\\/\\\/starlediluminacion.com\\\/fr\\\/product\\\/foco-led-30w-viena-blanco-carril-monofasico-cri-85-cct\\\/\"]}]},{\"@type\":\"ImageObject\",\"inLanguage\":\"pt-PT\",\"@id\":\"https:\\\/\\\/starlediluminacion.com\\\/fr\\\/product\\\/foco-led-30w-viena-blanco-carril-monofasico-cri-85-cct\\\/#primaryimage\",\"url\":\"https:\\\/\\\/starlediluminacion.com\\\/wp-content\\\/uploads\\\/2022\\\/08\\\/foco-led-30w-viena-blanco-carril-monofasico-factorled.jpg\",\"contentUrl\":\"https:\\\/\\\/starlediluminacion.com\\\/wp-content\\\/uploads\\\/2022\\\/08\\\/foco-led-30w-viena-blanco-carril-monofasico-factorled.jpg\",\"width\":1000,\"height\":1000},{\"@type\":\"BreadcrumbList\",\"@id\":\"https:\\\/\\\/starlediluminacion.com\\\/fr\\\/product\\\/foco-led-30w-viena-blanco-carril-monofasico-cri-85-cct\\\/#breadcrumb\",\"itemListElement\":[{\"@type\":\"ListItem\",\"position\":1,\"name\":\"Portada\",\"item\":\"https:\\\/\\\/starlediluminacion.com\\\/\"},{\"@type\":\"ListItem\",\"position\":2,\"name\":\"Shop\",\"item\":\"https:\\\/\\\/starlediluminacion.com\\\/shop-2\\\/\"},{\"@type\":\"ListItem\",\"position\":3,\"name\":\"Foco LED 30W VIENA Blanco Carril Monof\u00e1sico CRI +85 CCT\"}]},{\"@type\":\"WebSite\",\"@id\":\"https:\\\/\\\/starlediluminacion.com\\\/#website\",\"url\":\"https:\\\/\\\/starlediluminacion.com\\\/\",\"name\":\"STARLED Iluminacion\",\"description\":\"\",\"potentialAction\":[{\"@type\":\"SearchAction\",\"target\":{\"@type\":\"EntryPoint\",\"urlTemplate\":\"https:\\\/\\\/starlediluminacion.com\\\/?s={search_term_string}\"},\"query-input\":{\"@type\":\"PropertyValueSpecification\",\"valueRequired\":true,\"valueName\":\"search_term_string\"}}],\"inLanguage\":\"pt-PT\"}]}<\/script>\n<!-- \/ Yoast SEO plugin. -->","yoast_head_json":{"title":"Foco LED 30W VIENA Blanco Carril Monof\u00e1sico CRI +85 CCT - STARLED Iluminacion","robots":{"index":"index","follow":"follow","max-snippet":"max-snippet:-1","max-image-preview":"max-image-preview:large","max-video-preview":"max-video-preview:-1"},"canonical":"https:\/\/starlediluminacion.com\/pt\/product\/foco-led-30w-viena-blanco-carril-monofasico-cri-85-cct\/","og_locale":"pt_PT","og_type":"article","og_title":"Foco LED 30W VIENA Blanco Carril Monof\u00e1sico CRI +85 CCT - STARLED Iluminacion","og_description":"\u00a0Entrega en 24\/48 horas \u00a0Garant\u00eda asegurada \u00a020 unidad(es) por Masterbox","og_url":"https:\/\/starlediluminacion.com\/pt\/product\/foco-led-30w-viena-blanco-carril-monofasico-cri-85-cct\/","og_site_name":"STARLED Iluminacion","og_image":[{"width":1000,"height":1000,"url":"https:\/\/starlediluminacion.com\/wp-content\/uploads\/2022\/08\/foco-led-30w-viena-blanco-carril-monofasico-factorled.jpg","type":"image\/jpeg"}],"twitter_card":"summary_large_image","twitter_misc":{"Tempo estimado de leitura":"2 minutos"},"schema":{"@context":"https:\/\/schema.org","@graph":[{"@type":"WebPage","@id":"https:\/\/starlediluminacion.com\/fr\/product\/foco-led-30w-viena-blanco-carril-monofasico-cri-85-cct\/","url":"https:\/\/starlediluminacion.com\/fr\/product\/foco-led-30w-viena-blanco-carril-monofasico-cri-85-cct\/","name":"Foco LED 30W VIENA Blanco Carril Monof\u00e1sico CRI +85 CCT - STARLED Iluminacion","isPartOf":{"@id":"https:\/\/starlediluminacion.com\/#website"},"primaryImageOfPage":{"@id":"https:\/\/starlediluminacion.com\/fr\/product\/foco-led-30w-viena-blanco-carril-monofasico-cri-85-cct\/#primaryimage"},"image":{"@id":"https:\/\/starlediluminacion.com\/fr\/product\/foco-led-30w-viena-blanco-carril-monofasico-cri-85-cct\/#primaryimage"},"thumbnailUrl":"https:\/\/starlediluminacion.com\/wp-content\/uploads\/2022\/08\/foco-led-30w-viena-blanco-carril-monofasico-factorled.jpg","datePublished":"2022-08-12T13:04:14+00:00","breadcrumb":{"@id":"https:\/\/starlediluminacion.com\/fr\/product\/foco-led-30w-viena-blanco-carril-monofasico-cri-85-cct\/#breadcrumb"},"inLanguage":"pt-PT","potentialAction":[{"@type":"ReadAction","target":["https:\/\/starlediluminacion.com\/fr\/product\/foco-led-30w-viena-blanco-carril-monofasico-cri-85-cct\/"]}]},{"@type":"ImageObject","inLanguage":"pt-PT","@id":"https:\/\/starlediluminacion.com\/fr\/product\/foco-led-30w-viena-blanco-carril-monofasico-cri-85-cct\/#primaryimage","url":"https:\/\/starlediluminacion.com\/wp-content\/uploads\/2022\/08\/foco-led-30w-viena-blanco-carril-monofasico-factorled.jpg","contentUrl":"https:\/\/starlediluminacion.com\/wp-content\/uploads\/2022\/08\/foco-led-30w-viena-blanco-carril-monofasico-factorled.jpg","width":1000,"height":1000},{"@type":"BreadcrumbList","@id":"https:\/\/starlediluminacion.com\/fr\/product\/foco-led-30w-viena-blanco-carril-monofasico-cri-85-cct\/#breadcrumb","itemListElement":[{"@type":"ListItem","position":1,"name":"Portada","item":"https:\/\/starlediluminacion.com\/"},{"@type":"ListItem","position":2,"name":"Shop","item":"https:\/\/starlediluminacion.com\/shop-2\/"},{"@type":"ListItem","position":3,"name":"Foco LED 30W VIENA Blanco Carril Monof\u00e1sico CRI +85 CCT"}]},{"@type":"WebSite","@id":"https:\/\/starlediluminacion.com\/#website","url":"https:\/\/starlediluminacion.com\/","name":"STARLED Iluminacion","description":"","potentialAction":[{"@type":"SearchAction","target":{"@type":"EntryPoint","urlTemplate":"https:\/\/starlediluminacion.com\/?s={search_term_string}"},"query-input":{"@type":"PropertyValueSpecification","valueRequired":true,"valueName":"search_term_string"}}],"inLanguage":"pt-PT"}]}},"_links":{"self":[{"href":"https:\/\/starlediluminacion.com\/pt\/wp-json\/wp\/v3\/product\/5518","targetHints":{"allow":["GET"]}}],"collection":[{"href":"https:\/\/starlediluminacion.com\/pt\/wp-json\/wp\/v3\/product"}],"about":[{"href":"https:\/\/starlediluminacion.com\/pt\/wp-json\/wp\/v2\/types\/product"}],"wp:featuredmedia":[{"embeddable":true,"href":"https:\/\/starlediluminacion.com\/pt\/wp-json\/wp\/v2\/media\/5527"}],"wp:attachment":[{"href":"https:\/\/starlediluminacion.com\/pt\/wp-json\/wp\/v2\/media?parent=5518"}],"wp:term":[{"taxonomy":"product_cat","embeddable":true,"href":"https:\/\/starlediluminacion.com\/pt\/wp-json\/wp\/v2\/product_cat?post=5518"},{"taxonomy":"product_tag","embeddable":true,"href":"https:\/\/starlediluminacion.com\/pt\/wp-json\/wp\/v2\/product_tag?post=5518"}],"curies":[{"name":"wp","href":"https:\/\/api.w.org\/{rel}","templated":true}]}}