{"id":5259,"date":"2022-08-12T10:34:37","date_gmt":"2022-08-12T10:34:37","guid":{"rendered":"https:\/\/starlediluminacion.com\/?post_type=product&#038;p=5259"},"modified":"2022-12-18T10:29:41","modified_gmt":"2022-12-18T10:29:41","slug":"foco-led-40w-madrid-blanco-philips-driver-carril-trifasico-especial-para-alimentacion","status":"publish","type":"product","link":"https:\/\/starlediluminacion.com\/pt\/product\/spot-led-40w-madrid-white-philips-driver-rail-three-phase-special-power-track\/","title":{"rendered":"<p>projetor led 40w madrid branco trif\u00e1sico condutor de carris especial para alimenta\u00e7\u00e3o<\/p>"},"content":{"rendered":"<p>n\u00famero de pe\u00e7a: sltlwphl40w-tri-alim<p>sobre&nbsp;<strong>projetor led madrid chip bridgelux 40w driver<\/strong>&nbsp;para&nbsp;<strong>calha el\u00e9ctrica trif\u00e1sica especial<\/strong>&nbsp;\u00e9 perfeita como uma luz de entoa\u00e7\u00e3o em qualquer sistema de ilumina\u00e7\u00e3o de vias, o que a torna ideal para destacar elementos espec\u00edficos, e tem um \u00e2ngulo de&nbsp;<strong>Abertura de 60\u00ba<\/strong>.<\/p><h3><strong>talhos, peixarias, mercearias e padarias<\/strong><\/h3><h3><strong>prazo de fabrico 5 a 7 dias \u00fateis<\/strong><\/h3><h1>projetor led 40w driver -<br>\n<strong>madrid - bridgelux chip -<\/strong>&nbsp;branco para via trif\u00e1sica - 60\u00ba - especial para alimenta\u00e7\u00e3o el\u00e9ctrica<\/h1><p>sobre&nbsp;<strong>chip bridgelux de madrid em destaque&nbsp;<\/strong>a partir de&nbsp;<strong>40w<\/strong>&nbsp;caracteriza-se por um design que se integra em qualquer estilo e por um excelente desempenho.&nbsp;<strong>projetor led madrid&nbsp;<\/strong><strong>chip bridgelux<\/strong>&nbsp;&nbsp; O driver \u00e9 ideal para iluminar qualquer lugar que se queira destacar, \u00e9 tamb\u00e9m perfeito para situa\u00e7\u00f5es em espa\u00e7os que procuram classe e distin\u00e7\u00e3o na sua rede de ilumina\u00e7\u00e3o.&nbsp;<strong>talhos, padarias, mercearias e peixarias<\/strong><\/p><p>a sua conce\u00e7\u00e3o crom\u00e1tica&nbsp;<strong>branco<\/strong>&nbsp;\u00e9 ideal para criar ambientes minimalistas, real\u00e7ando os espa\u00e7os que precisa de real\u00e7ar. a sua instala\u00e7\u00e3o \u00e9 simples, pode ser colocada em calha trif\u00e1sica, agora a decora\u00e7\u00e3o est\u00e1 nas suas m\u00e3os e da forma mais simples.<\/p><p>este produto foi fabricado para uma utiliza\u00e7\u00e3o especial em interiores, pelo que a sua prote\u00e7\u00e3o&nbsp;<strong>ip20<\/strong>.<\/p><p>nosso&nbsp;<strong>projetor LED<\/strong>&nbsp;<strong>madrid&nbsp;<\/strong>emiss\u00f5es&nbsp;<strong>4000 l\u00famenes<\/strong>&nbsp;(chip cob bridgelux dentro do 2240 ds-c30 4000lm) e poupa-nos at\u00e9&nbsp;<strong>90%<\/strong>&nbsp;A l\u00e2mpada \u00e9 capaz de suportar uma tens\u00e3o de&nbsp;<strong>85v a 265v.<\/strong><\/p><p>&nbsp;<\/p><ul>\n<li>\n<h4><em>uma vez efectuada a encomenda, o prazo de fabrico \u00e9 de 5 a 7 dias \u00fateis. em alguns casos, o prazo de fabrico pode ser alterado devido ao volume de encomendas.<\/em><\/h4>\n<\/li>\n<\/ul><h2>aplica\u00e7\u00f5es do driver do projetor led madrid&nbsp;<strong>chip bridgelux<\/strong>&nbsp;alimentos especiais<\/h2><ul>\n<li>supermercados<\/li>\n<li>centros comerciais<\/li>\n<li>galerias alimentares<\/li>\n<li>mercados<\/li>\n<li>pequena empresa<\/li>\n<\/ul><h3 class=\"page-product-heading\">pormenores t\u00e9cnicos<\/h3><div class=\"col-xs-12 col-md-6\">\n<table class=\"table table-data-sheet 1\">\n<tbody>\n<tr class=\"odd\">\n<td valign=\"middle\" width=\"32\"><\/td>\n<td valign=\"middle\">refer\u00eancia :<\/td>\n<td valign=\"middle\">sltlwphl40w-tri-alim<\/td>\n<\/tr>\n<tr class=\"even\">\n<td valign=\"middle\" width=\"32\"><\/td>\n<td valign=\"middle\">pot\u00eancia nominal :<\/td>\n<td valign=\"middle\">40w<\/td>\n<\/tr>\n<tr class=\"odd\">\n<td valign=\"middle\" width=\"32\"><\/td>\n<td valign=\"middle\">tens\u00e3o nominal:<\/td>\n<td valign=\"middle\">85-265v<\/td>\n<\/tr>\n<tr class=\"even\">\n<td valign=\"middle\" width=\"32\"><\/td>\n<td valign=\"middle\">cri - \u00edndice de reprodu\u00e7\u00e3o crom\u00e1tica:<\/td>\n<td valign=\"middle\">98<\/td>\n<\/tr>\n<tr class=\"odd\">\n<td valign=\"middle\" width=\"32\"><\/td>\n<td valign=\"middle\">material de constru\u00e7\u00e3o:<\/td>\n<td valign=\"middle\">alum\u00ednio +pmma<\/td>\n<\/tr>\n<tr class=\"even\">\n<td valign=\"middle\" width=\"32\"><\/td>\n<td valign=\"middle\">luminosidade-lm:<\/td>\n<td valign=\"middle\">4000<\/td>\n<\/tr>\n<tr class=\"odd\">\n<td valign=\"middle\" width=\"32\"><\/td>\n<td valign=\"middle\">tipo de LEDs:<\/td>\n<td valign=\"middle\">chip cob bridgelux no interior do 2240 ds-c30<\/td>\n<\/tr>\n<tr class=\"even\">\n<td valign=\"middle\" width=\"32\"><\/td>\n<td valign=\"middle\">\u00e2ngulo de abertura (\u00ba):<\/td>\n<td valign=\"middle\">60\u00ba<\/td>\n<\/tr>\n<tr class=\"odd\">\n<td valign=\"middle\" width=\"32\"><\/td>\n<td valign=\"middle\">efici\u00eancia do d\u00edodo LED (lm\/w):<\/td>\n<td valign=\"middle\">120 lm\/w<\/td>\n<\/tr>\n<tr class=\"even\">\n<td valign=\"middle\" width=\"32\"><\/td>\n<td valign=\"middle\">efic\u00e1cia luminosa (lm\/w):<\/td>\n<td valign=\"middle\">100 lm\/w<\/td>\n<\/tr>\n<tr class=\"odd\">\n<td valign=\"middle\" width=\"32\"><\/td>\n<td valign=\"middle\">certificados:<\/td>\n<td valign=\"middle\">ce - rohs<\/td>\n<\/tr>\n<tr class=\"even\">\n<td valign=\"middle\" width=\"32\"><\/td>\n<td valign=\"middle\">grau de ip:<\/td>\n<td valign=\"middle\">ip20<\/td>\n<\/tr>\n<tr class=\"odd\">\n<td valign=\"middle\" width=\"32\"><\/td>\n<td valign=\"middle\">dura\u00e7\u00e3o estimada do d\u00edodo de led (h):<\/td>\n<td valign=\"middle\">35.000<\/td>\n<\/tr>\n<\/tbody>\n<\/table>\n<\/div><div class=\"col-xs-12 col-md-6 2\">\n<table class=\"table table-data-sheet 2\">\n<tbody>\n<tr class=\"odd\">\n<td valign=\"middle\" width=\"32\"><\/td>\n<td valign=\"middle\">dimens\u00f5es (mm):<\/td>\n<td valign=\"middle\">160*105*190mm<\/td>\n<\/tr>\n<tr class=\"even\">\n<td valign=\"middle\" width=\"32\"><\/td>\n<td valign=\"middle\">fator de pot\u00eancia (pf):<\/td>\n<td valign=\"middle\">0.9<\/td>\n<\/tr>\n<tr class=\"odd\">\n<td valign=\"middle\" width=\"32\"><\/td>\n<td valign=\"middle\">frequ\u00eancia de funcionamento (hz):<\/td>\n<td valign=\"middle\">50\/60hz<\/td>\n<\/tr>\n<tr class=\"even\">\n<td valign=\"middle\" width=\"32\"><\/td>\n<td valign=\"middle\">gama de temperaturas (\u00baC):<\/td>\n<td valign=\"middle\">-20\u00ba ~ +40\u00ba.<\/td>\n<\/tr>\n<tr class=\"odd\">\n<td valign=\"middle\" width=\"32\"><\/td>\n<td valign=\"middle\">ciclos de igni\u00e7\u00e3o:<\/td>\n<td valign=\"middle\">100.000<\/td>\n<\/tr>\n<tr class=\"even\">\n<td valign=\"middle\" width=\"32\"><\/td>\n<td valign=\"middle\">tempo de arranque (s):<\/td>\n<td valign=\"middle\">0,2s<\/td>\n<\/tr>\n<tr class=\"odd\">\n<td valign=\"middle\" width=\"32\"><\/td>\n<td valign=\"middle\">informa\u00e7\u00f5es adicionais:<\/td>\n<td valign=\"middle\">pintura: akzonobel interpon 600 c33883<\/td>\n<\/tr>\n<tr class=\"even\">\n<td valign=\"middle\" width=\"32\"><\/td>\n<td valign=\"middle\">condutor inclu\u00eddo:<\/td>\n<td valign=\"middle\"> certadrive<\/td>\n<\/tr>\n<tr class=\"odd\">\n<td valign=\"middle\" width=\"32\"><\/td>\n<td valign=\"middle\">classe energ\u00e9tica (2021-EU-2019\/2015):<\/td>\n<td valign=\"middle\">a+<\/td>\n<\/tr>\n<tr class=\"even\">\n<td valign=\"middle\" width=\"32\"><\/td>\n<td valign=\"middle\">classe energ\u00e9tica (2023 - ue-2019\/2015):<\/td>\n<td valign=\"middle\">f<\/td>\n<\/tr>\n<tr class=\"odd\">\n<td valign=\"middle\" width=\"32\"><\/td>\n<td valign=\"middle\">anos de garantia:<\/td>\n<td valign=\"middle\">5<\/td>\n<\/tr>\n<tr class=\"even\">\n<td valign=\"middle\" width=\"32\"><\/td>\n<td valign=\"middle\">cor da carro\u00e7aria:<\/td>\n<td valign=\"middle\">branco<\/td>\n<\/tr>\n<\/tbody>\n<\/table>\n<p>&nbsp;<\/p>\n<\/div><\/p>","protected":false},"excerpt":{"rendered":"<div class=\"col-md-12\"><i class=\"fa fa-truck\"><\/i>&nbsp;<span class=\"text-muted textprop\">Entrega em 24\/48 horas<\/span><div class=\"col-md-12\"><i class=\"fa fa-exchange\"><\/i>&nbsp;<span class=\"text-muted textprop\">Garantia do segurado<\/span><\/div><div class=\"col-md-12\"><i class=\"fa fa-box\"><\/i>&nbsp;<span class=\"text-muted textprop\">10 unidade(s) por Masterbox<\/span><\/div><div><\/div><\/div>","protected":false},"featured_media":5267,"template":"","meta":{"site-sidebar-layout":"default","site-content-layout":"default","ast-global-header-display":"","ast-main-header-display":"","ast-hfb-above-header-display":"","ast-hfb-below-header-display":"","ast-hfb-mobile-header-display":"","site-post-title":"","ast-breadcrumbs-content":"","ast-featured-img":"","footer-sml-layout":"","theme-transparent-header-meta":"default","adv-header-id-meta":"","stick-header-meta":"","header-above-stick-meta":"","header-main-stick-meta":"","header-below-stick-meta":""},"product_cat":[32,76],"product_tag":[],"class_list":["post-5259","product","type-product","status-publish","has-post-thumbnail","hentry","product_cat-iluminacion-comercial-para-tienda","product_cat-iluminacion-led-carril"],"_links":{"self":[{"href":"https:\/\/starlediluminacion.com\/pt\/wp-json\/wp\/v3\/product\/5259","targetHints":{"allow":["GET"]}}],"collection":[{"href":"https:\/\/starlediluminacion.com\/pt\/wp-json\/wp\/v3\/product"}],"about":[{"href":"https:\/\/starlediluminacion.com\/pt\/wp-json\/wp\/v2\/types\/product"}],"wp:featuredmedia":[{"embeddable":true,"href":"https:\/\/starlediluminacion.com\/pt\/wp-json\/wp\/v2\/media\/5267"}],"wp:attachment":[{"href":"https:\/\/starlediluminacion.com\/pt\/wp-json\/wp\/v2\/media?parent=5259"}],"wp:term":[{"taxonomy":"product_cat","embeddable":true,"href":"https:\/\/starlediluminacion.com\/pt\/wp-json\/wp\/v2\/product_cat?post=5259"},{"taxonomy":"product_tag","embeddable":true,"href":"https:\/\/starlediluminacion.com\/pt\/wp-json\/wp\/v2\/product_tag?post=5259"}],"curies":[{"name":"wp","href":"https:\/\/api.w.org\/{rel}","templated":true}]}}