{"id":5219,"date":"2022-08-12T09:59:36","date_gmt":"2022-08-12T09:59:36","guid":{"rendered":"https:\/\/starlediluminacion.com\/?post_type=product&#038;p=5219"},"modified":"2022-12-18T10:42:48","modified_gmt":"2022-12-18T10:42:48","slug":"foco-led-30w-parma-negro-carril-monofasico-cri-92","status":"publish","type":"product","link":"https:\/\/starlediluminacion.com\/pt\/product\/spot-led-30w-parma-parma-black-track-monophasic-cri-92\/","title":{"rendered":"<p>Projector LED de 30W PARMA Preto Preto Faixa Monof\u00e1sica CRI +92<\/p>"},"content":{"rendered":"<p>N\u00daMERO DE PE\u00c7A: SLTLB30W-NW-90782<p>O nosso&nbsp;<strong>Projector LED PARMA 30W<\/strong>&nbsp;para&nbsp;<strong>Calha monof\u00e1sica<\/strong>&nbsp;\u00e9 perfeita como uma luz de entoa\u00e7\u00e3o em qualquer sistema de ilumina\u00e7\u00e3o de vias, o que a torna ideal para destacar elementos espec\u00edficos, e tem um \u00e2ngulo de&nbsp;<strong>48\u00ba abertura<\/strong>.<\/p><h1>Projector LED de 30W PARMA Preto Preto Faixa Monof\u00e1sica CRI +92<\/h1><p>O&nbsp;<strong>focar PARMA&nbsp;<\/strong>a partir de&nbsp;<strong>30w<\/strong>&nbsp;caracteriza-se por um design que se adequa a qualquer estilo e excelente desempenho. O&nbsp;<strong>Projector LED PARMA&nbsp;<\/strong>\u00e9 ideal para iluminar qualquer lugar que se queira destacar, \u00e9 tamb\u00e9m perfeito para situa\u00e7\u00f5es em espa\u00e7os que procuram classe e distin\u00e7\u00e3o na sua rede de ilumina\u00e7\u00e3o tamb\u00e9m t\u00eam o em diferentes temperaturas.&nbsp;<strong>3000k e 4000k<\/strong><\/p><p>O seu desenho crom\u00e1tico&nbsp;<strong>preto&nbsp;<\/strong>\u00e9 ideal para criar atmosferas minimalistas ao mesmo tempo que se destacam os espa\u00e7os a destacar. \u00c9 f\u00e1cil de instalar e pode ser colocado em&nbsp;<strong>carril<\/strong>&nbsp;<strong>monof\u00e1sico<\/strong>Agora a decora\u00e7\u00e3o est\u00e1 nas suas m\u00e3os e da forma mais simples.<\/p><p>Este produto foi fabricado para uso especial em interiores, portanto a sua protec\u00e7\u00e3o&nbsp;<strong>IP20<\/strong>.<\/p><p>O nosso&nbsp;<strong>Reflector LED<\/strong>&nbsp;emiss\u00f5es&nbsp;<strong>3900 l\u00famenes<\/strong>&nbsp;e poupa at\u00e9&nbsp;<strong>90%<\/strong>&nbsp;na nossa conta. O Spotlight \u00e9 capaz de resistir a uma tens\u00e3o de&nbsp;<strong>175V a 265V.<\/strong><\/p><h2>Utiliza\u00e7\u00f5es do Projector LED Preto PARMA 30W Spotlight Monof\u00e1sico CRI +92<\/h2><ul>\n<li>Montras de lojas<\/li>\n<li>Escrit\u00f3rios<\/li>\n<li>Galerias de arte<\/li>\n<li>Museus<\/li>\n<\/ul><h3 class=\"page-product-heading\">DADOS T\u00c9CNICOS<\/h3><div class=\"col-xs-12 col-md-6\">\n<table class=\"table table-data-sheet 1\">\n<tbody>\n<tr class=\"odd\">\n<td valign=\"middle\" width=\"32\"><\/td>\n<td valign=\"middle\">REFER\u00caNCIA :<\/td>\n<td valign=\"middle\">SLTLB30W-NW<\/td>\n<\/tr>\n<tr class=\"even\">\n<td valign=\"middle\" width=\"32\"><\/td>\n<td valign=\"middle\">Pot\u00eancia nominal :<\/td>\n<td valign=\"middle\">30W<\/td>\n<\/tr>\n<tr class=\"odd\">\n<td valign=\"middle\" width=\"32\"><\/td>\n<td valign=\"middle\">Tens\u00e3o Nominal:<\/td>\n<td valign=\"middle\">175-265V<\/td>\n<\/tr>\n<tr class=\"even\">\n<td valign=\"middle\" width=\"32\"><\/td>\n<td valign=\"middle\">Temperatura ligeira:<\/td>\n<td valign=\"middle\">3000K - 4000K<\/td>\n<\/tr>\n<tr class=\"odd\">\n<td valign=\"middle\" width=\"32\"><\/td>\n<td valign=\"middle\">CRI - Colour Rendering Index:<\/td>\n<td valign=\"middle\">92<\/td>\n<\/tr>\n<tr class=\"even\">\n<td valign=\"middle\" width=\"32\"><\/td>\n<td valign=\"middle\">Material de constru\u00e7\u00e3o:<\/td>\n<td valign=\"middle\">Alum\u00ednio +PMMA<\/td>\n<\/tr>\n<tr class=\"odd\">\n<td valign=\"middle\" width=\"32\"><\/td>\n<td valign=\"middle\">Luminosidade-Lm:<\/td>\n<td valign=\"middle\">3900Lm<\/td>\n<\/tr>\n<tr class=\"even\">\n<td valign=\"middle\" width=\"32\"><\/td>\n<td valign=\"middle\">Tipo de LEDs:<\/td>\n<td valign=\"middle\">COB Bridgelux Chip 1530 DS-C30<\/td>\n<\/tr>\n<tr class=\"odd\">\n<td valign=\"middle\" width=\"32\"><\/td>\n<td valign=\"middle\">\u00c2ngulo de abertura (\u00ba):<\/td>\n<td valign=\"middle\">48\u00ba<\/td>\n<\/tr>\n<tr class=\"even\">\n<td valign=\"middle\" width=\"32\"><\/td>\n<td valign=\"middle\">Efici\u00eancia dos d\u00edodos LED (Lm\/W):<\/td>\n<td valign=\"middle\">130Lm\/W<\/td>\n<\/tr>\n<tr class=\"odd\">\n<td valign=\"middle\" width=\"32\"><\/td>\n<td valign=\"middle\">Efic\u00e1cia luminosa (Lm\/W):<\/td>\n<td valign=\"middle\">110Lm\/W<\/td>\n<\/tr>\n<\/tbody>\n<\/table>\n<\/div><div class=\"col-xs-12 col-md-6 2\">\n<table class=\"table table-data-sheet 2\">\n<tbody>\n<tr class=\"odd\">\n<td valign=\"middle\" width=\"32\"><\/td>\n<td valign=\"middle\">Certificados:<\/td>\n<td valign=\"middle\">CE - ROHS<\/td>\n<\/tr>\n<tr class=\"even\">\n<td valign=\"middle\" width=\"32\"><\/td>\n<td valign=\"middle\">Classifica\u00e7\u00e3o IP:<\/td>\n<td valign=\"middle\">IP20<\/td>\n<\/tr>\n<tr class=\"odd\">\n<td valign=\"middle\" width=\"32\"><\/td>\n<td valign=\"middle\">Dimens\u00f5es (mm):<\/td>\n<td valign=\"middle\">160x90mm<\/td>\n<\/tr>\n<tr class=\"even\">\n<td valign=\"middle\" width=\"32\"><\/td>\n<td valign=\"middle\">Factor de pot\u00eancia (PF):<\/td>\n<td valign=\"middle\">0.92<\/td>\n<\/tr>\n<tr class=\"odd\">\n<td valign=\"middle\" width=\"32\"><\/td>\n<td valign=\"middle\">Frequ\u00eancia de trabalho (Hz):<\/td>\n<td valign=\"middle\">50\/60Hz<\/td>\n<\/tr>\n<tr class=\"even\">\n<td valign=\"middle\" width=\"32\"><\/td>\n<td valign=\"middle\">Gama de temperaturas (\u00baC):<\/td>\n<td valign=\"middle\">-20\u00b0C ~ +55\u00b0C<\/td>\n<\/tr>\n<tr class=\"odd\">\n<td valign=\"middle\" width=\"32\"><\/td>\n<td valign=\"middle\">Ciclos de Igni\u00e7\u00e3o:<\/td>\n<td valign=\"middle\">100.000<\/td>\n<\/tr>\n<tr class=\"even\">\n<td valign=\"middle\" width=\"32\"><\/td>\n<td valign=\"middle\">Tempo de arranque (s):<\/td>\n<td valign=\"middle\">0,2s<\/td>\n<\/tr>\n<tr class=\"odd\">\n<td valign=\"middle\" width=\"32\"><\/td>\n<td valign=\"middle\">Condutor inclu\u00eddo:<\/td>\n<td valign=\"middle\">SEM CINTILADOR - SEM CINTILA\u00c7\u00c3O<\/td>\n<\/tr>\n<tr class=\"even\">\n<td valign=\"middle\" width=\"32\"><\/td>\n<td valign=\"middle\">Classe energ\u00e9tica (2021-EU-2019\/2015):<\/td>\n<td valign=\"middle\">A+<\/td>\n<\/tr>\n<tr class=\"odd\">\n<td valign=\"middle\" width=\"32\"><\/td>\n<td valign=\"middle\">Anos de garantia:<\/td>\n<td valign=\"middle\">3<\/td>\n<\/tr>\n<\/tbody>\n<\/table>\n<\/div><\/p>","protected":false},"excerpt":{"rendered":"<div class=\"col-md-12\"><i class=\"fa fa-truck\"><\/i>&nbsp;<span class=\"text-muted textprop\">Entrega em 24\/48 horas<\/span><div class=\"col-md-12\"><i class=\"fa fa-exchange\"><\/i>&nbsp;<span class=\"text-muted textprop\">Garantia do segurado<\/span><\/div><div class=\"col-md-12\"><i class=\"fa fa-box\"><\/i>&nbsp;<span class=\"text-muted textprop\">20 unidade(s) por Masterbox<\/span><\/div><div><strong>TEMPERATURA DE COR: 3000K\/4000K<\/strong><\/div><\/div>","protected":false},"featured_media":5224,"template":"","meta":{"site-sidebar-layout":"default","site-content-layout":"default","ast-global-header-display":"","ast-main-header-display":"","ast-hfb-above-header-display":"","ast-hfb-below-header-display":"","ast-hfb-mobile-header-display":"","site-post-title":"","ast-breadcrumbs-content":"","ast-featured-img":"","footer-sml-layout":"","theme-transparent-header-meta":"default","adv-header-id-meta":"","stick-header-meta":"","header-above-stick-meta":"","header-main-stick-meta":"","header-below-stick-meta":""},"product_cat":[32,76],"product_tag":[],"class_list":["post-5219","product","type-product","status-publish","has-post-thumbnail","hentry","product_cat-iluminacion-comercial-para-tienda","product_cat-iluminacion-led-carril"],"_links":{"self":[{"href":"https:\/\/starlediluminacion.com\/pt\/wp-json\/wp\/v3\/product\/5219","targetHints":{"allow":["GET"]}}],"collection":[{"href":"https:\/\/starlediluminacion.com\/pt\/wp-json\/wp\/v3\/product"}],"about":[{"href":"https:\/\/starlediluminacion.com\/pt\/wp-json\/wp\/v2\/types\/product"}],"wp:featuredmedia":[{"embeddable":true,"href":"https:\/\/starlediluminacion.com\/pt\/wp-json\/wp\/v2\/media\/5224"}],"wp:attachment":[{"href":"https:\/\/starlediluminacion.com\/pt\/wp-json\/wp\/v2\/media?parent=5219"}],"wp:term":[{"taxonomy":"product_cat","embeddable":true,"href":"https:\/\/starlediluminacion.com\/pt\/wp-json\/wp\/v2\/product_cat?post=5219"},{"taxonomy":"product_tag","embeddable":true,"href":"https:\/\/starlediluminacion.com\/pt\/wp-json\/wp\/v2\/product_tag?post=5219"}],"curies":[{"name":"wp","href":"https:\/\/api.w.org\/{rel}","templated":true}]}}