{"id":5207,"date":"2022-08-12T09:37:14","date_gmt":"2022-08-12T09:37:14","guid":{"rendered":"https:\/\/starlediluminacion.com\/?post_type=product&#038;p=5207"},"modified":"2025-10-18T09:28:19","modified_gmt":"2025-10-18T09:28:19","slug":"foco-led-75w-lineal-arendal-philips-xitanium-blanco-carril-trifasico-58cm","status":"publish","type":"product","link":"https:\/\/starlediluminacion.com\/pt\/product\/holofote-led-75w-lineal-arendal-philips-xitanium-branco-carril-trifasico-58cm\/","title":{"rendered":"<p>projetor led arendal 75w linear xitanium branco trif\u00e1sico - 58cm<\/p>"},"content":{"rendered":"<div class=\"product-info-line\">\n<p id=\"product_reference\"><label>referencia: slt07a58<br>\n<\/label><\/p>\n<p>sobre&nbsp;<strong>foco led lineal -arendal- &nbsp; xitanium&nbsp; -de 58cm y 75w<\/strong>&nbsp;para&nbsp;<strong>carril trif\u00e1sico<\/strong>&nbsp;\u00e9 perfeito como luz de entona\u00e7\u00e3o em qualquer sistema de ilumina\u00e7\u00e3o de calha, tornando-o perfeito para destacar o seu neg\u00f3cio, enquanto poupa at\u00e9 85% do seu dinheiro em eletricidade.<\/p>\n<h1>foco led 75w lineal arendal &nbsp; xitanium&nbsp;blanco carril trif&aacute;sico &ndash; 58cm&nbsp;&ndash; 90&ordm;+da25&ordm;<\/h1>\n<p>sobre&nbsp;<strong>foco&nbsp;led arendal&nbsp;<\/strong>a partir de&nbsp;<strong>75w&nbsp;<\/strong>caracteriza-se por um design que se integra em qualquer estilo e por um excelente desempenho.&nbsp;<strong>projetor LED<\/strong><strong>&nbsp;<\/strong>\u00e9 ideal para iluminar qualquer local que se pretenda real\u00e7ar, \u00e9 tamb\u00e9m perfeito para situa\u00e7\u00f5es em espa\u00e7os que procurem classe e distin\u00e7\u00e3o na sua rede de ilumina\u00e7\u00e3o, tendo tamb\u00e9m a possibilidade de o fazer em diferentes temperaturas.<\/p>\n<p>a sua conce\u00e7\u00e3o crom\u00e1tica&nbsp;<strong>branco<\/strong>&nbsp;es ideal para crear ambientes minimalistas mientras resaltas los espacios que necesites destacar. su instalaci&oacute;n es sencilla para ser colocado en&nbsp;el soporte trif&aacute;sico, ahora la decoraci&oacute;n esta en tus manos y del modo m&aacute;s sencillo.<\/p>\n<p>este produto foi fabricado para uma utiliza\u00e7\u00e3o especial em interiores, pelo que a sua prote\u00e7\u00e3o&nbsp;<strong>ip20&nbsp;<\/strong>e gra\u00e7as \u00e0 sua&nbsp;<strong>&aacute;ngulo de 90&ordm;+da25&ordm;<\/strong>&nbsp;pode iluminar grandes espa\u00e7os e poupar na sua fatura de eletricidade.<\/p>\n<p>nosso&nbsp;<strong>projetor LED<\/strong>&nbsp;lineal arendal&nbsp;consigue que ahorremos hasta un 85% en nuestra factura.<\/p>\n<p>el foco led lineal arendal dispone de un selector en donde podr&aacute;s cambiar la potencia entre un rango de 40w a 75w (40w &ndash; 45w &ndash; 50w &ndash; 55w &ndash; 60w &ndash; 65w &ndash; 70w &ndash; 75w)<\/p>\n<h2>usos para&nbsp;foco led 66w lineal arendal&nbsp;&nbsp; xitanium&nbsp; blanco carril trif&aacute;sico &ndash; 150cm:<\/h2>\n<ul>\n<li>montras<\/li>\n<li>escrit\u00f3rios<\/li>\n<li>galerias de arte<\/li>\n<li>museus<\/li>\n<li>supermercados<\/li>\n<li>hipermercados<\/li>\n<li>galer&iacute;as de alimentaci&oacute;n<\/li>\n<\/ul>\n<h3 class=\"page-product-heading\">pormenores t\u00e9cnicos<\/h3>\n<div class=\"col-xs-12 col-md-6\">\n<table class=\"table table-data-sheet 1\">\n<tbody>\n<tr class=\"odd\">\n<td valign=\"middle\" width=\"32\"><\/td>\n<td valign=\"middle\">refer\u00eancia :<\/td>\n<td valign=\"middle\">slt07a58<\/td>\n<\/tr>\n<tr class=\"even\">\n<td valign=\"middle\" width=\"32\"><\/td>\n<td valign=\"middle\">pot\u00eancia nominal :<\/td>\n<td valign=\"middle\">40w - 45w - 50w - 55w - 55w - 60w - 65w - 70w - 75w<\/td>\n<\/tr>\n<tr class=\"odd\">\n<td valign=\"middle\" width=\"32\"><\/td>\n<td valign=\"middle\">tens\u00e3o nominal:<\/td>\n<td valign=\"middle\">220-240v<\/td>\n<\/tr>\n<tr class=\"even\">\n<td valign=\"middle\" width=\"32\"><\/td>\n<td valign=\"middle\">temperatura da luz:<\/td>\n<td valign=\"middle\">4000k-6000k<\/td>\n<\/tr>\n<tr class=\"odd\">\n<td valign=\"middle\" width=\"32\"><\/td>\n<td valign=\"middle\">cri - \u00edndice de reprodu\u00e7\u00e3o crom\u00e1tica:<\/td>\n<td valign=\"middle\">80<\/td>\n<\/tr>\n<tr class=\"even\">\n<td valign=\"middle\" width=\"32\"><\/td>\n<td valign=\"middle\">material de constru\u00e7\u00e3o:<\/td>\n<td valign=\"middle\">alum\u00ednio +pmma<\/td>\n<\/tr>\n<tr class=\"odd\">\n<td valign=\"middle\" width=\"32\"><\/td>\n<td valign=\"middle\">luminosidade-lm:<\/td>\n<td valign=\"middle\">75w: 10500lm<\/td>\n<\/tr>\n<tr class=\"even\">\n<td valign=\"middle\" width=\"32\"><\/td>\n<td valign=\"middle\">tipo de LEDs:<\/td>\n<td valign=\"middle\">smd2835 bridgelux chip<\/td>\n<\/tr>\n<tr class=\"odd\">\n<td valign=\"middle\" width=\"32\"><\/td>\n<td valign=\"middle\">\u00e2ngulo de abertura (\u00ba):<\/td>\n<td valign=\"middle\">asymmetric: 90&ordm; + da25&ordm;<\/td>\n<\/tr>\n<tr class=\"even\">\n<td valign=\"middle\" width=\"32\"><\/td>\n<td valign=\"middle\">efici\u00eancia do d\u00edodo LED (lm\/w):<\/td>\n<td valign=\"middle\">160 lm\/w<\/td>\n<\/tr>\n<tr class=\"odd\">\n<td valign=\"middle\" width=\"32\"><\/td>\n<td valign=\"middle\">efic\u00e1cia luminosa (lm\/w):<\/td>\n<td valign=\"middle\">140 lm\/w<\/td>\n<\/tr>\n<tr class=\"even\">\n<td valign=\"middle\" width=\"32\"><\/td>\n<td valign=\"middle\">certificados:<\/td>\n<td valign=\"middle\">enec tuv cb gs ce rohs<\/td>\n<\/tr>\n<tr class=\"odd\">\n<td valign=\"middle\" width=\"32\"><\/td>\n<td valign=\"middle\">grau de ip:<\/td>\n<td valign=\"middle\">ip20<\/td>\n<\/tr>\n<\/tbody>\n<\/table>\n<\/div>\n<div class=\"col-xs-12 col-md-6 2\">\n<table class=\"table table-data-sheet 2\">\n<tbody>\n<tr class=\"odd\">\n<td valign=\"middle\" width=\"32\"><\/td>\n<td valign=\"middle\">dura\u00e7\u00e3o estimada do d\u00edodo de led (h):<\/td>\n<td valign=\"middle\">35.000<\/td>\n<\/tr>\n<tr class=\"even\">\n<td valign=\"middle\" width=\"32\"><\/td>\n<td valign=\"middle\">dimens\u00f5es (mm):<\/td>\n<td valign=\"middle\">630x240x160mm<\/td>\n<\/tr>\n<tr class=\"odd\">\n<td valign=\"middle\" width=\"32\"><\/td>\n<td valign=\"middle\">fator de pot\u00eancia (pf):<\/td>\n<td valign=\"middle\">0.98<\/td>\n<\/tr>\n<tr class=\"even\">\n<td valign=\"middle\" width=\"32\"><\/td>\n<td valign=\"middle\">frequ\u00eancia de funcionamento (hz):<\/td>\n<td valign=\"middle\">50\/60hz<\/td>\n<\/tr>\n<tr class=\"odd\">\n<td valign=\"middle\" width=\"32\"><\/td>\n<td valign=\"middle\">gama de temperaturas (\u00baC):<\/td>\n<td valign=\"middle\">-20\u00ba ~ +40\u00ba.<\/td>\n<\/tr>\n<tr class=\"even\">\n<td valign=\"middle\" width=\"32\"><\/td>\n<td valign=\"middle\">ciclos de igni\u00e7\u00e3o:<\/td>\n<td valign=\"middle\">100.000<\/td>\n<\/tr>\n<tr class=\"odd\">\n<td valign=\"middle\" width=\"32\"><\/td>\n<td valign=\"middle\">tempo de arranque (s):<\/td>\n<td valign=\"middle\">0,2s<\/td>\n<\/tr>\n<tr class=\"even\">\n<td valign=\"middle\" width=\"32\"><\/td>\n<td valign=\"middle\">prote\u00e7\u00e3o contra impactos (ik):<\/td>\n<td valign=\"middle\">ik10<\/td>\n<\/tr>\n<tr class=\"odd\">\n<td valign=\"middle\" width=\"32\"><\/td>\n<td valign=\"middle\">condutor inclu\u00eddo:<\/td>\n<td valign=\"middle\"> xit\u00e2nio 100.000h.<\/td>\n<\/tr>\n<tr class=\"even\">\n<td valign=\"middle\" width=\"32\"><\/td>\n<td valign=\"middle\">classe energ\u00e9tica (2021-EU-2019\/2015):<\/td>\n<td valign=\"middle\">a+<\/td>\n<\/tr>\n<tr class=\"odd\">\n<td valign=\"middle\" width=\"32\"><\/td>\n<td valign=\"middle\">anos de garantia:<\/td>\n<td valign=\"middle\">5<\/td>\n<\/tr>\n<tr class=\"even\">\n<td valign=\"middle\" width=\"32\"><\/td>\n<td valign=\"middle\">cor da carro\u00e7aria:<\/td>\n<td valign=\"middle\">branco<\/td>\n<\/tr>\n<\/tbody>\n<\/table>\n<\/div>\n<\/div>","protected":false},"excerpt":{"rendered":"<div class=\"col-md-12\"><i class=\"fa fa-truck\"><\/i>&nbsp;<span class=\"text-muted textprop\">Entrega em 24\/48 horas<\/span><div class=\"col-md-12\"><i class=\"fa fa-exchange\"><\/i>&nbsp;<span class=\"text-muted textprop\">Garantia do segurado<\/span><\/div><div class=\"col-md-12\"><i class=\"fa fa-box\"><\/i>&nbsp;<span class=\"text-muted textprop\">6 unidade(s) por Masterbox<\/span><\/div><\/div>","protected":false},"featured_media":0,"template":"","meta":{"site-sidebar-layout":"default","site-content-layout":"default","ast-global-header-display":"","ast-main-header-display":"","ast-hfb-above-header-display":"","ast-hfb-below-header-display":"","ast-hfb-mobile-header-display":"","site-post-title":"","ast-breadcrumbs-content":"","ast-featured-img":"","footer-sml-layout":"","theme-transparent-header-meta":"default","adv-header-id-meta":"","stick-header-meta":"","header-above-stick-meta":"","header-main-stick-meta":"","header-below-stick-meta":""},"product_cat":[32,76],"product_tag":[],"class_list":["post-5207","product","type-product","status-publish","hentry","product_cat-iluminacion-comercial-para-tienda","product_cat-iluminacion-led-carril"],"_links":{"self":[{"href":"https:\/\/starlediluminacion.com\/pt\/wp-json\/wp\/v3\/product\/5207","targetHints":{"allow":["GET"]}}],"collection":[{"href":"https:\/\/starlediluminacion.com\/pt\/wp-json\/wp\/v3\/product"}],"about":[{"href":"https:\/\/starlediluminacion.com\/pt\/wp-json\/wp\/v2\/types\/product"}],"wp:attachment":[{"href":"https:\/\/starlediluminacion.com\/pt\/wp-json\/wp\/v2\/media?parent=5207"}],"wp:term":[{"taxonomy":"product_cat","embeddable":true,"href":"https:\/\/starlediluminacion.com\/pt\/wp-json\/wp\/v2\/product_cat?post=5207"},{"taxonomy":"product_tag","embeddable":true,"href":"https:\/\/starlediluminacion.com\/pt\/wp-json\/wp\/v2\/product_tag?post=5207"}],"curies":[{"name":"wp","href":"https:\/\/api.w.org\/{rel}","templated":true}]}}