{"id":5166,"date":"2022-08-12T08:46:49","date_gmt":"2022-08-12T08:46:49","guid":{"rendered":"https:\/\/starlediluminacion.com\/?post_type=product&#038;p=5166"},"modified":"2025-10-18T09:59:30","modified_gmt":"2025-10-18T09:59:30","slug":"driver-philips-xitanium-para-luminarias-led-de-hasta-200w-2800-ma-5-anos-garantia","status":"publish","type":"product","link":"https:\/\/starlediluminacion.com\/pt\/product\/driver-philips-xitanium-para-luminarias-led-de-hasta-200w-2800-ma-5-anos-garantia\/","title":{"rendered":"<p>driver  xitanium para luminarias led de hasta 200w &ndash; 2800 ma &ndash; 5 a&ntilde;os garantia<\/p>"},"content":{"rendered":"<div class=\"product-info-line\">\n<p id=\"product_reference\"><label>referencia: slxitanium-200w<br>\n<\/label><\/p>\n<p>sobre<strong>&nbsp;driver xitanium&nbsp;<\/strong>para lumin\u00e1rias<strong>&nbsp;led de 200w,<\/strong>&nbsp;est\u00e1 preparado para<strong>&nbsp;100.000 horas.&nbsp;<\/strong>prote\u00e7\u00e3o contra sobretens\u00f5es incorporada no pr\u00f3prio controlador.<\/p>\n<p>entrada: ac198-264v&nbsp; salida dc71-21v<\/p>\n<p>iout: 2.8-5.6adc&nbsp; (amperios dc)<\/p>\n<h1>driver  xitanium para luminarias led de hasta 200w &ndash; 2800ma &ndash; 5 a&ntilde;os garant&iacute;a<\/h1>\n<p>&nbsp;<\/p>\n<p>a&nbsp;<strong>xit\u00e2nio para mergulhadores <\/strong>&nbsp;s\u00e3o especificamente concebidos para m\u00e1xima fiabilidade e flexibilidade em aplica\u00e7\u00f5es exteriores de baixa tens\u00e3o.<\/p>\n<p>est\u00e3o equipados com um protetor contra sobretens\u00f5es, estes mergulhadores s\u00e3o muito dur\u00e1veis com um&nbsp;<strong>vida \u00fatil de 100.000 horas<\/strong>&nbsp;que proporcionam um desempenho elevado e constante das lumin\u00e1rias, mesmo ap\u00f3s v\u00e1rios impactos indirectos de raios (prote\u00e7\u00e3o especial para utiliza\u00e7\u00e3o no exterior).<\/p>\n<p>&nbsp;<\/p>\n<h2><strong>benef\u00edcios:<\/strong><\/h2>\n<p>? a sa\u00edda de baixa tens\u00e3o \/ alta corrente \u00e9 adequada para a aplica\u00e7\u00e3o da lumin\u00e1ria<br>\nde cadeias de LED ligadas em paralelo.<\/p>\n<p>? o inv\u00f3lucro sendo&nbsp;<strong>ip65<\/strong>&nbsp;pode ser colocado diretamente no exterior.<\/p>\n<p>? solu\u00e7\u00e3o r\u00e1pida sem necessidade de remodela\u00e7\u00e3o da lumin\u00e1ria (ideal para aplica\u00e7\u00f5es de ilumina\u00e7\u00e3o de t\u00faneis).<\/p>\n<p>? aoc (<strong>corrente de sa\u00edda ajust\u00e1vel<\/strong>) permite a total flexibilidade de emitir diferentes fluxos para especifica\u00e7\u00e3o em diferentes projectos.<\/p>\n<p>? regula\u00e7\u00e3o f\u00e1cil da corrente\/tens\u00e3o de sa\u00edda atrav\u00e9s de uma simples chave de fendas.<\/p>\n<p>? especifica\u00e7\u00f5es robustas para prote\u00e7\u00e3o contra humidade, vibra\u00e7\u00f5es e temperaturas extremas.<\/p>\n<p>? alta qualidade da luz durante o ciclo de vida do condutor.<\/p>\n<h2><\/h2>\n<h2>aplicaciones del driver  xitanium para luminarias led de hasta 200w &ndash; 2800ma &ndash; 5 a&ntilde;os garant&iacute;a<\/h2>\n<p>? ilumina\u00e7\u00e3o de ruas e estradas.<br>\n? ilumina\u00e7\u00e3o de grandes \u00e1reas.<br>\n? ilumina\u00e7\u00e3o do t\u00fanel.<br>\n? ilumina\u00e7\u00e3o a grande altitude.<\/p>\n<h3 class=\"page-product-heading\">pormenores t\u00e9cnicos<\/h3>\n<div class=\"col-xs-12 col-md-6\">\n<table class=\"table table-data-sheet 1\">\n<tbody>\n<tr class=\"odd\">\n<td valign=\"middle\" width=\"32\"><\/td>\n<td valign=\"middle\">refer\u00eancia :<\/td>\n<td valign=\"middle\">slxitanium-200w<\/td>\n<\/tr>\n<tr class=\"even\">\n<td valign=\"middle\" width=\"32\"><\/td>\n<td valign=\"middle\">pot\u00eancia nominal :<\/td>\n<td valign=\"middle\">200w<\/td>\n<\/tr>\n<tr class=\"odd\">\n<td valign=\"middle\" width=\"32\"><\/td>\n<td valign=\"middle\">tens\u00e3o nominal:<\/td>\n<td valign=\"middle\">198-264v<\/td>\n<\/tr>\n<tr class=\"even\">\n<td valign=\"middle\" width=\"32\"><\/td>\n<td valign=\"middle\">material de constru\u00e7\u00e3o:<\/td>\n<td valign=\"middle\">alum\u00ednio<\/td>\n<\/tr>\n<tr class=\"odd\">\n<td valign=\"middle\" width=\"32\"><\/td>\n<td valign=\"middle\">certificados:<\/td>\n<td valign=\"middle\">ce - enec 05 - ccc - rohs<\/td>\n<\/tr>\n<tr class=\"even\">\n<td valign=\"middle\" width=\"32\"><\/td>\n<td valign=\"middle\">grau de ip:<\/td>\n<td valign=\"middle\">ip65-externo<\/td>\n<\/tr>\n<\/tbody>\n<\/table>\n<\/div>\n<div class=\"col-xs-12 col-md-6 2\">\n<table class=\"table table-data-sheet 2\">\n<tbody>\n<tr class=\"odd\">\n<td valign=\"middle\" width=\"32\"><\/td>\n<td valign=\"middle\">dimens\u00f5es (mm):<\/td>\n<td valign=\"middle\">230*65*h45mm<\/td>\n<\/tr>\n<tr class=\"even\">\n<td valign=\"middle\" width=\"32\"><\/td>\n<td valign=\"middle\">fator de pot\u00eancia (pf):<\/td>\n<td valign=\"middle\">0.99<\/td>\n<\/tr>\n<tr class=\"odd\">\n<td valign=\"middle\" width=\"32\"><\/td>\n<td valign=\"middle\">frequ\u00eancia de funcionamento (hz):<\/td>\n<td valign=\"middle\">50\/60hz<\/td>\n<\/tr>\n<tr class=\"even\">\n<td valign=\"middle\" width=\"32\"><\/td>\n<td valign=\"middle\">gama de temperaturas (\u00baC):<\/td>\n<td valign=\"middle\">-40&ordm;c +50&ordm;c<\/td>\n<\/tr>\n<tr class=\"odd\">\n<td valign=\"middle\" width=\"32\"><\/td>\n<td valign=\"middle\">informa\u00e7\u00f5es adicionais:<\/td>\n<td valign=\"middle\">inside: ac220-240v &ndash; outside: dc71-21v &mdash; 2.8a-5.6adc<\/td>\n<\/tr>\n<tr class=\"even\">\n<td valign=\"middle\" width=\"32\"><\/td>\n<td valign=\"middle\">anos de garantia:<\/td>\n<td valign=\"middle\"> xitanium 5 anos<\/td>\n<\/tr>\n<\/tbody>\n<\/table>\n<p>&nbsp;<\/p>\n<\/div>\n<\/div>","protected":false},"excerpt":{"rendered":"<div class=\"col-md-12\"><i class=\"fa fa-truck\"><\/i>&nbsp;<span class=\"text-muted textprop\">Entrega em 24\/48 horas<\/span><div class=\"col-md-12\"><i class=\"fa fa-exchange\"><\/i>&nbsp;<span class=\"text-muted textprop\">Garantia do segurado<\/span><\/div><div class=\"col-md-12\"><i class=\"fa fa-box\"><\/i>&nbsp;<span class=\"text-muted textprop\">1 unidade(s) por Masterbox<\/span><\/div><\/div>","protected":false},"featured_media":0,"template":"","meta":{"site-sidebar-layout":"default","site-content-layout":"default","ast-global-header-display":"","ast-main-header-display":"","ast-hfb-above-header-display":"","ast-hfb-below-header-display":"","ast-hfb-mobile-header-display":"","site-post-title":"","ast-breadcrumbs-content":"","ast-featured-img":"","footer-sml-layout":"","theme-transparent-header-meta":"default","adv-header-id-meta":"","stick-header-meta":"","header-above-stick-meta":"","header-main-stick-meta":"","header-below-stick-meta":""},"product_cat":[75,35],"product_tag":[],"class_list":["post-5166","product","type-product","status-publish","hentry","product_cat-drivers-led","product_cat-fuentes-de-alimentacion-y-driver"],"_links":{"self":[{"href":"https:\/\/starlediluminacion.com\/pt\/wp-json\/wp\/v3\/product\/5166","targetHints":{"allow":["GET"]}}],"collection":[{"href":"https:\/\/starlediluminacion.com\/pt\/wp-json\/wp\/v3\/product"}],"about":[{"href":"https:\/\/starlediluminacion.com\/pt\/wp-json\/wp\/v2\/types\/product"}],"wp:attachment":[{"href":"https:\/\/starlediluminacion.com\/pt\/wp-json\/wp\/v2\/media?parent=5166"}],"wp:term":[{"taxonomy":"product_cat","embeddable":true,"href":"https:\/\/starlediluminacion.com\/pt\/wp-json\/wp\/v2\/product_cat?post=5166"},{"taxonomy":"product_tag","embeddable":true,"href":"https:\/\/starlediluminacion.com\/pt\/wp-json\/wp\/v2\/product_tag?post=5166"}],"curies":[{"name":"wp","href":"https:\/\/api.w.org\/{rel}","templated":true}]}}