{"id":4966,"date":"2022-08-11T18:45:30","date_gmt":"2022-08-11T18:45:30","guid":{"rendered":"https:\/\/starlediluminacion.com\/?post_type=product&#038;p=4966"},"modified":"2022-08-11T18:45:31","modified_gmt":"2022-08-11T18:45:31","slug":"fuente-alimentacion-profesional-12v-100w-ecoled-ip20-tuv","status":"publish","type":"product","link":"https:\/\/starlediluminacion.com\/pt\/product\/fuente-alimentacion-profesional-12v-100w-ecoled-ip20-tuv\/","title":{"rendered":"<p>Alimenta\u00e7\u00e3o PROFISSIONAL 12V 100W - ECOLED - IP20 - T\u00dcV<\/p>"},"content":{"rendered":"<div class=\"product-info-line\">\n<p id=\"product_reference\"><label>REFERENCIA: SLFAECOLED100W12V<br>\n<\/label><\/p>\n<p><strong>Transformador profissional&nbsp;<\/strong>a partir de&nbsp;<strong>100W&nbsp;<\/strong>a&nbsp;<strong>12&nbsp;voltios<\/strong>da prestigiada marca&nbsp;<strong>ECOLED<\/strong>&nbsp;LUZNEGRA&nbsp;con la capacidad de convertir la corriente alterna en corriente continua.&nbsp;Cuenta tambien con&nbsp;<strong>Certificado T\u00dcV. Produto para utiliza\u00e7\u00e3o 24 horas\/365 dias por ano.&nbsp;<\/strong>&nbsp;<strong>5 anos de garantia.<\/strong><\/p>\n<h1>Fuente Alimentaci&oacute;n 12V 100W &ndash; ECOLED &ndash; IP20-T&Uuml;V<\/h1>\n<p dir=\"ltr\">Isto<strong>&nbsp;fonte de alimenta\u00e7\u00e3o<\/strong>&nbsp;<strong>ECOLED<\/strong>&nbsp;permite-lhe converter a corrente alternada (CA) proveniente da rede el\u00e9ctrica em corrente cont\u00ednua proveniente da rede el\u00e9ctrica.&nbsp;<strong>24 volts.<\/strong>&nbsp;Tem uma pot\u00eancia de&nbsp;<strong>100W<\/strong>.<\/p>\n<p dir=\"ltr\">A sua caixa torna-o um produto resistente aos choques, mas leve.<\/p>\n<p dir=\"ltr\">O produto est\u00e1 protegido contra sobrecarga e curto-circuito.<\/p>\n<p dir=\"ltr\">Este produto tem todas as&nbsp;<strong>Certificados CE, ROHS e T\u00dcV<\/strong>&nbsp;que garante a elevada qualidade do produto: em conformidade com as normas europeias de ilumina\u00e7\u00e3o EN-61347-1-2-13, EN-61547, EN-61000-3-2, EN-62384, EN-55015.<\/p>\n<p>&nbsp;<\/p>\n<h2 dir=\"ltr\">Usos de la fuente Alimentaci&oacute;n 12V 100W &ndash; ECOLED &ndash; IP20<\/h2>\n<p dir=\"ltr\">Embora as suas utiliza\u00e7\u00f5es sejam diversas, s\u00e3o mais frequentemente utilizadas na instala\u00e7\u00e3o de sistemas de ilumina\u00e7\u00e3o constitu\u00eddos por tiras.&nbsp;<strong>LED<\/strong>.<\/p>\n<h3 class=\"page-product-heading\">DADOS T\u00c9CNICOS<\/h3>\n<div class=\"col-xs-12 col-md-6\">\n<table class=\"table table-data-sheet 1\">\n<tbody>\n<tr class=\"odd\">\n<td valign=\"middle\" width=\"32\"><\/td>\n<td valign=\"middle\">REFER\u00caNCIA :<\/td>\n<td valign=\"middle\">SLFAECOLED100W12V<\/td>\n<\/tr>\n<tr class=\"even\">\n<td valign=\"middle\" width=\"32\"><\/td>\n<td valign=\"middle\">Pot\u00eancia nominal :<\/td>\n<td valign=\"middle\">100w<\/td>\n<\/tr>\n<tr class=\"odd\">\n<td valign=\"middle\" width=\"32\"><\/td>\n<td valign=\"middle\">Tens\u00e3o Nominal:<\/td>\n<td valign=\"middle\">85V-265V<\/td>\n<\/tr>\n<tr class=\"even\">\n<td valign=\"middle\" width=\"32\"><\/td>\n<td valign=\"middle\">Material de constru\u00e7\u00e3o:<\/td>\n<td valign=\"middle\">Termopl\u00e1stico retardador de chamas<\/td>\n<\/tr>\n<tr class=\"odd\">\n<td valign=\"middle\" width=\"32\"><\/td>\n<td valign=\"middle\">Certificados:<\/td>\n<td valign=\"middle\">CE - ROHS<\/td>\n<\/tr>\n<tr class=\"even\">\n<td valign=\"middle\" width=\"32\"><\/td>\n<td valign=\"middle\">Classifica\u00e7\u00e3o IP:<\/td>\n<td valign=\"middle\">IP20<\/td>\n<\/tr>\n<tr class=\"odd\">\n<td valign=\"middle\" width=\"32\"><\/td>\n<td valign=\"middle\">D\u00edodo LED de vida estimada (H):<\/td>\n<td valign=\"middle\">50.000<\/td>\n<\/tr>\n<tr class=\"even\">\n<td valign=\"middle\" width=\"32\"><\/td>\n<td valign=\"middle\">Dimens\u00f5es (mm):<\/td>\n<td valign=\"middle\">300x38x30mm<\/td>\n<\/tr>\n<\/tbody>\n<\/table>\n<\/div>\n<div class=\"col-xs-12 col-md-6 2\">\n<table class=\"table table-data-sheet 2\">\n<tbody>\n<tr class=\"odd\">\n<td valign=\"middle\" width=\"32\"><\/td>\n<td valign=\"middle\">Factor de pot\u00eancia (PF):<\/td>\n<td valign=\"middle\">0,95<\/td>\n<\/tr>\n<tr class=\"even\">\n<td valign=\"middle\" width=\"32\"><\/td>\n<td valign=\"middle\">Frequ\u00eancia de trabalho (Hz):<\/td>\n<td valign=\"middle\">50\/60Hz<\/td>\n<\/tr>\n<tr class=\"odd\">\n<td valign=\"middle\" width=\"32\"><\/td>\n<td valign=\"middle\">Gama de temperaturas (\u00baC):<\/td>\n<td valign=\"middle\">-20\u00b0C ~ +55\u00b0C<\/td>\n<\/tr>\n<tr class=\"even\">\n<td valign=\"middle\" width=\"32\"><\/td>\n<td valign=\"middle\">Ciclos de Igni\u00e7\u00e3o:<\/td>\n<td valign=\"middle\">100.000<\/td>\n<\/tr>\n<tr class=\"odd\">\n<td valign=\"middle\" width=\"32\"><\/td>\n<td valign=\"middle\">Tempo de arranque (s):<\/td>\n<td valign=\"middle\">0,2s<\/td>\n<\/tr>\n<tr class=\"even\">\n<td valign=\"middle\" width=\"32\"><\/td>\n<td valign=\"middle\">Classe energ\u00e9tica (2021-EU-2019\/2015):<\/td>\n<td valign=\"middle\">A++<\/td>\n<\/tr>\n<tr class=\"odd\">\n<td valign=\"middle\" width=\"32\"><\/td>\n<td valign=\"middle\">Anos de garantia:<\/td>\n<td valign=\"middle\">5<\/td>\n<\/tr>\n<\/tbody>\n<\/table>\n<p>&nbsp;<\/p>\n<\/div>\n<\/div>","protected":false},"excerpt":{"rendered":"<div class=\"col-md-12\"><i class=\"fa fa-truck\"><\/i>&nbsp;<span class=\"text-muted textprop\">Entrega em 24\/48 horas<\/span><div class=\"col-md-12\"><i class=\"fa fa-exchange\"><\/i>&nbsp;<span class=\"text-muted textprop\">Garantia do segurado<\/span><\/div><div class=\"col-md-12\"><i class=\"fa fa-box\"><\/i>&nbsp;<span class=\"text-muted textprop\">30 unidade(s) por Masterbox<\/span><\/div><\/div>","protected":false},"featured_media":4968,"template":"","meta":{"site-sidebar-layout":"default","site-content-layout":"default","ast-global-header-display":"","ast-main-header-display":"","ast-hfb-above-header-display":"","ast-hfb-below-header-display":"","ast-hfb-mobile-header-display":"","site-post-title":"","ast-breadcrumbs-content":"","ast-featured-img":"","footer-sml-layout":"","theme-transparent-header-meta":"default","adv-header-id-meta":"","stick-header-meta":"","header-above-stick-meta":"","header-main-stick-meta":"","header-below-stick-meta":""},"product_cat":[73,35],"product_tag":[],"class_list":["post-4966","product","type-product","status-publish","has-post-thumbnail","hentry","product_cat-fuentes-12v","product_cat-fuentes-de-alimentacion-y-driver"],"_links":{"self":[{"href":"https:\/\/starlediluminacion.com\/pt\/wp-json\/wp\/v3\/product\/4966","targetHints":{"allow":["GET"]}}],"collection":[{"href":"https:\/\/starlediluminacion.com\/pt\/wp-json\/wp\/v3\/product"}],"about":[{"href":"https:\/\/starlediluminacion.com\/pt\/wp-json\/wp\/v2\/types\/product"}],"wp:featuredmedia":[{"embeddable":true,"href":"https:\/\/starlediluminacion.com\/pt\/wp-json\/wp\/v2\/media\/4968"}],"wp:attachment":[{"href":"https:\/\/starlediluminacion.com\/pt\/wp-json\/wp\/v2\/media?parent=4966"}],"wp:term":[{"taxonomy":"product_cat","embeddable":true,"href":"https:\/\/starlediluminacion.com\/pt\/wp-json\/wp\/v2\/product_cat?post=4966"},{"taxonomy":"product_tag","embeddable":true,"href":"https:\/\/starlediluminacion.com\/pt\/wp-json\/wp\/v2\/product_tag?post=4966"}],"curies":[{"name":"wp","href":"https:\/\/api.w.org\/{rel}","templated":true}]}}