{"id":4806,"date":"2022-08-11T13:13:08","date_gmt":"2022-08-11T13:13:08","guid":{"rendered":"https:\/\/starlediluminacion.com\/?post_type=product&#038;p=4806"},"modified":"2022-08-13T17:39:52","modified_gmt":"2022-08-13T17:39:52","slug":"foco-proyector-exterior-led-90w-ip65-rgbw-dmx-water","status":"publish","type":"product","link":"https:\/\/starlediluminacion.com\/pt\/product\/projetor-de-exterior-com-leds-90w-ip65-rgbw-dmx-water\/","title":{"rendered":"<p>Projetor LED de exterior 90W - IP65 - RGB+W DMX WATER<\/p>"},"content":{"rendered":"<div class=\"product-info-line\">\n<p id=\"product_reference\"><label>REFER\u00caNCIA: SL<span style=\"font-size: 16px;\">7906<\/span><\/label><\/p>\n<div class=\"hidden-xs parrafo\">\n<p>Poderoso&nbsp;<strong>Projetor LED de 90w<\/strong>&nbsp;<strong>a partir de<\/strong>&nbsp;<strong>EXTERIOR RGB+W<\/strong>. Disp\u00f5e de 9 LEDs de 10W (RGB+W) com controlo: autom\u00e1tico, por&nbsp;<strong>DMX<\/strong>por som, por Master\/Slave, com conectores para utiliza\u00e7\u00e3o no exterior&nbsp;<strong>IP65<\/strong>&nbsp;de parafusos roscados herm\u00e9ticos.<\/p>\n<\/div>\n<div id=\"views_block\" class=\"clearfix\">\n<div id=\"thumbs_list\">\n<h1>Projetor LED para exterior 90W RGB+W DMX WATER<\/h1>\n<p>O efeito da luz&nbsp;<strong>RGB+W<\/strong>&nbsp;deste tipo de&nbsp;<strong>Projector<\/strong>&nbsp;\u00e9 um grande canh\u00e3o de raios&nbsp;<strong>Led<\/strong>&nbsp;a partir de&nbsp;<strong>alta pot\u00eancia<\/strong>gra\u00e7as \u00e0 sua&nbsp;<strong>90w<\/strong>&nbsp;e a sua afina\u00e7\u00e3o de cores misturada com a suavidade dos rebordos pode dar um grande espet\u00e1culo a qualquer tipo de evento e em todos os tipos de espa\u00e7os, especialmente para&nbsp;<strong>fora<\/strong>.<\/p>\n<p>Caracter\u00edsticas:<\/p>\n<ul>\n<li>90W: 9 x 10W RGB+W LEDs<\/li>\n<li>RGBW 4 em 1<\/li>\n<li>DMX: 4\/8 canais<\/li>\n<li>Modos de funcionamento: DMX 512, autom\u00e1tico, controlado por som, mestre-escravo<\/li>\n<li>Cabos isolados<\/li>\n<li>Conectores com parafusos roscados.<\/li>\n<li>Prote\u00e7\u00e3o: IP65<\/li>\n<\/ul>\n<p>Os seus 9 LEDs RGBW 10W eficientes proporcionam uma pot\u00eancia superior e s\u00e3o 4 em 1 (cada LED fornece as 4 cores).<\/p>\n<p>Tem um modo autom\u00e1tico,&nbsp;<strong>controlado<\/strong>&nbsp;por som, escravo, ou tamb\u00e9m pode ser controlado por&nbsp;<strong>DMX<\/strong>. Disp\u00f5e de dois modos de controlo, 4 ou 8 canais.<\/p>\n<p>Atrav\u00e9s do seu visor de tr\u00eas caracteres, e gra\u00e7as aos seus quatro bot\u00f5es, pode facilmente mudar o modo de funcionamento, bem como regular as cores e a intensidade. Com o Water 90, pode iluminar o terra\u00e7o das suas instala\u00e7\u00f5es, sem medo da chuva, ou o jardim da sua casa.<\/p>\n<p>Os seus 90 watts de pot\u00eancia permitem-lhe ser utilizado numa grande variedade de situa\u00e7\u00f5es, bem como a sua prote\u00e7\u00e3o.&nbsp;<strong>IP65<\/strong>O novo design, que permite a sua utiliza\u00e7\u00e3o nas condi\u00e7\u00f5es climat\u00e9ricas mais adversas.<\/p>\n<h2>Usos do Holofote LED para Exterior 90W RGB+W DMX WATER<\/h2>\n<ul>\n<li>Discotecas<\/li>\n<li>Feiras<\/li>\n<li>Pubs<\/li>\n<li>Salas de baile<\/li>\n<li>Cen\u00e1rios<\/li>\n<li>Eventos<\/li>\n<\/ul>\n<h3 class=\"page-product-heading\">DADOS T\u00c9CNICOS<\/h3>\n<div class=\"col-xs-12 col-md-6\">\n<table class=\"table table-data-sheet 1\">\n<tbody>\n<tr class=\"odd\">\n<td valign=\"middle\" width=\"32\"><\/td>\n<td valign=\"middle\">REFER\u00caNCIA :<\/td>\n<td valign=\"middle\">SL7906<\/td>\n<\/tr>\n<tr class=\"even\">\n<td valign=\"middle\" width=\"32\"><\/td>\n<td valign=\"middle\">Pot\u00eancia nominal :<\/td>\n<td valign=\"middle\">90w<\/td>\n<\/tr>\n<tr class=\"odd\">\n<td valign=\"middle\" width=\"32\"><\/td>\n<td valign=\"middle\">Tens\u00e3o Nominal:<\/td>\n<td valign=\"middle\">85V-265V<\/td>\n<\/tr>\n<tr class=\"even\">\n<td valign=\"middle\" width=\"32\"><\/td>\n<td valign=\"middle\">Temperatura ligeira:<\/td>\n<td valign=\"middle\">RGBW<\/td>\n<\/tr>\n<tr class=\"odd\">\n<td valign=\"middle\" width=\"32\"><\/td>\n<td valign=\"middle\">Material de constru\u00e7\u00e3o:<\/td>\n<td valign=\"middle\">Alum\u00ednio +PC<\/td>\n<\/tr>\n<tr class=\"even\">\n<td valign=\"middle\" width=\"32\"><\/td>\n<td valign=\"middle\">Tipo de LEDs:<\/td>\n<td valign=\"middle\">1RGBWx10W<\/td>\n<\/tr>\n<tr class=\"odd\">\n<td valign=\"middle\" width=\"32\"><\/td>\n<td valign=\"middle\">\u00c2ngulo de abertura (\u00ba):<\/td>\n<td valign=\"middle\">20\u00ba<\/td>\n<\/tr>\n<tr class=\"even\">\n<td valign=\"middle\" width=\"32\"><\/td>\n<td valign=\"middle\">Dimit\u00e1vel:<\/td>\n<td valign=\"middle\">DMX<\/td>\n<\/tr>\n<tr class=\"odd\">\n<td valign=\"middle\" width=\"32\"><\/td>\n<td valign=\"middle\">Certificados:<\/td>\n<td valign=\"middle\">CE - ROHS<\/td>\n<\/tr>\n<\/tbody>\n<\/table>\n<\/div>\n<div class=\"col-xs-12 col-md-6 2\">\n<table class=\"table table-data-sheet 2\">\n<tbody>\n<tr class=\"odd\">\n<td valign=\"middle\" width=\"32\"><\/td>\n<td valign=\"middle\">Classifica\u00e7\u00e3o IP:<\/td>\n<td valign=\"middle\">IP65-Outdoor<\/td>\n<\/tr>\n<tr class=\"even\">\n<td valign=\"middle\" width=\"32\"><\/td>\n<td valign=\"middle\">D\u00edodo LED de vida estimada (H):<\/td>\n<td valign=\"middle\">30.000<\/td>\n<\/tr>\n<tr class=\"odd\">\n<td valign=\"middle\" width=\"32\"><\/td>\n<td valign=\"middle\">Frequ\u00eancia de trabalho (Hz):<\/td>\n<td valign=\"middle\">50\/60Hz<\/td>\n<\/tr>\n<tr class=\"even\">\n<td valign=\"middle\" width=\"32\"><\/td>\n<td valign=\"middle\">Gama de temperaturas (\u00baC):<\/td>\n<td valign=\"middle\">-20\u00b0C ~ +55\u00b0C<\/td>\n<\/tr>\n<tr class=\"odd\">\n<td valign=\"middle\" width=\"32\"><\/td>\n<td valign=\"middle\">Ciclos de Igni\u00e7\u00e3o:<\/td>\n<td valign=\"middle\">100.000<\/td>\n<\/tr>\n<tr class=\"even\">\n<td valign=\"middle\" width=\"32\"><\/td>\n<td valign=\"middle\">Modos de controlo:<\/td>\n<td valign=\"middle\">DMX<\/td>\n<\/tr>\n<tr class=\"odd\">\n<td valign=\"middle\" width=\"32\"><\/td>\n<td valign=\"middle\">Classe energ\u00e9tica (2021-EU-2019\/2015):<\/td>\n<td valign=\"middle\">A+<\/td>\n<\/tr>\n<tr class=\"even\">\n<td valign=\"middle\" width=\"32\"><\/td>\n<td valign=\"middle\">Anos de garantia:<\/td>\n<td valign=\"middle\">2<\/td>\n<\/tr>\n<\/tbody>\n<\/table>\n<\/div>\n<\/div>\n<\/div>\n<\/div>","protected":false},"excerpt":{"rendered":"<div class=\"col-md-12\"><i class=\"fa fa-truck\"><\/i>&nbsp;<span class=\"text-muted textprop\">Entrega em 24\/48 horas<\/span><div class=\"col-md-12\"><i class=\"fa fa-exchange\"><\/i>&nbsp;<span class=\"text-muted textprop\">Garantia do segurado<\/span><\/div><div class=\"col-md-12\"><i class=\"fa fa-box\"><\/i>&nbsp;<span class=\"text-muted textprop\">1 unidade(s) por Masterbox<\/span><\/div><\/div>","protected":false},"featured_media":4812,"template":"","meta":{"site-sidebar-layout":"default","site-content-layout":"default","ast-global-header-display":"","ast-main-header-display":"","ast-hfb-above-header-display":"","ast-hfb-below-header-display":"","ast-hfb-mobile-header-display":"","site-post-title":"","ast-breadcrumbs-content":"","ast-featured-img":"","footer-sml-layout":"","theme-transparent-header-meta":"default","adv-header-id-meta":"","stick-header-meta":"","header-above-stick-meta":"","header-main-stick-meta":"","header-below-stick-meta":""},"product_cat":[83,34,28],"product_tag":[],"class_list":["post-4806","product","type-product","status-publish","has-post-thumbnail","hentry","product_cat-foco-proyector-serie-rgb","product_cat-iluminacion-espectaculos-led","product_cat-proyectores-led-exterior-y-jardin"],"_links":{"self":[{"href":"https:\/\/starlediluminacion.com\/pt\/wp-json\/wp\/v3\/product\/4806","targetHints":{"allow":["GET"]}}],"collection":[{"href":"https:\/\/starlediluminacion.com\/pt\/wp-json\/wp\/v3\/product"}],"about":[{"href":"https:\/\/starlediluminacion.com\/pt\/wp-json\/wp\/v2\/types\/product"}],"wp:featuredmedia":[{"embeddable":true,"href":"https:\/\/starlediluminacion.com\/pt\/wp-json\/wp\/v2\/media\/4812"}],"wp:attachment":[{"href":"https:\/\/starlediluminacion.com\/pt\/wp-json\/wp\/v2\/media?parent=4806"}],"wp:term":[{"taxonomy":"product_cat","embeddable":true,"href":"https:\/\/starlediluminacion.com\/pt\/wp-json\/wp\/v2\/product_cat?post=4806"},{"taxonomy":"product_tag","embeddable":true,"href":"https:\/\/starlediluminacion.com\/pt\/wp-json\/wp\/v2\/product_tag?post=4806"}],"curies":[{"name":"wp","href":"https:\/\/api.w.org\/{rel}","templated":true}]}}