{"id":4620,"date":"2022-08-11T10:10:13","date_gmt":"2022-08-11T10:10:13","guid":{"rendered":"https:\/\/starlediluminacion.com\/?post_type=product&#038;p=4620"},"modified":"2022-08-11T10:10:13","modified_gmt":"2022-08-11T10:10:13","slug":"regleta-lineal-led-mini-munich-plata-0-44m-0-94m-144m-1-94m-ip54","status":"publish","type":"product","link":"https:\/\/starlediluminacion.com\/pt\/product\/regleta-lineal-led-mini-munich-plata-0-44m-0-94m-144m-1-94m-ip54\/","title":{"rendered":"<p>Regleta Lineal LED &ndash; MINI MUNICH PLATA &ndash; 0.44m &ndash; 0.94m &ndash; 1,44m &ndash; 1.94m &ndash; IP54<\/p>"},"content":{"rendered":"<p>REFERENCIA: SLR-16002-P<p>O nosso&nbsp;<strong>Lumin\u00e1ria profissional<\/strong>&nbsp;linear<strong>&nbsp;- Ajust\u00e1vel<\/strong>&nbsp;<strong>&ndash; Munich Mini Plata-<\/strong>&nbsp;foi concebido para uma utiliza\u00e7\u00e3o intensiva 24 horas ininterruptas. O nosso&nbsp;<strong>bloco de tomadas el\u00e9ctricas de teto montado \u00e0 superf\u00edcie<\/strong>&nbsp;\u00e9&nbsp;<strong>feito na Europa<\/strong>para satisfazer as suas necessidades. Alum\u00ednio extrudido 98% pureza, a fonte de luz IP67 fornece 1500 l\u00famenes por metro - 140 leds\/metro SMD 2835 ?&nbsp;&nbsp;<strong>Ajust\u00e1vel por TRIAC.  5 anos de garantia.<\/strong><\/p><p dir=\"ltr\"><strong>O tempo de produ\u00e7\u00e3o \u00e9 de 5 a 7 dias \u00fateis.<\/strong><\/p><p>O nosso difusor \u00e9 o MICRO PRISMA TRANSPARENT - UGR19-.<\/p><h1>Regleta Lineal LED para Superficie &ndash; &nbsp;MINI<br>\nMUNICH PLATA<\/h1><p>Os nossos visores lineares LED -&nbsp;<strong>MUNIQUE MINI<\/strong>&nbsp;- \u00e9 uma gama vers\u00e1til e intemporal, pode ser o protagonista na concep\u00e7\u00e3o do interior de um espa\u00e7o ou adaptar-se a ele. Gra\u00e7as aos diferentes tamanhos e cores dispon\u00edveis, pode proporcionar uma grande variedade de sensa\u00e7\u00f5es visuais que definir\u00e3o o espa\u00e7o a partir de uma nova perspectiva.<\/p><p>Dispon\u00edvel em v\u00e1rios comprimentos e em vers\u00f5es suspensas ou montadas no tecto para se adaptar a diferentes necessidades e alturas de instala\u00e7\u00e3o. As lumin\u00e1rias, com at\u00e9 2 metros de comprimento, tornam-se belos vest\u00edgios de luz que moldam o espa\u00e7o.<\/p><p>O LED linear<strong>&nbsp;-MUNICH MINI<\/strong>&nbsp;&nbsp;desenha linhas homog\u00e9neas de luz que se adaptam a uma grande variedade de espa\u00e7os com um impacto visual m\u00ednimo, resolvendo tanto as necessidades de ilumina\u00e7\u00e3o geral como a ilumina\u00e7\u00e3o de planos verticais.<\/p><p>O seu design combina difusores de alta transmit\u00e2ncia que proporcionam um elevado conforto visual e efici\u00eancia energ\u00e9tica.<\/p><p>O nosso<strong>&nbsp;lumin\u00e1ria linear profissional LED<\/strong>&nbsp;possui uma fonte de luz de longa dura\u00e7\u00e3o, utilizando apenas 17% da pot\u00eancia nominal dos seus d\u00edodos LED (d\u00edodos de 0,6W que funcionam a apenas 0,1W), garantindo que, mesmo trabalhando 24 horas ininterruptas, a fonte de luz n\u00e3o aquece, funcionando de forma eficiente e eficaz, prolongando assim a vida \u00fatil da lumin\u00e1ria at\u00e9 50.000 horas.<\/p><p>A fonte de luz da nossa lumin\u00e1ria linear LED incorpora 140 Leds\/metro de&nbsp;<strong>alta luminosidade<\/strong>&nbsp;<strong>SMD2835<\/strong>&nbsp;1500lm\/metro; os d\u00edodos LED incorporam uma soldadura dupla de fio de ouro para uma maior dura\u00e7\u00e3o e fiabilidade. N\u00edvel de flikler muito baixo.<\/p><p>A nossa lumin\u00e1ria&nbsp;<strong>tamb\u00e9m pode ser utilizado em zonas de elevada humidade&nbsp;<\/strong>porque a sua fonte de luz IP67 \u00e9 isolada com silicone de alta qualidade (UC Classe F1 UL94 e sem COV), o que evita o amarelecimento e as fissuras ao longo dos anos.<\/p><p>A lumin\u00e1ria \u00e9 ligada diretamente a 220v, n\u00e3o necessitando de uma fonte de alimenta\u00e7\u00e3o nem de uma ponte rectificadora. O consumo da lumin\u00e1ria \u00e9 de 7W para 44cm; 14W para 94cm; 21W para 144cm; e 28W para 194cm. A lumin\u00e1ria LED \u00e9 fabricada em alum\u00ednio de alta pureza 6063\/6060 (98%), com tratamento t\u00e9rmico UNE EN 755 e UNE EN 12020-1.<\/p><p>O revestimento da lumin\u00e1ria \u00e9 de&nbsp;<strong>alta resist\u00eancia e qualidade<\/strong>&nbsp;e tem textura Preto e Branco - Qualicoat -, e prata anodizada - Qualanod - com 15 microns de espessura para uma longa dura\u00e7\u00e3o.<\/p><p>A lumin\u00e1ria, mediante pedido por correio eletr\u00f3nico, pode ser fabricada com v\u00e1rias op\u00e7\u00f5es de difusores: Opal, Preto e Branco, Micro Prisma transparente (UGR&lt;19), Micro Prisma Opal (UGR&lt;17).<\/p><p>A nossa lumin\u00e1ria linear LED -<strong>MUNIQUE MINI-<\/strong>&nbsp; Como \u00e9 feita \u00e0 medida, oferece v\u00e1rias possibilidades de escolha entre uma ilumina\u00e7\u00e3o mais quente, neutra ou fria, e acabamentos anodizados em prata, branco e preto. A lumin\u00e1ria \u00e9 fabricada \u00e0 m\u00e3o na Europa, \u00e0 medida do cliente, pelo que este produto n\u00e3o admite devolu\u00e7\u00f5es, uma vez que se trata de um produto feito \u00e0 medida.<\/p><p dir=\"ltr\">O tempo de produ\u00e7\u00e3o \u00e9 de 5 a 7 dias \u00fateis.<\/p><p>As nossas lumin\u00e1rias lineares podem ser unidas e transformadas numa&nbsp;<strong>lumin\u00e1ria de efeito cont\u00ednuo<\/strong>&nbsp;com o acess\u00f3rio correspondente.<\/p><p>&nbsp;<\/p><h2>Usos de la L&aacute;mpara&nbsp;Regleta Lineal LED &ndash; MUNICH MINI PLATA<\/h2><ul>\n<li>Lojas<\/li>\n<li>Exposi\u00e7\u00f5es<\/li>\n<li>Ind\u00fastrias<\/li>\n<li>Escrit\u00f3rios<\/li>\n<li>Agregados dom\u00e9sticos<\/li>\n<\/ul><h3 class=\"page-product-heading\">DADOS T\u00c9CNICOS<\/h3><div class=\"col-xs-12 col-md-6\">\n<table class=\"table table-data-sheet 1\">\n<tbody>\n<tr class=\"odd\">\n<td valign=\"middle\" width=\"32\"><\/td>\n<td valign=\"middle\">REFER\u00caNCIA :<\/td>\n<td valign=\"middle\">SLR-16002-P<\/td>\n<\/tr>\n<tr class=\"even\">\n<td valign=\"middle\" width=\"32\"><\/td>\n<td valign=\"middle\">Pot\u00eancia nominal :<\/td>\n<td valign=\"middle\">7W 0,44m - 14W 0,94m - 21W 1,44m - 28W 1,94m - IP54<\/td>\n<\/tr>\n<tr class=\"odd\">\n<td valign=\"middle\" width=\"32\"><\/td>\n<td valign=\"middle\">Tens\u00e3o Nominal:<\/td>\n<td valign=\"middle\">220-240V<\/td>\n<\/tr>\n<tr class=\"even\">\n<td valign=\"middle\" width=\"32\"><\/td>\n<td valign=\"middle\">Temperatura ligeira:<\/td>\n<td valign=\"middle\">2700K - 3000K - 4000K - 6000K<\/td>\n<\/tr>\n<tr class=\"odd\">\n<td valign=\"middle\" width=\"32\"><\/td>\n<td valign=\"middle\">CRI - Colour Rendering Index:<\/td>\n<td valign=\"middle\">80<\/td>\n<\/tr>\n<tr class=\"even\">\n<td valign=\"middle\" width=\"32\"><\/td>\n<td valign=\"middle\">Material de constru\u00e7\u00e3o:<\/td>\n<td valign=\"middle\">Alum\u00ednio +PC<\/td>\n<\/tr>\n<tr class=\"odd\">\n<td valign=\"middle\" width=\"32\"><\/td>\n<td valign=\"middle\">Luminosidade-Lm:<\/td>\n<td valign=\"middle\">1M:1500Lm\/2M: 3000Lm<\/td>\n<\/tr>\n<tr class=\"even\">\n<td valign=\"middle\" width=\"32\"><\/td>\n<td valign=\"middle\">Tipo de LEDs:<\/td>\n<td valign=\"middle\">SMD2835 - 140 LEDs\/M PCB12mm<\/td>\n<\/tr>\n<tr class=\"odd\">\n<td valign=\"middle\" width=\"32\"><\/td>\n<td valign=\"middle\">\u00c2ngulo de abertura (\u00ba):<\/td>\n<td valign=\"middle\">120\u00ba<\/td>\n<\/tr>\n<tr class=\"even\">\n<td valign=\"middle\" width=\"32\"><\/td>\n<td valign=\"middle\">Efici\u00eancia dos d\u00edodos LED (Lm\/W):<\/td>\n<td valign=\"middle\">160 Lm\/w<\/td>\n<\/tr>\n<tr class=\"odd\">\n<td valign=\"middle\" width=\"32\"><\/td>\n<td valign=\"middle\">Efic\u00e1cia luminosa (Lm\/W):<\/td>\n<td valign=\"middle\">110 Lm\/W<\/td>\n<\/tr>\n<tr class=\"even\">\n<td valign=\"middle\" width=\"32\"><\/td>\n<td valign=\"middle\">Dimit\u00e1vel:<\/td>\n<td valign=\"middle\">TRIAC 40%-100%<\/td>\n<\/tr>\n<\/tbody>\n<\/table>\n<\/div><div class=\"col-xs-12 col-md-6 2\">\n<table class=\"table table-data-sheet 2\">\n<tbody>\n<tr class=\"odd\">\n<td valign=\"middle\" width=\"32\"><\/td>\n<td valign=\"middle\">Certificados:<\/td>\n<td valign=\"middle\">CE - ROHS<\/td>\n<\/tr>\n<tr class=\"even\">\n<td valign=\"middle\" width=\"32\"><\/td>\n<td valign=\"middle\">Classifica\u00e7\u00e3o IP:<\/td>\n<td valign=\"middle\">IP54<\/td>\n<\/tr>\n<tr class=\"odd\">\n<td valign=\"middle\" width=\"32\"><\/td>\n<td valign=\"middle\">D\u00edodo LED de vida estimada (H):<\/td>\n<td valign=\"middle\">40.000<\/td>\n<\/tr>\n<tr class=\"even\">\n<td valign=\"middle\" width=\"32\"><\/td>\n<td valign=\"middle\">Dimens\u00f5es (mm):<\/td>\n<td valign=\"middle\">L: 0.44m &ndash; 0.94m &ndash; 1,44m &ndash; 1.94m<\/td>\n<\/tr>\n<tr class=\"odd\">\n<td valign=\"middle\" width=\"32\"><\/td>\n<td valign=\"middle\">Factor de pot\u00eancia (PF):<\/td>\n<td valign=\"middle\">0.91<\/td>\n<\/tr>\n<tr class=\"even\">\n<td valign=\"middle\" width=\"32\"><\/td>\n<td valign=\"middle\">Frequ\u00eancia de trabalho (Hz):<\/td>\n<td valign=\"middle\">50\/60Hz<\/td>\n<\/tr>\n<tr class=\"odd\">\n<td valign=\"middle\" width=\"32\"><\/td>\n<td valign=\"middle\">Gama de temperaturas (\u00baC):<\/td>\n<td valign=\"middle\">-20\u00b0C ~ +55\u00b0C<\/td>\n<\/tr>\n<tr class=\"even\">\n<td valign=\"middle\" width=\"32\"><\/td>\n<td valign=\"middle\">Ciclos de Igni\u00e7\u00e3o:<\/td>\n<td valign=\"middle\">100.000<\/td>\n<\/tr>\n<tr class=\"odd\">\n<td valign=\"middle\" width=\"32\"><\/td>\n<td valign=\"middle\">Tempo de arranque (s):<\/td>\n<td valign=\"middle\">0,2s<\/td>\n<\/tr>\n<tr class=\"odd\">\n<td valign=\"middle\" width=\"32\"><\/td>\n<td valign=\"middle\">Classe energ\u00e9tica (2021-EU-2019\/2015):<\/td>\n<td valign=\"middle\">A+<\/td>\n<\/tr>\n<tr class=\"even\">\n<td valign=\"middle\" width=\"32\"><\/td>\n<td valign=\"middle\">Anos de garantia:<\/td>\n<td valign=\"middle\">5<\/td>\n<\/tr>\n<\/tbody>\n<\/table>\n<\/div><\/p>","protected":false},"excerpt":{"rendered":"<div class=\"col-md-12\"><i class=\"fa fa-truck\"><\/i>&nbsp;<span class=\"text-muted textprop\">Entrega em 24\/48 horas<\/span><div class=\"col-md-12\"><i class=\"fa fa-exchange\"><\/i>&nbsp;<span class=\"text-muted textprop\">Garantia do segurado<\/span><\/div><div class=\"col-md-12\"><i class=\"fa fa-box\"><\/i>&nbsp;<span class=\"text-muted textprop\">1 unidade(s) por Masterbox<\/span><\/div><div><strong>TEMPERATURA DE COR: 2700K\/3000K\/4500K\/6500K<\/strong><\/div><\/div>","protected":false},"featured_media":4629,"template":"","meta":{"site-sidebar-layout":"default","site-content-layout":"default","ast-global-header-display":"","ast-main-header-display":"","ast-hfb-above-header-display":"","ast-hfb-below-header-display":"","ast-hfb-mobile-header-display":"","site-post-title":"","ast-breadcrumbs-content":"","ast-featured-img":"","footer-sml-layout":"","theme-transparent-header-meta":"default","adv-header-id-meta":"","stick-header-meta":"","header-above-stick-meta":"","header-main-stick-meta":"","header-below-stick-meta":""},"product_cat":[33],"product_tag":[],"class_list":["post-4620","product","type-product","status-publish","has-post-thumbnail","hentry","product_cat-barras-lineales-led"],"yoast_head":"<!-- This site is optimized with the Yoast SEO plugin v27.4 - https:\/\/yoast.com\/product\/yoast-seo-wordpress\/ -->\n<title>Regleta Lineal LED - MINI MUNICH PLATA - 0.44m - 0.94m - 1,44m - 1.94m - IP54 - STARLED Iluminacion<\/title>\n<meta name=\"robots\" content=\"index, follow, max-snippet:-1, max-image-preview:large, max-video-preview:-1\" \/>\n<link rel=\"canonical\" href=\"https:\/\/starlediluminacion.com\/pt\/product\/regleta-lineal-led-mini-munich-plata-0-44m-0-94m-144m-1-94m-ip54\/\" \/>\n<meta property=\"og:locale\" content=\"pt_PT\" \/>\n<meta property=\"og:type\" content=\"article\" \/>\n<meta property=\"og:title\" content=\"Regleta Lineal LED - MINI MUNICH PLATA - 0.44m - 0.94m - 1,44m - 1.94m - IP54 - STARLED Iluminacion\" \/>\n<meta property=\"og:description\" content=\"\u00a0Entrega en 24\/48 horas \u00a0Garant\u00eda asegurada \u00a01 unidad(es) por Masterbox TEMPERATURA DE COLOR: 2700K\/3000K\/4500K\/6500K\" \/>\n<meta property=\"og:url\" content=\"https:\/\/starlediluminacion.com\/pt\/product\/regleta-lineal-led-mini-munich-plata-0-44m-0-94m-144m-1-94m-ip54\/\" \/>\n<meta property=\"og:site_name\" content=\"STARLED Iluminacion\" \/>\n<meta property=\"og:image\" content=\"https:\/\/starlediluminacion.com\/wp-content\/uploads\/2022\/08\/regleta-lineal-led-munich-mini-plata-factorled.jpg\" \/>\n\t<meta property=\"og:image:width\" content=\"1000\" \/>\n\t<meta property=\"og:image:height\" content=\"1000\" \/>\n\t<meta property=\"og:image:type\" content=\"image\/jpeg\" \/>\n<meta name=\"twitter:card\" content=\"summary_large_image\" \/>\n<meta name=\"twitter:label1\" content=\"Tempo estimado de leitura\" \/>\n\t<meta name=\"twitter:data1\" content=\"4 minutos\" \/>\n<script type=\"application\/ld+json\" class=\"yoast-schema-graph\">{\"@context\":\"https:\\\/\\\/schema.org\",\"@graph\":[{\"@type\":\"WebPage\",\"@id\":\"https:\\\/\\\/starlediluminacion.com\\\/en\\\/product\\\/regleta-lineal-led-mini-munich-plata-0-44m-0-94m-144m-1-94m-ip54\\\/\",\"url\":\"https:\\\/\\\/starlediluminacion.com\\\/en\\\/product\\\/regleta-lineal-led-mini-munich-plata-0-44m-0-94m-144m-1-94m-ip54\\\/\",\"name\":\"Regleta Lineal LED - MINI MUNICH PLATA - 0.44m - 0.94m - 1,44m - 1.94m - IP54 - STARLED Iluminacion\",\"isPartOf\":{\"@id\":\"https:\\\/\\\/starlediluminacion.com\\\/#website\"},\"primaryImageOfPage\":{\"@id\":\"https:\\\/\\\/starlediluminacion.com\\\/en\\\/product\\\/regleta-lineal-led-mini-munich-plata-0-44m-0-94m-144m-1-94m-ip54\\\/#primaryimage\"},\"image\":{\"@id\":\"https:\\\/\\\/starlediluminacion.com\\\/en\\\/product\\\/regleta-lineal-led-mini-munich-plata-0-44m-0-94m-144m-1-94m-ip54\\\/#primaryimage\"},\"thumbnailUrl\":\"https:\\\/\\\/starlediluminacion.com\\\/wp-content\\\/uploads\\\/2022\\\/08\\\/regleta-lineal-led-munich-mini-plata-factorled.jpg\",\"datePublished\":\"2022-08-11T10:10:13+00:00\",\"breadcrumb\":{\"@id\":\"https:\\\/\\\/starlediluminacion.com\\\/en\\\/product\\\/regleta-lineal-led-mini-munich-plata-0-44m-0-94m-144m-1-94m-ip54\\\/#breadcrumb\"},\"inLanguage\":\"pt-PT\",\"potentialAction\":[{\"@type\":\"ReadAction\",\"target\":[\"https:\\\/\\\/starlediluminacion.com\\\/en\\\/product\\\/regleta-lineal-led-mini-munich-plata-0-44m-0-94m-144m-1-94m-ip54\\\/\"]}]},{\"@type\":\"ImageObject\",\"inLanguage\":\"pt-PT\",\"@id\":\"https:\\\/\\\/starlediluminacion.com\\\/en\\\/product\\\/regleta-lineal-led-mini-munich-plata-0-44m-0-94m-144m-1-94m-ip54\\\/#primaryimage\",\"url\":\"https:\\\/\\\/starlediluminacion.com\\\/wp-content\\\/uploads\\\/2022\\\/08\\\/regleta-lineal-led-munich-mini-plata-factorled.jpg\",\"contentUrl\":\"https:\\\/\\\/starlediluminacion.com\\\/wp-content\\\/uploads\\\/2022\\\/08\\\/regleta-lineal-led-munich-mini-plata-factorled.jpg\",\"width\":1000,\"height\":1000},{\"@type\":\"BreadcrumbList\",\"@id\":\"https:\\\/\\\/starlediluminacion.com\\\/en\\\/product\\\/regleta-lineal-led-mini-munich-plata-0-44m-0-94m-144m-1-94m-ip54\\\/#breadcrumb\",\"itemListElement\":[{\"@type\":\"ListItem\",\"position\":1,\"name\":\"Portada\",\"item\":\"https:\\\/\\\/starlediluminacion.com\\\/\"},{\"@type\":\"ListItem\",\"position\":2,\"name\":\"Shop\",\"item\":\"https:\\\/\\\/starlediluminacion.com\\\/shop-2\\\/\"},{\"@type\":\"ListItem\",\"position\":3,\"name\":\"Regleta Lineal LED &#8211; MINI MUNICH PLATA &#8211; 0.44m &#8211; 0.94m &#8211; 1,44m &#8211; 1.94m &#8211; IP54\"}]},{\"@type\":\"WebSite\",\"@id\":\"https:\\\/\\\/starlediluminacion.com\\\/#website\",\"url\":\"https:\\\/\\\/starlediluminacion.com\\\/\",\"name\":\"STARLED Iluminacion\",\"description\":\"\",\"potentialAction\":[{\"@type\":\"SearchAction\",\"target\":{\"@type\":\"EntryPoint\",\"urlTemplate\":\"https:\\\/\\\/starlediluminacion.com\\\/?s={search_term_string}\"},\"query-input\":{\"@type\":\"PropertyValueSpecification\",\"valueRequired\":true,\"valueName\":\"search_term_string\"}}],\"inLanguage\":\"pt-PT\"}]}<\/script>\n<!-- \/ Yoast SEO plugin. -->","yoast_head_json":{"title":"Regleta Lineal LED - MINI MUNICH PLATA - 0.44m - 0.94m - 1,44m - 1.94m - IP54 - STARLED Iluminacion","robots":{"index":"index","follow":"follow","max-snippet":"max-snippet:-1","max-image-preview":"max-image-preview:large","max-video-preview":"max-video-preview:-1"},"canonical":"https:\/\/starlediluminacion.com\/pt\/product\/regleta-lineal-led-mini-munich-plata-0-44m-0-94m-144m-1-94m-ip54\/","og_locale":"pt_PT","og_type":"article","og_title":"Regleta Lineal LED - MINI MUNICH PLATA - 0.44m - 0.94m - 1,44m - 1.94m - IP54 - STARLED Iluminacion","og_description":"\u00a0Entrega en 24\/48 horas \u00a0Garant\u00eda asegurada \u00a01 unidad(es) por Masterbox TEMPERATURA DE COLOR: 2700K\/3000K\/4500K\/6500K","og_url":"https:\/\/starlediluminacion.com\/pt\/product\/regleta-lineal-led-mini-munich-plata-0-44m-0-94m-144m-1-94m-ip54\/","og_site_name":"STARLED Iluminacion","og_image":[{"width":1000,"height":1000,"url":"https:\/\/starlediluminacion.com\/wp-content\/uploads\/2022\/08\/regleta-lineal-led-munich-mini-plata-factorled.jpg","type":"image\/jpeg"}],"twitter_card":"summary_large_image","twitter_misc":{"Tempo estimado de leitura":"4 minutos"},"schema":{"@context":"https:\/\/schema.org","@graph":[{"@type":"WebPage","@id":"https:\/\/starlediluminacion.com\/en\/product\/regleta-lineal-led-mini-munich-plata-0-44m-0-94m-144m-1-94m-ip54\/","url":"https:\/\/starlediluminacion.com\/en\/product\/regleta-lineal-led-mini-munich-plata-0-44m-0-94m-144m-1-94m-ip54\/","name":"Regleta Lineal LED - MINI MUNICH PLATA - 0.44m - 0.94m - 1,44m - 1.94m - IP54 - STARLED Iluminacion","isPartOf":{"@id":"https:\/\/starlediluminacion.com\/#website"},"primaryImageOfPage":{"@id":"https:\/\/starlediluminacion.com\/en\/product\/regleta-lineal-led-mini-munich-plata-0-44m-0-94m-144m-1-94m-ip54\/#primaryimage"},"image":{"@id":"https:\/\/starlediluminacion.com\/en\/product\/regleta-lineal-led-mini-munich-plata-0-44m-0-94m-144m-1-94m-ip54\/#primaryimage"},"thumbnailUrl":"https:\/\/starlediluminacion.com\/wp-content\/uploads\/2022\/08\/regleta-lineal-led-munich-mini-plata-factorled.jpg","datePublished":"2022-08-11T10:10:13+00:00","breadcrumb":{"@id":"https:\/\/starlediluminacion.com\/en\/product\/regleta-lineal-led-mini-munich-plata-0-44m-0-94m-144m-1-94m-ip54\/#breadcrumb"},"inLanguage":"pt-PT","potentialAction":[{"@type":"ReadAction","target":["https:\/\/starlediluminacion.com\/en\/product\/regleta-lineal-led-mini-munich-plata-0-44m-0-94m-144m-1-94m-ip54\/"]}]},{"@type":"ImageObject","inLanguage":"pt-PT","@id":"https:\/\/starlediluminacion.com\/en\/product\/regleta-lineal-led-mini-munich-plata-0-44m-0-94m-144m-1-94m-ip54\/#primaryimage","url":"https:\/\/starlediluminacion.com\/wp-content\/uploads\/2022\/08\/regleta-lineal-led-munich-mini-plata-factorled.jpg","contentUrl":"https:\/\/starlediluminacion.com\/wp-content\/uploads\/2022\/08\/regleta-lineal-led-munich-mini-plata-factorled.jpg","width":1000,"height":1000},{"@type":"BreadcrumbList","@id":"https:\/\/starlediluminacion.com\/en\/product\/regleta-lineal-led-mini-munich-plata-0-44m-0-94m-144m-1-94m-ip54\/#breadcrumb","itemListElement":[{"@type":"ListItem","position":1,"name":"Portada","item":"https:\/\/starlediluminacion.com\/"},{"@type":"ListItem","position":2,"name":"Shop","item":"https:\/\/starlediluminacion.com\/shop-2\/"},{"@type":"ListItem","position":3,"name":"Regleta Lineal LED &#8211; MINI MUNICH PLATA &#8211; 0.44m &#8211; 0.94m &#8211; 1,44m &#8211; 1.94m &#8211; IP54"}]},{"@type":"WebSite","@id":"https:\/\/starlediluminacion.com\/#website","url":"https:\/\/starlediluminacion.com\/","name":"STARLED Iluminacion","description":"","potentialAction":[{"@type":"SearchAction","target":{"@type":"EntryPoint","urlTemplate":"https:\/\/starlediluminacion.com\/?s={search_term_string}"},"query-input":{"@type":"PropertyValueSpecification","valueRequired":true,"valueName":"search_term_string"}}],"inLanguage":"pt-PT"}]}},"_links":{"self":[{"href":"https:\/\/starlediluminacion.com\/pt\/wp-json\/wp\/v3\/product\/4620","targetHints":{"allow":["GET"]}}],"collection":[{"href":"https:\/\/starlediluminacion.com\/pt\/wp-json\/wp\/v3\/product"}],"about":[{"href":"https:\/\/starlediluminacion.com\/pt\/wp-json\/wp\/v2\/types\/product"}],"wp:featuredmedia":[{"embeddable":true,"href":"https:\/\/starlediluminacion.com\/pt\/wp-json\/wp\/v2\/media\/4629"}],"wp:attachment":[{"href":"https:\/\/starlediluminacion.com\/pt\/wp-json\/wp\/v2\/media?parent=4620"}],"wp:term":[{"taxonomy":"product_cat","embeddable":true,"href":"https:\/\/starlediluminacion.com\/pt\/wp-json\/wp\/v2\/product_cat?post=4620"},{"taxonomy":"product_tag","embeddable":true,"href":"https:\/\/starlediluminacion.com\/pt\/wp-json\/wp\/v2\/product_tag?post=4620"}],"curies":[{"name":"wp","href":"https:\/\/api.w.org\/{rel}","templated":true}]}}