{"id":4571,"date":"2022-08-11T09:25:58","date_gmt":"2022-08-11T09:25:58","guid":{"rendered":"https:\/\/starlediluminacion.com\/?post_type=product&#038;p=4571"},"modified":"2022-12-18T10:38:56","modified_gmt":"2022-12-18T10:38:56","slug":"lampara-lineal-colgante-led-paco-azul-azur-0-5m-1m-15m-2m","status":"publish","type":"product","link":"https:\/\/starlediluminacion.com\/pt\/product\/lampara-lineal-colgante-led-paco-azul-azur-0-5m-1m-15m-2m\/","title":{"rendered":"<p>L&aacute;mpara Lineal Colgante LED &ndash; PACO Azul azur- 0.5m &ndash; 1m &ndash; 1,5m &ndash; 2m<\/p>"},"content":{"rendered":"<p>REFERENCIA: SL17036-AZ<p>O nosso&nbsp;<strong>Lumin\u00e1ria profissional<\/strong>&nbsp;linear<strong>&nbsp;<\/strong>&nbsp;<strong>&ndash; PACO Azul azur-<\/strong>&nbsp;foi concebido para uma utiliza\u00e7\u00e3o intensiva 24 horas ininterruptas. O nosso&nbsp;<strong>luz suspensa<\/strong>&nbsp;\u00e9&nbsp;<strong>feito na Europa<\/strong>A fonte de luz \u00e9 feita \u00e0 medida das suas necessidades. Alum\u00ednio extrudido de 98% de pureza, a fonte de luz \u00e9&nbsp;<strong>40W\/M SMD3040<\/strong>&nbsp;entrega<strong>&nbsp;5732 l\u00famenes por metro<\/strong>&nbsp;- 192 leds\/metro<strong>.  Garantia de 5 anos.&nbsp;&nbsp;<\/strong>Prazo de produ\u00e7\u00e3o: 5 a 7 dias \u00fateis<strong>&nbsp;<\/strong>(Segunda a sexta-feira).<\/p><p>O nosso difusor \u00e9 o Microprisma com UGR&lt;19<\/p><h1>Candeeiro pendente LED linear -&nbsp;<strong>PACO Azul azur<\/strong>- 0,5m - 1m - 1,5m - 2m<\/h1><p>&nbsp;<\/p><p>Os nossos visores lineares LED -&nbsp;<strong>PACO&nbsp;<\/strong>- \u00e9 uma gama vers\u00e1til e intemporal, pode ser o protagonista na concep\u00e7\u00e3o do interior de um espa\u00e7o ou adaptar-se a ele. Gra\u00e7as aos diferentes tamanhos e cores dispon\u00edveis, pode proporcionar uma grande variedade de sensa\u00e7\u00f5es visuais que definir\u00e3o o espa\u00e7o a partir de uma nova perspectiva.<\/p><p>Dispon\u00edvel em v\u00e1rios comprimentos e em vers\u00f5es suspensas ou montadas no tecto para se adaptar a diferentes necessidades e alturas de instala\u00e7\u00e3o. As lumin\u00e1rias, com at\u00e9 2 metros de comprimento, tornam-se belos vest\u00edgios de luz que moldam o espa\u00e7o.<\/p><p>O LED linear<strong>&nbsp;-PACO -PACO -PACO -PACO -PACO -PACO -PACO -PACO -PACO -PACO<\/strong>&nbsp;&nbsp;desenha linhas homog\u00e9neas de luz que se adaptam a uma grande variedade de espa\u00e7os com um impacto visual m\u00ednimo, resolvendo tanto as necessidades de ilumina\u00e7\u00e3o geral como a ilumina\u00e7\u00e3o de planos verticais.<\/p><p>O seu design combina difusores de alta transmit\u00e2ncia que proporcionam um elevado conforto visual e efici\u00eancia energ\u00e9tica.<\/p><p>O acess\u00f3rio de cabo pendente tem 2 metros de comprimento de modo a poder ser ajustado \u00e0 altura desejada. A lumin\u00e1ria tem um cabo de 2 metros de comprimento para uma f\u00e1cil liga\u00e7\u00e3o.<\/p><p>O nosso<strong>&nbsp;lumin\u00e1ria linear profissional LED<\/strong>&nbsp;tem um poder de&nbsp;<strong>40W\/metro.<\/strong><\/p><p>A lumin\u00e1ria incorpora uma fonte de alimenta\u00e7\u00e3o no interior do perfil de alum\u00ednio de 24 volts da prestigiada marca Ecoled (qualidade m\u00e1xima).<\/p><p>O consumo da lumin\u00e1ria \u00e9 de 20W para 50cm; 40W para 100cm; 60W para 150cm; e 40W para 200cm. A lumin\u00e1ria LED \u00e9 feita de alum\u00ednio de alta pureza 6063\/6060 (98%), com tratamento t\u00e9rmico UNE EN 755 e UNE EN 12020-1.<\/p><p>A fonte de luz da nossa lumin\u00e1ria linear LED incorpora 192 Leds\/metro de&nbsp;<strong>alta luminosidade<\/strong>&nbsp;SMD3040 fornecendo 5700Lm\/metro; os d\u00edodos LED incorporam solda de fio de ouro para maior durabilidade, com refor\u00e7o de a\u00e7o para fiabilidade.<\/p><p>&nbsp;<\/p><p>O revestimento da lumin\u00e1ria \u00e9 de&nbsp;<strong>alta resist\u00eancia e qualidade<\/strong>&nbsp;e tem textura Preto e Branco - Qualicoat -, e prata anodizada - Qualanod - com 15 microns de espessura para uma longa dura\u00e7\u00e3o.<\/p><p>A lumin\u00e1ria incorpora o nosso difusor: Micro Prisma transparente (UGR&lt;19),<\/p><p>A nossa lumin\u00e1ria linear LED -<strong>PACO -<\/strong>&nbsp; \u00e0 medida, oferece v\u00e1rias possibilidades de escolher entre uma ilumina\u00e7\u00e3o mais quente, neutra ou fria, e acabamentos anodizados em prata, branco e preto. A lumin\u00e1ria \u00e9 fabricada \u00e0 m\u00e3o na Europa \u00e0 medida desejada pelo cliente, pelo que este produto n\u00e3o admite devolu\u00e7\u00f5es de produtos, uma vez que \u00e9 um produto feito \u00e0 medida.  O nosso tempo de fabrico \u00e9 de 48 horas de trabalho.<\/p><p>As nossas lumin\u00e1rias lineares podem ser unidas no topo e transformadas numa&nbsp;<strong>lumin\u00e1ria de efeito cont\u00ednuo dos metros de que necessita.<\/strong><\/p><p>&nbsp;<\/p><p>Cores dispon\u00edveis da nossa lumin\u00e1ria&nbsp;<strong>PACO :<\/strong><\/p><p>- Textura azul azulado -RAL 5009<\/p><p>- Branco texturizado -RAL 9003<\/p><p>- Preto texturizado -RAL 9005<\/p><p>- Patina verde texturada -RAL 6000<\/p><p>- Cinzento-pedra texturizado -RAL 7030<\/p><p>- Amarelo pastel texturizado -RAL 1034<\/p><p>- Tomate texturizado vermelho -RAL 3013<\/p><p>- Marfim texturizado -RAL 1014<\/p><p>&nbsp;<\/p><h2>Utiliza\u00e7\u00f5es da lumin\u00e1ria pendente linear LED&nbsp;<strong>PACO Azul azur<\/strong>&ndash; 0.5m &ndash; 1m &ndash; 1,5m &ndash; 2m:<\/h2><p>&nbsp;<\/p><ul>\n<li>Lojas<\/li>\n<li>Exposi\u00e7\u00f5es<\/li>\n<li>Ind\u00fastrias<\/li>\n<li>Escrit\u00f3rios<\/li>\n<li>Agregados dom\u00e9sticos<\/li>\n<\/ul><h3 class=\"page-product-heading\">DADOS T\u00c9CNICOS<\/h3><div class=\"col-xs-12 col-md-6\">\n<table class=\"table table-data-sheet 1\">\n<tbody>\n<tr class=\"odd\">\n<td valign=\"middle\" width=\"32\"><\/td>\n<td valign=\"middle\">REFER\u00caNCIA :<\/td>\n<td valign=\"middle\">SL17036-AZ<\/td>\n<\/tr>\n<tr class=\"even\">\n<td valign=\"middle\" width=\"32\"><\/td>\n<td valign=\"middle\">Pot\u00eancia nominal :<\/td>\n<td valign=\"middle\">-20W 0,5m - 40W 1m -60W 1,5m -80W 2m<\/td>\n<\/tr>\n<tr class=\"odd\">\n<td valign=\"middle\" width=\"32\"><\/td>\n<td valign=\"middle\">Tens\u00e3o Nominal:<\/td>\n<td valign=\"middle\">85-265V<\/td>\n<\/tr>\n<tr class=\"even\">\n<td valign=\"middle\" width=\"32\"><\/td>\n<td valign=\"middle\">Temperatura ligeira:<\/td>\n<td valign=\"middle\">2700K -4000K -6000K<\/td>\n<\/tr>\n<tr class=\"odd\">\n<td valign=\"middle\" width=\"32\"><\/td>\n<td valign=\"middle\">CRI - Colour Rendering Index:<\/td>\n<td valign=\"middle\">82<\/td>\n<\/tr>\n<tr class=\"even\">\n<td valign=\"middle\" width=\"32\"><\/td>\n<td valign=\"middle\">Material de constru\u00e7\u00e3o:<\/td>\n<td valign=\"middle\">Alum\u00ednio +PC<\/td>\n<\/tr>\n<tr class=\"odd\">\n<td valign=\"middle\" width=\"32\"><\/td>\n<td valign=\"middle\">Tipo de LEDs:<\/td>\n<td valign=\"middle\">SMD3040 - 192 Fichas\/M<\/td>\n<\/tr>\n<tr class=\"even\">\n<td valign=\"middle\" width=\"32\"><\/td>\n<td valign=\"middle\">\u00c2ngulo de abertura (\u00ba):<\/td>\n<td valign=\"middle\">60\u00ba<\/td>\n<\/tr>\n<tr class=\"odd\">\n<td valign=\"middle\" width=\"32\"><\/td>\n<td valign=\"middle\">Efici\u00eancia dos d\u00edodos LED (Lm\/W):<\/td>\n<td valign=\"middle\">160 Lm\/w<\/td>\n<\/tr>\n<tr class=\"even\">\n<td valign=\"middle\" width=\"32\"><\/td>\n<td valign=\"middle\">Efic\u00e1cia luminosa (Lm\/W):<\/td>\n<td valign=\"middle\">110 Lm\/W<\/td>\n<\/tr>\n<tr class=\"odd\">\n<td valign=\"middle\" width=\"32\"><\/td>\n<td valign=\"middle\">Certificados:<\/td>\n<td valign=\"middle\">CE - ROHS<\/td>\n<\/tr>\n<\/tbody>\n<\/table>\n<\/div><div class=\"col-xs-12 col-md-6 2\">\n<table class=\"table table-data-sheet 2\">\n<tbody>\n<tr class=\"odd\">\n<td valign=\"middle\" width=\"32\"><\/td>\n<td valign=\"middle\">Classifica\u00e7\u00e3o IP:<\/td>\n<td valign=\"middle\">IP20<\/td>\n<\/tr>\n<tr class=\"even\">\n<td valign=\"middle\" width=\"32\"><\/td>\n<td valign=\"middle\">D\u00edodo LED de vida estimada (H):<\/td>\n<td valign=\"middle\">50.000<\/td>\n<\/tr>\n<tr class=\"odd\">\n<td valign=\"middle\" width=\"32\"><\/td>\n<td valign=\"middle\">Dimens\u00f5es (mm):<\/td>\n<td valign=\"middle\">L: 0,5m - 1m - 1,50m - 2m<\/td>\n<\/tr>\n<tr class=\"even\">\n<td valign=\"middle\" width=\"32\"><\/td>\n<td valign=\"middle\">Factor de pot\u00eancia (PF):<\/td>\n<td valign=\"middle\">0.97<\/td>\n<\/tr>\n<tr class=\"odd\">\n<td valign=\"middle\" width=\"32\"><\/td>\n<td valign=\"middle\">Frequ\u00eancia de trabalho (Hz):<\/td>\n<td valign=\"middle\">50\/60Hz<\/td>\n<\/tr>\n<tr class=\"even\">\n<td valign=\"middle\" width=\"32\"><\/td>\n<td valign=\"middle\">Gama de temperaturas (\u00baC):<\/td>\n<td valign=\"middle\">-20\u00b0C ~ +55\u00b0C<\/td>\n<\/tr>\n<tr class=\"odd\">\n<td valign=\"middle\" width=\"32\"><\/td>\n<td valign=\"middle\">Ciclos de Igni\u00e7\u00e3o:<\/td>\n<td valign=\"middle\">100.000<\/td>\n<\/tr>\n<tr class=\"even\">\n<td valign=\"middle\" width=\"32\"><\/td>\n<td valign=\"middle\">Tempo de arranque (s):<\/td>\n<td valign=\"middle\">0,2s<\/td>\n<\/tr>\n<tr class=\"even\">\n<td valign=\"middle\" width=\"32\"><\/td>\n<td valign=\"middle\">Classe energ\u00e9tica (2021-EU-2019\/2015):<\/td>\n<td valign=\"middle\">A+<\/td>\n<\/tr>\n<tr class=\"odd\">\n<td valign=\"middle\" width=\"32\"><\/td>\n<td valign=\"middle\">Anos de garantia:<\/td>\n<td valign=\"middle\">5<\/td>\n<\/tr>\n<\/tbody>\n<\/table>\n<\/div><\/p>","protected":false},"excerpt":{"rendered":"<div class=\"col-md-12\"><i class=\"fa fa-truck\"><\/i>&nbsp;<span class=\"text-muted textprop\">Entrega em 24\/48 horas<\/span><div class=\"col-md-12\"><i class=\"fa fa-exchange\"><\/i>&nbsp;<span class=\"text-muted textprop\">Garantia do segurado<\/span><\/div><div class=\"col-md-12\"><i class=\"fa fa-box\"><\/i>&nbsp;<span class=\"text-muted textprop\">20 unidade(s) por Masterbox<\/span><\/div><div><strong>TEMPERATURA DE COR: 2700K\/4000K\/6000K<\/strong><\/div><\/div>","protected":false},"featured_media":4574,"template":"","meta":{"site-sidebar-layout":"default","site-content-layout":"default","ast-global-header-display":"","ast-main-header-display":"","ast-hfb-above-header-display":"","ast-hfb-below-header-display":"","ast-hfb-mobile-header-display":"","site-post-title":"","ast-breadcrumbs-content":"","ast-featured-img":"","footer-sml-layout":"","theme-transparent-header-meta":"default","adv-header-id-meta":"","stick-header-meta":"","header-above-stick-meta":"","header-main-stick-meta":"","header-below-stick-meta":""},"product_cat":[33],"product_tag":[],"class_list":["post-4571","product","type-product","status-publish","has-post-thumbnail","hentry","product_cat-barras-lineales-led"],"yoast_head":"<!-- This site is optimized with the Yoast SEO plugin v27.4 - https:\/\/yoast.com\/product\/yoast-seo-wordpress\/ -->\n<title>L\u00e1mpara Lineal Colgante LED - PACO Azul azur- 0.5m - 1m - 1,5m - 2m - STARLED Iluminacion<\/title>\n<meta name=\"robots\" content=\"index, follow, max-snippet:-1, max-image-preview:large, max-video-preview:-1\" \/>\n<link rel=\"canonical\" href=\"https:\/\/starlediluminacion.com\/pt\/product\/lampara-lineal-colgante-led-paco-azul-azur-0-5m-1m-15m-2m\/\" \/>\n<meta property=\"og:locale\" content=\"pt_PT\" \/>\n<meta property=\"og:type\" content=\"article\" \/>\n<meta property=\"og:title\" content=\"L\u00e1mpara Lineal Colgante LED - PACO Azul azur- 0.5m - 1m - 1,5m - 2m - STARLED Iluminacion\" \/>\n<meta property=\"og:description\" content=\"\u00a0Entrega en 24\/48 horas \u00a0Garant\u00eda asegurada \u00a020 unidad(es) por Masterbox TEMPERATURA DE COLOR: 2700K\/4000K\/6000K\" \/>\n<meta property=\"og:url\" content=\"https:\/\/starlediluminacion.com\/pt\/product\/lampara-lineal-colgante-led-paco-azul-azur-0-5m-1m-15m-2m\/\" \/>\n<meta property=\"og:site_name\" content=\"STARLED Iluminacion\" \/>\n<meta property=\"article:modified_time\" content=\"2022-12-18T10:38:56+00:00\" \/>\n<meta property=\"og:image\" content=\"https:\/\/starlediluminacion.com\/wp-content\/uploads\/2022\/08\/lampara-lineal-colgante-led-paco-azul-azur-05m-1m-15m-2m-factorled.jpg\" \/>\n\t<meta property=\"og:image:width\" content=\"1000\" \/>\n\t<meta property=\"og:image:height\" content=\"1000\" \/>\n\t<meta property=\"og:image:type\" content=\"image\/jpeg\" \/>\n<meta name=\"twitter:card\" content=\"summary_large_image\" \/>\n<meta name=\"twitter:label1\" content=\"Tempo estimado de leitura\" \/>\n\t<meta name=\"twitter:data1\" content=\"4 minutos\" \/>\n<script type=\"application\/ld+json\" class=\"yoast-schema-graph\">{\"@context\":\"https:\\\/\\\/schema.org\",\"@graph\":[{\"@type\":\"WebPage\",\"@id\":\"https:\\\/\\\/starlediluminacion.com\\\/producto\\\/lampara-lineal-colgante-led-paco-azul-azur-0-5m-1m-15m-2m\\\/\",\"url\":\"https:\\\/\\\/starlediluminacion.com\\\/producto\\\/lampara-lineal-colgante-led-paco-azul-azur-0-5m-1m-15m-2m\\\/\",\"name\":\"L\u00e1mpara Lineal Colgante LED - PACO Azul azur- 0.5m - 1m - 1,5m - 2m - STARLED Iluminacion\",\"isPartOf\":{\"@id\":\"https:\\\/\\\/starlediluminacion.com\\\/#website\"},\"primaryImageOfPage\":{\"@id\":\"https:\\\/\\\/starlediluminacion.com\\\/producto\\\/lampara-lineal-colgante-led-paco-azul-azur-0-5m-1m-15m-2m\\\/#primaryimage\"},\"image\":{\"@id\":\"https:\\\/\\\/starlediluminacion.com\\\/producto\\\/lampara-lineal-colgante-led-paco-azul-azur-0-5m-1m-15m-2m\\\/#primaryimage\"},\"thumbnailUrl\":\"https:\\\/\\\/starlediluminacion.com\\\/wp-content\\\/uploads\\\/2022\\\/08\\\/lampara-lineal-colgante-led-paco-azul-azur-05m-1m-15m-2m-factorled.jpg\",\"datePublished\":\"2022-08-11T09:25:58+00:00\",\"dateModified\":\"2022-12-18T10:38:56+00:00\",\"breadcrumb\":{\"@id\":\"https:\\\/\\\/starlediluminacion.com\\\/producto\\\/lampara-lineal-colgante-led-paco-azul-azur-0-5m-1m-15m-2m\\\/#breadcrumb\"},\"inLanguage\":\"pt-PT\",\"potentialAction\":[{\"@type\":\"ReadAction\",\"target\":[\"https:\\\/\\\/starlediluminacion.com\\\/producto\\\/lampara-lineal-colgante-led-paco-azul-azur-0-5m-1m-15m-2m\\\/\"]}]},{\"@type\":\"ImageObject\",\"inLanguage\":\"pt-PT\",\"@id\":\"https:\\\/\\\/starlediluminacion.com\\\/producto\\\/lampara-lineal-colgante-led-paco-azul-azur-0-5m-1m-15m-2m\\\/#primaryimage\",\"url\":\"https:\\\/\\\/starlediluminacion.com\\\/wp-content\\\/uploads\\\/2022\\\/08\\\/lampara-lineal-colgante-led-paco-azul-azur-05m-1m-15m-2m-factorled.jpg\",\"contentUrl\":\"https:\\\/\\\/starlediluminacion.com\\\/wp-content\\\/uploads\\\/2022\\\/08\\\/lampara-lineal-colgante-led-paco-azul-azur-05m-1m-15m-2m-factorled.jpg\",\"width\":1000,\"height\":1000},{\"@type\":\"BreadcrumbList\",\"@id\":\"https:\\\/\\\/starlediluminacion.com\\\/producto\\\/lampara-lineal-colgante-led-paco-azul-azur-0-5m-1m-15m-2m\\\/#breadcrumb\",\"itemListElement\":[{\"@type\":\"ListItem\",\"position\":1,\"name\":\"Portada\",\"item\":\"https:\\\/\\\/starlediluminacion.com\\\/\"},{\"@type\":\"ListItem\",\"position\":2,\"name\":\"Shop\",\"item\":\"https:\\\/\\\/starlediluminacion.com\\\/shop-2\\\/\"},{\"@type\":\"ListItem\",\"position\":3,\"name\":\"L\u00e1mpara Lineal Colgante LED &#8211; PACO Azul azur- 0.5m &#8211; 1m &#8211; 1,5m &#8211; 2m\"}]},{\"@type\":\"WebSite\",\"@id\":\"https:\\\/\\\/starlediluminacion.com\\\/#website\",\"url\":\"https:\\\/\\\/starlediluminacion.com\\\/\",\"name\":\"STARLED Iluminacion\",\"description\":\"\",\"potentialAction\":[{\"@type\":\"SearchAction\",\"target\":{\"@type\":\"EntryPoint\",\"urlTemplate\":\"https:\\\/\\\/starlediluminacion.com\\\/?s={search_term_string}\"},\"query-input\":{\"@type\":\"PropertyValueSpecification\",\"valueRequired\":true,\"valueName\":\"search_term_string\"}}],\"inLanguage\":\"pt-PT\"}]}<\/script>\n<!-- \/ Yoast SEO plugin. -->","yoast_head_json":{"title":"L\u00e1mpara Lineal Colgante LED - PACO Azul azur- 0.5m - 1m - 1,5m - 2m - STARLED Iluminacion","robots":{"index":"index","follow":"follow","max-snippet":"max-snippet:-1","max-image-preview":"max-image-preview:large","max-video-preview":"max-video-preview:-1"},"canonical":"https:\/\/starlediluminacion.com\/pt\/product\/lampara-lineal-colgante-led-paco-azul-azur-0-5m-1m-15m-2m\/","og_locale":"pt_PT","og_type":"article","og_title":"L\u00e1mpara Lineal Colgante LED - PACO Azul azur- 0.5m - 1m - 1,5m - 2m - STARLED Iluminacion","og_description":"\u00a0Entrega en 24\/48 horas \u00a0Garant\u00eda asegurada \u00a020 unidad(es) por Masterbox TEMPERATURA DE COLOR: 2700K\/4000K\/6000K","og_url":"https:\/\/starlediluminacion.com\/pt\/product\/lampara-lineal-colgante-led-paco-azul-azur-0-5m-1m-15m-2m\/","og_site_name":"STARLED Iluminacion","article_modified_time":"2022-12-18T10:38:56+00:00","og_image":[{"width":1000,"height":1000,"url":"https:\/\/starlediluminacion.com\/wp-content\/uploads\/2022\/08\/lampara-lineal-colgante-led-paco-azul-azur-05m-1m-15m-2m-factorled.jpg","type":"image\/jpeg"}],"twitter_card":"summary_large_image","twitter_misc":{"Tempo estimado de leitura":"4 minutos"},"schema":{"@context":"https:\/\/schema.org","@graph":[{"@type":"WebPage","@id":"https:\/\/starlediluminacion.com\/producto\/lampara-lineal-colgante-led-paco-azul-azur-0-5m-1m-15m-2m\/","url":"https:\/\/starlediluminacion.com\/producto\/lampara-lineal-colgante-led-paco-azul-azur-0-5m-1m-15m-2m\/","name":"L\u00e1mpara Lineal Colgante LED - PACO Azul azur- 0.5m - 1m - 1,5m - 2m - STARLED Iluminacion","isPartOf":{"@id":"https:\/\/starlediluminacion.com\/#website"},"primaryImageOfPage":{"@id":"https:\/\/starlediluminacion.com\/producto\/lampara-lineal-colgante-led-paco-azul-azur-0-5m-1m-15m-2m\/#primaryimage"},"image":{"@id":"https:\/\/starlediluminacion.com\/producto\/lampara-lineal-colgante-led-paco-azul-azur-0-5m-1m-15m-2m\/#primaryimage"},"thumbnailUrl":"https:\/\/starlediluminacion.com\/wp-content\/uploads\/2022\/08\/lampara-lineal-colgante-led-paco-azul-azur-05m-1m-15m-2m-factorled.jpg","datePublished":"2022-08-11T09:25:58+00:00","dateModified":"2022-12-18T10:38:56+00:00","breadcrumb":{"@id":"https:\/\/starlediluminacion.com\/producto\/lampara-lineal-colgante-led-paco-azul-azur-0-5m-1m-15m-2m\/#breadcrumb"},"inLanguage":"pt-PT","potentialAction":[{"@type":"ReadAction","target":["https:\/\/starlediluminacion.com\/producto\/lampara-lineal-colgante-led-paco-azul-azur-0-5m-1m-15m-2m\/"]}]},{"@type":"ImageObject","inLanguage":"pt-PT","@id":"https:\/\/starlediluminacion.com\/producto\/lampara-lineal-colgante-led-paco-azul-azur-0-5m-1m-15m-2m\/#primaryimage","url":"https:\/\/starlediluminacion.com\/wp-content\/uploads\/2022\/08\/lampara-lineal-colgante-led-paco-azul-azur-05m-1m-15m-2m-factorled.jpg","contentUrl":"https:\/\/starlediluminacion.com\/wp-content\/uploads\/2022\/08\/lampara-lineal-colgante-led-paco-azul-azur-05m-1m-15m-2m-factorled.jpg","width":1000,"height":1000},{"@type":"BreadcrumbList","@id":"https:\/\/starlediluminacion.com\/producto\/lampara-lineal-colgante-led-paco-azul-azur-0-5m-1m-15m-2m\/#breadcrumb","itemListElement":[{"@type":"ListItem","position":1,"name":"Portada","item":"https:\/\/starlediluminacion.com\/"},{"@type":"ListItem","position":2,"name":"Shop","item":"https:\/\/starlediluminacion.com\/shop-2\/"},{"@type":"ListItem","position":3,"name":"L\u00e1mpara Lineal Colgante LED &#8211; PACO Azul azur- 0.5m &#8211; 1m &#8211; 1,5m &#8211; 2m"}]},{"@type":"WebSite","@id":"https:\/\/starlediluminacion.com\/#website","url":"https:\/\/starlediluminacion.com\/","name":"STARLED Iluminacion","description":"","potentialAction":[{"@type":"SearchAction","target":{"@type":"EntryPoint","urlTemplate":"https:\/\/starlediluminacion.com\/?s={search_term_string}"},"query-input":{"@type":"PropertyValueSpecification","valueRequired":true,"valueName":"search_term_string"}}],"inLanguage":"pt-PT"}]}},"_links":{"self":[{"href":"https:\/\/starlediluminacion.com\/pt\/wp-json\/wp\/v3\/product\/4571","targetHints":{"allow":["GET"]}}],"collection":[{"href":"https:\/\/starlediluminacion.com\/pt\/wp-json\/wp\/v3\/product"}],"about":[{"href":"https:\/\/starlediluminacion.com\/pt\/wp-json\/wp\/v2\/types\/product"}],"wp:featuredmedia":[{"embeddable":true,"href":"https:\/\/starlediluminacion.com\/pt\/wp-json\/wp\/v2\/media\/4574"}],"wp:attachment":[{"href":"https:\/\/starlediluminacion.com\/pt\/wp-json\/wp\/v2\/media?parent=4571"}],"wp:term":[{"taxonomy":"product_cat","embeddable":true,"href":"https:\/\/starlediluminacion.com\/pt\/wp-json\/wp\/v2\/product_cat?post=4571"},{"taxonomy":"product_tag","embeddable":true,"href":"https:\/\/starlediluminacion.com\/pt\/wp-json\/wp\/v2\/product_tag?post=4571"}],"curies":[{"name":"wp","href":"https:\/\/api.w.org\/{rel}","templated":true}]}}