{"id":44332,"date":"2025-10-22T16:48:18","date_gmt":"2025-10-22T16:48:18","guid":{"rendered":"https:\/\/starlediluminacion.com\/?post_type=product&#038;p=44332"},"modified":"2025-10-22T16:49:47","modified_gmt":"2025-10-22T16:49:47","slug":"tira-led-24v-rgbic-cob-digital-5m-360led-m-9w-m-ip20-2","status":"publish","type":"product","link":"https:\/\/starlediluminacion.com\/pt\/product\/tira-led-24v-rgbic-cob-digital-5m-360led-m-9w-m-ip20-2\/","title":{"rendered":"<p>Fita LED 24V RGBIC | DIGITAL COB | 5m | 360LED\/m | 9W\/M | IP20<\/p>"},"content":{"rendered":"<h1>Fita LED 24V RGBIC | DIGITAL COB | 5m | 360LED\/m | 9W\/M | IP20<p>Descubra o nosso inovador&nbsp;<strong>Fita LED COB RGBIC DIGITAL de 9W!<\/strong>&nbsp;Este novo conceito oferece uma&nbsp;<strong>controlo sem precedentes, permitindo-lhe gerir individualmente cada LED da faixa<\/strong>dando-lhe possibilidades infinitas de criar ambientes personalizados e animados. Com 3 W em vermelho, 3 W em verde e 3 W em azul, esta fita oferece-lhe um espetro completo de cores vibrantes para dar largas \u00e0 sua criatividade. Com&nbsp;<strong>360 d\u00edodos por metro<\/strong>&nbsp;e uma efici\u00eancia de&nbsp;<strong>140Lm\/W,<\/strong>&nbsp;esta fita proporciona uma ilumina\u00e7\u00e3o brilhante e en\u00e9rgica.&nbsp;<strong>Possibilidade de<\/strong>&nbsp;<strong>cortar de 5 em 5 cm.<\/strong>&nbsp;O seu design IP20 torna-o ideal para aplica\u00e7\u00f5es interiores, onde pode desfrutar de cores vivas e de uma instala\u00e7\u00e3o f\u00e1cil. \u00c9 fornecido com uma fita adesiva 3M para uma fixa\u00e7\u00e3o f\u00e1cil em qualquer superf\u00edcie.<\/p><p>A&nbsp;<strong>Fita RGBIC<\/strong>&nbsp;\u00e9 uma variante das tiras de LED RGBIC. A principal diferen\u00e7a \u00e9 que as tiras RGBIC t\u00eam a capacidade de controlar individualmente cada LED na tira, o que significa que podem produzir efeitos de ilumina\u00e7\u00e3o mais din\u00e2micos e complexos.<\/p><p>O termo \"RGBIC\" deriva de \"RGBIC com controlo individual\", o que indica que&nbsp;<strong>cada LED<\/strong>&nbsp;na tira pode ser&nbsp;<strong>controlado<\/strong>&nbsp;em um&nbsp;<strong>independente<\/strong>&nbsp;para apresentar cores, realces ou efeitos diferentes. Isto permite&nbsp;<strong>criar efeitos de ilumina\u00e7\u00e3o<\/strong>&nbsp;funcionalidades mais avan\u00e7adas, como gradientes de cor suaves, efeitos arco-\u00edris, padr\u00f5es de luz din\u00e2micos e sincroniza\u00e7\u00e3o com m\u00fasica ou outros est\u00edmulos.<\/p><p>&nbsp;<\/p><h2><strong>Vantagens extraordin\u00e1rias do&nbsp;<\/strong>Fita LED 24V RGBIC COB DIGITAL 5M<\/h2><p><strong>Personaliza\u00e7\u00e3o ilimitada:&nbsp;<\/strong>A fita LED RGBIC COB RGBIC permite uma personaliza\u00e7\u00e3o total gra\u00e7as \u00e0 sua capacidade de ser cortada a cada 5 cm. Adapte-a ao comprimento exato de que necessita para os seus projectos de ilumina\u00e7\u00e3o, desde detalhes decorativos a aplica\u00e7\u00f5es mais extensas.<\/p><p><strong>Brilho potente e efici\u00eancia energ\u00e9tica:<\/strong>&nbsp;Com uma pot\u00eancia total de 9W e uma fonte de alimenta\u00e7\u00e3o de 24V, esta fita oferece um brilho potente e n\u00edtido, garantindo uma ilumina\u00e7\u00e3o intensa onde quer que seja necess\u00e1rio. Al\u00e9m disso, a sua efici\u00eancia energ\u00e9tica permite-lhe desfrutar de uma ilumina\u00e7\u00e3o espetacular sem se preocupar com o consumo excessivo de energia.<\/p><p><strong>Design robusto e duradouro:<\/strong>A classifica\u00e7\u00e3o IP20 da fita garante a sua adequa\u00e7\u00e3o para utiliza\u00e7\u00e3o em interiores, protegendo os d\u00edodos e assegurando um desempenho duradouro. O seu design robusto d\u00e1-lhe a confian\u00e7a de uma solu\u00e7\u00e3o de ilumina\u00e7\u00e3o fi\u00e1vel e duradoura.<\/p><p><strong>Instala\u00e7\u00e3o f\u00e1cil:<\/strong>&nbsp;Gra\u00e7as ao seu design pr\u00e1tico, a Fita LED COB RGBIC \u00e9 f\u00e1cil de instalar em qualquer superf\u00edcie plana. Quer seja para real\u00e7ar \u00e1reas espec\u00edficas da sua casa, criar uma atmosfera festiva ou melhorar a ilumina\u00e7\u00e3o do seu espa\u00e7o de trabalho, a instala\u00e7\u00e3o ser\u00e1 r\u00e1pida e sem complica\u00e7\u00f5es.<\/p><p><strong>Utiliza\u00e7\u00f5es vers\u00e1teis:<\/strong>&nbsp;Desde real\u00e7ar a decora\u00e7\u00e3o em eventos especiais at\u00e9 iluminar criativamente a sua sala de estar, esta fita LED adapta-se a uma variedade de utiliza\u00e7\u00f5es. A sua versatilidade d\u00e1-lhe a liberdade de explorar e experimentar a ilumina\u00e7\u00e3o em diferentes contextos.<\/p><p>&nbsp;<\/p><h2>Utiliza\u00e7\u00f5es e aplica\u00e7\u00f5es excepcionais de Fita LED 24V RGBIC COB DIGITAL 5M<\/h2><p>&nbsp;<\/p><p><strong>Ilumina\u00e7\u00e3o ambiente:<\/strong>&nbsp;Crie um ambiente acolhedor e personalizado em sua casa, real\u00e7ando \u00e1reas espec\u00edficas com a mistura perfeita de cores.<\/p><p><strong>Festas e eventos:<\/strong>&nbsp;D\u00ea um toque festivo \u00e0s suas celebra\u00e7\u00f5es com efeitos de luz din\u00e2micos e apelativos que ir\u00e3o certamente deixar uma impress\u00e3o duradoura.<\/p><p><strong>Design de interiores:<\/strong>&nbsp;D\u00ea vida aos seus projectos de decora\u00e7\u00e3o de interiores, real\u00e7ando as caracter\u00edsticas arquitect\u00f3nicas ou destacando elementos decorativos com luz.<\/p><p><strong>Sinaliza\u00e7\u00e3o e exposi\u00e7\u00e3o:<\/strong>&nbsp;Utilize a fita para criar sinais luminosos, expositores apelativos ou para destacar produtos nas montras.<\/p><p><strong>Cria\u00e7\u00e3o de Light Art:<\/strong>&nbsp;Expresse a sua criatividade utilizando a fita para criar arte luminosa personalizada, instala\u00e7\u00f5es visuais ou efeitos decorativos.<\/p><p>Fa\u00e7a de cada canto um cen\u00e1rio de cores e experi\u00eancias inesquec\u00edveis com a nossa Fita LED COB RGBIC de 9W! Transforme o seu espa\u00e7o e d\u00ea um toque moderno e vibrante - n\u00e3o espere mais para iluminar a sua vida com estilo!<\/p><p><strong>* Fonte de alimenta\u00e7\u00e3o N\u00c3O inclu\u00edda<\/strong><\/p><h3 class=\"h6\">Folha de dados do produto<\/h3><dl class=\"data-sheet\">\n<dt class=\"name\"><img loading=\"lazy\" decoding=\"async\" src=\"https:\/\/www.factorled.com\/modules\/oa_features\/img\/2-default.jpg\" width=\"32\" height=\"32\">&nbsp;REFER\u00caNCIA<\/dt>\n<dd class=\"value\">SP360D-9W-RGB-91864<\/dd>\n<dt class=\"name\"><img loading=\"lazy\" decoding=\"async\" src=\"https:\/\/www.factorled.com\/modules\/oa_features\/img\/3-default.jpg\" width=\"32\" height=\"32\">&nbsp;Pot\u00eancia nominal<\/dt>\n<dd class=\"value\">9W<\/dd>\n<dt class=\"name\"><img loading=\"lazy\" decoding=\"async\" src=\"https:\/\/www.factorled.com\/modules\/oa_features\/img\/4-default.jpg\" width=\"32\" height=\"32\">&nbsp;Tens\u00e3o nominal<\/dt>\n<dd class=\"value\">24V DC<\/dd>\n<dt class=\"name\"><img loading=\"lazy\" decoding=\"async\" src=\"https:\/\/www.factorled.com\/modules\/oa_features\/img\/5-default.jpg\" width=\"32\" height=\"32\">&nbsp;Temperatura da luz<\/dt>\n<dd class=\"value\">RGBIC<\/dd>\n<dt class=\"name\"><img loading=\"lazy\" decoding=\"async\" src=\"https:\/\/www.factorled.com\/modules\/oa_features\/img\/25-default.jpg\" width=\"32\" height=\"32\">&nbsp;Material de constru\u00e7\u00e3o<\/dt>\n<dd class=\"value\">PCB<\/dd>\n<dt class=\"name\"><img loading=\"lazy\" decoding=\"async\" src=\"https:\/\/www.factorled.com\/modules\/oa_features\/img\/9-default.jpg\" width=\"32\" height=\"32\">&nbsp;Tipo de LEDs<\/dt>\n<dd class=\"value\">COB<\/dd>\n<dt class=\"name\"><img loading=\"lazy\" decoding=\"async\" src=\"https:\/\/www.factorled.com\/modules\/oa_features\/img\/10-default.jpg\" width=\"32\" height=\"32\">&nbsp;\u00c2ngulo de abertura (\u00ba)<\/dt>\n<dd class=\"value\">120\u00ba<\/dd>\n<dt class=\"name\"><img loading=\"lazy\" decoding=\"async\" src=\"https:\/\/www.factorled.com\/modules\/oa_features\/img\/12-default.jpg\" width=\"32\" height=\"32\">&nbsp;Efici\u00eancia do d\u00edodo LED (Lm\/W)<\/dt>\n<dd class=\"value\">360 Lm\/W<\/dd>\n<dt class=\"name\"><img loading=\"lazy\" decoding=\"async\" src=\"https:\/\/www.factorled.com\/modules\/oa_features\/img\/15-default.jpg\" width=\"32\" height=\"32\">&nbsp;Certificados<\/dt>\n<dd class=\"value\">CE - ROHS<\/dd>\n<dt class=\"name\"><img loading=\"lazy\" decoding=\"async\" src=\"https:\/\/www.factorled.com\/modules\/oa_features\/img\/16-default.jpg\" width=\"32\" height=\"32\">&nbsp;Classifica\u00e7\u00e3o IP<\/dt>\n<dd class=\"value\">IP20<\/dd>\n<dt class=\"name\"><img loading=\"lazy\" decoding=\"async\" src=\"https:\/\/www.factorled.com\/modules\/oa_features\/img\/17-default.jpg\" width=\"32\" height=\"32\">&nbsp;Vida \u00fatil estimada D\u00edodo LED (H)<\/dt>\n<dd class=\"value\">35.000<\/dd>\n<dt class=\"name\"><img loading=\"lazy\" decoding=\"async\" src=\"https:\/\/www.factorled.com\/modules\/oa_features\/img\/18-default.jpg\" width=\"32\" height=\"32\">&nbsp;Dimens\u00f5es (mm)<\/dt>\n<dd class=\"value\">5m. x 10mm<\/dd>\n<dt class=\"name\"><img loading=\"lazy\" decoding=\"async\" src=\"https:\/\/www.factorled.com\/modules\/oa_features\/img\/21-default.jpg\" width=\"32\" height=\"32\">&nbsp;Frequ\u00eancia de trabalho (Hz)<\/dt>\n<dd class=\"value\">50\/60Hz<\/dd>\n<dt class=\"name\"><img loading=\"lazy\" decoding=\"async\" src=\"https:\/\/www.factorled.com\/modules\/oa_features\/img\/22-default.jpg\" width=\"32\" height=\"32\">&nbsp;Gama de temperaturas (\u00baC)<\/dt>\n<dd class=\"value\">-20\u00b0C ~ +55\u00b0C<\/dd>\n<dt class=\"name\"><img loading=\"lazy\" decoding=\"async\" src=\"https:\/\/www.factorled.com\/modules\/oa_features\/img\/23-default.jpg\" width=\"32\" height=\"32\">&nbsp;Ciclos de igni\u00e7\u00e3o<\/dt>\n<dd class=\"value\">100.000<\/dd>\n<dt class=\"name\"><img loading=\"lazy\" decoding=\"async\" src=\"https:\/\/www.factorled.com\/modules\/oa_features\/img\/26-default.jpg\" width=\"32\" height=\"32\">&nbsp;Informa\u00e7\u00f5es adicionais<\/dt>\n<dd class=\"value\">CORTE: 5cm<\/dd>\n<dt class=\"name\"><img loading=\"lazy\" decoding=\"async\" src=\"https:\/\/www.factorled.com\/modules\/oa_features\/img\/7-default.jpg\" width=\"32\" height=\"32\">&nbsp;Classe energ\u00e9tica (2021-UE-2019\/2015)<\/dt>\n<dd class=\"value\">A+<\/dd>\n<dt class=\"name\"><img loading=\"lazy\" decoding=\"async\" src=\"https:\/\/www.factorled.com\/modules\/oa_features\/img\/75-default.jpg\" width=\"32\" height=\"32\">&nbsp;Anos de garantia<\/dt>\n<dd class=\"value\">3<\/dd>\n<\/dl><\/h1>","protected":false},"excerpt":{"rendered":"<div class=\"product-reference\"><strong><label class=\"label\">Refer\u00eancia:<\/label> SLSP360D-9W-RGB-91864<\/strong>\n<div><\/div>\n<div class=\"product-description-short\">\n<div id=\"product-description-short-3442\">\n<p>Descubra o nosso inovador&nbsp;<strong>Fita LED COB RGBIC de 9W!<\/strong>&nbsp;Este novo conceito oferece uma&nbsp;<strong>controlo&nbsp;<\/strong>sem precedentes, permitindo-lhe gerir<strong>&nbsp;cada LED da faixa individualmente<\/strong>. Esta tira oferece-lhe um espetro completo de cores vibrantes para dar largas \u00e0 sua criatividade. Com&nbsp;<strong>360 d\u00edodos por metro<\/strong>&nbsp;e uma efici\u00eancia de&nbsp;<strong>140Lm\/W,<\/strong>&nbsp;esta fita proporciona uma ilumina\u00e7\u00e3o brilhante e en\u00e9rgica.<\/p>\n<p>Possibilidade de&nbsp;<strong>cortar de 5 em 5 cm.<\/strong>&nbsp;O seu design IP20 torna-o ideal para aplica\u00e7\u00f5es interiores, onde pode desfrutar de cores vivas e de uma instala\u00e7\u00e3o f\u00e1cil. \u00c9 fornecido com uma fita adesiva 3M para uma fixa\u00e7\u00e3o f\u00e1cil em qualquer superf\u00edcie.<\/p>\n<p><strong>Tira LED RGBIC COB de 9W&nbsp;<\/strong>es especifica para nuestra controladora&nbsp;<strong>92110-SPIR3<\/strong>&nbsp;e o controlo remoto&nbsp;<strong>92111-C6<\/strong><\/p>\n<\/div>\n<\/div><\/div>","protected":false},"featured_media":44336,"template":"","meta":{"site-sidebar-layout":"default","site-content-layout":"default","ast-global-header-display":"","ast-main-header-display":"","ast-hfb-above-header-display":"","ast-hfb-below-header-display":"","ast-hfb-mobile-header-display":"","site-post-title":"","ast-breadcrumbs-content":"","ast-featured-img":"","footer-sml-layout":"","theme-transparent-header-meta":"default","adv-header-id-meta":"","stick-header-meta":"","header-above-stick-meta":"","header-main-stick-meta":"","header-below-stick-meta":""},"product_cat":[24,89,45],"product_tag":[],"class_list":["post-44332","product","type-product","status-publish","has-post-thumbnail","hentry","product_cat-novedades","product_cat-tiras-led-24v-dc","product_cat-tiras-led-y-neon-flexible"],"_links":{"self":[{"href":"https:\/\/starlediluminacion.com\/pt\/wp-json\/wp\/v3\/product\/44332","targetHints":{"allow":["GET"]}}],"collection":[{"href":"https:\/\/starlediluminacion.com\/pt\/wp-json\/wp\/v3\/product"}],"about":[{"href":"https:\/\/starlediluminacion.com\/pt\/wp-json\/wp\/v2\/types\/product"}],"wp:featuredmedia":[{"embeddable":true,"href":"https:\/\/starlediluminacion.com\/pt\/wp-json\/wp\/v2\/media\/44336"}],"wp:attachment":[{"href":"https:\/\/starlediluminacion.com\/pt\/wp-json\/wp\/v2\/media?parent=44332"}],"wp:term":[{"taxonomy":"product_cat","embeddable":true,"href":"https:\/\/starlediluminacion.com\/pt\/wp-json\/wp\/v2\/product_cat?post=44332"},{"taxonomy":"product_tag","embeddable":true,"href":"https:\/\/starlediluminacion.com\/pt\/wp-json\/wp\/v2\/product_tag?post=44332"}],"curies":[{"name":"wp","href":"https:\/\/api.w.org\/{rel}","templated":true}]}}