{"id":44198,"date":"2025-10-22T16:22:18","date_gmt":"2025-10-22T16:22:18","guid":{"rendered":"https:\/\/starlediluminacion.com\/?post_type=product&#038;p=44198"},"modified":"2025-10-22T16:24:11","modified_gmt":"2025-10-22T16:24:11","slug":"tira-led-24v-rgbcct-216xled-m-10m-smd35352835-20w-m-ip20","status":"publish","type":"product","link":"https:\/\/starlediluminacion.com\/pt\/product\/tira-led-24v-rgbcct-216xled-m-10m-smd35352835-20w-m-ip20\/","title":{"rendered":"<p>Fita LED 24V RGB+CCT | 216xLED\/m | 10m | SMD3535+2835 | 20W\/M | IP20<\/p>"},"content":{"rendered":"<h1>Fita LED 24V RGB+CCT | 216xLED\/m | 10m | SMD3535+2835 | 20W\/M | IP20<p>&nbsp;<\/p><p>O&nbsp;<strong>Fita LED RGB+CCT 24V<\/strong>&nbsp;\u00e9 a solu\u00e7\u00e3o profissional e decorativa perfeita para quem procura&nbsp;<strong>versatilidade, personaliza\u00e7\u00e3o e elevado desempenho<\/strong>&nbsp;num \u00fanico sistema de ilumina\u00e7\u00e3o. Gra\u00e7as \u00e0 sua tecnologia LED dupla, o ?<strong>RGB 3535<\/strong>&nbsp;para efeitos multicoloridos e&nbsp;<strong>CST 2835<\/strong>&nbsp;para tons de branco ajust\u00e1veis, esta tira permite-lhe&nbsp;<strong>criar atmosferas \u00fanicas com precis\u00e3o crom\u00e1tica<\/strong>&nbsp;e m\u00e1xima efici\u00eancia.<\/p><h4>? Vantagens extraordin\u00e1rias:<\/h4><ol>\n<li><strong>Tecnologia LED dupla para uma personaliza\u00e7\u00e3o m\u00e1xima<\/strong><br>\nCombina o melhor da cor RGB com a funcionalidade de branco ajust\u00e1vel (CCT), tudo numa \u00fanica faixa. Pode passar de uma atmosfera quente e relaxante para uma ilumina\u00e7\u00e3o branca brilhante espec\u00edfica para uma tarefa ou gerar efeitos de cor vivos e din\u00e2micos.<\/li>\n<li><strong>Conce\u00e7\u00e3o cont\u00ednua e profissional<\/strong><br>\nGra\u00e7as aos d\u00edodos de alta densidade e uniformemente distribu\u00eddos, a luz \u00e9 cont\u00ednua, sem interrup\u00e7\u00f5es nem sombras vis\u00edveis, o que a torna ideal para instala\u00e7\u00f5es expostas, tais como perfis de alum\u00ednio, mobili\u00e1rio ou tectos com retroilumina\u00e7\u00e3o.<\/li>\n<li><strong>Formato alargado de 10 metros<\/strong><br>\nO seu rolo completo permite-lhe cobrir espa\u00e7os amplos sem cortes nem uni\u00f5es, simplificando a instala\u00e7\u00e3o e reduzindo o n\u00famero de pontos de liga\u00e7\u00e3o.<\/li>\n<li><strong>Fonte de alimenta\u00e7\u00e3o de 24V<\/strong><br>\nOferece maior estabilidade, menor queda de tens\u00e3o e maior seguran\u00e7a em instala\u00e7\u00f5es longas, especialmente em ambientes profissionais ou comerciais.<\/li>\n<li><strong>Largura 12 mm<\/strong><br>\nCompat\u00edvel com a maioria dos perfis de alum\u00ednio para fitas LED profissionais, permitindo uma integra\u00e7\u00e3o est\u00e9tica e funcional em todos os tipos de projectos.<\/li>\n<\/ol><h4>&nbsp; &nbsp; Utiliza\u00e7\u00f5es recomendadas:<\/h4><ul>\n<li>Ilumina\u00e7\u00e3o decorativa em salas de estar, quartos ou zonas de relaxamento.<\/li>\n<li>Ambientes comerciais: montras, vitrinas, lojas e restaurantes.<\/li>\n<li>Projectos audiovisuais, de jogos ou de dom\u00f3tica, em que o controlo da luz RGB + branca \u00e9 essencial.<\/li>\n<li>Instala\u00e7\u00f5es profissionais com controlo DMX, controladores inteligentes ou sistemas de automa\u00e7\u00e3o.<\/li>\n<\/ul><h3 class=\"h6\">Folha de dados do produto<\/h3><dl class=\"data-sheet\">\n<dt class=\"name\"><img loading=\"lazy\" decoding=\"async\" src=\"https:\/\/www.factorled.com\/modules\/oa_features\/img\/2-default.jpg\" width=\"32\" height=\"32\">&nbsp;REFER\u00caNCIA<\/dt>\n<dd class=\"value\">SP216D-RGBCCT- 91353<\/dd>\n<dt class=\"name\"><img loading=\"lazy\" decoding=\"async\" src=\"https:\/\/www.factorled.com\/modules\/oa_features\/img\/3-default.jpg\" width=\"32\" height=\"32\">&nbsp;Pot\u00eancia nominal<\/dt>\n<dd class=\"value\">20w<\/dd>\n<dt class=\"name\"><img loading=\"lazy\" decoding=\"async\" src=\"https:\/\/www.factorled.com\/modules\/oa_features\/img\/4-default.jpg\" width=\"32\" height=\"32\">&nbsp;Tens\u00e3o nominal<\/dt>\n<dd class=\"value\">24V DC<\/dd>\n<dt class=\"name\"><img loading=\"lazy\" decoding=\"async\" src=\"https:\/\/www.factorled.com\/modules\/oa_features\/img\/5-default.jpg\" width=\"32\" height=\"32\">&nbsp;Temperatura da luz<\/dt>\n<dd class=\"value\">RGB+CCT<\/dd>\n<dt class=\"name\"><img loading=\"lazy\" decoding=\"async\" src=\"https:\/\/www.factorled.com\/modules\/oa_features\/img\/6-default.jpg\" width=\"32\" height=\"32\">&nbsp;CRI - \u00cdndice de restitui\u00e7\u00e3o de cor<\/dt>\n<dd class=\"value\">80<\/dd>\n<dt class=\"name\"><img loading=\"lazy\" decoding=\"async\" src=\"https:\/\/www.factorled.com\/modules\/oa_features\/img\/25-default.jpg\" width=\"32\" height=\"32\">&nbsp;Material de constru\u00e7\u00e3o<\/dt>\n<dd class=\"value\">PCB<\/dd>\n<dt class=\"name\"><img loading=\"lazy\" decoding=\"async\" src=\"https:\/\/www.factorled.com\/modules\/oa_features\/img\/9-default.jpg\" width=\"32\" height=\"32\">&nbsp;Tipo de LEDs<\/dt>\n<dd class=\"value\">SMD3535 RGB + 2835 CCT<\/dd>\n<dt class=\"name\"><img loading=\"lazy\" decoding=\"async\" src=\"https:\/\/www.factorled.com\/modules\/oa_features\/img\/10-default.jpg\" width=\"32\" height=\"32\">&nbsp;\u00c2ngulo de abertura (\u00ba)<\/dt>\n<dd class=\"value\">120\u00ba<\/dd>\n<dt class=\"name\"><img loading=\"lazy\" decoding=\"async\" src=\"https:\/\/www.factorled.com\/modules\/oa_features\/img\/11-default.jpg\" width=\"32\" height=\"32\">&nbsp;Dimension\u00e1vel<\/dt>\n<dd class=\"value\">SIM<\/dd>\n<dt class=\"name\"><img loading=\"lazy\" decoding=\"async\" src=\"https:\/\/www.factorled.com\/modules\/oa_features\/img\/15-default.jpg\" width=\"32\" height=\"32\">&nbsp;Certificados<\/dt>\n<dd class=\"value\">CE, CMIM, RoHS<\/dd>\n<dt class=\"name\"><img loading=\"lazy\" decoding=\"async\" src=\"https:\/\/www.factorled.com\/modules\/oa_features\/img\/16-default.jpg\" width=\"32\" height=\"32\">&nbsp;Classifica\u00e7\u00e3o IP<\/dt>\n<dd class=\"value\">IP20<\/dd>\n<dt class=\"name\"><img loading=\"lazy\" decoding=\"async\" src=\"https:\/\/www.factorled.com\/modules\/oa_features\/img\/17-default.jpg\" width=\"32\" height=\"32\">&nbsp;Vida \u00fatil estimada D\u00edodo LED (H)<\/dt>\n<dd class=\"value\">100.000<\/dd>\n<dt class=\"name\"><img loading=\"lazy\" decoding=\"async\" src=\"https:\/\/www.factorled.com\/modules\/oa_features\/img\/18-default.jpg\" width=\"32\" height=\"32\">&nbsp;Dimens\u00f5es (mm)<\/dt>\n<dd class=\"value\">10m. x 12mm<\/dd>\n<dt class=\"name\"><img loading=\"lazy\" decoding=\"async\" src=\"https:\/\/www.factorled.com\/modules\/oa_features\/img\/21-default.jpg\" width=\"32\" height=\"32\">&nbsp;Frequ\u00eancia de trabalho (Hz)<\/dt>\n<dd class=\"value\">50\/60Hz<\/dd>\n<dt class=\"name\"><img loading=\"lazy\" decoding=\"async\" src=\"https:\/\/www.factorled.com\/modules\/oa_features\/img\/22-default.jpg\" width=\"32\" height=\"32\">&nbsp;Gama de temperaturas (\u00baC)<\/dt>\n<dd class=\"value\">-20\u00b0C ~ +55\u00b0C<\/dd>\n<dt class=\"name\"><img loading=\"lazy\" decoding=\"async\" src=\"https:\/\/www.factorled.com\/modules\/oa_features\/img\/23-default.jpg\" width=\"32\" height=\"32\">&nbsp;Ciclos de igni\u00e7\u00e3o<\/dt>\n<dd class=\"value\">100.000<\/dd>\n<dt class=\"name\"><img loading=\"lazy\" decoding=\"async\" src=\"https:\/\/www.factorled.com\/modules\/oa_features\/img\/26-default.jpg\" width=\"32\" height=\"32\">&nbsp;Informa\u00e7\u00f5es adicionais<\/dt>\n<dd class=\"value\">Corte: 5cm<\/dd>\n<dt class=\"name\"><img loading=\"lazy\" decoding=\"async\" src=\"https:\/\/www.factorled.com\/modules\/oa_features\/img\/7-default.jpg\" width=\"32\" height=\"32\">&nbsp;Classe energ\u00e9tica (2021-UE-2019\/2015)<\/dt>\n<dd class=\"value\">A+<\/dd>\n<dt class=\"name\"><img loading=\"lazy\" decoding=\"async\" src=\"https:\/\/www.factorled.com\/modules\/oa_features\/img\/101-default.jpg\" width=\"32\" height=\"32\">&nbsp;Classe energ\u00e9tica (2023 - UE-2019\/2015)<\/dt>\n<dd class=\"value\">F<\/dd>\n<dt class=\"name\"><img loading=\"lazy\" decoding=\"async\" src=\"https:\/\/www.factorled.com\/modules\/oa_features\/img\/75-default.jpg\" width=\"32\" height=\"32\">&nbsp;Anos de garantia<\/dt>\n<dd class=\"value\">5<\/dd>\n<\/dl><\/h1>","protected":false},"excerpt":{"rendered":"<div class=\"product-reference\"><strong><label class=\"label\">Refer\u00eancia:<\/label> SLSP216D-RGBCCT- 91353<\/strong>\n<div><\/div>\n<div class=\"product-description-short\">\n<div id=\"product-description-short-3936\">\n<p><strong>Cor e versatilidade numa \u00fanica tira!<\/strong><br>\nDescobrir o&nbsp;<strong>Fita LED RGB+CCT 24V<\/strong>com uma largura de 12 mm e tecnologia de d\u00edodos duplos:&nbsp;<strong>RGB 3535<\/strong>&nbsp;para efeitos multicoloridos din\u00e2micos e&nbsp;<strong>CST 2835<\/strong>&nbsp;para ajustar a temperatura dos brancos em fun\u00e7\u00e3o do ambiente. Gra\u00e7as \u00e0 sua&nbsp;<strong>Rolo de 10 metros<\/strong>poder\u00e1 iluminar grandes espa\u00e7os com uma \u00fanica instala\u00e7\u00e3o. Ideal para projectos decorativos, comerciais ou residenciais que procurem&nbsp;<strong>controlo total da cor e da temperatura da luz<\/strong>.<\/p>\n<\/div>\n<\/div><\/div>","protected":false},"featured_media":44205,"template":"","meta":{"site-sidebar-layout":"default","site-content-layout":"default","ast-global-header-display":"","ast-main-header-display":"","ast-hfb-above-header-display":"","ast-hfb-below-header-display":"","ast-hfb-mobile-header-display":"","site-post-title":"","ast-breadcrumbs-content":"","ast-featured-img":"","footer-sml-layout":"","theme-transparent-header-meta":"default","adv-header-id-meta":"","stick-header-meta":"","header-above-stick-meta":"","header-main-stick-meta":"","header-below-stick-meta":""},"product_cat":[24,89,45],"product_tag":[],"class_list":["post-44198","product","type-product","status-publish","has-post-thumbnail","hentry","product_cat-novedades","product_cat-tiras-led-24v-dc","product_cat-tiras-led-y-neon-flexible"],"_links":{"self":[{"href":"https:\/\/starlediluminacion.com\/pt\/wp-json\/wp\/v3\/product\/44198","targetHints":{"allow":["GET"]}}],"collection":[{"href":"https:\/\/starlediluminacion.com\/pt\/wp-json\/wp\/v3\/product"}],"about":[{"href":"https:\/\/starlediluminacion.com\/pt\/wp-json\/wp\/v2\/types\/product"}],"wp:featuredmedia":[{"embeddable":true,"href":"https:\/\/starlediluminacion.com\/pt\/wp-json\/wp\/v2\/media\/44205"}],"wp:attachment":[{"href":"https:\/\/starlediluminacion.com\/pt\/wp-json\/wp\/v2\/media?parent=44198"}],"wp:term":[{"taxonomy":"product_cat","embeddable":true,"href":"https:\/\/starlediluminacion.com\/pt\/wp-json\/wp\/v2\/product_cat?post=44198"},{"taxonomy":"product_tag","embeddable":true,"href":"https:\/\/starlediluminacion.com\/pt\/wp-json\/wp\/v2\/product_tag?post=44198"}],"curies":[{"name":"wp","href":"https:\/\/api.w.org\/{rel}","templated":true}]}}