{"id":43941,"date":"2025-10-17T14:39:36","date_gmt":"2025-10-17T14:39:36","guid":{"rendered":"https:\/\/starlediluminacion.com\/?post_type=product&#038;p=43941"},"modified":"2025-10-17T14:42:24","modified_gmt":"2025-10-17T14:42:24","slug":"fit-panel-led-60x60-44w-certadrive-marco-luminoso-blanco-cct","status":"publish","type":"product","link":"https:\/\/starlediluminacion.com\/pt\/product\/fit-panel-led-60x60-44w-certadrive-marco-luminoso-blanco-cct\/","title":{"rendered":"<p>FIT Panel LED 60&times;60 44W &ndash;  CertaDrive &ndash; Marco Luminoso Blanco &ndash; CCT<\/p>"},"content":{"rendered":"<h1>fit panel led &ndash; certa &ndash; 60&times;60 44w marco luminoso blanco &ndash; cct<p><strong>marco led<\/strong>&nbsp;a partir de&nbsp;<strong>44w cct<\/strong> &ndash; certa -para&nbsp;<strong>aborrecido<\/strong>&nbsp;em falso&nbsp;<strong>tectos<\/strong>&nbsp;a partir de&nbsp;<strong>60\u00d760<\/strong>&nbsp;apresenta um acabamento elegante e um design ultrafino em alum\u00ednio lacado cozido.<\/p><p>sobre&nbsp;<strong>painel<\/strong>&nbsp;dispone de un selector de color de la luz (6000k- blanco fr&iacute;o, 4000k -blanco neutro, 3000k &ndash; blanco c&aacute;lido), con el que podr&aacute;s adecuar la habitaci&oacute;n a tu color deseado, creando ambientes personalizados a tu gusto.<\/p><p>su eficaz&nbsp;<strong>diodo smd 2835 de alta luminosidad<\/strong>&nbsp;de 4800 l&uacute;menes, le permite entregar una luz uniforme en todo el panel, lo que unido a su cubierta de policarbonato &oacute;ptico de alta calidad le permite aprovechar al m&aacute;ximo la luminosidad emitida por el conjunto de diodos led, esto le permite compararse con los paneles convencionales de fluorescencia de hasta 280w, consiguiendo un enorme ahorro energ&eacute;tico. con su sistema de un arranque inmediato y sin parpadeos.<\/p><p>este&nbsp;<strong>fit panel led&nbsp;&ndash;  certa &ndash; 60&times;60<\/strong>&nbsp;es ideal para lugares en donde se quiere maximizar el espacio iluminado, proyectando la luz de manera uniforme. su &aacute;ngulo de apertura de 120&ordm; lo hace perfecto para su uso en oficinas, centros comerciales, museos, hospitales, almacenes, restaurantes, supermercados, , as&iacute; como en ascensores, comunidades, residencias y viviendas.<\/p><ul>\n<li>se sugiere adquirir este producto en cantidades que sean m&uacute;ltiplos de 2 o 10, ya que se embala en cajas con estas cantidades.<\/li>\n<\/ul><p>&nbsp;<\/p><h2><strong>usos del fit panel led &ndash; certa &ndash; 60&times;60 44w marco luminoso blanco &ndash; cct<\/strong><\/h2><ul>\n<li>escrit\u00f3rios<\/li>\n<li>centros comerciais<\/li>\n<li>museus<\/li>\n<li>hospitais<\/li>\n<li>facultades y universidades<\/li>\n<li>armaz\u00e9ns<\/li>\n<li>restaurantes<\/li>\n<li>tiendas comerciales<\/li>\n<\/ul><\/h1>","protected":false},"excerpt":{"rendered":"<div class=\"product-reference\"><strong><label class=\"label\">Refer\u00eancia:<\/label> SL90538<\/strong>\n<div><\/div>\n<div class=\"product-description-short\">\n<div id=\"product-description-short-2254\">\n<p>O&nbsp;<strong>Moldura do painel luminoso LED<\/strong>&nbsp;a partir de&nbsp;<strong>44W - CCT<\/strong>&nbsp;-&nbsp;<strong>Philips Certa<\/strong>&nbsp;- para falso<strong>&nbsp;tectos<\/strong>&nbsp;a partir de&nbsp;<strong>60\u00d760<\/strong>\u00e9 uma estrutura de luz LED de alum\u00ednio de per\u00edmetro quadrado, sob a forma de uma moldura LED, que fica suspensa para ser colocada na grelha de teto falso 60\u00d760. O&nbsp;<strong>Painel de ajuste LED<\/strong>&nbsp;595x 595mm encaixa perfeitamente nos tectos desmont\u00e1veis 60\u00d760. Painel de&nbsp;<strong>COR SELECCION\u00c1VEL<\/strong>&nbsp;con selector manual (Blanco Fr&iacute;o, Blanco Neutro, Blanco C&aacute;lido).<\/p>\n<\/div>\n<\/div><\/div>","protected":false},"featured_media":43944,"template":"","meta":{"site-sidebar-layout":"default","site-content-layout":"default","ast-global-header-display":"","ast-main-header-display":"","ast-hfb-above-header-display":"","ast-hfb-below-header-display":"","ast-hfb-mobile-header-display":"","site-post-title":"","ast-breadcrumbs-content":"","ast-featured-img":"","footer-sml-layout":"","theme-transparent-header-meta":"default","adv-header-id-meta":"","stick-header-meta":"","header-above-stick-meta":"","header-main-stick-meta":"","header-below-stick-meta":""},"product_cat":[24,31,104],"product_tag":[],"class_list":["post-43941","product","type-product","status-publish","has-post-thumbnail","hentry","product_cat-novedades","product_cat-paneles-led","product_cat-paneles-led-paneles-led"],"yoast_head":"<!-- This site is optimized with the Yoast SEO plugin v27.4 - https:\/\/yoast.com\/product\/yoast-seo-wordpress\/ -->\n<title>FIT Panel LED 60x60 44W - CertaDrive - Marco Luminoso Blanco - CCT - STARLED Iluminacion<\/title>\n<meta name=\"robots\" content=\"index, follow, max-snippet:-1, max-image-preview:large, max-video-preview:-1\" \/>\n<link rel=\"canonical\" href=\"https:\/\/starlediluminacion.com\/pt\/product\/fit-panel-led-60x60-44w-certadrive-marco-luminoso-blanco-cct\/\" \/>\n<meta property=\"og:locale\" content=\"pt_PT\" \/>\n<meta property=\"og:type\" content=\"article\" \/>\n<meta property=\"og:title\" content=\"FIT Panel LED 60x60 44W - CertaDrive - Marco Luminoso Blanco - CCT - STARLED Iluminacion\" \/>\n<meta property=\"og:description\" content=\"Referencia: SL90538      El\u00a0Marco Luminoso\u00a0Panel LED\u00a0de\u00a044W - CCT\u00a0-\u00a0Philips Certa\u00a0- para falsos\u00a0techos\u00a0de\u00a060x60, es un cerco luminoso LED de aluminio perimetral cuadrado a modo de moldura LED que descuelga para colocar sobre la perfiler\u00eda de los falsos techos de 60x60. El\u00a0Fit Panel LED\u00a0595x 595mm encaja perfectamente en los techos desmontables de 60x60.\u00a0Panel de\u00a0COLOR SELECCIONABLE\u00a0con selector manual (Blanco Fr\u00edo, Blanco Neutro, Blanco C\u00e1lido).\" \/>\n<meta property=\"og:url\" content=\"https:\/\/starlediluminacion.com\/pt\/product\/fit-panel-led-60x60-44w-certadrive-marco-luminoso-blanco-cct\/\" \/>\n<meta property=\"og:site_name\" content=\"STARLED Iluminacion\" \/>\n<meta property=\"article:modified_time\" content=\"2025-10-17T14:42:24+00:00\" \/>\n<meta property=\"og:image\" content=\"https:\/\/starlediluminacion.com\/wp-content\/uploads\/2025\/10\/fit-panel-led-60x60-44w-marco-luminoso-blanco-cct-4.jpg\" \/>\n\t<meta property=\"og:image:width\" content=\"744\" \/>\n\t<meta property=\"og:image:height\" content=\"800\" \/>\n\t<meta property=\"og:image:type\" content=\"image\/jpeg\" \/>\n<meta name=\"twitter:card\" content=\"summary_large_image\" \/>\n<meta name=\"twitter:label1\" content=\"Tempo estimado de leitura\" \/>\n\t<meta name=\"twitter:data1\" content=\"1 minuto\" \/>\n<script type=\"application\/ld+json\" class=\"yoast-schema-graph\">{\"@context\":\"https:\\\/\\\/schema.org\",\"@graph\":[{\"@type\":\"WebPage\",\"@id\":\"https:\\\/\\\/starlediluminacion.com\\\/producto\\\/fit-panel-led-60x60-44w-certadrive-marco-luminoso-blanco-cct\\\/\",\"url\":\"https:\\\/\\\/starlediluminacion.com\\\/producto\\\/fit-panel-led-60x60-44w-certadrive-marco-luminoso-blanco-cct\\\/\",\"name\":\"FIT Panel LED 60x60 44W - CertaDrive - Marco Luminoso Blanco - CCT - STARLED Iluminacion\",\"isPartOf\":{\"@id\":\"https:\\\/\\\/starlediluminacion.com\\\/#website\"},\"primaryImageOfPage\":{\"@id\":\"https:\\\/\\\/starlediluminacion.com\\\/producto\\\/fit-panel-led-60x60-44w-certadrive-marco-luminoso-blanco-cct\\\/#primaryimage\"},\"image\":{\"@id\":\"https:\\\/\\\/starlediluminacion.com\\\/producto\\\/fit-panel-led-60x60-44w-certadrive-marco-luminoso-blanco-cct\\\/#primaryimage\"},\"thumbnailUrl\":\"https:\\\/\\\/starlediluminacion.com\\\/wp-content\\\/uploads\\\/2025\\\/10\\\/fit-panel-led-60x60-44w-marco-luminoso-blanco-cct-4.jpg\",\"datePublished\":\"2025-10-17T14:39:36+00:00\",\"dateModified\":\"2025-10-17T14:42:24+00:00\",\"breadcrumb\":{\"@id\":\"https:\\\/\\\/starlediluminacion.com\\\/producto\\\/fit-panel-led-60x60-44w-certadrive-marco-luminoso-blanco-cct\\\/#breadcrumb\"},\"inLanguage\":\"pt-PT\",\"potentialAction\":[{\"@type\":\"ReadAction\",\"target\":[\"https:\\\/\\\/starlediluminacion.com\\\/producto\\\/fit-panel-led-60x60-44w-certadrive-marco-luminoso-blanco-cct\\\/\"]}]},{\"@type\":\"ImageObject\",\"inLanguage\":\"pt-PT\",\"@id\":\"https:\\\/\\\/starlediluminacion.com\\\/producto\\\/fit-panel-led-60x60-44w-certadrive-marco-luminoso-blanco-cct\\\/#primaryimage\",\"url\":\"https:\\\/\\\/starlediluminacion.com\\\/wp-content\\\/uploads\\\/2025\\\/10\\\/fit-panel-led-60x60-44w-marco-luminoso-blanco-cct-4.jpg\",\"contentUrl\":\"https:\\\/\\\/starlediluminacion.com\\\/wp-content\\\/uploads\\\/2025\\\/10\\\/fit-panel-led-60x60-44w-marco-luminoso-blanco-cct-4.jpg\",\"width\":744,\"height\":800},{\"@type\":\"BreadcrumbList\",\"@id\":\"https:\\\/\\\/starlediluminacion.com\\\/producto\\\/fit-panel-led-60x60-44w-certadrive-marco-luminoso-blanco-cct\\\/#breadcrumb\",\"itemListElement\":[{\"@type\":\"ListItem\",\"position\":1,\"name\":\"Portada\",\"item\":\"https:\\\/\\\/starlediluminacion.com\\\/\"},{\"@type\":\"ListItem\",\"position\":2,\"name\":\"Shop\",\"item\":\"https:\\\/\\\/starlediluminacion.com\\\/shop-2\\\/\"},{\"@type\":\"ListItem\",\"position\":3,\"name\":\"FIT Panel LED 60&#215;60 44W &#8211; CertaDrive &#8211; Marco Luminoso Blanco &#8211; CCT\"}]},{\"@type\":\"WebSite\",\"@id\":\"https:\\\/\\\/starlediluminacion.com\\\/#website\",\"url\":\"https:\\\/\\\/starlediluminacion.com\\\/\",\"name\":\"STARLED Iluminacion\",\"description\":\"\",\"potentialAction\":[{\"@type\":\"SearchAction\",\"target\":{\"@type\":\"EntryPoint\",\"urlTemplate\":\"https:\\\/\\\/starlediluminacion.com\\\/?s={search_term_string}\"},\"query-input\":{\"@type\":\"PropertyValueSpecification\",\"valueRequired\":true,\"valueName\":\"search_term_string\"}}],\"inLanguage\":\"pt-PT\"}]}<\/script>\n<!-- \/ Yoast SEO plugin. -->","yoast_head_json":{"title":"FIT Panel LED 60x60 44W - CertaDrive - Marco Luminoso Blanco - CCT - STARLED Iluminacion","robots":{"index":"index","follow":"follow","max-snippet":"max-snippet:-1","max-image-preview":"max-image-preview:large","max-video-preview":"max-video-preview:-1"},"canonical":"https:\/\/starlediluminacion.com\/pt\/product\/fit-panel-led-60x60-44w-certadrive-marco-luminoso-blanco-cct\/","og_locale":"pt_PT","og_type":"article","og_title":"FIT Panel LED 60x60 44W - CertaDrive - Marco Luminoso Blanco - CCT - STARLED Iluminacion","og_description":"Referencia: SL90538      El\u00a0Marco Luminoso\u00a0Panel LED\u00a0de\u00a044W - CCT\u00a0-\u00a0Philips Certa\u00a0- para falsos\u00a0techos\u00a0de\u00a060x60, es un cerco luminoso LED de aluminio perimetral cuadrado a modo de moldura LED que descuelga para colocar sobre la perfiler\u00eda de los falsos techos de 60x60. El\u00a0Fit Panel LED\u00a0595x 595mm encaja perfectamente en los techos desmontables de 60x60.\u00a0Panel de\u00a0COLOR SELECCIONABLE\u00a0con selector manual (Blanco Fr\u00edo, Blanco Neutro, Blanco C\u00e1lido).","og_url":"https:\/\/starlediluminacion.com\/pt\/product\/fit-panel-led-60x60-44w-certadrive-marco-luminoso-blanco-cct\/","og_site_name":"STARLED Iluminacion","article_modified_time":"2025-10-17T14:42:24+00:00","og_image":[{"width":744,"height":800,"url":"https:\/\/starlediluminacion.com\/wp-content\/uploads\/2025\/10\/fit-panel-led-60x60-44w-marco-luminoso-blanco-cct-4.jpg","type":"image\/jpeg"}],"twitter_card":"summary_large_image","twitter_misc":{"Tempo estimado de leitura":"1 minuto"},"schema":{"@context":"https:\/\/schema.org","@graph":[{"@type":"WebPage","@id":"https:\/\/starlediluminacion.com\/producto\/fit-panel-led-60x60-44w-certadrive-marco-luminoso-blanco-cct\/","url":"https:\/\/starlediluminacion.com\/producto\/fit-panel-led-60x60-44w-certadrive-marco-luminoso-blanco-cct\/","name":"FIT Panel LED 60x60 44W - CertaDrive - Marco Luminoso Blanco - CCT - STARLED Iluminacion","isPartOf":{"@id":"https:\/\/starlediluminacion.com\/#website"},"primaryImageOfPage":{"@id":"https:\/\/starlediluminacion.com\/producto\/fit-panel-led-60x60-44w-certadrive-marco-luminoso-blanco-cct\/#primaryimage"},"image":{"@id":"https:\/\/starlediluminacion.com\/producto\/fit-panel-led-60x60-44w-certadrive-marco-luminoso-blanco-cct\/#primaryimage"},"thumbnailUrl":"https:\/\/starlediluminacion.com\/wp-content\/uploads\/2025\/10\/fit-panel-led-60x60-44w-marco-luminoso-blanco-cct-4.jpg","datePublished":"2025-10-17T14:39:36+00:00","dateModified":"2025-10-17T14:42:24+00:00","breadcrumb":{"@id":"https:\/\/starlediluminacion.com\/producto\/fit-panel-led-60x60-44w-certadrive-marco-luminoso-blanco-cct\/#breadcrumb"},"inLanguage":"pt-PT","potentialAction":[{"@type":"ReadAction","target":["https:\/\/starlediluminacion.com\/producto\/fit-panel-led-60x60-44w-certadrive-marco-luminoso-blanco-cct\/"]}]},{"@type":"ImageObject","inLanguage":"pt-PT","@id":"https:\/\/starlediluminacion.com\/producto\/fit-panel-led-60x60-44w-certadrive-marco-luminoso-blanco-cct\/#primaryimage","url":"https:\/\/starlediluminacion.com\/wp-content\/uploads\/2025\/10\/fit-panel-led-60x60-44w-marco-luminoso-blanco-cct-4.jpg","contentUrl":"https:\/\/starlediluminacion.com\/wp-content\/uploads\/2025\/10\/fit-panel-led-60x60-44w-marco-luminoso-blanco-cct-4.jpg","width":744,"height":800},{"@type":"BreadcrumbList","@id":"https:\/\/starlediluminacion.com\/producto\/fit-panel-led-60x60-44w-certadrive-marco-luminoso-blanco-cct\/#breadcrumb","itemListElement":[{"@type":"ListItem","position":1,"name":"Portada","item":"https:\/\/starlediluminacion.com\/"},{"@type":"ListItem","position":2,"name":"Shop","item":"https:\/\/starlediluminacion.com\/shop-2\/"},{"@type":"ListItem","position":3,"name":"FIT Panel LED 60&#215;60 44W &#8211; CertaDrive &#8211; Marco Luminoso Blanco &#8211; CCT"}]},{"@type":"WebSite","@id":"https:\/\/starlediluminacion.com\/#website","url":"https:\/\/starlediluminacion.com\/","name":"STARLED Iluminacion","description":"","potentialAction":[{"@type":"SearchAction","target":{"@type":"EntryPoint","urlTemplate":"https:\/\/starlediluminacion.com\/?s={search_term_string}"},"query-input":{"@type":"PropertyValueSpecification","valueRequired":true,"valueName":"search_term_string"}}],"inLanguage":"pt-PT"}]}},"_links":{"self":[{"href":"https:\/\/starlediluminacion.com\/pt\/wp-json\/wp\/v3\/product\/43941","targetHints":{"allow":["GET"]}}],"collection":[{"href":"https:\/\/starlediluminacion.com\/pt\/wp-json\/wp\/v3\/product"}],"about":[{"href":"https:\/\/starlediluminacion.com\/pt\/wp-json\/wp\/v2\/types\/product"}],"wp:featuredmedia":[{"embeddable":true,"href":"https:\/\/starlediluminacion.com\/pt\/wp-json\/wp\/v2\/media\/43944"}],"wp:attachment":[{"href":"https:\/\/starlediluminacion.com\/pt\/wp-json\/wp\/v2\/media?parent=43941"}],"wp:term":[{"taxonomy":"product_cat","embeddable":true,"href":"https:\/\/starlediluminacion.com\/pt\/wp-json\/wp\/v2\/product_cat?post=43941"},{"taxonomy":"product_tag","embeddable":true,"href":"https:\/\/starlediluminacion.com\/pt\/wp-json\/wp\/v2\/product_tag?post=43941"}],"curies":[{"name":"wp","href":"https:\/\/api.w.org\/{rel}","templated":true}]}}