{"id":43872,"date":"2025-10-17T14:24:17","date_gmt":"2025-10-17T14:24:17","guid":{"rendered":"https:\/\/starlediluminacion.com\/?post_type=product&#038;p=43872"},"modified":"2025-10-17T14:25:38","modified_gmt":"2025-10-17T14:25:38","slug":"kit-pegamento-de-silicona-cable-conector-para-tiras-led-cob-smd-10mm-12mm-ip65","status":"publish","type":"product","link":"https:\/\/starlediluminacion.com\/pt\/product\/kit-pegamento-de-silicona-cable-conector-para-tiras-led-cob-smd-10mm-12mm-ip65\/","title":{"rendered":"<p>KIT Cola de Silicone + Cabo Conector para COB + SMD LED Strips - 10mm - 12mm - IP65<\/p>"},"content":{"rendered":"<h1>KIT Cola de Silicone + Cabo Conector para COB + SMD LED Strips - 10mm - 12mm - IP65<p>Con nuestro Kit podr&aacute;s conectar todo tipo de&nbsp;<strong>tiras de LED 10mm y 12mm con IP65<\/strong>&nbsp;y protegerlas en el uso en el exterior.<\/p><p>El Kit completo para la conexi&oacute;n de tiras LED en&nbsp;10mm &ndash; 12mm es una soluci&oacute;n integral y confiable para proyectos de iluminaci&oacute;n LED. Este kit ha sido meticulosamente dise&ntilde;ado para garantizar una instalaci&oacute;n f&aacute;cil, segura y de alta calidad de tiras LED en una variedad de aplicaciones.<\/p><p><strong>O kit para tiras de LED \u00e0 prova de \u00e1gua \u00e9 composto por<\/strong><\/p><ul>\n<li>Cable con conector de 20cm con conexi&oacute;n a presi&oacute;n.<\/li>\n<li>Tampa da extremidade.<\/li>\n<li>Pote de silicone especial para tiras de LED.<\/li>\n<\/ul><p>&nbsp;<\/p><p>O nosso adesivo e vedante de silicone foi especialmente concebido para fixar equipamento eletr\u00f3nico e tiras de LED.<\/p><ul>\n<li>O nosso silicone \u00e9 neutro, n\u00e3o cont\u00e9m \u00e1lcool na sua composi\u00e7\u00e3o, \u00e9 resistente \u00e0 humidade e tem uma textura semi-r\u00edgida.<\/li>\n<li>Resistente a temperaturas de -55\u00baC a 160\u00baC.<\/li>\n<li>Resist\u00eancia ao envelhecimento e \u00e0s intemp\u00e9ries.<\/li>\n<li>Flex\u00edvel e est\u00e1vel a longo prazo.<\/li>\n<li>Em conformidade com os requisitos ambientais RoHS.<\/li>\n<li>Pode ser utilizado em maquinaria, eletr\u00f3nica, produtos qu\u00edmicos e ind\u00fastrias de hardware.<\/li>\n<\/ul><p>&nbsp;<\/p><p>Este kit es especialmente id&oacute;neo para tiras LED 220V IP65 fabricadas en Silicona o PVC, con un ancho de 10mm (PCB 8mm) o 12mm (PCB 10mm).<br>\nO nosso silicone n\u00e3o provoca corros\u00e3o no pl\u00e1stico.<\/p><p><strong>Ventajas del Kit:<\/strong><\/p><ul>\n<li>Facilita la instalaci&oacute;n de tiras LED, incluso para aquellos sin experiencia previa en iluminaci&oacute;n.<\/li>\n<li>Proporciona una conexi&oacute;n segura y duradera, asegurando un rendimiento &oacute;ptimo a lo largo del tiempo.<\/li>\n<li>Protege las tiras LED contra los elementos, prolongando su vida &uacute;til y manteniendo su brillo y calidad de iluminaci&oacute;n.<\/li>\n<\/ul><h3 class=\"h6\">Folha de dados do produto<\/h3><dl class=\"data-sheet\">\n<dt class=\"name\"><img loading=\"lazy\" decoding=\"async\" src=\"https:\/\/www.factorled.com\/modules\/oa_features\/img\/2-default.jpg\" width=\"32\" height=\"32\">&nbsp;REFER\u00caNCIA<\/dt>\n<dd class=\"value\">92067-92069<\/dd>\n<dt class=\"name\"><img loading=\"lazy\" decoding=\"async\" src=\"https:\/\/www.factorled.com\/modules\/oa_features\/img\/25-default.jpg\" width=\"32\" height=\"32\">&nbsp;Material de constru\u00e7\u00e3o<\/dt>\n<dd class=\"value\">Silicone<\/dd>\n<dt class=\"name\"><img loading=\"lazy\" decoding=\"async\" src=\"https:\/\/www.factorled.com\/modules\/oa_features\/img\/15-default.jpg\" width=\"32\" height=\"32\">&nbsp;Certificados<\/dt>\n<dd class=\"value\">CE - ROHS<\/dd>\n<dt class=\"name\"><img loading=\"lazy\" decoding=\"async\" src=\"https:\/\/www.factorled.com\/modules\/oa_features\/img\/16-default.jpg\" width=\"32\" height=\"32\">&nbsp;Classifica\u00e7\u00e3o IP<\/dt>\n<dd class=\"value\">IP65-Outdoor<\/dd>\n<dt class=\"name\"><img loading=\"lazy\" decoding=\"async\" src=\"https:\/\/www.factorled.com\/modules\/oa_features\/img\/75-default.jpg\" width=\"32\" height=\"32\">&nbsp;Anos de garantia<\/dt>\n<dd class=\"value\">3<\/dd>\n<\/dl><\/h1>","protected":false},"excerpt":{"rendered":"<div class=\"product-reference\"><strong><label class=\"label\">Refer\u00eancia:<\/label> SLWIP65-92067<\/strong>\n<div><\/div>\n<div class=\"product-description-short\">\n<div id=\"product-description-short-3559\">\n<p>Kit completo para la conexi&oacute;n de&nbsp;<strong>tiras LED de 10mm y 12mm.<\/strong>&nbsp;<strong>Incluye un cable conector de 16 cm<\/strong>&nbsp;con conexi&oacute;n a presi&oacute;n para una alimentaci&oacute;n f&aacute;cil y segura. Adem&aacute;s,&nbsp;<strong>se proporciona una barra de silicona especial adhesiva y selladora<\/strong>, dise&ntilde;ada espec&iacute;ficamente para la fijaci&oacute;n y protecci&oacute;n de tiras LED. El kit&nbsp;<strong>tambi&eacute;n incluye un tap&oacute;n final<\/strong>&nbsp;para asegurar una instalaci&oacute;n profesional y duradera.<\/p>\n<\/div>\n<\/div><\/div>","protected":false},"featured_media":43878,"template":"","meta":{"site-sidebar-layout":"default","site-content-layout":"default","ast-global-header-display":"","ast-main-header-display":"","ast-hfb-above-header-display":"","ast-hfb-below-header-display":"","ast-hfb-mobile-header-display":"","site-post-title":"","ast-breadcrumbs-content":"","ast-featured-img":"","footer-sml-layout":"","theme-transparent-header-meta":"default","adv-header-id-meta":"","stick-header-meta":"","header-above-stick-meta":"","header-main-stick-meta":"","header-below-stick-meta":""},"product_cat":[92,24,45],"product_tag":[],"class_list":["post-43872","product","type-product","status-publish","has-post-thumbnail","hentry","product_cat-accesorios-tiras-led","product_cat-novedades","product_cat-tiras-led-y-neon-flexible"],"_links":{"self":[{"href":"https:\/\/starlediluminacion.com\/pt\/wp-json\/wp\/v3\/product\/43872","targetHints":{"allow":["GET"]}}],"collection":[{"href":"https:\/\/starlediluminacion.com\/pt\/wp-json\/wp\/v3\/product"}],"about":[{"href":"https:\/\/starlediluminacion.com\/pt\/wp-json\/wp\/v2\/types\/product"}],"wp:featuredmedia":[{"embeddable":true,"href":"https:\/\/starlediluminacion.com\/pt\/wp-json\/wp\/v2\/media\/43878"}],"wp:attachment":[{"href":"https:\/\/starlediluminacion.com\/pt\/wp-json\/wp\/v2\/media?parent=43872"}],"wp:term":[{"taxonomy":"product_cat","embeddable":true,"href":"https:\/\/starlediluminacion.com\/pt\/wp-json\/wp\/v2\/product_cat?post=43872"},{"taxonomy":"product_tag","embeddable":true,"href":"https:\/\/starlediluminacion.com\/pt\/wp-json\/wp\/v2\/product_tag?post=43872"}],"curies":[{"name":"wp","href":"https:\/\/api.w.org\/{rel}","templated":true}]}}